{"id":11836,"date":"2023-12-24T16:37:24","date_gmt":"2023-12-24T16:37:24","guid":{"rendered":"https:\/\/hellenicmoon.com\/?page_id=11836"},"modified":"2024-05-28T19:31:50","modified_gmt":"2024-05-28T18:31:50","slug":"11836-2","status":"publish","type":"page","link":"https:\/\/hellenicmoon.com\/it\/","title":{"rendered":""},"content":{"rendered":"\n<h1 class=\"wp-block-heading has-text-align-center\">Hellenic Moon: per i Freak della mitologia greca<\/h1>\n\n\n\n<p class=\"has-text-align-center\">Quindi conosci la mitologia greca, giusto? Hai sentito parlare di Zeus e di sua moglie Era, della dea Atena, di Ercole, sai di cosa \u00e8 Demetra la dea, e forse conosci anche l&#8217;intero pantheon degli dei principali. Hai visto alcuni film o serie e\/o letto alcuni libri sugli dei greci e sulla mitologia. E questo \u00e8 un ottimo inizio, ma c&#8217;\u00e8 molto di pi\u00f9 l\u00e0 fuori. Ed \u00e8 qui che entra in gioco Hellenic Moon.<\/p>\n\n\n\n<h2 class=\"wp-block-heading has-text-align-center\">Freaks<\/h2>\n\n\n\n<p class=\"has-text-align-center\">Siamo fanatici della mitologia greca a cui piace cercare tutti i piccoli dettagli e fatti su come la mitologia e la storia greca hanno plasmato il mondo che ci circonda e come si \u00e8 evoluto nel tempo. Vedrai la mitologia greca (e romana) prendere vita nel mondo moderno che ti circonda, mostrandoti la connessione da allora a oggi. Ad esempio, puoi conoscere tutti i club sportivi moderni (alcuni dei pi\u00f9 grandi nomi dello sport globale) che hanno un legame con la mitologia greca.<\/p>\n\n\n\n<h2 class=\"wp-block-heading has-text-align-center\">Dei<\/h2>\n\n\n\n<p class=\"has-text-align-center\">Ogni dio e dea greca ha la propria pagina con spiegazioni dettagliate su di loro e tutti i fatti importanti che dovresti sapere. Ognuno di essi vi consiglier\u00e0 anche alcuni prodotti su misura per il singolo dio o dea greca in questione. Demetra avr\u00e0 gusti diversi da quelli di Efesto o di sua moglie Afrodite. Inoltre, ogni dio o dea greca avr\u00e0 le proprie squadre sportive preferite che verranno spiegate nella loro pagina pertinente.<\/p>\n\n\n\n<h2 class=\"wp-block-heading has-text-align-center\">Zodiaci<\/h2>\n\n\n\n<p class=\"has-text-align-center\">Al di l\u00e0 delle singole divinit\u00e0, puoi imparare tutto sui legami tra la mitologia greca e gli Zodiaci, con una pagina separata per ogni Zodiaco. Abbiamo anche compilato un corso accelerato sulla storia greco-romana in modo che tu possa imparare rapidamente pi\u00f9 storia greco-romana in 5 minuti di quella che probabilmente hai imparato in tutti i tuoi anni scolastici. Ti consigliamo anche tutti i film storici pi\u00f9 importanti da guardare per rendere l&#8217;apprendimento della storia pi\u00f9 divertente rispetto alla lettura di un libro di testo!<\/p>\n\n\n\n<h2 class=\"wp-block-heading has-text-align-center\">Pianeti<\/h2>\n\n\n\n<p class=\"has-text-align-center\">Vi siete mai chiesti quali sono i pianeti che prendono il nome dalle divinit\u00e0 greche? I pianeti che prendono il nome dagli dei sono la nostra specialit\u00e0! Puoi imparare tutto su come i pianeti hanno preso il nome da divinit\u00e0 greche e romane, i miti greci dietro molte costellazioni e la storia delle missioni spaziali che prendono il nome dalla mitologia greca\/romana come Apollo, Mercurio, Gemelli e le missioni Artemis, che prevedono di far atterrare la prima donna sulla luna entro il 2025 con Artemis 3.<\/p>\n\n\n\n<h2 class=\"wp-block-heading has-text-align-center\">Blog e Negozio<\/h2>\n\n\n\n<p class=\"has-text-align-center\">Il nostro blog settimanale copre vari argomenti rilevanti per la mitologia greca, puoi vedere i nostri ultimi post qui sotto. Unisciti al nostro Instagram per i post quotidiani sulla mitologia\/storia e non perderti il nostro negozio di mitologia greca che ha una selezione selezionata di prodotti che soddisferanno le tue esigenze di <a href=\"https:\/\/hellenicmoon.com\/shop\/\" target=\"_blank\" rel=\"noreferrer noopener\">mitologia greca<\/a> . Siamo affiliati Amazon e riceviamo una commissione se acquisti tramite i nostri link e apprezziamo il tuo supporto nel farlo!<\/p>\n","protected":false},"excerpt":{"rendered":"<p>Hellenic Moon: per i Freak della mitologia greca Quindi conosci la mitologia greca, giusto? Hai sentito parlare di Zeus e di sua moglie Era, della dea Atena, di Ercole, sai di cosa \u00e8 Demetra la dea, e forse conosci anche l&#8217;intero pantheon degli dei principali. Hai visto alcuni film o [&hellip;]<\/p>\n","protected":false},"author":3,"featured_media":6359,"parent":0,"menu_order":0,"comment_status":"closed","ping_status":"closed","template":"","meta":{"_bbp_topic_count":0,"_bbp_reply_count":0,"_bbp_total_topic_count":0,"_bbp_total_reply_count":0,"_bbp_voice_count":0,"_bbp_anonymous_reply_count":0,"_bbp_topic_count_hidden":0,"_bbp_reply_count_hidden":0,"_bbp_forum_subforum_count":0,"_monsterinsights_skip_tracking":false,"_monsterinsights_sitenote_active":false,"_monsterinsights_sitenote_note":"","_monsterinsights_sitenote_category":0,"jetpack_post_was_ever_published":false,"footnotes":""},"class_list":["post-11836","page","type-page","status-publish","has-post-thumbnail","hentry"],"yoast_head":"<!-- This site is optimized with the Yoast SEO plugin v27.3 - https:\/\/yoast.com\/product\/yoast-seo-wordpress\/ -->\n<title>Mitologia Greca - Dei, Dee, fatti e informazioni | Hellenic Moon<\/title>\n<meta name=\"robots\" content=\"index, follow, max-snippet:-1, max-image-preview:large, max-video-preview:-1\" \/>\n<link rel=\"canonical\" href=\"https:\/\/hellenicmoon.com\/it\/\" \/>\n<meta property=\"og:locale\" content=\"it_IT\" \/>\n<meta property=\"og:type\" content=\"article\" \/>\n<meta property=\"og:title\" content=\"Mitologia Greca - Dei, Dee, fatti e informazioni | Hellenic Moon\" \/>\n<meta property=\"og:description\" content=\"Hellenic Moon: per i Freak della mitologia greca Quindi conosci la mitologia greca, giusto? Hai sentito parlare di Zeus e di sua moglie Era, della dea Atena, di Ercole, sai di cosa \u00e8 Demetra la dea, e forse conosci anche l&#8217;intero pantheon degli dei principali. Hai visto alcuni film o [&hellip;]\" \/>\n<meta property=\"og:url\" content=\"https:\/\/hellenicmoon.com\/it\/\" \/>\n<meta property=\"og:site_name\" content=\"Hellenic Moon\" \/>\n<meta property=\"article:modified_time\" content=\"2024-05-28T18:31:50+00:00\" \/>\n<meta property=\"og:image\" content=\"https:\/\/hellenicmoon.com\/wp-content\/uploads\/2019\/11\/black.png\" \/>\n\t<meta property=\"og:image:width\" content=\"2160\" \/>\n\t<meta property=\"og:image:height\" content=\"1434\" \/>\n\t<meta property=\"og:image:type\" content=\"image\/png\" \/>\n<meta name=\"twitter:card\" content=\"summary_large_image\" \/>\n<meta name=\"twitter:label1\" content=\"Tempo di lettura stimato\" \/>\n\t<meta name=\"twitter:data1\" content=\"3 minuti\" \/>\n<script type=\"application\/ld+json\" class=\"yoast-schema-graph\">{\"@context\":\"https:\\\/\\\/schema.org\",\"@graph\":[{\"@type\":\"WebPage\",\"@id\":\"https:\\\/\\\/hellenicmoon.com\\\/it\\\/\",\"url\":\"https:\\\/\\\/hellenicmoon.com\\\/it\\\/\",\"name\":\"Mitologia Greca - Dei, Dee, fatti e informazioni | Hellenic Moon\",\"isPartOf\":{\"@id\":\"https:\\\/\\\/mti.get.mybluehost.me\\\/#website\"},\"primaryImageOfPage\":{\"@id\":\"https:\\\/\\\/hellenicmoon.com\\\/it\\\/#primaryimage\"},\"image\":{\"@id\":\"https:\\\/\\\/hellenicmoon.com\\\/it\\\/#primaryimage\"},\"thumbnailUrl\":\"https:\\\/\\\/hellenicmoon.com\\\/wp-content\\\/uploads\\\/2019\\\/11\\\/black.png\",\"datePublished\":\"2023-12-24T16:37:24+00:00\",\"dateModified\":\"2024-05-28T18:31:50+00:00\",\"inLanguage\":\"it-IT\",\"potentialAction\":[{\"@type\":\"ReadAction\",\"target\":[\"https:\\\/\\\/hellenicmoon.com\\\/it\\\/\"]}]},{\"@type\":\"ImageObject\",\"inLanguage\":\"it-IT\",\"@id\":\"https:\\\/\\\/hellenicmoon.com\\\/it\\\/#primaryimage\",\"url\":\"https:\\\/\\\/hellenicmoon.com\\\/wp-content\\\/uploads\\\/2019\\\/11\\\/black.png\",\"contentUrl\":\"https:\\\/\\\/hellenicmoon.com\\\/wp-content\\\/uploads\\\/2019\\\/11\\\/black.png\",\"width\":2160,\"height\":1434},{\"@type\":\"WebSite\",\"@id\":\"https:\\\/\\\/mti.get.mybluehost.me\\\/#website\",\"url\":\"https:\\\/\\\/mti.get.mybluehost.me\\\/\",\"name\":\"Hellenic Moon\",\"description\":\"Greek mythology and gods\",\"publisher\":{\"@id\":\"https:\\\/\\\/mti.get.mybluehost.me\\\/#organization\"},\"potentialAction\":[{\"@type\":\"SearchAction\",\"target\":{\"@type\":\"EntryPoint\",\"urlTemplate\":\"https:\\\/\\\/mti.get.mybluehost.me\\\/?s={search_term_string}\"},\"query-input\":{\"@type\":\"PropertyValueSpecification\",\"valueRequired\":true,\"valueName\":\"search_term_string\"}}],\"inLanguage\":\"it-IT\"},{\"@type\":\"Organization\",\"@id\":\"https:\\\/\\\/mti.get.mybluehost.me\\\/#organization\",\"name\":\"Hellenic Moon\",\"url\":\"https:\\\/\\\/mti.get.mybluehost.me\\\/\",\"logo\":{\"@type\":\"ImageObject\",\"inLanguage\":\"it-IT\",\"@id\":\"https:\\\/\\\/mti.get.mybluehost.me\\\/#\\\/schema\\\/logo\\\/image\\\/\",\"url\":\"https:\\\/\\\/hellenicmoon.com\\\/wp-content\\\/uploads\\\/2020\\\/01\\\/cropped-logo_ok_by_aramisdream_ddoqp6p.png\",\"contentUrl\":\"https:\\\/\\\/hellenicmoon.com\\\/wp-content\\\/uploads\\\/2020\\\/01\\\/cropped-logo_ok_by_aramisdream_ddoqp6p.png\",\"width\":150,\"height\":100,\"caption\":\"Hellenic Moon\"},\"image\":{\"@id\":\"https:\\\/\\\/mti.get.mybluehost.me\\\/#\\\/schema\\\/logo\\\/image\\\/\"},\"sameAs\":[\"https:\\\/\\\/www.instagram.com\\\/hellenic.moon\"]}]}<\/script>\n<!-- \/ Yoast SEO plugin. -->","yoast_head_json":{"title":"Mitologia Greca - Dei, Dee, fatti e informazioni | Hellenic Moon","robots":{"index":"index","follow":"follow","max-snippet":"max-snippet:-1","max-image-preview":"max-image-preview:large","max-video-preview":"max-video-preview:-1"},"canonical":"https:\/\/hellenicmoon.com\/it\/","og_locale":"it_IT","og_type":"article","og_title":"Mitologia Greca - Dei, Dee, fatti e informazioni | Hellenic Moon","og_description":"Hellenic Moon: per i Freak della mitologia greca Quindi conosci la mitologia greca, giusto? Hai sentito parlare di Zeus e di sua moglie Era, della dea Atena, di Ercole, sai di cosa \u00e8 Demetra la dea, e forse conosci anche l&#8217;intero pantheon degli dei principali. Hai visto alcuni film o [&hellip;]","og_url":"https:\/\/hellenicmoon.com\/it\/","og_site_name":"Hellenic Moon","article_modified_time":"2024-05-28T18:31:50+00:00","og_image":[{"width":2160,"height":1434,"url":"https:\/\/hellenicmoon.com\/wp-content\/uploads\/2019\/11\/black.png","type":"image\/png"}],"twitter_card":"summary_large_image","twitter_misc":{"Tempo di lettura stimato":"3 minuti"},"schema":{"@context":"https:\/\/schema.org","@graph":[{"@type":"WebPage","@id":"https:\/\/hellenicmoon.com\/it\/","url":"https:\/\/hellenicmoon.com\/it\/","name":"Mitologia Greca - Dei, Dee, fatti e informazioni | Hellenic Moon","isPartOf":{"@id":"https:\/\/mti.get.mybluehost.me\/#website"},"primaryImageOfPage":{"@id":"https:\/\/hellenicmoon.com\/it\/#primaryimage"},"image":{"@id":"https:\/\/hellenicmoon.com\/it\/#primaryimage"},"thumbnailUrl":"https:\/\/hellenicmoon.com\/wp-content\/uploads\/2019\/11\/black.png","datePublished":"2023-12-24T16:37:24+00:00","dateModified":"2024-05-28T18:31:50+00:00","inLanguage":"it-IT","potentialAction":[{"@type":"ReadAction","target":["https:\/\/hellenicmoon.com\/it\/"]}]},{"@type":"ImageObject","inLanguage":"it-IT","@id":"https:\/\/hellenicmoon.com\/it\/#primaryimage","url":"https:\/\/hellenicmoon.com\/wp-content\/uploads\/2019\/11\/black.png","contentUrl":"https:\/\/hellenicmoon.com\/wp-content\/uploads\/2019\/11\/black.png","width":2160,"height":1434},{"@type":"WebSite","@id":"https:\/\/mti.get.mybluehost.me\/#website","url":"https:\/\/mti.get.mybluehost.me\/","name":"Hellenic Moon","description":"Greek mythology and gods","publisher":{"@id":"https:\/\/mti.get.mybluehost.me\/#organization"},"potentialAction":[{"@type":"SearchAction","target":{"@type":"EntryPoint","urlTemplate":"https:\/\/mti.get.mybluehost.me\/?s={search_term_string}"},"query-input":{"@type":"PropertyValueSpecification","valueRequired":true,"valueName":"search_term_string"}}],"inLanguage":"it-IT"},{"@type":"Organization","@id":"https:\/\/mti.get.mybluehost.me\/#organization","name":"Hellenic Moon","url":"https:\/\/mti.get.mybluehost.me\/","logo":{"@type":"ImageObject","inLanguage":"it-IT","@id":"https:\/\/mti.get.mybluehost.me\/#\/schema\/logo\/image\/","url":"https:\/\/hellenicmoon.com\/wp-content\/uploads\/2020\/01\/cropped-logo_ok_by_aramisdream_ddoqp6p.png","contentUrl":"https:\/\/hellenicmoon.com\/wp-content\/uploads\/2020\/01\/cropped-logo_ok_by_aramisdream_ddoqp6p.png","width":150,"height":100,"caption":"Hellenic Moon"},"image":{"@id":"https:\/\/mti.get.mybluehost.me\/#\/schema\/logo\/image\/"},"sameAs":["https:\/\/www.instagram.com\/hellenic.moon"]}]}},"jetpack_sharing_enabled":true,"_links":{"self":[{"href":"https:\/\/hellenicmoon.com\/it\/wp-json\/wp\/v2\/pages\/11836","targetHints":{"allow":["GET"]}}],"collection":[{"href":"https:\/\/hellenicmoon.com\/it\/wp-json\/wp\/v2\/pages"}],"about":[{"href":"https:\/\/hellenicmoon.com\/it\/wp-json\/wp\/v2\/types\/page"}],"author":[{"embeddable":true,"href":"https:\/\/hellenicmoon.com\/it\/wp-json\/wp\/v2\/users\/3"}],"replies":[{"embeddable":true,"href":"https:\/\/hellenicmoon.com\/it\/wp-json\/wp\/v2\/comments?post=11836"}],"version-history":[{"count":0,"href":"https:\/\/hellenicmoon.com\/it\/wp-json\/wp\/v2\/pages\/11836\/revisions"}],"wp:featuredmedia":[{"embeddable":true,"href":"https:\/\/hellenicmoon.com\/it\/wp-json\/wp\/v2\/media\/6359"}],"wp:attachment":[{"href":"https:\/\/hellenicmoon.com\/it\/wp-json\/wp\/v2\/media?parent=11836"}],"curies":[{"name":"wp","href":"https:\/\/api.w.org\/{rel}","templated":true}]}}