{"id":11055,"date":"2019-12-06T22:41:20","date_gmt":"2019-12-06T22:41:20","guid":{"rendered":"https:\/\/hellenicmoon.com\/zeus-re-degli-dei-e-dei-cieli\/"},"modified":"2024-01-19T21:21:56","modified_gmt":"2024-01-19T21:21:56","slug":"zeus-re-degli-dei-e-dei-cieli","status":"publish","type":"page","link":"https:\/\/hellenicmoon.com\/it\/zeus-re-degli-dei-e-dei-cieli\/","title":{"rendered":"Zeus &#8211; Re degli Dei e dei Cieli"},"content":{"rendered":"\n<p class=\"has-text-align-center\" style=\"font-size:18px\"><strong>Nome romano<\/strong> : <strong>Giove<\/strong> (Pianeta che porta il suo nome). <strong>Il gioved\u00ec<\/strong> prende il nome da Zeus (leggi l&#8217;articolo di <a href=\"https:\/\/hellenicmoon.com\/it\/giorni-feriali\/\">\n  <span style=\"text-decoration: underline;\">Weekday<\/span>\n<\/a> )<\/p>\n\n\n<div class=\"wp-block-image\">\n<figure class=\"aligncenter size-large\"><img decoding=\"async\" width=\"800\" height=\"533\" src=\"https:\/\/hellenicmoon.com\/wp-content\/uploads\/2019\/12\/statue-of-zeus_1.jpg\" alt=\"\" class=\"wp-image-278\" srcset=\"https:\/\/hellenicmoon.com\/wp-content\/uploads\/2019\/12\/statue-of-zeus_1.jpg 800w, https:\/\/hellenicmoon.com\/wp-content\/uploads\/2019\/12\/statue-of-zeus_1-600x400.jpg 600w, https:\/\/hellenicmoon.com\/wp-content\/uploads\/2019\/12\/statue-of-zeus_1-300x200.jpg 300w, https:\/\/hellenicmoon.com\/wp-content\/uploads\/2019\/12\/statue-of-zeus_1-768x512.jpg 768w, https:\/\/hellenicmoon.com\/wp-content\/uploads\/2019\/12\/statue-of-zeus_1-360x240.jpg 360w\" sizes=\"(max-width: 800px) 100vw, 800px\" \/><figcaption class=\"wp-element-caption\"><strong>Statua di Zeus a Olimpia, 1 delle 7 meraviglie del mondo antico<\/strong><\/figcaption><\/figure>\n<\/div>\n\n\n<p>Zeus \u00e8 una delle divinit\u00e0 pi\u00f9 famose e potenti della mitologia greca. Egli \u00e8 il re degli d\u00e8i e il sovrano del cielo e del tuono. \u00c8 anche il padre di molti dei ed eroi, come Atena, Apollo, Ercole e Perseo.<\/p>\n\n\n\n<p>Zeus nacque dai genitori Titani Crono e Rea, che governarono il mondo prima degli dei dell&#8217;Olimpo. Crono aveva una profezia secondo cui uno dei suoi figli lo avrebbe rovesciato, cos\u00ec li inghiott\u00ec tutti tranne Zeus, che era stato nascosto da Rea in una grotta a Creta. Quando Zeus crebbe, liber\u00f2 i suoi fratelli e condusse una guerra contro Crono e i Titani, che si concluse con la vittoria degli dei dell&#8217;Olimpo.<\/p>\n\n\n\n<p>Zeus divenne quindi il dio supremo e divise il mondo con i suoi fratelli Poseidone e Ade, che ottennero rispettivamente il mare e gli inferi. Zeus spos\u00f2 sua sorella Era, la dea del matrimonio e del parto, ma era noto per le sue numerose relazioni con altre dee e donne mortali. Alcuni dei suoi amanti famosi includono Leto, Europa, Io, Danae, Leda, Semele e Alcmene.<\/p>\n\n\n\n<p>Zeus era venerato come protettore della giustizia, della legge, dell&#8217;ordine e dell&#8217;ospitalit\u00e0. Era anche il patrono dei re, dei giuramenti, del destino e del tempo. Poteva controllare tuoni, fulmini, pioggia, vento e tempeste con il suo fulmine, forgiato dai Ciclopi. Era anche noto per l&#8217;invio di segni e presagi agli esseri umani attraverso uccelli, sogni e oracoli.<\/p>\n\n\n\n<p>Zeus aveva molti templi e santuari in tutta la Grecia, ma il suo santuario pi\u00f9 famoso era a Olimpia, dove gli antichi Giochi Olimpici si tenevano in suo onore ogni quattro anni. I suoi animali sacri erano l&#8217;aquila, il toro e la quercia. Il suo equivalente romano era Giove, che condivideva molti dei suoi attributi e delle sue storie.<\/p>\n\n\n\n<p>Zeus \u00e8 un dio affascinante che rappresenta sia la gloria che i difetti della mitologia greca. \u00c8 un simbolo di potere, autorit\u00e0, saggezza, ma anche di lussuria, gelosia e ira. \u00c8 venerato come il padre degli dei e degli uomini, ma anche temuto per le sue azioni imprevedibili e talvolta crudeli. \u00c8 Zeus, il dio del cielo e del tuono della mitologia greca.<\/p>\n\n\n\n<div style=\"height:33px\" aria-hidden=\"true\" class=\"wp-block-spacer\"><\/div>\n\n\n\n<figure class=\"wp-block-embed is-type-video is-provider-youtube wp-block-embed-youtube wp-embed-aspect-16-9 wp-has-aspect-ratio\"><div class=\"wp-block-embed__wrapper\">\n<iframe title=\"ZEUS | Destripando la Historia | Canci\u00f3n\" width=\"750\" height=\"422\" src=\"https:\/\/www.youtube.com\/embed\/o2W3jfvZU4w?feature=oembed\" frameborder=\"0\" allow=\"accelerometer; autoplay; clipboard-write; encrypted-media; gyroscope; picture-in-picture; web-share\" allowfullscreen><\/iframe>\n<\/div><figcaption class=\"wp-element-caption\"><strong>Introduzione musicale a Zeus<\/strong><\/figcaption><\/figure>\n\n\n\n<div style=\"height:27px\" aria-hidden=\"true\" class=\"wp-block-spacer\"><\/div>\n\n\n\n<h2 class=\"wp-block-heading has-text-align-center\">Zeus consiglia:<\/h2>\n\n\n\n<h2 class=\"wp-block-heading has-text-align-center\" id=\"wp-block-themeisle-blocks-advanced-heading-527966eb\"><span style=\"text-decoration: underline;\">Le squadre di Zeus<\/span><\/h2>\n\n\n\n<h5 class=\"wp-block-heading has-text-align-center\" id=\"wp-block-themeisle-blocks-advanced-heading-7b303ac9\">Se Zeus fosse un appassionato di sport moderni, sosterrebbe:<\/h5>\n\n\n\n<div class=\"wp-block-columns is-layout-flex wp-container-core-columns-is-layout-28f84493 wp-block-columns-is-layout-flex\">\n<div class=\"wp-block-column is-layout-flow wp-block-column-is-layout-flow\"><div class=\"wp-block-image\">\n<figure class=\"aligncenter size-full\"><img decoding=\"async\" width=\"200\" height=\"200\" src=\"https:\/\/hellenicmoon.com\/wp-content\/uploads\/2019\/12\/Eagles-1.jpg\" alt=\"\" class=\"wp-image-648\" srcset=\"https:\/\/hellenicmoon.com\/wp-content\/uploads\/2019\/12\/Eagles-1.jpg 200w, https:\/\/hellenicmoon.com\/wp-content\/uploads\/2019\/12\/Eagles-1-160x160.jpg 160w, https:\/\/hellenicmoon.com\/wp-content\/uploads\/2019\/12\/Eagles-1-150x150.jpg 150w, https:\/\/hellenicmoon.com\/wp-content\/uploads\/2019\/12\/Eagles-1-50x50.jpg 50w\" sizes=\"(max-width: 200px) 100vw, 200px\" \/><figcaption class=\"wp-element-caption\"><strong><kbd>Aquile di Filadelfia<\/kbd><\/strong><\/figcaption><\/figure>\n<\/div>\n\n\n<p class=\"has-medium-font-size\">Animale sacro di Zeus<\/p>\n\n\n\n<p class=\"has-small-font-size\" id=\"wp-block-themeisle-blocks-advanced-heading-5e6e03ca\">L&#8217;aquila era il simbolo di Zeus, e con 4 Super Bowl (incluso prima del 1970), 4 campionati di Conference e 13 campionati di Division, i Philadelphia Eagles avrebbero reso orgoglioso Zeus.<a href=\"https:\/\/hellenicmoon.com\/forums\/reply\/4047\/\"><\/a><\/p>\n<\/div>\n\n\n\n<div class=\"wp-block-column is-layout-flow wp-block-column-is-layout-flow\"><div class=\"wp-block-image\">\n<figure class=\"aligncenter size-full is-resized\"><img decoding=\"async\" width=\"1000\" height=\"1000\" src=\"https:\/\/hellenicmoon.com\/wp-content\/uploads\/2023\/05\/TampaBayHockey.jpg\" alt=\"\" class=\"wp-image-5546\" style=\"width:200px;height:200px\" srcset=\"https:\/\/hellenicmoon.com\/wp-content\/uploads\/2023\/05\/TampaBayHockey.jpg 1000w, https:\/\/hellenicmoon.com\/wp-content\/uploads\/2023\/05\/TampaBayHockey-230x230.jpg 230w, https:\/\/hellenicmoon.com\/wp-content\/uploads\/2023\/05\/TampaBayHockey-160x160.jpg 160w, https:\/\/hellenicmoon.com\/wp-content\/uploads\/2023\/05\/TampaBayHockey-600x600.jpg 600w, https:\/\/hellenicmoon.com\/wp-content\/uploads\/2023\/05\/TampaBayHockey-300x300.jpg 300w, https:\/\/hellenicmoon.com\/wp-content\/uploads\/2023\/05\/TampaBayHockey-150x150.jpg 150w, https:\/\/hellenicmoon.com\/wp-content\/uploads\/2023\/05\/TampaBayHockey-768x768.jpg 768w\" sizes=\"(max-width: 1000px) 100vw, 1000px\" \/><figcaption class=\"wp-element-caption\"><strong><kbd>Fulmine della baia di Tampa<\/kbd><\/strong><\/figcaption><\/figure>\n<\/div>\n\n\n<p class=\"has-medium-font-size\">Simbolo di Zeus<\/p>\n\n\n\n<p class=\"has-small-font-size\" id=\"wp-block-themeisle-blocks-advanced-heading-56ad1e36\">Il fulmine era il simbolo di Zeus, che lanciava in giro quando era arrabbiato. Con 1 Stanley Cup, 2 campionati di Conference, 4 titoli di Division e 1 trofeo Presidents, Zeus avrebbe sostenuto i Tampa Bay Lightning.<a href=\"https:\/\/hellenicmoon.com\/forums\/reply\/4047\/\"><\/a><\/p>\n<\/div>\n\n\n\n<div class=\"wp-block-column is-layout-flow wp-block-column-is-layout-flow\"><div class=\"wp-block-image\">\n<figure class=\"aligncenter size-full is-resized\"><img decoding=\"async\" width=\"860\" height=\"896\" src=\"https:\/\/hellenicmoon.com\/wp-content\/uploads\/2023\/05\/LAChargers.png\" alt=\"\" class=\"wp-image-5547\" style=\"width:200px;height:200px\" srcset=\"https:\/\/hellenicmoon.com\/wp-content\/uploads\/2023\/05\/LAChargers.png 860w, https:\/\/hellenicmoon.com\/wp-content\/uploads\/2023\/05\/LAChargers-288x300.png 288w, https:\/\/hellenicmoon.com\/wp-content\/uploads\/2023\/05\/LAChargers-768x800.png 768w, https:\/\/hellenicmoon.com\/wp-content\/uploads\/2023\/05\/LAChargers-600x625.png 600w\" sizes=\"(max-width: 860px) 100vw, 860px\" \/><figcaption class=\"wp-element-caption\"><strong><kbd>Los Angeles Chargers<\/kbd><\/strong><\/figcaption><\/figure>\n<\/div>\n\n\n<p class=\"has-medium-font-size\">Simbolo di Zeus<\/p>\n\n\n\n<p class=\"has-small-font-size\" id=\"wp-block-themeisle-blocks-advanced-heading-58ccfafa\">Con 1 Super Bowl, 1 campionato di Conference e 15 campionati di divisione, Zeus vorrebbe i Los Angeles Chargers.<a href=\"https:\/\/hellenicmoon.com\/forums\/reply\/4047\/\"><\/a><\/p>\n<\/div>\n\n\n\n<div class=\"wp-block-column is-layout-flow wp-block-column-is-layout-flow\"><div class=\"wp-block-image\">\n<figure class=\"aligncenter size-full is-resized\"><img decoding=\"async\" width=\"374\" height=\"406\" src=\"https:\/\/hellenicmoon.com\/wp-content\/uploads\/2023\/05\/OlympiacosBasket-1.png\" alt=\"\" class=\"wp-image-5552\" style=\"width:200px;height:200px\" srcset=\"https:\/\/hellenicmoon.com\/wp-content\/uploads\/2023\/05\/OlympiacosBasket-1.png 374w, https:\/\/hellenicmoon.com\/wp-content\/uploads\/2023\/05\/OlympiacosBasket-1-276x300.png 276w\" sizes=\"(max-width: 374px) 100vw, 374px\" \/><figcaption class=\"wp-element-caption\"><strong><kbd>Olympiacos<\/kbd><\/strong><\/figcaption><\/figure>\n<\/div>\n\n\n<p class=\"has-medium-font-size\">Simboleggia l&#8217;ideale olimpico per Zeus<\/p>\n\n\n\n<p class=\"has-small-font-size\" id=\"wp-block-themeisle-blocks-advanced-heading-e87acf81\">Chiamato cos\u00ec nello spirito delle Olimpiadi, l&#8217;Olympiacos \u00e8 il club polisportivo di maggior successo in Grecia, uno dei pochi club multisportivi europei ad aver vinto ben 15 titoli internazionali in 5 sport. Poich\u00e9 le Olimpiadi sono la festa di Zeus, \u00e8 lecito supporre che a Zeus piaccia l&#8217;Olympiacos.<a href=\"https:\/\/hellenicmoon.com\/forums\/reply\/4047\/\"><\/a><a href=\"https:\/\/hellenicmoon.com\/forums\/reply\/4047\/\"><\/a><a href=\"https:\/\/hellenicmoon.com\/forums\/reply\/4047\/\"><\/a><\/p>\n<\/div>\n<\/div>\n\n\n\n<div class=\"wp-block-columns is-layout-flex wp-container-core-columns-is-layout-28f84493 wp-block-columns-is-layout-flex\">\n<div class=\"wp-block-column is-layout-flow wp-block-column-is-layout-flow\"><div class=\"wp-block-image\">\n<figure class=\"aligncenter size-full is-resized\"><img decoding=\"async\" width=\"700\" height=\"700\" src=\"https:\/\/hellenicmoon.com\/wp-content\/uploads\/2020\/07\/hellas-verona-logo-700x700-1.jpg\" alt=\"\" class=\"wp-image-2379\" style=\"width:200px;height:200px\" srcset=\"https:\/\/hellenicmoon.com\/wp-content\/uploads\/2020\/07\/hellas-verona-logo-700x700-1.jpg 700w, https:\/\/hellenicmoon.com\/wp-content\/uploads\/2020\/07\/hellas-verona-logo-700x700-1-300x300.jpg 300w, https:\/\/hellenicmoon.com\/wp-content\/uploads\/2020\/07\/hellas-verona-logo-700x700-1-150x150.jpg 150w, https:\/\/hellenicmoon.com\/wp-content\/uploads\/2020\/07\/hellas-verona-logo-700x700-1-460x460.jpg 460w, https:\/\/hellenicmoon.com\/wp-content\/uploads\/2020\/07\/hellas-verona-logo-700x700-1-230x230.jpg 230w, https:\/\/hellenicmoon.com\/wp-content\/uploads\/2020\/07\/hellas-verona-logo-700x700-1-600x600.jpg 600w, https:\/\/hellenicmoon.com\/wp-content\/uploads\/2020\/07\/hellas-verona-logo-700x700-1-160x160.jpg 160w\" sizes=\"(max-width: 700px) 100vw, 700px\" \/><figcaption class=\"wp-element-caption\"><strong><kbd>Hellas Verona<\/kbd><\/strong><\/figcaption><\/figure>\n<\/div>\n\n\n<p class=\"has-medium-font-size\">Simbolo della cultura ellenica<\/p>\n\n\n\n<p class=\"has-small-font-size\" id=\"wp-block-themeisle-blocks-advanced-heading-a05f728c\">Sebbene sia una squadra italiana pi\u00f9 piccola con solo 1 scudetto di Serie A nella sua storia, Zeus tiferebbe per una squadra che \u00e8 sempre in Serie A.<a href=\"https:\/\/hellenicmoon.com\/forums\/reply\/4047\/\"><\/a><a href=\"https:\/\/hellenicmoon.com\/forums\/reply\/4047\/\"><\/a><a href=\"https:\/\/hellenicmoon.com\/forums\/reply\/4047\/\"><\/a><\/p>\n<\/div>\n\n\n\n<div class=\"wp-block-column is-layout-flow wp-block-column-is-layout-flow\"><div class=\"wp-block-image\">\n<figure class=\"aligncenter size-full is-resized\"><img decoding=\"async\" width=\"400\" height=\"400\" src=\"https:\/\/hellenicmoon.com\/wp-content\/uploads\/2023\/05\/Benfica.png\" alt=\"\" class=\"wp-image-5554\" style=\"width:200px;height:200px\" srcset=\"https:\/\/hellenicmoon.com\/wp-content\/uploads\/2023\/05\/Benfica.png 400w, https:\/\/hellenicmoon.com\/wp-content\/uploads\/2023\/05\/Benfica-300x300.png 300w, https:\/\/hellenicmoon.com\/wp-content\/uploads\/2023\/05\/Benfica-150x150.png 150w, https:\/\/hellenicmoon.com\/wp-content\/uploads\/2023\/05\/Benfica-230x230.png 230w, https:\/\/hellenicmoon.com\/wp-content\/uploads\/2023\/05\/Benfica-160x160.png 160w\" sizes=\"(max-width: 400px) 100vw, 400px\" \/><figcaption class=\"wp-element-caption\"><strong><kbd>Benfica<\/kbd><\/strong><\/figcaption><\/figure>\n<\/div>\n\n\n<p class=\"has-medium-font-size\">Amanti dell&#8217;aquila<\/p>\n\n\n\n<p class=\"has-small-font-size\" id=\"wp-block-themeisle-blocks-advanced-heading-b5ace36e\">Zeus sarebbe un tifoso del Benfica, la squadra di maggior successo in Portogallo che ha anche vinto la UEFA Champions League 2 volte nella sua storia. L&#8217;aquila nel loro logo avrebbe attirato l&#8217;attenzione di Zeus.<a href=\"https:\/\/hellenicmoon.com\/forums\/reply\/4047\/\"><\/a><\/p>\n<\/div>\n\n\n\n<div class=\"wp-block-column is-layout-flow wp-block-column-is-layout-flow\"><div class=\"wp-block-image\">\n<figure class=\"aligncenter size-full is-resized\"><img decoding=\"async\" width=\"337\" height=\"337\" src=\"https:\/\/hellenicmoon.com\/wp-content\/uploads\/2023\/05\/LazioLogoSQUARE.png\" alt=\"\" class=\"wp-image-5550\" style=\"width:200px;height:200px\" srcset=\"https:\/\/hellenicmoon.com\/wp-content\/uploads\/2023\/05\/LazioLogoSQUARE.png 337w, https:\/\/hellenicmoon.com\/wp-content\/uploads\/2023\/05\/LazioLogoSQUARE-300x300.png 300w, https:\/\/hellenicmoon.com\/wp-content\/uploads\/2023\/05\/LazioLogoSQUARE-150x150.png 150w, https:\/\/hellenicmoon.com\/wp-content\/uploads\/2023\/05\/LazioLogoSQUARE-230x230.png 230w, https:\/\/hellenicmoon.com\/wp-content\/uploads\/2023\/05\/LazioLogoSQUARE-160x160.png 160w\" sizes=\"(max-width: 337px) 100vw, 337px\" \/><figcaption class=\"wp-element-caption\"><strong><kbd>Lazio<\/kbd><\/strong><\/figcaption><\/figure>\n<\/div>\n\n\n<p class=\"has-medium-font-size\">L&#8217;aquila di Zeus<\/p>\n\n\n\n<p class=\"has-small-font-size\" id=\"wp-block-themeisle-blocks-advanced-heading-09c18fa3\">L&#8217;aquila nel logo della Lazio \u00e8 in realt\u00e0 l&#8217;aquila di Zeus, non solo un&#8217;aquila a caso, quindi Zeus sarebbe chiaramente un fan e felice di vedere la Lazio cambiare nel tempo.<\/p>\n\n\n\n<p><a href=\"https:\/\/hellenicmoon.com\/forums\/reply\/4047\/\"><\/a><\/p>\n<\/div>\n\n\n\n<div class=\"wp-block-column is-layout-flow wp-block-column-is-layout-flow\"><div class=\"wp-block-image\">\n<figure class=\"aligncenter size-full is-resized\"><img decoding=\"async\" width=\"706\" height=\"792\" src=\"https:\/\/hellenicmoon.com\/wp-content\/uploads\/2019\/12\/rethymno-cretan-kings.png\" alt=\"\" class=\"wp-image-272\" style=\"width:200px;height:200px\" srcset=\"https:\/\/hellenicmoon.com\/wp-content\/uploads\/2019\/12\/rethymno-cretan-kings.png 706w, https:\/\/hellenicmoon.com\/wp-content\/uploads\/2019\/12\/rethymno-cretan-kings-600x673.png 600w, https:\/\/hellenicmoon.com\/wp-content\/uploads\/2019\/12\/rethymno-cretan-kings-267x300.png 267w\" sizes=\"(max-width: 706px) 100vw, 706px\" \/><figcaption class=\"wp-element-caption\"><strong><kbd>Re cretesi di Rethymno<\/kbd><\/strong><\/figcaption><\/figure>\n<\/div>\n\n\n<p class=\"has-medium-font-size\">Il luogo di nascita di Zeus<\/p>\n\n\n\n<p class=\"has-small-font-size\">Il toro era un animale speciale per Zeus, che assumeva spesso la forma del toro, come quando rap\u00ec Europa (da cui l&#8217;Europa prende il nome) sotto forma di toro.<br>Dal momento che Zeus era nato a Creta, sarebbe stato un fan dei re cretesi di Rethymno.<\/p>\n<\/div>\n<\/div>\n","protected":false},"excerpt":{"rendered":"<p>Nome romano : Giove (Pianeta che porta il suo nome). Il gioved\u00ec prende il nome da Zeus (leggi l&#8217;articolo di Weekday ) Zeus \u00e8 una delle divinit\u00e0 pi\u00f9 famose e potenti della mitologia greca. Egli \u00e8 il re degli d\u00e8i e il sovrano del cielo e del tuono. \u00c8 anche [&hellip;]<\/p>\n","protected":false},"author":2,"featured_media":0,"parent":0,"menu_order":0,"comment_status":"closed","ping_status":"closed","template":"","meta":{"_bbp_topic_count":0,"_bbp_reply_count":0,"_bbp_total_topic_count":0,"_bbp_total_reply_count":0,"_bbp_voice_count":0,"_bbp_anonymous_reply_count":0,"_bbp_topic_count_hidden":0,"_bbp_reply_count_hidden":0,"_bbp_forum_subforum_count":0,"_monsterinsights_skip_tracking":false,"_monsterinsights_sitenote_active":false,"_monsterinsights_sitenote_note":"","_monsterinsights_sitenote_category":0,"jetpack_post_was_ever_published":false,"footnotes":""},"class_list":["post-11055","page","type-page","status-publish","hentry"],"yoast_head":"<!-- This site is optimized with the Yoast SEO plugin v27.4 - https:\/\/yoast.com\/product\/yoast-seo-wordpress\/ -->\n<title>Zeus - Re degli Dei e dei Cieli - Hellenic Moon<\/title>\n<meta name=\"robots\" content=\"index, follow, max-snippet:-1, max-image-preview:large, max-video-preview:-1\" \/>\n<link rel=\"canonical\" href=\"https:\/\/hellenicmoon.com\/it\/zeus-re-degli-dei-e-dei-cieli\/\" \/>\n<meta property=\"og:locale\" content=\"it_IT\" \/>\n<meta property=\"og:type\" content=\"article\" \/>\n<meta property=\"og:title\" content=\"Zeus - Re degli Dei e dei Cieli - Hellenic Moon\" \/>\n<meta property=\"og:description\" content=\"Nome romano : Giove (Pianeta che porta il suo nome). Il gioved\u00ec prende il nome da Zeus (leggi l&#8217;articolo di Weekday ) Zeus \u00e8 una delle divinit\u00e0 pi\u00f9 famose e potenti della mitologia greca. Egli \u00e8 il re degli d\u00e8i e il sovrano del cielo e del tuono. \u00c8 anche [&hellip;]\" \/>\n<meta property=\"og:url\" content=\"https:\/\/hellenicmoon.com\/it\/zeus-re-degli-dei-e-dei-cieli\/\" \/>\n<meta property=\"og:site_name\" content=\"Hellenic Moon\" \/>\n<meta property=\"article:modified_time\" content=\"2024-01-19T21:21:56+00:00\" \/>\n<meta property=\"og:image\" content=\"https:\/\/hellenicmoon.com\/wp-content\/uploads\/2019\/12\/statue-of-zeus_1.jpg\" \/>\n<meta name=\"twitter:card\" content=\"summary_large_image\" \/>\n<meta name=\"twitter:label1\" content=\"Tempo di lettura stimato\" \/>\n\t<meta name=\"twitter:data1\" content=\"6 minuti\" \/>\n<script type=\"application\/ld+json\" class=\"yoast-schema-graph\">{\"@context\":\"https:\\\/\\\/schema.org\",\"@graph\":[{\"@type\":\"WebPage\",\"@id\":\"https:\\\/\\\/hellenicmoon.com\\\/it\\\/zeus-re-degli-dei-e-dei-cieli\\\/\",\"url\":\"https:\\\/\\\/hellenicmoon.com\\\/it\\\/zeus-re-degli-dei-e-dei-cieli\\\/\",\"name\":\"Zeus - Re degli Dei e dei Cieli - Hellenic Moon\",\"isPartOf\":{\"@id\":\"https:\\\/\\\/mti.get.mybluehost.me\\\/#website\"},\"primaryImageOfPage\":{\"@id\":\"https:\\\/\\\/hellenicmoon.com\\\/it\\\/zeus-re-degli-dei-e-dei-cieli\\\/#primaryimage\"},\"image\":{\"@id\":\"https:\\\/\\\/hellenicmoon.com\\\/it\\\/zeus-re-degli-dei-e-dei-cieli\\\/#primaryimage\"},\"thumbnailUrl\":\"https:\\\/\\\/hellenicmoon.com\\\/wp-content\\\/uploads\\\/2019\\\/12\\\/statue-of-zeus_1.jpg\",\"datePublished\":\"2019-12-06T22:41:20+00:00\",\"dateModified\":\"2024-01-19T21:21:56+00:00\",\"breadcrumb\":{\"@id\":\"https:\\\/\\\/hellenicmoon.com\\\/it\\\/zeus-re-degli-dei-e-dei-cieli\\\/#breadcrumb\"},\"inLanguage\":\"it-IT\",\"potentialAction\":[{\"@type\":\"ReadAction\",\"target\":[\"https:\\\/\\\/hellenicmoon.com\\\/it\\\/zeus-re-degli-dei-e-dei-cieli\\\/\"]}]},{\"@type\":\"ImageObject\",\"inLanguage\":\"it-IT\",\"@id\":\"https:\\\/\\\/hellenicmoon.com\\\/it\\\/zeus-re-degli-dei-e-dei-cieli\\\/#primaryimage\",\"url\":\"https:\\\/\\\/hellenicmoon.com\\\/wp-content\\\/uploads\\\/2019\\\/12\\\/statue-of-zeus_1.jpg\",\"contentUrl\":\"https:\\\/\\\/hellenicmoon.com\\\/wp-content\\\/uploads\\\/2019\\\/12\\\/statue-of-zeus_1.jpg\"},{\"@type\":\"BreadcrumbList\",\"@id\":\"https:\\\/\\\/hellenicmoon.com\\\/it\\\/zeus-re-degli-dei-e-dei-cieli\\\/#breadcrumb\",\"itemListElement\":[{\"@type\":\"ListItem\",\"position\":1,\"name\":\"Home\",\"item\":\"https:\\\/\\\/hellenicmoon.com\\\/it\\\/\"},{\"@type\":\"ListItem\",\"position\":2,\"name\":\"Zeus &#8211; Re degli Dei e dei Cieli\"}]},{\"@type\":\"WebSite\",\"@id\":\"https:\\\/\\\/mti.get.mybluehost.me\\\/#website\",\"url\":\"https:\\\/\\\/mti.get.mybluehost.me\\\/\",\"name\":\"Hellenic Moon\",\"description\":\"Greek mythology and gods\",\"publisher\":{\"@id\":\"https:\\\/\\\/mti.get.mybluehost.me\\\/#organization\"},\"potentialAction\":[{\"@type\":\"SearchAction\",\"target\":{\"@type\":\"EntryPoint\",\"urlTemplate\":\"https:\\\/\\\/mti.get.mybluehost.me\\\/?s={search_term_string}\"},\"query-input\":{\"@type\":\"PropertyValueSpecification\",\"valueRequired\":true,\"valueName\":\"search_term_string\"}}],\"inLanguage\":\"it-IT\"},{\"@type\":\"Organization\",\"@id\":\"https:\\\/\\\/mti.get.mybluehost.me\\\/#organization\",\"name\":\"Hellenic Moon\",\"url\":\"https:\\\/\\\/mti.get.mybluehost.me\\\/\",\"logo\":{\"@type\":\"ImageObject\",\"inLanguage\":\"it-IT\",\"@id\":\"https:\\\/\\\/mti.get.mybluehost.me\\\/#\\\/schema\\\/logo\\\/image\\\/\",\"url\":\"https:\\\/\\\/hellenicmoon.com\\\/wp-content\\\/uploads\\\/2020\\\/01\\\/cropped-logo_ok_by_aramisdream_ddoqp6p.png\",\"contentUrl\":\"https:\\\/\\\/hellenicmoon.com\\\/wp-content\\\/uploads\\\/2020\\\/01\\\/cropped-logo_ok_by_aramisdream_ddoqp6p.png\",\"width\":150,\"height\":100,\"caption\":\"Hellenic Moon\"},\"image\":{\"@id\":\"https:\\\/\\\/mti.get.mybluehost.me\\\/#\\\/schema\\\/logo\\\/image\\\/\"},\"sameAs\":[\"https:\\\/\\\/www.instagram.com\\\/hellenic.moon\"]}]}<\/script>\n<!-- \/ Yoast SEO plugin. -->","yoast_head_json":{"title":"Zeus - Re degli Dei e dei Cieli - Hellenic Moon","robots":{"index":"index","follow":"follow","max-snippet":"max-snippet:-1","max-image-preview":"max-image-preview:large","max-video-preview":"max-video-preview:-1"},"canonical":"https:\/\/hellenicmoon.com\/it\/zeus-re-degli-dei-e-dei-cieli\/","og_locale":"it_IT","og_type":"article","og_title":"Zeus - Re degli Dei e dei Cieli - Hellenic Moon","og_description":"Nome romano : Giove (Pianeta che porta il suo nome). Il gioved\u00ec prende il nome da Zeus (leggi l&#8217;articolo di Weekday ) Zeus \u00e8 una delle divinit\u00e0 pi\u00f9 famose e potenti della mitologia greca. Egli \u00e8 il re degli d\u00e8i e il sovrano del cielo e del tuono. \u00c8 anche [&hellip;]","og_url":"https:\/\/hellenicmoon.com\/it\/zeus-re-degli-dei-e-dei-cieli\/","og_site_name":"Hellenic Moon","article_modified_time":"2024-01-19T21:21:56+00:00","og_image":[{"url":"https:\/\/hellenicmoon.com\/wp-content\/uploads\/2019\/12\/statue-of-zeus_1.jpg","type":"","width":"","height":""}],"twitter_card":"summary_large_image","twitter_misc":{"Tempo di lettura stimato":"6 minuti"},"schema":{"@context":"https:\/\/schema.org","@graph":[{"@type":"WebPage","@id":"https:\/\/hellenicmoon.com\/it\/zeus-re-degli-dei-e-dei-cieli\/","url":"https:\/\/hellenicmoon.com\/it\/zeus-re-degli-dei-e-dei-cieli\/","name":"Zeus - Re degli Dei e dei Cieli - Hellenic Moon","isPartOf":{"@id":"https:\/\/mti.get.mybluehost.me\/#website"},"primaryImageOfPage":{"@id":"https:\/\/hellenicmoon.com\/it\/zeus-re-degli-dei-e-dei-cieli\/#primaryimage"},"image":{"@id":"https:\/\/hellenicmoon.com\/it\/zeus-re-degli-dei-e-dei-cieli\/#primaryimage"},"thumbnailUrl":"https:\/\/hellenicmoon.com\/wp-content\/uploads\/2019\/12\/statue-of-zeus_1.jpg","datePublished":"2019-12-06T22:41:20+00:00","dateModified":"2024-01-19T21:21:56+00:00","breadcrumb":{"@id":"https:\/\/hellenicmoon.com\/it\/zeus-re-degli-dei-e-dei-cieli\/#breadcrumb"},"inLanguage":"it-IT","potentialAction":[{"@type":"ReadAction","target":["https:\/\/hellenicmoon.com\/it\/zeus-re-degli-dei-e-dei-cieli\/"]}]},{"@type":"ImageObject","inLanguage":"it-IT","@id":"https:\/\/hellenicmoon.com\/it\/zeus-re-degli-dei-e-dei-cieli\/#primaryimage","url":"https:\/\/hellenicmoon.com\/wp-content\/uploads\/2019\/12\/statue-of-zeus_1.jpg","contentUrl":"https:\/\/hellenicmoon.com\/wp-content\/uploads\/2019\/12\/statue-of-zeus_1.jpg"},{"@type":"BreadcrumbList","@id":"https:\/\/hellenicmoon.com\/it\/zeus-re-degli-dei-e-dei-cieli\/#breadcrumb","itemListElement":[{"@type":"ListItem","position":1,"name":"Home","item":"https:\/\/hellenicmoon.com\/it\/"},{"@type":"ListItem","position":2,"name":"Zeus &#8211; Re degli Dei e dei Cieli"}]},{"@type":"WebSite","@id":"https:\/\/mti.get.mybluehost.me\/#website","url":"https:\/\/mti.get.mybluehost.me\/","name":"Hellenic Moon","description":"Greek mythology and gods","publisher":{"@id":"https:\/\/mti.get.mybluehost.me\/#organization"},"potentialAction":[{"@type":"SearchAction","target":{"@type":"EntryPoint","urlTemplate":"https:\/\/mti.get.mybluehost.me\/?s={search_term_string}"},"query-input":{"@type":"PropertyValueSpecification","valueRequired":true,"valueName":"search_term_string"}}],"inLanguage":"it-IT"},{"@type":"Organization","@id":"https:\/\/mti.get.mybluehost.me\/#organization","name":"Hellenic Moon","url":"https:\/\/mti.get.mybluehost.me\/","logo":{"@type":"ImageObject","inLanguage":"it-IT","@id":"https:\/\/mti.get.mybluehost.me\/#\/schema\/logo\/image\/","url":"https:\/\/hellenicmoon.com\/wp-content\/uploads\/2020\/01\/cropped-logo_ok_by_aramisdream_ddoqp6p.png","contentUrl":"https:\/\/hellenicmoon.com\/wp-content\/uploads\/2020\/01\/cropped-logo_ok_by_aramisdream_ddoqp6p.png","width":150,"height":100,"caption":"Hellenic Moon"},"image":{"@id":"https:\/\/mti.get.mybluehost.me\/#\/schema\/logo\/image\/"},"sameAs":["https:\/\/www.instagram.com\/hellenic.moon"]}]}},"jetpack_sharing_enabled":true,"_links":{"self":[{"href":"https:\/\/hellenicmoon.com\/it\/wp-json\/wp\/v2\/pages\/11055","targetHints":{"allow":["GET"]}}],"collection":[{"href":"https:\/\/hellenicmoon.com\/it\/wp-json\/wp\/v2\/pages"}],"about":[{"href":"https:\/\/hellenicmoon.com\/it\/wp-json\/wp\/v2\/types\/page"}],"author":[{"embeddable":true,"href":"https:\/\/hellenicmoon.com\/it\/wp-json\/wp\/v2\/users\/2"}],"replies":[{"embeddable":true,"href":"https:\/\/hellenicmoon.com\/it\/wp-json\/wp\/v2\/comments?post=11055"}],"version-history":[{"count":0,"href":"https:\/\/hellenicmoon.com\/it\/wp-json\/wp\/v2\/pages\/11055\/revisions"}],"wp:attachment":[{"href":"https:\/\/hellenicmoon.com\/it\/wp-json\/wp\/v2\/media?parent=11055"}],"curies":[{"name":"wp","href":"https:\/\/api.w.org\/{rel}","templated":true}]}}