{"id":11049,"date":"2019-12-25T14:13:01","date_gmt":"2019-12-25T14:13:01","guid":{"rendered":"https:\/\/hellenicmoon.com\/giorni-feriali\/"},"modified":"2024-01-19T17:49:08","modified_gmt":"2024-01-19T17:49:08","slug":"giorni-feriali","status":"publish","type":"page","link":"https:\/\/hellenicmoon.com\/it\/giorni-feriali\/","title":{"rendered":"Giorni feriali"},"content":{"rendered":"\n<p>Questo articolo \u00e8 stato pubblicato sul blog di <a href=\"https:\/\/englishlive.ef.com\/en\/blog\/language-lab\/origins-behind-english-weekday-names\/\">Education First qui<\/a> e voglio dare loro credito per averlo usato. Un breve riassunto di ci\u00f2 che viene davvero ogni giorno della settimana (leggi l&#8217;articolo per capire tutto):<\/p>\n\n<p>Luned\u00ec &#8211; Luna (quindi Artemide)<\/p>\n\n<p>Marted\u00ec &#8211; Ares<\/p>\n\n<p>Mercoled\u00ec &#8211; Hermes<\/p>\n\n<p>Gioved\u00ec &#8211; Zeus<\/p>\n\n<p>Venerd\u00ec &#8211; Afrodite<\/p>\n\n<p>Sabato &#8211; Crono<\/p>\n\n<p>Domenica &#8211; Dom (cos\u00ec Apollo)<\/p>\n\n<p><\/p>\n\n<p>I giorni della settimana in lingua inglese prendono il nome da corpi celesti e figure mitologiche della storia. Un miscuglio di culture e tradizioni ha avuto un&#8217;influenza sulla denominazione dei giorni e per quelli di noi che studiano la lingua inglese forniscono una visione affascinante del modo in cui la lingua si forma.<\/p>\n\n<p>L&#8217;inglese attinge al greco antico, al latino e alle lingue germaniche e queste influenze possono essere viste nei nomi dei giorni della settimana. Li usiamo tutti i giorni senza renderci conto di quanto ci raccontino della nostra lingua e della nostra storia, e servono a mostrarci le somiglianze tra l&#8217;inglese e tante altre lingue europee.<\/p>\n\n<p>Diamo quindi un&#8217;occhiata ai sette giorni della settimana e a come sono stati chiamati.<\/p>\n\n<p>Divinit\u00e0 greche e romane<\/p>\n\n<p>L&#8217;ordine originario dei giorni, tra il I e il III secolo, era Sole, Luna, Ares, Hermes, Zeus, Afrodite e Cronos. Questi prendevano il nome dai corpi celesti che presiedevano alla prima ora di luce di ogni giorno, secondo l&#8217;astrologia ellenistica. Dalla Grecia i nomi delle settimane planetarie passarono ai Romani, dal latino ad altre lingue dell&#8217;Europa meridionale e occidentale e ad altre lingue da esse successivamente influenzate.<\/p>\n\n<p>Perch\u00e9 i Romani chiamavano i giorni della settimana con i nomi dei loro d\u00e8i per i pianeti? Perch\u00e9 vedevano una connessione tra i loro d\u00e8i e il volto mutevole del cielo notturno. Quelli che erano in grado di vedere nel cielo ogni notte erano Mercurio, Venere, Marte, Giove e Saturno. Quei cinque pianeti, pi\u00f9 la luna e il sole, formavano sette corpi astronomici principali, quindi era naturale usare questi sette nomi quando arrivava la settimana di sette giorni.<\/p>\n\n<p>Domenica<\/p>\n\n<p>Il primo giorno della settimana prende il nome dal sole \u2013 dies Solis \u2013 giorno del sole in latino e pi\u00f9 tardi Sunnon-dagaz in germanico antico. \u00c8 facile capire da dove viene la parola inglese Sunday qui.<\/p>\n\n<p>Luned\u00ec<\/p>\n\n<p>\u00c8 altrettanto facile capire da dove proviene anche il nome di questo giorno della settimana. Il luned\u00ec \u00e8 il giorno della luna \u2013 dies Lunae in latino, diventando Mon(an)d\u00e6g in inglese antico.<\/p>\n\n<p>Marted\u00ec<\/p>\n\n<p>Mentre la maggior parte dei giorni della settimana inglesi conservano le loro associazioni con gli dei romani, alcuni sono stati sostituiti con i nomi degli dei germanici equivalenti, perch\u00e9 l&#8217;inglese \u00e8 una lingua germanica.<\/p>\n\n<p>Marted\u00ec prende il nome dal dio romano della guerra, Marte, quindi in latino era conosciuto come dies Martis. Tuttavia, il dio germanico della guerra era conosciuto come Tiu e il giorno inglese della settimana deriva invece dal nome di questo dio germanico, prima noto come Tiwsday e infine Tuesday.<\/p>\n\n<p>Mercoled\u00ec<\/p>\n\n<p>Allo stesso modo, l&#8217;equivalente germanico del dio romano Mercurio era l&#8217;altrettanto veloce Woden. E cos\u00ec questo giorno, che \u00e8 iniziato in latino come dies Mercurii, \u00e8 diventato il giorno di Woden in germanico antico, diventando infine mercoled\u00ec in inglese.<\/p>\n\n<p>Gioved\u00ec<\/p>\n\n<p>Giove, noto anche come Giove, \u00e8 il dio romano supremo e patrono dello stato romano. \u00c8 il dio che ha creato tuoni e fulmini. Thor \u00e8 il dio norreno del tuono, spesso raffigurato mentre attraversa il cielo su un carro. Ed \u00e8 proprio da questo dio norreno che vediamo il latino dies Jovis (giorno di Giove) diventare il giorno di Thor e infine il gioved\u00ec.<\/p>\n\n<p>Venerd\u00ec<\/p>\n\n<p>Venere \u00e8 la dea romana dell&#8217;amore e della bellezza, e in latino il suo tempo era conosciuto come dies Veneris. Il nome inglese per il giorno di Venere deriva da Frigg, la dea norrena dell&#8217;amore e dei cieli, e forse Fria, la dea teutonica dell&#8217;amore e della bellezza. In germanico abbiamo Frije-dagaz, che in seguito \u00e8 diventato Friday in inglese.<\/p>\n\n<p>Sabato<\/p>\n\n<p>Concludiamo con uno facile. Saturno \u00e8 il dio romano dell&#8217;agricoltura, conosciuto nell&#8217;antica Grecia come Cronos. In latino abbiamo dies Saturni e non \u00e8 difficile vedere che il sabato oggi \u00e8 ancora il giorno di Saturno.<br\/><\/p>\n\n<div class=\"wp-block-themeisle-blocks-advanced-columns has-undefined-columns has-desktop-undefined-layout has-tablet-equal-layout has-mobile-equal-layout has-default-gap has-vertical-unset\" id=\"wp-block-themeisle-blocks-advanced-columns-134da340\" style=\"border-width:0px;border-style:solid;border-color:#000000;border-radius:0px;justify-content:unset\"><div class=\"wp-themeisle-block-overlay\" style=\"opacity:0.5;mix-blend-mode:normal\"><\/div><div class=\"innerblocks-wrap\"><\/div><\/div>\n","protected":false},"excerpt":{"rendered":"<p>Questo articolo \u00e8 stato pubblicato sul blog di Education First qui e voglio dare loro credito per averlo usato. Un breve riassunto di ci\u00f2 che viene davvero ogni giorno della settimana (leggi l&#8217;articolo per capire tutto): Luned\u00ec &#8211; Luna (quindi Artemide) Marted\u00ec &#8211; Ares Mercoled\u00ec &#8211; Hermes Gioved\u00ec &#8211; Zeus [&hellip;]<\/p>\n","protected":false},"author":2,"featured_media":0,"parent":0,"menu_order":0,"comment_status":"closed","ping_status":"closed","template":"","meta":{"_bbp_topic_count":0,"_bbp_reply_count":0,"_bbp_total_topic_count":0,"_bbp_total_reply_count":0,"_bbp_voice_count":0,"_bbp_anonymous_reply_count":0,"_bbp_topic_count_hidden":0,"_bbp_reply_count_hidden":0,"_bbp_forum_subforum_count":0,"_monsterinsights_skip_tracking":false,"_monsterinsights_sitenote_active":false,"_monsterinsights_sitenote_note":"","_monsterinsights_sitenote_category":0,"jetpack_post_was_ever_published":false,"footnotes":""},"class_list":["post-11049","page","type-page","status-publish","hentry"],"yoast_head":"<!-- This site is optimized with the Yoast SEO plugin v27.3 - https:\/\/yoast.com\/product\/yoast-seo-wordpress\/ -->\n<title>Giorni feriali - Hellenic Moon<\/title>\n<meta name=\"robots\" content=\"index, follow, max-snippet:-1, max-image-preview:large, max-video-preview:-1\" \/>\n<link rel=\"canonical\" href=\"https:\/\/hellenicmoon.com\/it\/giorni-feriali\/\" \/>\n<meta property=\"og:locale\" content=\"it_IT\" \/>\n<meta property=\"og:type\" content=\"article\" \/>\n<meta property=\"og:title\" content=\"Giorni feriali - Hellenic Moon\" \/>\n<meta property=\"og:description\" content=\"Questo articolo \u00e8 stato pubblicato sul blog di Education First qui e voglio dare loro credito per averlo usato. Un breve riassunto di ci\u00f2 che viene davvero ogni giorno della settimana (leggi l&#8217;articolo per capire tutto): Luned\u00ec &#8211; Luna (quindi Artemide) Marted\u00ec &#8211; Ares Mercoled\u00ec &#8211; Hermes Gioved\u00ec &#8211; Zeus [&hellip;]\" \/>\n<meta property=\"og:url\" content=\"https:\/\/hellenicmoon.com\/it\/giorni-feriali\/\" \/>\n<meta property=\"og:site_name\" content=\"Hellenic Moon\" \/>\n<meta property=\"article:modified_time\" content=\"2024-01-19T17:49:08+00:00\" \/>\n<meta name=\"twitter:card\" content=\"summary_large_image\" \/>\n<meta name=\"twitter:label1\" content=\"Tempo di lettura stimato\" \/>\n\t<meta name=\"twitter:data1\" content=\"3 minuti\" \/>\n<script type=\"application\/ld+json\" class=\"yoast-schema-graph\">{\"@context\":\"https:\\\/\\\/schema.org\",\"@graph\":[{\"@type\":\"WebPage\",\"@id\":\"https:\\\/\\\/hellenicmoon.com\\\/it\\\/giorni-feriali\\\/\",\"url\":\"https:\\\/\\\/hellenicmoon.com\\\/it\\\/giorni-feriali\\\/\",\"name\":\"Giorni feriali - Hellenic Moon\",\"isPartOf\":{\"@id\":\"https:\\\/\\\/mti.get.mybluehost.me\\\/#website\"},\"datePublished\":\"2019-12-25T14:13:01+00:00\",\"dateModified\":\"2024-01-19T17:49:08+00:00\",\"breadcrumb\":{\"@id\":\"https:\\\/\\\/hellenicmoon.com\\\/it\\\/giorni-feriali\\\/#breadcrumb\"},\"inLanguage\":\"it-IT\",\"potentialAction\":[{\"@type\":\"ReadAction\",\"target\":[\"https:\\\/\\\/hellenicmoon.com\\\/it\\\/giorni-feriali\\\/\"]}]},{\"@type\":\"BreadcrumbList\",\"@id\":\"https:\\\/\\\/hellenicmoon.com\\\/it\\\/giorni-feriali\\\/#breadcrumb\",\"itemListElement\":[{\"@type\":\"ListItem\",\"position\":1,\"name\":\"Home\",\"item\":\"https:\\\/\\\/hellenicmoon.com\\\/it\\\/\"},{\"@type\":\"ListItem\",\"position\":2,\"name\":\"Giorni feriali\"}]},{\"@type\":\"WebSite\",\"@id\":\"https:\\\/\\\/mti.get.mybluehost.me\\\/#website\",\"url\":\"https:\\\/\\\/mti.get.mybluehost.me\\\/\",\"name\":\"Hellenic Moon\",\"description\":\"Greek mythology and gods\",\"publisher\":{\"@id\":\"https:\\\/\\\/mti.get.mybluehost.me\\\/#organization\"},\"potentialAction\":[{\"@type\":\"SearchAction\",\"target\":{\"@type\":\"EntryPoint\",\"urlTemplate\":\"https:\\\/\\\/mti.get.mybluehost.me\\\/?s={search_term_string}\"},\"query-input\":{\"@type\":\"PropertyValueSpecification\",\"valueRequired\":true,\"valueName\":\"search_term_string\"}}],\"inLanguage\":\"it-IT\"},{\"@type\":\"Organization\",\"@id\":\"https:\\\/\\\/mti.get.mybluehost.me\\\/#organization\",\"name\":\"Hellenic Moon\",\"url\":\"https:\\\/\\\/mti.get.mybluehost.me\\\/\",\"logo\":{\"@type\":\"ImageObject\",\"inLanguage\":\"it-IT\",\"@id\":\"https:\\\/\\\/mti.get.mybluehost.me\\\/#\\\/schema\\\/logo\\\/image\\\/\",\"url\":\"https:\\\/\\\/hellenicmoon.com\\\/wp-content\\\/uploads\\\/2020\\\/01\\\/cropped-logo_ok_by_aramisdream_ddoqp6p.png\",\"contentUrl\":\"https:\\\/\\\/hellenicmoon.com\\\/wp-content\\\/uploads\\\/2020\\\/01\\\/cropped-logo_ok_by_aramisdream_ddoqp6p.png\",\"width\":150,\"height\":100,\"caption\":\"Hellenic Moon\"},\"image\":{\"@id\":\"https:\\\/\\\/mti.get.mybluehost.me\\\/#\\\/schema\\\/logo\\\/image\\\/\"},\"sameAs\":[\"https:\\\/\\\/www.instagram.com\\\/hellenic.moon\"]}]}<\/script>\n<!-- \/ Yoast SEO plugin. -->","yoast_head_json":{"title":"Giorni feriali - Hellenic Moon","robots":{"index":"index","follow":"follow","max-snippet":"max-snippet:-1","max-image-preview":"max-image-preview:large","max-video-preview":"max-video-preview:-1"},"canonical":"https:\/\/hellenicmoon.com\/it\/giorni-feriali\/","og_locale":"it_IT","og_type":"article","og_title":"Giorni feriali - Hellenic Moon","og_description":"Questo articolo \u00e8 stato pubblicato sul blog di Education First qui e voglio dare loro credito per averlo usato. Un breve riassunto di ci\u00f2 che viene davvero ogni giorno della settimana (leggi l&#8217;articolo per capire tutto): Luned\u00ec &#8211; Luna (quindi Artemide) Marted\u00ec &#8211; Ares Mercoled\u00ec &#8211; Hermes Gioved\u00ec &#8211; Zeus [&hellip;]","og_url":"https:\/\/hellenicmoon.com\/it\/giorni-feriali\/","og_site_name":"Hellenic Moon","article_modified_time":"2024-01-19T17:49:08+00:00","twitter_card":"summary_large_image","twitter_misc":{"Tempo di lettura stimato":"3 minuti"},"schema":{"@context":"https:\/\/schema.org","@graph":[{"@type":"WebPage","@id":"https:\/\/hellenicmoon.com\/it\/giorni-feriali\/","url":"https:\/\/hellenicmoon.com\/it\/giorni-feriali\/","name":"Giorni feriali - Hellenic Moon","isPartOf":{"@id":"https:\/\/mti.get.mybluehost.me\/#website"},"datePublished":"2019-12-25T14:13:01+00:00","dateModified":"2024-01-19T17:49:08+00:00","breadcrumb":{"@id":"https:\/\/hellenicmoon.com\/it\/giorni-feriali\/#breadcrumb"},"inLanguage":"it-IT","potentialAction":[{"@type":"ReadAction","target":["https:\/\/hellenicmoon.com\/it\/giorni-feriali\/"]}]},{"@type":"BreadcrumbList","@id":"https:\/\/hellenicmoon.com\/it\/giorni-feriali\/#breadcrumb","itemListElement":[{"@type":"ListItem","position":1,"name":"Home","item":"https:\/\/hellenicmoon.com\/it\/"},{"@type":"ListItem","position":2,"name":"Giorni feriali"}]},{"@type":"WebSite","@id":"https:\/\/mti.get.mybluehost.me\/#website","url":"https:\/\/mti.get.mybluehost.me\/","name":"Hellenic Moon","description":"Greek mythology and gods","publisher":{"@id":"https:\/\/mti.get.mybluehost.me\/#organization"},"potentialAction":[{"@type":"SearchAction","target":{"@type":"EntryPoint","urlTemplate":"https:\/\/mti.get.mybluehost.me\/?s={search_term_string}"},"query-input":{"@type":"PropertyValueSpecification","valueRequired":true,"valueName":"search_term_string"}}],"inLanguage":"it-IT"},{"@type":"Organization","@id":"https:\/\/mti.get.mybluehost.me\/#organization","name":"Hellenic Moon","url":"https:\/\/mti.get.mybluehost.me\/","logo":{"@type":"ImageObject","inLanguage":"it-IT","@id":"https:\/\/mti.get.mybluehost.me\/#\/schema\/logo\/image\/","url":"https:\/\/hellenicmoon.com\/wp-content\/uploads\/2020\/01\/cropped-logo_ok_by_aramisdream_ddoqp6p.png","contentUrl":"https:\/\/hellenicmoon.com\/wp-content\/uploads\/2020\/01\/cropped-logo_ok_by_aramisdream_ddoqp6p.png","width":150,"height":100,"caption":"Hellenic Moon"},"image":{"@id":"https:\/\/mti.get.mybluehost.me\/#\/schema\/logo\/image\/"},"sameAs":["https:\/\/www.instagram.com\/hellenic.moon"]}]}},"jetpack_sharing_enabled":true,"_links":{"self":[{"href":"https:\/\/hellenicmoon.com\/it\/wp-json\/wp\/v2\/pages\/11049","targetHints":{"allow":["GET"]}}],"collection":[{"href":"https:\/\/hellenicmoon.com\/it\/wp-json\/wp\/v2\/pages"}],"about":[{"href":"https:\/\/hellenicmoon.com\/it\/wp-json\/wp\/v2\/types\/page"}],"author":[{"embeddable":true,"href":"https:\/\/hellenicmoon.com\/it\/wp-json\/wp\/v2\/users\/2"}],"replies":[{"embeddable":true,"href":"https:\/\/hellenicmoon.com\/it\/wp-json\/wp\/v2\/comments?post=11049"}],"version-history":[{"count":0,"href":"https:\/\/hellenicmoon.com\/it\/wp-json\/wp\/v2\/pages\/11049\/revisions"}],"wp:attachment":[{"href":"https:\/\/hellenicmoon.com\/it\/wp-json\/wp\/v2\/media?parent=11049"}],"curies":[{"name":"wp","href":"https:\/\/api.w.org\/{rel}","templated":true}]}}