{"id":11045,"date":"2019-12-18T08:09:13","date_gmt":"2019-12-18T08:09:13","guid":{"rendered":"https:\/\/hellenicmoon.com\/vergine\/"},"modified":"2023-12-21T09:57:24","modified_gmt":"2023-12-21T09:57:24","slug":"vergine","status":"publish","type":"page","link":"https:\/\/hellenicmoon.com\/it\/vergine\/","title":{"rendered":"Vergine"},"content":{"rendered":"\n<figure class=\"wp-block-embed aligncenter is-type-video is-provider-youtube wp-block-embed-youtube wp-embed-aspect-16-9 wp-has-aspect-ratio\"><div class=\"wp-block-embed__wrapper\">\n<iframe title=\"The Messed Up Mythology\u2122 of Virgo | Astrology Explained - Jon Solo\" width=\"750\" height=\"422\" src=\"https:\/\/www.youtube.com\/embed\/75NXPa8Zqro?feature=oembed\" frameborder=\"0\" allow=\"accelerometer; autoplay; clipboard-write; encrypted-media; gyroscope; picture-in-picture; web-share\" allowfullscreen><\/iframe>\n<\/div><figcaption class=\"wp-element-caption\"><strong><sub>La Vergine era associata al raccolto e quindi era legata alla storia di Astrea o Demetra e di sua figlia Persefone.<\/sub><\/strong><\/figcaption><\/figure>\n\n\n\n<p>La Vergine \u00e8 il sesto segno dello zodiaco, che rappresenta una fanciulla con un covone di grano. \u00c8 associato all&#8217;elemento terra, al pianeta Mercurio e ai colori verde e marrone. Si dice che le persone nate sotto questo segno siano analitiche, meticolose, pratiche e leali.<\/p>\n\n\n\n<p>La Vergine ha le sue origini in un mito greco su Astrea, la dea dell&#8217;innocenza e della giustizia. Secondo il mito, Astraea era la figlia di Zeus e Temide, la dea della legge e dell&#8217;ordine. Fu una delle ultime immortali a vivere tra gli umani durante l&#8217;Et\u00e0 dell&#8217;Oro, quando regnavano la pace e l&#8217;armonia.<\/p>\n\n\n\n<p>Tuttavia, con il passare del tempo, gli esseri umani divennero corrotti e malvagi. Iniziarono guerre, commisero crimini e disobbedirono agli dei. Astraea rimase sconvolta dal loro comportamento e cerc\u00f2 di ristabilire la giustizia e la virt\u00f9. Era anche compassionevole e aiutava coloro che soffrivano per l&#8217;ingiustizia e l&#8217;oppressione.<\/p>\n\n\n\n<p>Ma i suoi sforzi furono vani, poich\u00e9 gli esseri umani continuarono a peccare e a ignorare i suoi avvertimenti. Rimase delusa e decise di lasciare la terra e tornare nei cieli. Ascese al cielo e divenne la costellazione della Vergine, con in mano un paio di bilance che simboleggiavano la giustizia.<\/p>\n\n\n\n<p>Zeus era rattristato dalla partenza di Astraea e sperava che un giorno sarebbe tornata. Si assicur\u00f2 anche che la Vergine fosse sempre vicina alla Bilancia, il segno dell&#8217;equilibrio e dell&#8217;armonia che rappresentava la sua bilancia.<\/p>\n\n\n\n<p>La Vergine \u00e8 un segno zodiacale modesto e diligente che riflette molti aspetti della natura e della moralit\u00e0 umana. \u00c8 un simbolo di analisi e meticolosit\u00e0 che pu\u00f2 risolvere problemi e migliorare le situazioni con la propria logica e abilit\u00e0. \u00c8 un simbolo di praticit\u00e0 e lealt\u00e0 in grado di offrire aiuto e supporto a chi ne ha bisogno. \u00c8 un simbolo di innocenza e giustizia in grado di sostenere standard e valori elevati.<\/p>\n","protected":false},"excerpt":{"rendered":"<p>La Vergine \u00e8 il sesto segno dello zodiaco, che rappresenta una fanciulla con un covone di grano. \u00c8 associato all&#8217;elemento terra, al pianeta Mercurio e ai colori verde e marrone. Si dice che le persone nate sotto questo segno siano analitiche, meticolose, pratiche e leali. La Vergine ha le sue [&hellip;]<\/p>\n","protected":false},"author":2,"featured_media":0,"parent":0,"menu_order":0,"comment_status":"closed","ping_status":"closed","template":"","meta":{"_bbp_topic_count":0,"_bbp_reply_count":0,"_bbp_total_topic_count":0,"_bbp_total_reply_count":0,"_bbp_voice_count":0,"_bbp_anonymous_reply_count":0,"_bbp_topic_count_hidden":0,"_bbp_reply_count_hidden":0,"_bbp_forum_subforum_count":0,"_monsterinsights_skip_tracking":false,"_monsterinsights_sitenote_active":false,"_monsterinsights_sitenote_note":"","_monsterinsights_sitenote_category":0,"jetpack_post_was_ever_published":false,"footnotes":""},"class_list":["post-11045","page","type-page","status-publish","hentry"],"yoast_head":"<!-- This site is optimized with the Yoast SEO plugin v27.3 - https:\/\/yoast.com\/product\/yoast-seo-wordpress\/ -->\n<title>Vergine - Hellenic Moon<\/title>\n<meta name=\"robots\" content=\"index, follow, max-snippet:-1, max-image-preview:large, max-video-preview:-1\" \/>\n<link rel=\"canonical\" href=\"https:\/\/hellenicmoon.com\/it\/vergine\/\" \/>\n<meta property=\"og:locale\" content=\"it_IT\" \/>\n<meta property=\"og:type\" content=\"article\" \/>\n<meta property=\"og:title\" content=\"Vergine - Hellenic Moon\" \/>\n<meta property=\"og:description\" content=\"La Vergine \u00e8 il sesto segno dello zodiaco, che rappresenta una fanciulla con un covone di grano. \u00c8 associato all&#8217;elemento terra, al pianeta Mercurio e ai colori verde e marrone. Si dice che le persone nate sotto questo segno siano analitiche, meticolose, pratiche e leali. La Vergine ha le sue [&hellip;]\" \/>\n<meta property=\"og:url\" content=\"https:\/\/hellenicmoon.com\/it\/vergine\/\" \/>\n<meta property=\"og:site_name\" content=\"Hellenic Moon\" \/>\n<meta property=\"article:modified_time\" content=\"2023-12-21T09:57:24+00:00\" \/>\n<meta name=\"twitter:card\" content=\"summary_large_image\" \/>\n<meta name=\"twitter:label1\" content=\"Tempo di lettura stimato\" \/>\n\t<meta name=\"twitter:data1\" content=\"2 minuti\" \/>\n<script type=\"application\/ld+json\" class=\"yoast-schema-graph\">{\"@context\":\"https:\\\/\\\/schema.org\",\"@graph\":[{\"@type\":\"WebPage\",\"@id\":\"https:\\\/\\\/hellenicmoon.com\\\/it\\\/vergine\\\/\",\"url\":\"https:\\\/\\\/hellenicmoon.com\\\/it\\\/vergine\\\/\",\"name\":\"Vergine - Hellenic Moon\",\"isPartOf\":{\"@id\":\"https:\\\/\\\/mti.get.mybluehost.me\\\/#website\"},\"datePublished\":\"2019-12-18T08:09:13+00:00\",\"dateModified\":\"2023-12-21T09:57:24+00:00\",\"breadcrumb\":{\"@id\":\"https:\\\/\\\/hellenicmoon.com\\\/it\\\/vergine\\\/#breadcrumb\"},\"inLanguage\":\"it-IT\",\"potentialAction\":[{\"@type\":\"ReadAction\",\"target\":[\"https:\\\/\\\/hellenicmoon.com\\\/it\\\/vergine\\\/\"]}]},{\"@type\":\"BreadcrumbList\",\"@id\":\"https:\\\/\\\/hellenicmoon.com\\\/it\\\/vergine\\\/#breadcrumb\",\"itemListElement\":[{\"@type\":\"ListItem\",\"position\":1,\"name\":\"Home\",\"item\":\"https:\\\/\\\/hellenicmoon.com\\\/it\\\/\"},{\"@type\":\"ListItem\",\"position\":2,\"name\":\"Vergine\"}]},{\"@type\":\"WebSite\",\"@id\":\"https:\\\/\\\/mti.get.mybluehost.me\\\/#website\",\"url\":\"https:\\\/\\\/mti.get.mybluehost.me\\\/\",\"name\":\"Hellenic Moon\",\"description\":\"Greek mythology and gods\",\"publisher\":{\"@id\":\"https:\\\/\\\/mti.get.mybluehost.me\\\/#organization\"},\"potentialAction\":[{\"@type\":\"SearchAction\",\"target\":{\"@type\":\"EntryPoint\",\"urlTemplate\":\"https:\\\/\\\/mti.get.mybluehost.me\\\/?s={search_term_string}\"},\"query-input\":{\"@type\":\"PropertyValueSpecification\",\"valueRequired\":true,\"valueName\":\"search_term_string\"}}],\"inLanguage\":\"it-IT\"},{\"@type\":\"Organization\",\"@id\":\"https:\\\/\\\/mti.get.mybluehost.me\\\/#organization\",\"name\":\"Hellenic Moon\",\"url\":\"https:\\\/\\\/mti.get.mybluehost.me\\\/\",\"logo\":{\"@type\":\"ImageObject\",\"inLanguage\":\"it-IT\",\"@id\":\"https:\\\/\\\/mti.get.mybluehost.me\\\/#\\\/schema\\\/logo\\\/image\\\/\",\"url\":\"https:\\\/\\\/hellenicmoon.com\\\/wp-content\\\/uploads\\\/2020\\\/01\\\/cropped-logo_ok_by_aramisdream_ddoqp6p.png\",\"contentUrl\":\"https:\\\/\\\/hellenicmoon.com\\\/wp-content\\\/uploads\\\/2020\\\/01\\\/cropped-logo_ok_by_aramisdream_ddoqp6p.png\",\"width\":150,\"height\":100,\"caption\":\"Hellenic Moon\"},\"image\":{\"@id\":\"https:\\\/\\\/mti.get.mybluehost.me\\\/#\\\/schema\\\/logo\\\/image\\\/\"},\"sameAs\":[\"https:\\\/\\\/www.instagram.com\\\/hellenic.moon\"]}]}<\/script>\n<!-- \/ Yoast SEO plugin. -->","yoast_head_json":{"title":"Vergine - Hellenic Moon","robots":{"index":"index","follow":"follow","max-snippet":"max-snippet:-1","max-image-preview":"max-image-preview:large","max-video-preview":"max-video-preview:-1"},"canonical":"https:\/\/hellenicmoon.com\/it\/vergine\/","og_locale":"it_IT","og_type":"article","og_title":"Vergine - Hellenic Moon","og_description":"La Vergine \u00e8 il sesto segno dello zodiaco, che rappresenta una fanciulla con un covone di grano. \u00c8 associato all&#8217;elemento terra, al pianeta Mercurio e ai colori verde e marrone. Si dice che le persone nate sotto questo segno siano analitiche, meticolose, pratiche e leali. La Vergine ha le sue [&hellip;]","og_url":"https:\/\/hellenicmoon.com\/it\/vergine\/","og_site_name":"Hellenic Moon","article_modified_time":"2023-12-21T09:57:24+00:00","twitter_card":"summary_large_image","twitter_misc":{"Tempo di lettura stimato":"2 minuti"},"schema":{"@context":"https:\/\/schema.org","@graph":[{"@type":"WebPage","@id":"https:\/\/hellenicmoon.com\/it\/vergine\/","url":"https:\/\/hellenicmoon.com\/it\/vergine\/","name":"Vergine - Hellenic Moon","isPartOf":{"@id":"https:\/\/mti.get.mybluehost.me\/#website"},"datePublished":"2019-12-18T08:09:13+00:00","dateModified":"2023-12-21T09:57:24+00:00","breadcrumb":{"@id":"https:\/\/hellenicmoon.com\/it\/vergine\/#breadcrumb"},"inLanguage":"it-IT","potentialAction":[{"@type":"ReadAction","target":["https:\/\/hellenicmoon.com\/it\/vergine\/"]}]},{"@type":"BreadcrumbList","@id":"https:\/\/hellenicmoon.com\/it\/vergine\/#breadcrumb","itemListElement":[{"@type":"ListItem","position":1,"name":"Home","item":"https:\/\/hellenicmoon.com\/it\/"},{"@type":"ListItem","position":2,"name":"Vergine"}]},{"@type":"WebSite","@id":"https:\/\/mti.get.mybluehost.me\/#website","url":"https:\/\/mti.get.mybluehost.me\/","name":"Hellenic Moon","description":"Greek mythology and gods","publisher":{"@id":"https:\/\/mti.get.mybluehost.me\/#organization"},"potentialAction":[{"@type":"SearchAction","target":{"@type":"EntryPoint","urlTemplate":"https:\/\/mti.get.mybluehost.me\/?s={search_term_string}"},"query-input":{"@type":"PropertyValueSpecification","valueRequired":true,"valueName":"search_term_string"}}],"inLanguage":"it-IT"},{"@type":"Organization","@id":"https:\/\/mti.get.mybluehost.me\/#organization","name":"Hellenic Moon","url":"https:\/\/mti.get.mybluehost.me\/","logo":{"@type":"ImageObject","inLanguage":"it-IT","@id":"https:\/\/mti.get.mybluehost.me\/#\/schema\/logo\/image\/","url":"https:\/\/hellenicmoon.com\/wp-content\/uploads\/2020\/01\/cropped-logo_ok_by_aramisdream_ddoqp6p.png","contentUrl":"https:\/\/hellenicmoon.com\/wp-content\/uploads\/2020\/01\/cropped-logo_ok_by_aramisdream_ddoqp6p.png","width":150,"height":100,"caption":"Hellenic Moon"},"image":{"@id":"https:\/\/mti.get.mybluehost.me\/#\/schema\/logo\/image\/"},"sameAs":["https:\/\/www.instagram.com\/hellenic.moon"]}]}},"jetpack_sharing_enabled":true,"_links":{"self":[{"href":"https:\/\/hellenicmoon.com\/it\/wp-json\/wp\/v2\/pages\/11045","targetHints":{"allow":["GET"]}}],"collection":[{"href":"https:\/\/hellenicmoon.com\/it\/wp-json\/wp\/v2\/pages"}],"about":[{"href":"https:\/\/hellenicmoon.com\/it\/wp-json\/wp\/v2\/types\/page"}],"author":[{"embeddable":true,"href":"https:\/\/hellenicmoon.com\/it\/wp-json\/wp\/v2\/users\/2"}],"replies":[{"embeddable":true,"href":"https:\/\/hellenicmoon.com\/it\/wp-json\/wp\/v2\/comments?post=11045"}],"version-history":[{"count":0,"href":"https:\/\/hellenicmoon.com\/it\/wp-json\/wp\/v2\/pages\/11045\/revisions"}],"wp:attachment":[{"href":"https:\/\/hellenicmoon.com\/it\/wp-json\/wp\/v2\/media?parent=11045"}],"curies":[{"name":"wp","href":"https:\/\/api.w.org\/{rel}","templated":true}]}}