{"id":11035,"date":"2019-12-16T17:25:27","date_gmt":"2019-12-16T17:25:27","guid":{"rendered":"https:\/\/hellenicmoon.com\/toro\/"},"modified":"2023-12-21T09:57:05","modified_gmt":"2023-12-21T09:57:05","slug":"toro","status":"publish","type":"page","link":"https:\/\/hellenicmoon.com\/it\/toro\/","title":{"rendered":"Toro"},"content":{"rendered":"\n<figure class=\"wp-block-embed aligncenter is-type-video is-provider-youtube wp-block-embed-youtube wp-embed-aspect-16-9 wp-has-aspect-ratio\"><div class=\"wp-block-embed__wrapper\">\n<iframe title=\"The Weird Origin of the Terrible Minotaur  - Greek Mythology - See U in History\" width=\"750\" height=\"422\" src=\"https:\/\/www.youtube.com\/embed\/4br7mQa6K_M?feature=oembed\" frameborder=\"0\" allow=\"accelerometer; autoplay; clipboard-write; encrypted-media; gyroscope; picture-in-picture; web-share\" allowfullscreen><\/iframe>\n<\/div><figcaption class=\"wp-element-caption\"><strong><sub>Lo zodiaco del Toro deriva dalla storia del toro cretese, che fu la settima fatica di Eracle, e fu anche il padre del Minotauro, che fu sconfitto da Teseo.<\/sub><\/strong><\/figcaption><\/figure>\n\n\n\n<p>Il Toro \u00e8 il secondo segno dello zodiaco, che rappresenta un toro con grandi corna. \u00c8 associato all&#8217;elemento terra, al pianeta Venere e ai colori verde e rosa. Si dice che le persone nate sotto questo segno siano leali, affidabili, sensuali e pazienti.<\/p>\n\n\n\n<p>Il Toro ha le sue origini in un mito greco su Europa, figlia del re Agenore di Fenicia e Telefassa. Secondo il mito, Europa era una bellissima principessa che attir\u00f2 l&#8217;attenzione di Zeus, il re degli dei. Zeus ne fu colpito e decise di sedurla. Si trasform\u00f2 in un magnifico toro bianco e apparve vicino alla riva dove Europa e le sue amiche stavano giocando.<\/p>\n\n\n\n<p>Europa rimase affascinata dal toro e gli si avvicin\u00f2 per accarezzarlo. Il toro sembrava gentile e amichevole, ed Europa gli sal\u00ec in groppa. Il toro poi fugg\u00ec con lei attraverso il mare fino all&#8217;isola di Creta. L\u00ec, Zeus rivel\u00f2 la sua vera identit\u00e0 e fece di Europa la sua amante. Le regal\u00f2 anche una collana fatta di stelle che formava la forma di un toro.<\/p>\n\n\n\n<p>Europa partor\u00ec a Zeus tre figli: Minosse, Radaminto e Sarpedonte. Divennero i governanti di Creta e giudici degli inferi. Europa divenne anche la regina di Creta e diede il suo nome al continente europeo.<\/p>\n\n\n\n<p>Il toro che portava Europa divenne un simbolo di amore, bellezza e fertilit\u00e0 venerato da molte culture. Gli Egiziani lo chiamavano Apis, i Babilonesi lo chiamavano Marduk e i Greci lo chiamavano Tauro. La costellazione del Toro fu posta nel cielo da Zeus per onorare la sua amata Europa.<\/p>\n\n\n\n<p>Il Toro \u00e8 un segno zodiacale romantico e affascinante che riflette molti aspetti della natura e delle emozioni umane. \u00c8 un simbolo di lealt\u00e0 e devozione che pu\u00f2 formare legami e impegni duraturi. \u00c8 un simbolo di sensualit\u00e0 e piacere che pu\u00f2 godere delle cose belle della vita e apprezzare i doni della natura. \u00c8 un simbolo di stabilit\u00e0 e sicurezza che pu\u00f2 fornire conforto e sostegno agli altri.<\/p>\n","protected":false},"excerpt":{"rendered":"<p>Il Toro \u00e8 il secondo segno dello zodiaco, che rappresenta un toro con grandi corna. \u00c8 associato all&#8217;elemento terra, al pianeta Venere e ai colori verde e rosa. Si dice che le persone nate sotto questo segno siano leali, affidabili, sensuali e pazienti. Il Toro ha le sue origini in [&hellip;]<\/p>\n","protected":false},"author":2,"featured_media":0,"parent":0,"menu_order":0,"comment_status":"closed","ping_status":"closed","template":"","meta":{"_bbp_topic_count":0,"_bbp_reply_count":0,"_bbp_total_topic_count":0,"_bbp_total_reply_count":0,"_bbp_voice_count":0,"_bbp_anonymous_reply_count":0,"_bbp_topic_count_hidden":0,"_bbp_reply_count_hidden":0,"_bbp_forum_subforum_count":0,"_monsterinsights_skip_tracking":false,"_monsterinsights_sitenote_active":false,"_monsterinsights_sitenote_note":"","_monsterinsights_sitenote_category":0,"jetpack_post_was_ever_published":false,"footnotes":""},"class_list":["post-11035","page","type-page","status-publish","hentry"],"yoast_head":"<!-- This site is optimized with the Yoast SEO plugin v27.3 - https:\/\/yoast.com\/product\/yoast-seo-wordpress\/ -->\n<title>Toro - Hellenic Moon<\/title>\n<meta name=\"robots\" content=\"index, follow, max-snippet:-1, max-image-preview:large, max-video-preview:-1\" \/>\n<link rel=\"canonical\" href=\"https:\/\/hellenicmoon.com\/it\/toro\/\" \/>\n<meta property=\"og:locale\" content=\"it_IT\" \/>\n<meta property=\"og:type\" content=\"article\" \/>\n<meta property=\"og:title\" content=\"Toro - Hellenic Moon\" \/>\n<meta property=\"og:description\" content=\"Il Toro \u00e8 il secondo segno dello zodiaco, che rappresenta un toro con grandi corna. \u00c8 associato all&#8217;elemento terra, al pianeta Venere e ai colori verde e rosa. Si dice che le persone nate sotto questo segno siano leali, affidabili, sensuali e pazienti. Il Toro ha le sue origini in [&hellip;]\" \/>\n<meta property=\"og:url\" content=\"https:\/\/hellenicmoon.com\/it\/toro\/\" \/>\n<meta property=\"og:site_name\" content=\"Hellenic Moon\" \/>\n<meta property=\"article:modified_time\" content=\"2023-12-21T09:57:05+00:00\" \/>\n<meta name=\"twitter:card\" content=\"summary_large_image\" \/>\n<meta name=\"twitter:label1\" content=\"Tempo di lettura stimato\" \/>\n\t<meta name=\"twitter:data1\" content=\"2 minuti\" \/>\n<script type=\"application\/ld+json\" class=\"yoast-schema-graph\">{\"@context\":\"https:\\\/\\\/schema.org\",\"@graph\":[{\"@type\":\"WebPage\",\"@id\":\"https:\\\/\\\/hellenicmoon.com\\\/it\\\/toro\\\/\",\"url\":\"https:\\\/\\\/hellenicmoon.com\\\/it\\\/toro\\\/\",\"name\":\"Toro - Hellenic Moon\",\"isPartOf\":{\"@id\":\"https:\\\/\\\/mti.get.mybluehost.me\\\/#website\"},\"datePublished\":\"2019-12-16T17:25:27+00:00\",\"dateModified\":\"2023-12-21T09:57:05+00:00\",\"breadcrumb\":{\"@id\":\"https:\\\/\\\/hellenicmoon.com\\\/it\\\/toro\\\/#breadcrumb\"},\"inLanguage\":\"it-IT\",\"potentialAction\":[{\"@type\":\"ReadAction\",\"target\":[\"https:\\\/\\\/hellenicmoon.com\\\/it\\\/toro\\\/\"]}]},{\"@type\":\"BreadcrumbList\",\"@id\":\"https:\\\/\\\/hellenicmoon.com\\\/it\\\/toro\\\/#breadcrumb\",\"itemListElement\":[{\"@type\":\"ListItem\",\"position\":1,\"name\":\"Home\",\"item\":\"https:\\\/\\\/hellenicmoon.com\\\/it\\\/\"},{\"@type\":\"ListItem\",\"position\":2,\"name\":\"Toro\"}]},{\"@type\":\"WebSite\",\"@id\":\"https:\\\/\\\/mti.get.mybluehost.me\\\/#website\",\"url\":\"https:\\\/\\\/mti.get.mybluehost.me\\\/\",\"name\":\"Hellenic Moon\",\"description\":\"Greek mythology and gods\",\"publisher\":{\"@id\":\"https:\\\/\\\/mti.get.mybluehost.me\\\/#organization\"},\"potentialAction\":[{\"@type\":\"SearchAction\",\"target\":{\"@type\":\"EntryPoint\",\"urlTemplate\":\"https:\\\/\\\/mti.get.mybluehost.me\\\/?s={search_term_string}\"},\"query-input\":{\"@type\":\"PropertyValueSpecification\",\"valueRequired\":true,\"valueName\":\"search_term_string\"}}],\"inLanguage\":\"it-IT\"},{\"@type\":\"Organization\",\"@id\":\"https:\\\/\\\/mti.get.mybluehost.me\\\/#organization\",\"name\":\"Hellenic Moon\",\"url\":\"https:\\\/\\\/mti.get.mybluehost.me\\\/\",\"logo\":{\"@type\":\"ImageObject\",\"inLanguage\":\"it-IT\",\"@id\":\"https:\\\/\\\/mti.get.mybluehost.me\\\/#\\\/schema\\\/logo\\\/image\\\/\",\"url\":\"https:\\\/\\\/hellenicmoon.com\\\/wp-content\\\/uploads\\\/2020\\\/01\\\/cropped-logo_ok_by_aramisdream_ddoqp6p.png\",\"contentUrl\":\"https:\\\/\\\/hellenicmoon.com\\\/wp-content\\\/uploads\\\/2020\\\/01\\\/cropped-logo_ok_by_aramisdream_ddoqp6p.png\",\"width\":150,\"height\":100,\"caption\":\"Hellenic Moon\"},\"image\":{\"@id\":\"https:\\\/\\\/mti.get.mybluehost.me\\\/#\\\/schema\\\/logo\\\/image\\\/\"},\"sameAs\":[\"https:\\\/\\\/www.instagram.com\\\/hellenic.moon\"]}]}<\/script>\n<!-- \/ Yoast SEO plugin. -->","yoast_head_json":{"title":"Toro - Hellenic Moon","robots":{"index":"index","follow":"follow","max-snippet":"max-snippet:-1","max-image-preview":"max-image-preview:large","max-video-preview":"max-video-preview:-1"},"canonical":"https:\/\/hellenicmoon.com\/it\/toro\/","og_locale":"it_IT","og_type":"article","og_title":"Toro - Hellenic Moon","og_description":"Il Toro \u00e8 il secondo segno dello zodiaco, che rappresenta un toro con grandi corna. \u00c8 associato all&#8217;elemento terra, al pianeta Venere e ai colori verde e rosa. Si dice che le persone nate sotto questo segno siano leali, affidabili, sensuali e pazienti. Il Toro ha le sue origini in [&hellip;]","og_url":"https:\/\/hellenicmoon.com\/it\/toro\/","og_site_name":"Hellenic Moon","article_modified_time":"2023-12-21T09:57:05+00:00","twitter_card":"summary_large_image","twitter_misc":{"Tempo di lettura stimato":"2 minuti"},"schema":{"@context":"https:\/\/schema.org","@graph":[{"@type":"WebPage","@id":"https:\/\/hellenicmoon.com\/it\/toro\/","url":"https:\/\/hellenicmoon.com\/it\/toro\/","name":"Toro - Hellenic Moon","isPartOf":{"@id":"https:\/\/mti.get.mybluehost.me\/#website"},"datePublished":"2019-12-16T17:25:27+00:00","dateModified":"2023-12-21T09:57:05+00:00","breadcrumb":{"@id":"https:\/\/hellenicmoon.com\/it\/toro\/#breadcrumb"},"inLanguage":"it-IT","potentialAction":[{"@type":"ReadAction","target":["https:\/\/hellenicmoon.com\/it\/toro\/"]}]},{"@type":"BreadcrumbList","@id":"https:\/\/hellenicmoon.com\/it\/toro\/#breadcrumb","itemListElement":[{"@type":"ListItem","position":1,"name":"Home","item":"https:\/\/hellenicmoon.com\/it\/"},{"@type":"ListItem","position":2,"name":"Toro"}]},{"@type":"WebSite","@id":"https:\/\/mti.get.mybluehost.me\/#website","url":"https:\/\/mti.get.mybluehost.me\/","name":"Hellenic Moon","description":"Greek mythology and gods","publisher":{"@id":"https:\/\/mti.get.mybluehost.me\/#organization"},"potentialAction":[{"@type":"SearchAction","target":{"@type":"EntryPoint","urlTemplate":"https:\/\/mti.get.mybluehost.me\/?s={search_term_string}"},"query-input":{"@type":"PropertyValueSpecification","valueRequired":true,"valueName":"search_term_string"}}],"inLanguage":"it-IT"},{"@type":"Organization","@id":"https:\/\/mti.get.mybluehost.me\/#organization","name":"Hellenic Moon","url":"https:\/\/mti.get.mybluehost.me\/","logo":{"@type":"ImageObject","inLanguage":"it-IT","@id":"https:\/\/mti.get.mybluehost.me\/#\/schema\/logo\/image\/","url":"https:\/\/hellenicmoon.com\/wp-content\/uploads\/2020\/01\/cropped-logo_ok_by_aramisdream_ddoqp6p.png","contentUrl":"https:\/\/hellenicmoon.com\/wp-content\/uploads\/2020\/01\/cropped-logo_ok_by_aramisdream_ddoqp6p.png","width":150,"height":100,"caption":"Hellenic Moon"},"image":{"@id":"https:\/\/mti.get.mybluehost.me\/#\/schema\/logo\/image\/"},"sameAs":["https:\/\/www.instagram.com\/hellenic.moon"]}]}},"jetpack_sharing_enabled":true,"_links":{"self":[{"href":"https:\/\/hellenicmoon.com\/it\/wp-json\/wp\/v2\/pages\/11035","targetHints":{"allow":["GET"]}}],"collection":[{"href":"https:\/\/hellenicmoon.com\/it\/wp-json\/wp\/v2\/pages"}],"about":[{"href":"https:\/\/hellenicmoon.com\/it\/wp-json\/wp\/v2\/types\/page"}],"author":[{"embeddable":true,"href":"https:\/\/hellenicmoon.com\/it\/wp-json\/wp\/v2\/users\/2"}],"replies":[{"embeddable":true,"href":"https:\/\/hellenicmoon.com\/it\/wp-json\/wp\/v2\/comments?post=11035"}],"version-history":[{"count":0,"href":"https:\/\/hellenicmoon.com\/it\/wp-json\/wp\/v2\/pages\/11035\/revisions"}],"wp:attachment":[{"href":"https:\/\/hellenicmoon.com\/it\/wp-json\/wp\/v2\/media?parent=11035"}],"curies":[{"name":"wp","href":"https:\/\/api.w.org\/{rel}","templated":true}]}}