{"id":11031,"date":"2019-12-13T09:40:41","date_gmt":"2019-12-13T09:40:41","guid":{"rendered":"https:\/\/hellenicmoon.com\/scorpione\/"},"modified":"2023-12-21T09:56:55","modified_gmt":"2023-12-21T09:56:55","slug":"scorpione","status":"publish","type":"page","link":"https:\/\/hellenicmoon.com\/it\/scorpione\/","title":{"rendered":"Scorpione"},"content":{"rendered":"\n<figure class=\"wp-block-embed aligncenter is-type-video is-provider-youtube wp-block-embed-youtube wp-embed-aspect-16-9 wp-has-aspect-ratio\"><div class=\"wp-block-embed__wrapper\">\n<iframe title=\"Artemis &amp; Orion: The Tragic Love Story - (Greek Mythology Explained)\" width=\"750\" height=\"422\" src=\"https:\/\/www.youtube.com\/embed\/0TXTS3RJui8?feature=oembed\" frameborder=\"0\" allow=\"accelerometer; autoplay; clipboard-write; encrypted-media; gyroscope; picture-in-picture; web-share\" allowfullscreen><\/iframe>\n<\/div><figcaption class=\"wp-element-caption\"><strong><sub>Lo Scorpione che uccise Orione fu messo in cielo come costellazione dello Scorpione. Le ragioni per cui lo Scorpione uccise Orione variano da storia a storia.<\/sub><\/strong><\/figcaption><\/figure>\n\n\n\n<p>Lo Scorpione \u00e8 l&#8217;ottavo segno dello zodiaco, che rappresenta uno scorpione con un pungiglione velenoso. \u00c8 associato all&#8217;elemento acqua, al pianeta Plutone e ai colori rosso e nero. Si dice che le persone nate sotto questo segno siano passionali, riservate, intense e trasformative.<\/p>\n\n\n\n<p>Lo Scorpione ha le sue origini in un mito greco su Orione, il potente cacciatore che fu ucciso da uno scorpione. Secondo il mito, Orione era il figlio di Poseidone ed Euriale, ed era l&#8217;uomo pi\u00f9 bello del mondo. Era anche compagno di caccia di Artemide, la dea della caccia e della luna.<\/p>\n\n\n\n<p>Orione era arrogante e vanaglorioso, e sosteneva di poter uccidere qualsiasi animale sulla terra. Questo fece infuriare Gaia, la dea della terra, che invi\u00f2 uno scorpione gigante a sfidarlo. Lo scorpione e Orione combatterono una feroce battaglia, e alla fine lo scorpione punse Orione sul tallone e lo uccise.<\/p>\n\n\n\n<p>Artemide fu addolorata per la morte di Orione e chiese a Zeus di collocarlo tra le stelle come costellazione. Zeus acconsent\u00ec, ma mise anche lo scorpione nel cielo come promemoria del suo destino. Questo \u00e8 il motivo per cui Orione tramonta mentre lo Scorpione sorge nel cielo, e non vengono mai visti insieme.<\/p>\n\n\n\n<p>Lo Scorpione \u00e8 un segno zodiacale potente e misterioso che riflette molti aspetti della natura e del destino umano. \u00c8 un simbolo di passione e intensit\u00e0 che pu\u00f2 spingere le persone a realizzare grandi cose o a distruggersi. \u00c8 un simbolo di segretezza e trasformazione che pu\u00f2 nascondere emozioni profonde o rivelare verit\u00e0 nascoste. \u00c8 un simbolo di morte e rinascita che pu\u00f2 porre fine a cicli o iniziarne di nuovi.<\/p>\n","protected":false},"excerpt":{"rendered":"<p>Lo Scorpione \u00e8 l&#8217;ottavo segno dello zodiaco, che rappresenta uno scorpione con un pungiglione velenoso. \u00c8 associato all&#8217;elemento acqua, al pianeta Plutone e ai colori rosso e nero. Si dice che le persone nate sotto questo segno siano passionali, riservate, intense e trasformative. Lo Scorpione ha le sue origini in [&hellip;]<\/p>\n","protected":false},"author":2,"featured_media":0,"parent":0,"menu_order":0,"comment_status":"closed","ping_status":"closed","template":"","meta":{"_bbp_topic_count":0,"_bbp_reply_count":0,"_bbp_total_topic_count":0,"_bbp_total_reply_count":0,"_bbp_voice_count":0,"_bbp_anonymous_reply_count":0,"_bbp_topic_count_hidden":0,"_bbp_reply_count_hidden":0,"_bbp_forum_subforum_count":0,"_monsterinsights_skip_tracking":false,"_monsterinsights_sitenote_active":false,"_monsterinsights_sitenote_note":"","_monsterinsights_sitenote_category":0,"jetpack_post_was_ever_published":false,"footnotes":""},"class_list":["post-11031","page","type-page","status-publish","hentry"],"yoast_head":"<!-- This site is optimized with the Yoast SEO plugin v27.3 - https:\/\/yoast.com\/product\/yoast-seo-wordpress\/ -->\n<title>Scorpione - Hellenic Moon<\/title>\n<meta name=\"robots\" content=\"index, follow, max-snippet:-1, max-image-preview:large, max-video-preview:-1\" \/>\n<link rel=\"canonical\" href=\"https:\/\/hellenicmoon.com\/it\/scorpione\/\" \/>\n<meta property=\"og:locale\" content=\"it_IT\" \/>\n<meta property=\"og:type\" content=\"article\" \/>\n<meta property=\"og:title\" content=\"Scorpione - Hellenic Moon\" \/>\n<meta property=\"og:description\" content=\"Lo Scorpione \u00e8 l&#8217;ottavo segno dello zodiaco, che rappresenta uno scorpione con un pungiglione velenoso. \u00c8 associato all&#8217;elemento acqua, al pianeta Plutone e ai colori rosso e nero. Si dice che le persone nate sotto questo segno siano passionali, riservate, intense e trasformative. Lo Scorpione ha le sue origini in [&hellip;]\" \/>\n<meta property=\"og:url\" content=\"https:\/\/hellenicmoon.com\/it\/scorpione\/\" \/>\n<meta property=\"og:site_name\" content=\"Hellenic Moon\" \/>\n<meta property=\"article:modified_time\" content=\"2023-12-21T09:56:55+00:00\" \/>\n<meta name=\"twitter:card\" content=\"summary_large_image\" \/>\n<meta name=\"twitter:label1\" content=\"Tempo di lettura stimato\" \/>\n\t<meta name=\"twitter:data1\" content=\"2 minuti\" \/>\n<script type=\"application\/ld+json\" class=\"yoast-schema-graph\">{\"@context\":\"https:\\\/\\\/schema.org\",\"@graph\":[{\"@type\":\"WebPage\",\"@id\":\"https:\\\/\\\/hellenicmoon.com\\\/it\\\/scorpione\\\/\",\"url\":\"https:\\\/\\\/hellenicmoon.com\\\/it\\\/scorpione\\\/\",\"name\":\"Scorpione - Hellenic Moon\",\"isPartOf\":{\"@id\":\"https:\\\/\\\/mti.get.mybluehost.me\\\/#website\"},\"datePublished\":\"2019-12-13T09:40:41+00:00\",\"dateModified\":\"2023-12-21T09:56:55+00:00\",\"breadcrumb\":{\"@id\":\"https:\\\/\\\/hellenicmoon.com\\\/it\\\/scorpione\\\/#breadcrumb\"},\"inLanguage\":\"it-IT\",\"potentialAction\":[{\"@type\":\"ReadAction\",\"target\":[\"https:\\\/\\\/hellenicmoon.com\\\/it\\\/scorpione\\\/\"]}]},{\"@type\":\"BreadcrumbList\",\"@id\":\"https:\\\/\\\/hellenicmoon.com\\\/it\\\/scorpione\\\/#breadcrumb\",\"itemListElement\":[{\"@type\":\"ListItem\",\"position\":1,\"name\":\"Home\",\"item\":\"https:\\\/\\\/hellenicmoon.com\\\/it\\\/\"},{\"@type\":\"ListItem\",\"position\":2,\"name\":\"Scorpione\"}]},{\"@type\":\"WebSite\",\"@id\":\"https:\\\/\\\/mti.get.mybluehost.me\\\/#website\",\"url\":\"https:\\\/\\\/mti.get.mybluehost.me\\\/\",\"name\":\"Hellenic Moon\",\"description\":\"Greek mythology and gods\",\"publisher\":{\"@id\":\"https:\\\/\\\/mti.get.mybluehost.me\\\/#organization\"},\"potentialAction\":[{\"@type\":\"SearchAction\",\"target\":{\"@type\":\"EntryPoint\",\"urlTemplate\":\"https:\\\/\\\/mti.get.mybluehost.me\\\/?s={search_term_string}\"},\"query-input\":{\"@type\":\"PropertyValueSpecification\",\"valueRequired\":true,\"valueName\":\"search_term_string\"}}],\"inLanguage\":\"it-IT\"},{\"@type\":\"Organization\",\"@id\":\"https:\\\/\\\/mti.get.mybluehost.me\\\/#organization\",\"name\":\"Hellenic Moon\",\"url\":\"https:\\\/\\\/mti.get.mybluehost.me\\\/\",\"logo\":{\"@type\":\"ImageObject\",\"inLanguage\":\"it-IT\",\"@id\":\"https:\\\/\\\/mti.get.mybluehost.me\\\/#\\\/schema\\\/logo\\\/image\\\/\",\"url\":\"https:\\\/\\\/hellenicmoon.com\\\/wp-content\\\/uploads\\\/2020\\\/01\\\/cropped-logo_ok_by_aramisdream_ddoqp6p.png\",\"contentUrl\":\"https:\\\/\\\/hellenicmoon.com\\\/wp-content\\\/uploads\\\/2020\\\/01\\\/cropped-logo_ok_by_aramisdream_ddoqp6p.png\",\"width\":150,\"height\":100,\"caption\":\"Hellenic Moon\"},\"image\":{\"@id\":\"https:\\\/\\\/mti.get.mybluehost.me\\\/#\\\/schema\\\/logo\\\/image\\\/\"},\"sameAs\":[\"https:\\\/\\\/www.instagram.com\\\/hellenic.moon\"]}]}<\/script>\n<!-- \/ Yoast SEO plugin. -->","yoast_head_json":{"title":"Scorpione - Hellenic Moon","robots":{"index":"index","follow":"follow","max-snippet":"max-snippet:-1","max-image-preview":"max-image-preview:large","max-video-preview":"max-video-preview:-1"},"canonical":"https:\/\/hellenicmoon.com\/it\/scorpione\/","og_locale":"it_IT","og_type":"article","og_title":"Scorpione - Hellenic Moon","og_description":"Lo Scorpione \u00e8 l&#8217;ottavo segno dello zodiaco, che rappresenta uno scorpione con un pungiglione velenoso. \u00c8 associato all&#8217;elemento acqua, al pianeta Plutone e ai colori rosso e nero. Si dice che le persone nate sotto questo segno siano passionali, riservate, intense e trasformative. Lo Scorpione ha le sue origini in [&hellip;]","og_url":"https:\/\/hellenicmoon.com\/it\/scorpione\/","og_site_name":"Hellenic Moon","article_modified_time":"2023-12-21T09:56:55+00:00","twitter_card":"summary_large_image","twitter_misc":{"Tempo di lettura stimato":"2 minuti"},"schema":{"@context":"https:\/\/schema.org","@graph":[{"@type":"WebPage","@id":"https:\/\/hellenicmoon.com\/it\/scorpione\/","url":"https:\/\/hellenicmoon.com\/it\/scorpione\/","name":"Scorpione - Hellenic Moon","isPartOf":{"@id":"https:\/\/mti.get.mybluehost.me\/#website"},"datePublished":"2019-12-13T09:40:41+00:00","dateModified":"2023-12-21T09:56:55+00:00","breadcrumb":{"@id":"https:\/\/hellenicmoon.com\/it\/scorpione\/#breadcrumb"},"inLanguage":"it-IT","potentialAction":[{"@type":"ReadAction","target":["https:\/\/hellenicmoon.com\/it\/scorpione\/"]}]},{"@type":"BreadcrumbList","@id":"https:\/\/hellenicmoon.com\/it\/scorpione\/#breadcrumb","itemListElement":[{"@type":"ListItem","position":1,"name":"Home","item":"https:\/\/hellenicmoon.com\/it\/"},{"@type":"ListItem","position":2,"name":"Scorpione"}]},{"@type":"WebSite","@id":"https:\/\/mti.get.mybluehost.me\/#website","url":"https:\/\/mti.get.mybluehost.me\/","name":"Hellenic Moon","description":"Greek mythology and gods","publisher":{"@id":"https:\/\/mti.get.mybluehost.me\/#organization"},"potentialAction":[{"@type":"SearchAction","target":{"@type":"EntryPoint","urlTemplate":"https:\/\/mti.get.mybluehost.me\/?s={search_term_string}"},"query-input":{"@type":"PropertyValueSpecification","valueRequired":true,"valueName":"search_term_string"}}],"inLanguage":"it-IT"},{"@type":"Organization","@id":"https:\/\/mti.get.mybluehost.me\/#organization","name":"Hellenic Moon","url":"https:\/\/mti.get.mybluehost.me\/","logo":{"@type":"ImageObject","inLanguage":"it-IT","@id":"https:\/\/mti.get.mybluehost.me\/#\/schema\/logo\/image\/","url":"https:\/\/hellenicmoon.com\/wp-content\/uploads\/2020\/01\/cropped-logo_ok_by_aramisdream_ddoqp6p.png","contentUrl":"https:\/\/hellenicmoon.com\/wp-content\/uploads\/2020\/01\/cropped-logo_ok_by_aramisdream_ddoqp6p.png","width":150,"height":100,"caption":"Hellenic Moon"},"image":{"@id":"https:\/\/mti.get.mybluehost.me\/#\/schema\/logo\/image\/"},"sameAs":["https:\/\/www.instagram.com\/hellenic.moon"]}]}},"jetpack_sharing_enabled":true,"_links":{"self":[{"href":"https:\/\/hellenicmoon.com\/it\/wp-json\/wp\/v2\/pages\/11031","targetHints":{"allow":["GET"]}}],"collection":[{"href":"https:\/\/hellenicmoon.com\/it\/wp-json\/wp\/v2\/pages"}],"about":[{"href":"https:\/\/hellenicmoon.com\/it\/wp-json\/wp\/v2\/types\/page"}],"author":[{"embeddable":true,"href":"https:\/\/hellenicmoon.com\/it\/wp-json\/wp\/v2\/users\/2"}],"replies":[{"embeddable":true,"href":"https:\/\/hellenicmoon.com\/it\/wp-json\/wp\/v2\/comments?post=11031"}],"version-history":[{"count":0,"href":"https:\/\/hellenicmoon.com\/it\/wp-json\/wp\/v2\/pages\/11031\/revisions"}],"wp:attachment":[{"href":"https:\/\/hellenicmoon.com\/it\/wp-json\/wp\/v2\/media?parent=11031"}],"curies":[{"name":"wp","href":"https:\/\/api.w.org\/{rel}","templated":true}]}}