{"id":11027,"date":"2019-12-13T21:26:31","date_gmt":"2019-12-13T21:26:31","guid":{"rendered":"https:\/\/hellenicmoon.com\/sagittario-chirone-il-centauro\/"},"modified":"2023-12-21T09:56:02","modified_gmt":"2023-12-21T09:56:02","slug":"sagittario-chirone-il-centauro","status":"publish","type":"page","link":"https:\/\/hellenicmoon.com\/it\/sagittario-chirone-il-centauro\/","title":{"rendered":"Sagittario (Chirone il centauro)"},"content":{"rendered":"\n<figure class=\"wp-block-embed aligncenter is-type-video is-provider-youtube wp-block-embed-youtube wp-embed-aspect-4-3 wp-has-aspect-ratio\"><div class=\"wp-block-embed__wrapper\">\n<iframe title=\"The Tale of Sagittarius: The Sagittarian Constellation\" width=\"750\" height=\"563\" src=\"https:\/\/www.youtube.com\/embed\/cEnSOZhGdfo?feature=oembed\" frameborder=\"0\" allow=\"accelerometer; autoplay; clipboard-write; encrypted-media; gyroscope; picture-in-picture; web-share\" allowfullscreen><\/iframe>\n<\/div><figcaption class=\"wp-element-caption\"><strong><sub>Un&#8217;introduzione a come Chirone il centauro \u00e8 diventato la costellazione del Sagittario (o Centauro). Chirone ha addestrato molti dei pi\u00f9 grandi eroi come Teseo, Eracle, Giasone e altri.<\/sub><\/strong><\/figcaption><\/figure>\n\n\n\n<p>Il Sagittario \u00e8 uno dei noni segni dello zodiaco che rappresentano le costellazioni astrologiche nel cielo. Il simbolo del Sagittario \u00e8 un arco e una freccia, ed \u00e8 spesso raffigurato come una creatura met\u00e0 umana e met\u00e0 cavallo nota come centauro.<\/p>\n\n\n\n<p>La maggior parte dei miti sulle origini del Sagittario dicono che si tratta di Chirone, il centauro immortale che ha fatto da insegnante a molti antichi eroi greci. I centauri sono creature met\u00e0 umane e met\u00e0 cavalli che di solito sono selvagge e selvagge. Tuttavia, Chirone era diverso dai suoi parenti, in quanto era saggio, gentile e civilizzato.<\/p>\n\n\n\n<p>Chirone era figlio di Crono, il titano del tempo, e di Filira, una ninfa dell&#8217;oceano. Crono si travest\u00ec da cavallo per sedurre Filira, ma quando vide la sua vera forma, ne fu cos\u00ec disgustata che chiese a Zeus di trasformarla in un tiglio. Da questa unione nacque Chirone, con la parte superiore del corpo umano e la parte inferiore del corpo di un cavallo.<\/p>\n\n\n\n<p>Chirone fu allevato da Apollo, il dio della luce, della musica e della profezia, che gli insegn\u00f2 molte abilit\u00e0 e arti. Chirone divenne un maestro di medicina, caccia, musica e astrologia. Visse in una grotta sul monte Pelio, dove accolse molti ospiti e studenti. Tra i suoi allievi c&#8217;erano Ercole, Giasone, Achille, Asclepio e Perseo.<\/p>\n\n\n\n<p>La vita di Chirone fin\u00ec tragicamente quando fu accidentalmente colpito da Ercole con una freccia avvelenata. La freccia fu intrisa nel sangue dell&#8217;Idra, un mostruoso serpente con molte teste che Ercole aveva ucciso come una delle sue 12 fatiche. Il veleno era cos\u00ec potente che caus\u00f2 a Chirone un dolore insopportabile, ma non poteva morire perch\u00e9 era immortale.<\/p>\n\n\n\n<p>Chirone decise di rinunciare alla sua immortalit\u00e0 e di scambiare la sua vita con quella di Prometeo, un titano che fu incatenato a una roccia e torturato da un&#8217;aquila per aver rubato il fuoco agli dei e averlo dato agli umani. Zeus accett\u00f2 questo accordo e liber\u00f2 Prometeo dalla sua punizione. Ha anche collocato Chirone tra le stelle come costellazione del Centauro o del Sagittario, a seconda della fonte.<\/p>\n","protected":false},"excerpt":{"rendered":"<p>Il Sagittario \u00e8 uno dei noni segni dello zodiaco che rappresentano le costellazioni astrologiche nel cielo. Il simbolo del Sagittario \u00e8 un arco e una freccia, ed \u00e8 spesso raffigurato come una creatura met\u00e0 umana e met\u00e0 cavallo nota come centauro. La maggior parte dei miti sulle origini del Sagittario [&hellip;]<\/p>\n","protected":false},"author":2,"featured_media":0,"parent":0,"menu_order":0,"comment_status":"closed","ping_status":"closed","template":"","meta":{"_bbp_topic_count":0,"_bbp_reply_count":0,"_bbp_total_topic_count":0,"_bbp_total_reply_count":0,"_bbp_voice_count":0,"_bbp_anonymous_reply_count":0,"_bbp_topic_count_hidden":0,"_bbp_reply_count_hidden":0,"_bbp_forum_subforum_count":0,"_monsterinsights_skip_tracking":false,"_monsterinsights_sitenote_active":false,"_monsterinsights_sitenote_note":"","_monsterinsights_sitenote_category":0,"jetpack_post_was_ever_published":false,"footnotes":""},"class_list":["post-11027","page","type-page","status-publish","hentry"],"yoast_head":"<!-- This site is optimized with the Yoast SEO plugin v27.3 - https:\/\/yoast.com\/product\/yoast-seo-wordpress\/ -->\n<title>Sagittario (Chirone il centauro) - Hellenic Moon<\/title>\n<meta name=\"robots\" content=\"index, follow, max-snippet:-1, max-image-preview:large, max-video-preview:-1\" \/>\n<link rel=\"canonical\" href=\"https:\/\/hellenicmoon.com\/it\/sagittario-chirone-il-centauro\/\" \/>\n<meta property=\"og:locale\" content=\"it_IT\" \/>\n<meta property=\"og:type\" content=\"article\" \/>\n<meta property=\"og:title\" content=\"Sagittario (Chirone il centauro) - Hellenic Moon\" \/>\n<meta property=\"og:description\" content=\"Il Sagittario \u00e8 uno dei noni segni dello zodiaco che rappresentano le costellazioni astrologiche nel cielo. Il simbolo del Sagittario \u00e8 un arco e una freccia, ed \u00e8 spesso raffigurato come una creatura met\u00e0 umana e met\u00e0 cavallo nota come centauro. La maggior parte dei miti sulle origini del Sagittario [&hellip;]\" \/>\n<meta property=\"og:url\" content=\"https:\/\/hellenicmoon.com\/it\/sagittario-chirone-il-centauro\/\" \/>\n<meta property=\"og:site_name\" content=\"Hellenic Moon\" \/>\n<meta property=\"article:modified_time\" content=\"2023-12-21T09:56:02+00:00\" \/>\n<meta name=\"twitter:card\" content=\"summary_large_image\" \/>\n<meta name=\"twitter:label1\" content=\"Tempo di lettura stimato\" \/>\n\t<meta name=\"twitter:data1\" content=\"2 minuti\" \/>\n<script type=\"application\/ld+json\" class=\"yoast-schema-graph\">{\"@context\":\"https:\\\/\\\/schema.org\",\"@graph\":[{\"@type\":\"WebPage\",\"@id\":\"https:\\\/\\\/hellenicmoon.com\\\/it\\\/sagittario-chirone-il-centauro\\\/\",\"url\":\"https:\\\/\\\/hellenicmoon.com\\\/it\\\/sagittario-chirone-il-centauro\\\/\",\"name\":\"Sagittario (Chirone il centauro) - Hellenic Moon\",\"isPartOf\":{\"@id\":\"https:\\\/\\\/mti.get.mybluehost.me\\\/#website\"},\"datePublished\":\"2019-12-13T21:26:31+00:00\",\"dateModified\":\"2023-12-21T09:56:02+00:00\",\"breadcrumb\":{\"@id\":\"https:\\\/\\\/hellenicmoon.com\\\/it\\\/sagittario-chirone-il-centauro\\\/#breadcrumb\"},\"inLanguage\":\"it-IT\",\"potentialAction\":[{\"@type\":\"ReadAction\",\"target\":[\"https:\\\/\\\/hellenicmoon.com\\\/it\\\/sagittario-chirone-il-centauro\\\/\"]}]},{\"@type\":\"BreadcrumbList\",\"@id\":\"https:\\\/\\\/hellenicmoon.com\\\/it\\\/sagittario-chirone-il-centauro\\\/#breadcrumb\",\"itemListElement\":[{\"@type\":\"ListItem\",\"position\":1,\"name\":\"Home\",\"item\":\"https:\\\/\\\/hellenicmoon.com\\\/it\\\/\"},{\"@type\":\"ListItem\",\"position\":2,\"name\":\"Sagittario (Chirone il centauro)\"}]},{\"@type\":\"WebSite\",\"@id\":\"https:\\\/\\\/mti.get.mybluehost.me\\\/#website\",\"url\":\"https:\\\/\\\/mti.get.mybluehost.me\\\/\",\"name\":\"Hellenic Moon\",\"description\":\"Greek mythology and gods\",\"publisher\":{\"@id\":\"https:\\\/\\\/mti.get.mybluehost.me\\\/#organization\"},\"potentialAction\":[{\"@type\":\"SearchAction\",\"target\":{\"@type\":\"EntryPoint\",\"urlTemplate\":\"https:\\\/\\\/mti.get.mybluehost.me\\\/?s={search_term_string}\"},\"query-input\":{\"@type\":\"PropertyValueSpecification\",\"valueRequired\":true,\"valueName\":\"search_term_string\"}}],\"inLanguage\":\"it-IT\"},{\"@type\":\"Organization\",\"@id\":\"https:\\\/\\\/mti.get.mybluehost.me\\\/#organization\",\"name\":\"Hellenic Moon\",\"url\":\"https:\\\/\\\/mti.get.mybluehost.me\\\/\",\"logo\":{\"@type\":\"ImageObject\",\"inLanguage\":\"it-IT\",\"@id\":\"https:\\\/\\\/mti.get.mybluehost.me\\\/#\\\/schema\\\/logo\\\/image\\\/\",\"url\":\"https:\\\/\\\/hellenicmoon.com\\\/wp-content\\\/uploads\\\/2020\\\/01\\\/cropped-logo_ok_by_aramisdream_ddoqp6p.png\",\"contentUrl\":\"https:\\\/\\\/hellenicmoon.com\\\/wp-content\\\/uploads\\\/2020\\\/01\\\/cropped-logo_ok_by_aramisdream_ddoqp6p.png\",\"width\":150,\"height\":100,\"caption\":\"Hellenic Moon\"},\"image\":{\"@id\":\"https:\\\/\\\/mti.get.mybluehost.me\\\/#\\\/schema\\\/logo\\\/image\\\/\"},\"sameAs\":[\"https:\\\/\\\/www.instagram.com\\\/hellenic.moon\"]}]}<\/script>\n<!-- \/ Yoast SEO plugin. -->","yoast_head_json":{"title":"Sagittario (Chirone il centauro) - Hellenic Moon","robots":{"index":"index","follow":"follow","max-snippet":"max-snippet:-1","max-image-preview":"max-image-preview:large","max-video-preview":"max-video-preview:-1"},"canonical":"https:\/\/hellenicmoon.com\/it\/sagittario-chirone-il-centauro\/","og_locale":"it_IT","og_type":"article","og_title":"Sagittario (Chirone il centauro) - Hellenic Moon","og_description":"Il Sagittario \u00e8 uno dei noni segni dello zodiaco che rappresentano le costellazioni astrologiche nel cielo. Il simbolo del Sagittario \u00e8 un arco e una freccia, ed \u00e8 spesso raffigurato come una creatura met\u00e0 umana e met\u00e0 cavallo nota come centauro. La maggior parte dei miti sulle origini del Sagittario [&hellip;]","og_url":"https:\/\/hellenicmoon.com\/it\/sagittario-chirone-il-centauro\/","og_site_name":"Hellenic Moon","article_modified_time":"2023-12-21T09:56:02+00:00","twitter_card":"summary_large_image","twitter_misc":{"Tempo di lettura stimato":"2 minuti"},"schema":{"@context":"https:\/\/schema.org","@graph":[{"@type":"WebPage","@id":"https:\/\/hellenicmoon.com\/it\/sagittario-chirone-il-centauro\/","url":"https:\/\/hellenicmoon.com\/it\/sagittario-chirone-il-centauro\/","name":"Sagittario (Chirone il centauro) - Hellenic Moon","isPartOf":{"@id":"https:\/\/mti.get.mybluehost.me\/#website"},"datePublished":"2019-12-13T21:26:31+00:00","dateModified":"2023-12-21T09:56:02+00:00","breadcrumb":{"@id":"https:\/\/hellenicmoon.com\/it\/sagittario-chirone-il-centauro\/#breadcrumb"},"inLanguage":"it-IT","potentialAction":[{"@type":"ReadAction","target":["https:\/\/hellenicmoon.com\/it\/sagittario-chirone-il-centauro\/"]}]},{"@type":"BreadcrumbList","@id":"https:\/\/hellenicmoon.com\/it\/sagittario-chirone-il-centauro\/#breadcrumb","itemListElement":[{"@type":"ListItem","position":1,"name":"Home","item":"https:\/\/hellenicmoon.com\/it\/"},{"@type":"ListItem","position":2,"name":"Sagittario (Chirone il centauro)"}]},{"@type":"WebSite","@id":"https:\/\/mti.get.mybluehost.me\/#website","url":"https:\/\/mti.get.mybluehost.me\/","name":"Hellenic Moon","description":"Greek mythology and gods","publisher":{"@id":"https:\/\/mti.get.mybluehost.me\/#organization"},"potentialAction":[{"@type":"SearchAction","target":{"@type":"EntryPoint","urlTemplate":"https:\/\/mti.get.mybluehost.me\/?s={search_term_string}"},"query-input":{"@type":"PropertyValueSpecification","valueRequired":true,"valueName":"search_term_string"}}],"inLanguage":"it-IT"},{"@type":"Organization","@id":"https:\/\/mti.get.mybluehost.me\/#organization","name":"Hellenic Moon","url":"https:\/\/mti.get.mybluehost.me\/","logo":{"@type":"ImageObject","inLanguage":"it-IT","@id":"https:\/\/mti.get.mybluehost.me\/#\/schema\/logo\/image\/","url":"https:\/\/hellenicmoon.com\/wp-content\/uploads\/2020\/01\/cropped-logo_ok_by_aramisdream_ddoqp6p.png","contentUrl":"https:\/\/hellenicmoon.com\/wp-content\/uploads\/2020\/01\/cropped-logo_ok_by_aramisdream_ddoqp6p.png","width":150,"height":100,"caption":"Hellenic Moon"},"image":{"@id":"https:\/\/mti.get.mybluehost.me\/#\/schema\/logo\/image\/"},"sameAs":["https:\/\/www.instagram.com\/hellenic.moon"]}]}},"jetpack_sharing_enabled":true,"_links":{"self":[{"href":"https:\/\/hellenicmoon.com\/it\/wp-json\/wp\/v2\/pages\/11027","targetHints":{"allow":["GET"]}}],"collection":[{"href":"https:\/\/hellenicmoon.com\/it\/wp-json\/wp\/v2\/pages"}],"about":[{"href":"https:\/\/hellenicmoon.com\/it\/wp-json\/wp\/v2\/types\/page"}],"author":[{"embeddable":true,"href":"https:\/\/hellenicmoon.com\/it\/wp-json\/wp\/v2\/users\/2"}],"replies":[{"embeddable":true,"href":"https:\/\/hellenicmoon.com\/it\/wp-json\/wp\/v2\/comments?post=11027"}],"version-history":[{"count":0,"href":"https:\/\/hellenicmoon.com\/it\/wp-json\/wp\/v2\/pages\/11027\/revisions"}],"wp:attachment":[{"href":"https:\/\/hellenicmoon.com\/it\/wp-json\/wp\/v2\/media?parent=11027"}],"curies":[{"name":"wp","href":"https:\/\/api.w.org\/{rel}","templated":true}]}}