{"id":11019,"date":"2019-12-05T12:43:56","date_gmt":"2019-12-05T12:43:56","guid":{"rendered":"https:\/\/hellenicmoon.com\/poseidone-sovrano-dei-mari\/"},"modified":"2023-12-21T09:55:36","modified_gmt":"2023-12-21T09:55:36","slug":"poseidone-sovrano-dei-mari","status":"publish","type":"page","link":"https:\/\/hellenicmoon.com\/it\/poseidone-sovrano-dei-mari\/","title":{"rendered":"Poseidone &#8211; Sovrano dei Mari"},"content":{"rendered":"\n<p class=\"has-text-align-center\" style=\"font-size:18px\"><strong>Nome romano<\/strong> : <strong>Nettuno<\/strong> (Pianeta che prende il nome da lui)<\/p>\n\n\n<div class=\"wp-block-image\">\n<figure class=\"aligncenter size-large\"><img decoding=\"async\" width=\"686\" height=\"844\" src=\"https:\/\/hellenicmoon.com\/wp-content\/uploads\/2019\/12\/poseidongood-1.jpg\" alt=\"\" class=\"wp-image-258\" srcset=\"https:\/\/hellenicmoon.com\/wp-content\/uploads\/2019\/12\/poseidongood-1.jpg 686w, https:\/\/hellenicmoon.com\/wp-content\/uploads\/2019\/12\/poseidongood-1-600x738.jpg 600w, https:\/\/hellenicmoon.com\/wp-content\/uploads\/2019\/12\/poseidongood-1-244x300.jpg 244w\" sizes=\"(max-width: 686px) 100vw, 686px\" \/><figcaption class=\"wp-element-caption\"><strong>Statua di Poseidone in Alexanderplatz, Berlino<\/strong><\/figcaption><\/figure>\n<\/div>\n\n\n<p>Poseidone \u00e8 il fratello di Zeus ed \u00e8 il dio del mare, delle tempeste, dei terremoti e dei cavalli. \u00c8 anche il protettore dei marinai e il guardiano di molte citt\u00e0 e colonie greche.<\/p>\n\n\n\n<p>Poseidone nacque dai genitori Titani Crono e Rea, che governarono il mondo prima degli dei dell&#8217;Olimpo. Fu inghiottito da Crono insieme ai suoi fratelli, ma fu liberato da Zeus, che divenne il suo re e alleato. Poseidone aiut\u00f2 Zeus nella sua guerra contro Crono e i Titani, e divenne il dio supremo del mare dopo la loro vittoria.<\/p>\n\n\n\n<p>Poseidone divise quindi il mondo con i suoi fratelli Zeus e Ade, che ottennero rispettivamente il cielo e gli inferi. Poseidone spos\u00f2 sua sorella Anfitrite, la dea del mare, ma ebbe anche molte relazioni con altre dee e donne mortali. Alcuni dei suoi figli famosi includono Tritone, Polifemo, Orione, Teseo, Pegaso e Bellerofonte.<\/p>\n\n\n\n<p>Poseidone era venerato come il signore del mare, che controllava tutte le acque e le creature acquatiche. Era anche temuto come lo scuotitore della terra, che causava terremoti, tsunami ed eruzioni vulcaniche con il suo tridente, forgiato dai Ciclopi. Era anche venerato come il domatore di cavalli, che cre\u00f2 il primo cavallo e insegn\u00f2 agli umani come cavalcarlo.<\/p>\n\n\n\n<p>Poseidone aveva molti templi e santuari in tutta la Grecia, ma il suo santuario pi\u00f9 famoso era a Sunio, dove fu onorato. Gli altri suoi centri di culto sono Corinto, Delfi, Troezen e Istmia. I suoi animali sacri erano il delfino, il cavallo e il toro. Il suo equivalente romano era Nettuno, che condivideva molti dei suoi attributi e delle sue storie.<\/p>\n\n\n\n<p>Poseidone \u00e8 un dio maestoso che rappresenta sia la bellezza che il pericolo della mitologia greca. \u00c8 un simbolo di forza, autorit\u00e0, creativit\u00e0, ma anche di ira, rivalit\u00e0 e violenza. \u00c8 ammirato come il padrone del mare e il creatore dei cavalli, ma anche temuto per le sue azioni distruttive e imprevedibili. \u00c8 Poseidone, il dio del mare, delle tempeste, dei terremoti e dei cavalli nella mitologia greca.<\/p>\n\n\n\n<div style=\"height:25px\" aria-hidden=\"true\" class=\"wp-block-spacer\"><\/div>\n\n\n\n<figure class=\"wp-block-embed is-type-video is-provider-youtube wp-block-embed-youtube wp-embed-aspect-16-9 wp-has-aspect-ratio\"><div class=\"wp-block-embed__wrapper\">\n<iframe title=\"Episode 2 - Mythic Warriors | FULL EPISODE | RETRO RERUN\" width=\"750\" height=\"422\" src=\"https:\/\/www.youtube.com\/embed\/SHUm6FyU03Q?feature=oembed\" frameborder=\"0\" allow=\"accelerometer; autoplay; clipboard-write; encrypted-media; gyroscope; picture-in-picture; web-share\" allowfullscreen><\/iframe>\n<\/div><figcaption class=\"wp-element-caption\"><strong>La storia di Teseo, figlio di Poseidone<\/strong><\/figcaption><\/figure>\n\n\n\n<div style=\"height:24px\" aria-hidden=\"true\" class=\"wp-block-spacer\"><\/div>\n\n\n\n<h2 class=\"wp-block-heading has-text-align-center\">Poseidon consiglia:<\/h2>\n\n\n\n<h2 class=\"wp-block-heading has-text-align-center\" id=\"wp-block-themeisle-blocks-advanced-heading-21ac32ea\"><span style=\"text-decoration: underline;\">Le squadre di Poseidone<\/span><\/h2>\n\n\n\n<h5 class=\"wp-block-heading has-text-align-center\" id=\"wp-block-themeisle-blocks-advanced-heading-21f61d92\">Se Poseidone fosse un appassionato di sport moderni, sosterrebbe:<\/h5>\n\n\n\n<div class=\"wp-block-columns is-layout-flex wp-container-core-columns-is-layout-28f84493 wp-block-columns-is-layout-flex\">\n<div class=\"wp-block-column is-layout-flow wp-block-column-is-layout-flow\"><div class=\"wp-block-image\">\n<figure class=\"aligncenter size-full is-resized\"><img decoding=\"async\" width=\"570\" height=\"617\" src=\"https:\/\/hellenicmoon.com\/wp-content\/uploads\/2019\/12\/dolphins.png\" alt=\"\" class=\"wp-image-235\" style=\"width:200px;height:200px\" srcset=\"https:\/\/hellenicmoon.com\/wp-content\/uploads\/2019\/12\/dolphins.png 570w, https:\/\/hellenicmoon.com\/wp-content\/uploads\/2019\/12\/dolphins-277x300.png 277w\" sizes=\"(max-width: 570px) 100vw, 570px\" \/><figcaption class=\"wp-element-caption\"><strong><kbd>Delfini di Miami<\/kbd><\/strong><\/figcaption><\/figure>\n<\/div>\n\n\n<p class=\"has-text-align-center has-medium-font-size\">Animale sacro di Poseidone<\/p>\n\n\n\n<p class=\"has-small-font-size\" id=\"wp-block-themeisle-blocks-advanced-heading-8379777e\">Il Delfino era un animale sacro di Poseidone e, con 2 Super Bowl, 5 campionati di Conference e 13 campionati di divisione al loro attivo, Poseidon sarebbe sicuramente un fan dei Miami Dolphins.<\/p>\n<\/div>\n\n\n\n<div class=\"wp-block-column is-layout-flow wp-block-column-is-layout-flow\"><div class=\"wp-block-image\">\n<figure class=\"aligncenter size-full is-resized\"><img decoding=\"async\" width=\"612\" height=\"617\" src=\"https:\/\/hellenicmoon.com\/wp-content\/uploads\/2019\/12\/Picture1.jpg\" alt=\"\" class=\"wp-image-239\" style=\"width:200px;height:200px\" srcset=\"https:\/\/hellenicmoon.com\/wp-content\/uploads\/2019\/12\/Picture1.jpg 612w, https:\/\/hellenicmoon.com\/wp-content\/uploads\/2019\/12\/Picture1-298x300.jpg 298w, https:\/\/hellenicmoon.com\/wp-content\/uploads\/2019\/12\/Picture1-150x150.jpg 150w, https:\/\/hellenicmoon.com\/wp-content\/uploads\/2019\/12\/Picture1-600x605.jpg 600w, https:\/\/hellenicmoon.com\/wp-content\/uploads\/2019\/12\/Picture1-160x160.jpg 160w\" sizes=\"(max-width: 612px) 100vw, 612px\" \/><figcaption class=\"wp-element-caption\"><strong><kbd>Tori di Chicago<\/kbd><\/strong><\/figcaption><\/figure>\n<\/div>\n\n\n<p class=\"has-text-align-center has-medium-font-size\">Animale sacro di Poseidone<\/p>\n\n\n\n<p class=\"has-small-font-size\" id=\"wp-block-themeisle-blocks-advanced-heading-691e8ad7\">Il toro era un animale sacro di Poseidone, che lo regal\u00f2 al re Minosse. Con 6 campionati NBA, che li rendono la terza migliore squadra nella storia della NBA, Poseidon sarebbe un orgoglioso tifoso dei Chicago Bulls.<\/p>\n<\/div>\n\n\n\n<div class=\"wp-block-column is-layout-flow wp-block-column-is-layout-flow\"><div class=\"wp-block-image\">\n<figure class=\"aligncenter size-full is-resized\"><img decoding=\"async\" width=\"618\" height=\"617\" src=\"https:\/\/hellenicmoon.com\/wp-content\/uploads\/2019\/12\/broncos.jpg\" alt=\"\" class=\"wp-image-240\" style=\"width:200px;height:200px\" srcset=\"https:\/\/hellenicmoon.com\/wp-content\/uploads\/2019\/12\/broncos.jpg 618w, https:\/\/hellenicmoon.com\/wp-content\/uploads\/2019\/12\/broncos-300x300.jpg 300w, https:\/\/hellenicmoon.com\/wp-content\/uploads\/2019\/12\/broncos-150x150.jpg 150w, https:\/\/hellenicmoon.com\/wp-content\/uploads\/2019\/12\/broncos-460x460.jpg 460w, https:\/\/hellenicmoon.com\/wp-content\/uploads\/2019\/12\/broncos-230x230.jpg 230w, https:\/\/hellenicmoon.com\/wp-content\/uploads\/2019\/12\/broncos-600x599.jpg 600w, https:\/\/hellenicmoon.com\/wp-content\/uploads\/2019\/12\/broncos-160x160.jpg 160w\" sizes=\"(max-width: 618px) 100vw, 618px\" \/><figcaption class=\"wp-element-caption\"><strong><kbd>Denver Broncos<\/kbd><\/strong><\/figcaption><\/figure>\n<\/div>\n\n\n<p class=\"has-text-align-center has-medium-font-size\">Animale sacro di Poseidone<\/p>\n\n\n\n<p class=\"has-small-font-size\" id=\"wp-block-themeisle-blocks-advanced-heading-bb73ca1c\">I cavalli erano sacri a Poseidone che si diceva avesse generato molti cavalli speciali, tra cui Pegaso. Con 3 Super Bowl, 8 campionati di Conference e 15 campionati di division al loro attivo, Poseidon sarebbe un grande fan dei Denver Broncos.<\/p>\n<\/div>\n\n\n\n<div class=\"wp-block-column is-layout-flow wp-block-column-is-layout-flow\"><div class=\"wp-block-image\">\n<figure class=\"aligncenter size-full is-resized\"><img decoding=\"async\" width=\"619\" height=\"617\" src=\"https:\/\/hellenicmoon.com\/wp-content\/uploads\/2019\/12\/Hurri.jpg\" alt=\"\" class=\"wp-image-242\" style=\"width:200px;height:200px\" srcset=\"https:\/\/hellenicmoon.com\/wp-content\/uploads\/2019\/12\/Hurri.jpg 619w, https:\/\/hellenicmoon.com\/wp-content\/uploads\/2019\/12\/Hurri-300x300.jpg 300w, https:\/\/hellenicmoon.com\/wp-content\/uploads\/2019\/12\/Hurri-150x150.jpg 150w, https:\/\/hellenicmoon.com\/wp-content\/uploads\/2019\/12\/Hurri-460x460.jpg 460w, https:\/\/hellenicmoon.com\/wp-content\/uploads\/2019\/12\/Hurri-230x230.jpg 230w, https:\/\/hellenicmoon.com\/wp-content\/uploads\/2019\/12\/Hurri-600x598.jpg 600w, https:\/\/hellenicmoon.com\/wp-content\/uploads\/2019\/12\/Hurri-160x160.jpg 160w\" sizes=\"(max-width: 619px) 100vw, 619px\" \/><figcaption class=\"wp-element-caption\"><strong><kbd>Uragani della Carolina<\/kbd><\/strong><\/figcaption><\/figure>\n<\/div>\n\n\n<p class=\"has-text-align-center has-medium-font-size\">La punizione di Poseidone<\/p>\n\n\n\n<p class=\"has-small-font-size\" id=\"wp-block-themeisle-blocks-advanced-heading-68b762c0\">Quando Poseidone era arrabbiato, era noto per causare uragani. Con 1 vittoria nella Stanley Cup, 2 campionati di Conference e 3 campionati di Division all&#8217;attivo, Poseidon avrebbe chiaramente sostenuto i Carolina Hurricanes.<\/p>\n<\/div>\n<\/div>\n\n\n\n<div class=\"wp-block-columns is-layout-flex wp-container-core-columns-is-layout-28f84493 wp-block-columns-is-layout-flex\">\n<div class=\"wp-block-column is-layout-flow wp-block-column-is-layout-flow\"><div class=\"wp-block-image\">\n<figure class=\"aligncenter size-full is-resized\"><img decoding=\"async\" width=\"594\" height=\"617\" src=\"https:\/\/hellenicmoon.com\/wp-content\/uploads\/2019\/12\/Mavericks.jpg\" alt=\"\" class=\"wp-image-267\" style=\"width:200px;height:200px\" srcset=\"https:\/\/hellenicmoon.com\/wp-content\/uploads\/2019\/12\/Mavericks.jpg 594w, https:\/\/hellenicmoon.com\/wp-content\/uploads\/2019\/12\/Mavericks-289x300.jpg 289w\" sizes=\"(max-width: 594px) 100vw, 594px\" \/><figcaption class=\"wp-element-caption\"><strong><kbd>Dallas Mavericks<\/kbd><\/strong><\/figcaption><\/figure>\n<\/div>\n\n\n<p class=\"has-text-align-center has-medium-font-size\">Animale sacro di Poseidone<\/p>\n\n\n\n<p class=\"has-small-font-size\" id=\"wp-block-themeisle-blocks-advanced-heading-9fdfa460\">Come accennato in precedenza, i cavalli erano sacri a Poseidone e, con 1 campionato NBA, 2 titoli di Conference e 3 titoli di divisione, i Dallas Mavericks sarebbero i preferiti di Poseidone.<\/p>\n<\/div>\n\n\n\n<div class=\"wp-block-column is-layout-flow wp-block-column-is-layout-flow\"><div class=\"wp-block-image\">\n<figure class=\"aligncenter size-full is-resized\"><img decoding=\"async\" width=\"283\" height=\"336\" src=\"https:\/\/hellenicmoon.com\/wp-content\/uploads\/2019\/12\/Panionios_FC.png\" alt=\"\" class=\"wp-image-270\" style=\"width:200px;height:200px\" srcset=\"https:\/\/hellenicmoon.com\/wp-content\/uploads\/2019\/12\/Panionios_FC.png 283w, https:\/\/hellenicmoon.com\/wp-content\/uploads\/2019\/12\/Panionios_FC-253x300.png 253w\" sizes=\"(max-width: 283px) 100vw, 283px\" \/><figcaption class=\"wp-element-caption\"><strong><kbd>Panionios<\/kbd><\/strong><\/figcaption><\/figure>\n<\/div>\n\n\n<p class=\"has-text-align-center has-medium-font-size\">La festa di Poseidone<\/p>\n\n\n\n<p class=\"has-small-font-size\" id=\"wp-block-themeisle-blocks-advanced-heading-05a8f9d0\">Sebbene sia un club pi\u00f9 piccolo nel calcio greco, Poseidon sarebbe un tifoso del Panionios, perch\u00e9 prende il nome dalla Panionia, una festa in suo onore.<\/p>\n<\/div>\n\n\n\n<div class=\"wp-block-column is-layout-flow wp-block-column-is-layout-flow\"><div class=\"wp-block-image\">\n<figure class=\"aligncenter size-full is-resized\"><img decoding=\"async\" width=\"344\" height=\"347\" src=\"https:\/\/hellenicmoon.com\/wp-content\/uploads\/2019\/12\/Marlins.jpg\" alt=\"\" class=\"wp-image-275\" style=\"width:200px;height:200px\" srcset=\"https:\/\/hellenicmoon.com\/wp-content\/uploads\/2019\/12\/Marlins.jpg 344w, https:\/\/hellenicmoon.com\/wp-content\/uploads\/2019\/12\/Marlins-297x300.jpg 297w, https:\/\/hellenicmoon.com\/wp-content\/uploads\/2019\/12\/Marlins-150x150.jpg 150w, https:\/\/hellenicmoon.com\/wp-content\/uploads\/2019\/12\/Marlins-160x160.jpg 160w\" sizes=\"(max-width: 344px) 100vw, 344px\" \/><figcaption class=\"wp-element-caption\"><strong><kbd>Miami Marlins<\/kbd><\/strong><\/figcaption><\/figure>\n<\/div>\n\n\n<p class=\"has-text-align-center has-medium-font-size\">Amore subacqueo<\/p>\n\n\n\n<p class=\"has-small-font-size\" id=\"wp-block-themeisle-blocks-advanced-heading-20e35b64\">Sebbene non sia specificamente un animale sacro di Poseidone come il delfino, Poseidone amerebbe qualsiasi animale marino, quindi con 2 titoli delle World Series nel loro nome, Poseidone sarebbe un fan dei Miami Marlins.<\/p>\n<\/div>\n\n\n\n<div class=\"wp-block-column is-layout-flow wp-block-column-is-layout-flow\"><div class=\"wp-block-image\">\n<figure class=\"aligncenter size-full is-resized\"><img decoding=\"async\" width=\"186\" height=\"208\" src=\"https:\/\/hellenicmoon.com\/wp-content\/uploads\/2020\/07\/Neptunas_nuo_2010.jpg\" alt=\"\" class=\"wp-image-2381\" style=\"width:200px;height:200px\"\/><figcaption class=\"wp-element-caption\"><strong><kbd>Neptunas Klaipeda<\/kbd><\/strong><\/figcaption><\/figure>\n<\/div>\n\n\n<p class=\"has-text-align-center has-medium-font-size\">La palla da basket di Poseidone<\/p>\n\n\n\n<p class=\"has-small-font-size\">Nettuno era il nome romano di Poseidone, quindi sembra ovvio che Poseidone fosse un fan di Nettuna. Sono una delle sole tre squadre lituane ad aver mai giocato in Eurolega.<\/p>\n<\/div>\n<\/div>\n","protected":false},"excerpt":{"rendered":"<p>Nome romano : Nettuno (Pianeta che prende il nome da lui) Poseidone \u00e8 il fratello di Zeus ed \u00e8 il dio del mare, delle tempeste, dei terremoti e dei cavalli. \u00c8 anche il protettore dei marinai e il guardiano di molte citt\u00e0 e colonie greche. Poseidone nacque dai genitori Titani [&hellip;]<\/p>\n","protected":false},"author":2,"featured_media":0,"parent":0,"menu_order":0,"comment_status":"closed","ping_status":"closed","template":"","meta":{"_bbp_topic_count":0,"_bbp_reply_count":0,"_bbp_total_topic_count":0,"_bbp_total_reply_count":0,"_bbp_voice_count":0,"_bbp_anonymous_reply_count":0,"_bbp_topic_count_hidden":0,"_bbp_reply_count_hidden":0,"_bbp_forum_subforum_count":0,"_monsterinsights_skip_tracking":false,"_monsterinsights_sitenote_active":false,"_monsterinsights_sitenote_note":"","_monsterinsights_sitenote_category":0,"jetpack_post_was_ever_published":false,"footnotes":""},"class_list":["post-11019","page","type-page","status-publish","hentry"],"yoast_head":"<!-- This site is optimized with the Yoast SEO plugin v27.3 - https:\/\/yoast.com\/product\/yoast-seo-wordpress\/ -->\n<title>Poseidone - Sovrano dei Mari - Hellenic Moon<\/title>\n<meta name=\"robots\" content=\"index, follow, max-snippet:-1, max-image-preview:large, max-video-preview:-1\" \/>\n<link rel=\"canonical\" href=\"https:\/\/hellenicmoon.com\/it\/poseidone-sovrano-dei-mari\/\" \/>\n<meta property=\"og:locale\" content=\"it_IT\" \/>\n<meta property=\"og:type\" content=\"article\" \/>\n<meta property=\"og:title\" content=\"Poseidone - Sovrano dei Mari - Hellenic Moon\" \/>\n<meta property=\"og:description\" content=\"Nome romano : Nettuno (Pianeta che prende il nome da lui) Poseidone \u00e8 il fratello di Zeus ed \u00e8 il dio del mare, delle tempeste, dei terremoti e dei cavalli. \u00c8 anche il protettore dei marinai e il guardiano di molte citt\u00e0 e colonie greche. Poseidone nacque dai genitori Titani [&hellip;]\" \/>\n<meta property=\"og:url\" content=\"https:\/\/hellenicmoon.com\/it\/poseidone-sovrano-dei-mari\/\" \/>\n<meta property=\"og:site_name\" content=\"Hellenic Moon\" \/>\n<meta property=\"article:modified_time\" content=\"2023-12-21T09:55:36+00:00\" \/>\n<meta property=\"og:image\" content=\"https:\/\/hellenicmoon.com\/wp-content\/uploads\/2019\/12\/poseidongood-1.jpg\" \/>\n<meta name=\"twitter:card\" content=\"summary_large_image\" \/>\n<meta name=\"twitter:label1\" content=\"Tempo di lettura stimato\" \/>\n\t<meta name=\"twitter:data1\" content=\"5 minuti\" \/>\n<script type=\"application\/ld+json\" class=\"yoast-schema-graph\">{\"@context\":\"https:\\\/\\\/schema.org\",\"@graph\":[{\"@type\":\"WebPage\",\"@id\":\"https:\\\/\\\/hellenicmoon.com\\\/it\\\/poseidone-sovrano-dei-mari\\\/\",\"url\":\"https:\\\/\\\/hellenicmoon.com\\\/it\\\/poseidone-sovrano-dei-mari\\\/\",\"name\":\"Poseidone - Sovrano dei Mari - Hellenic Moon\",\"isPartOf\":{\"@id\":\"https:\\\/\\\/mti.get.mybluehost.me\\\/#website\"},\"primaryImageOfPage\":{\"@id\":\"https:\\\/\\\/hellenicmoon.com\\\/it\\\/poseidone-sovrano-dei-mari\\\/#primaryimage\"},\"image\":{\"@id\":\"https:\\\/\\\/hellenicmoon.com\\\/it\\\/poseidone-sovrano-dei-mari\\\/#primaryimage\"},\"thumbnailUrl\":\"https:\\\/\\\/hellenicmoon.com\\\/wp-content\\\/uploads\\\/2019\\\/12\\\/poseidongood-1.jpg\",\"datePublished\":\"2019-12-05T12:43:56+00:00\",\"dateModified\":\"2023-12-21T09:55:36+00:00\",\"breadcrumb\":{\"@id\":\"https:\\\/\\\/hellenicmoon.com\\\/it\\\/poseidone-sovrano-dei-mari\\\/#breadcrumb\"},\"inLanguage\":\"it-IT\",\"potentialAction\":[{\"@type\":\"ReadAction\",\"target\":[\"https:\\\/\\\/hellenicmoon.com\\\/it\\\/poseidone-sovrano-dei-mari\\\/\"]}]},{\"@type\":\"ImageObject\",\"inLanguage\":\"it-IT\",\"@id\":\"https:\\\/\\\/hellenicmoon.com\\\/it\\\/poseidone-sovrano-dei-mari\\\/#primaryimage\",\"url\":\"https:\\\/\\\/hellenicmoon.com\\\/wp-content\\\/uploads\\\/2019\\\/12\\\/poseidongood-1.jpg\",\"contentUrl\":\"https:\\\/\\\/hellenicmoon.com\\\/wp-content\\\/uploads\\\/2019\\\/12\\\/poseidongood-1.jpg\"},{\"@type\":\"BreadcrumbList\",\"@id\":\"https:\\\/\\\/hellenicmoon.com\\\/it\\\/poseidone-sovrano-dei-mari\\\/#breadcrumb\",\"itemListElement\":[{\"@type\":\"ListItem\",\"position\":1,\"name\":\"Home\",\"item\":\"https:\\\/\\\/hellenicmoon.com\\\/it\\\/\"},{\"@type\":\"ListItem\",\"position\":2,\"name\":\"Poseidone &#8211; Sovrano dei Mari\"}]},{\"@type\":\"WebSite\",\"@id\":\"https:\\\/\\\/mti.get.mybluehost.me\\\/#website\",\"url\":\"https:\\\/\\\/mti.get.mybluehost.me\\\/\",\"name\":\"Hellenic Moon\",\"description\":\"Greek mythology and gods\",\"publisher\":{\"@id\":\"https:\\\/\\\/mti.get.mybluehost.me\\\/#organization\"},\"potentialAction\":[{\"@type\":\"SearchAction\",\"target\":{\"@type\":\"EntryPoint\",\"urlTemplate\":\"https:\\\/\\\/mti.get.mybluehost.me\\\/?s={search_term_string}\"},\"query-input\":{\"@type\":\"PropertyValueSpecification\",\"valueRequired\":true,\"valueName\":\"search_term_string\"}}],\"inLanguage\":\"it-IT\"},{\"@type\":\"Organization\",\"@id\":\"https:\\\/\\\/mti.get.mybluehost.me\\\/#organization\",\"name\":\"Hellenic Moon\",\"url\":\"https:\\\/\\\/mti.get.mybluehost.me\\\/\",\"logo\":{\"@type\":\"ImageObject\",\"inLanguage\":\"it-IT\",\"@id\":\"https:\\\/\\\/mti.get.mybluehost.me\\\/#\\\/schema\\\/logo\\\/image\\\/\",\"url\":\"https:\\\/\\\/hellenicmoon.com\\\/wp-content\\\/uploads\\\/2020\\\/01\\\/cropped-logo_ok_by_aramisdream_ddoqp6p.png\",\"contentUrl\":\"https:\\\/\\\/hellenicmoon.com\\\/wp-content\\\/uploads\\\/2020\\\/01\\\/cropped-logo_ok_by_aramisdream_ddoqp6p.png\",\"width\":150,\"height\":100,\"caption\":\"Hellenic Moon\"},\"image\":{\"@id\":\"https:\\\/\\\/mti.get.mybluehost.me\\\/#\\\/schema\\\/logo\\\/image\\\/\"},\"sameAs\":[\"https:\\\/\\\/www.instagram.com\\\/hellenic.moon\"]}]}<\/script>\n<!-- \/ Yoast SEO plugin. -->","yoast_head_json":{"title":"Poseidone - Sovrano dei Mari - Hellenic Moon","robots":{"index":"index","follow":"follow","max-snippet":"max-snippet:-1","max-image-preview":"max-image-preview:large","max-video-preview":"max-video-preview:-1"},"canonical":"https:\/\/hellenicmoon.com\/it\/poseidone-sovrano-dei-mari\/","og_locale":"it_IT","og_type":"article","og_title":"Poseidone - Sovrano dei Mari - Hellenic Moon","og_description":"Nome romano : Nettuno (Pianeta che prende il nome da lui) Poseidone \u00e8 il fratello di Zeus ed \u00e8 il dio del mare, delle tempeste, dei terremoti e dei cavalli. \u00c8 anche il protettore dei marinai e il guardiano di molte citt\u00e0 e colonie greche. Poseidone nacque dai genitori Titani [&hellip;]","og_url":"https:\/\/hellenicmoon.com\/it\/poseidone-sovrano-dei-mari\/","og_site_name":"Hellenic Moon","article_modified_time":"2023-12-21T09:55:36+00:00","og_image":[{"url":"https:\/\/hellenicmoon.com\/wp-content\/uploads\/2019\/12\/poseidongood-1.jpg","type":"","width":"","height":""}],"twitter_card":"summary_large_image","twitter_misc":{"Tempo di lettura stimato":"5 minuti"},"schema":{"@context":"https:\/\/schema.org","@graph":[{"@type":"WebPage","@id":"https:\/\/hellenicmoon.com\/it\/poseidone-sovrano-dei-mari\/","url":"https:\/\/hellenicmoon.com\/it\/poseidone-sovrano-dei-mari\/","name":"Poseidone - Sovrano dei Mari - Hellenic Moon","isPartOf":{"@id":"https:\/\/mti.get.mybluehost.me\/#website"},"primaryImageOfPage":{"@id":"https:\/\/hellenicmoon.com\/it\/poseidone-sovrano-dei-mari\/#primaryimage"},"image":{"@id":"https:\/\/hellenicmoon.com\/it\/poseidone-sovrano-dei-mari\/#primaryimage"},"thumbnailUrl":"https:\/\/hellenicmoon.com\/wp-content\/uploads\/2019\/12\/poseidongood-1.jpg","datePublished":"2019-12-05T12:43:56+00:00","dateModified":"2023-12-21T09:55:36+00:00","breadcrumb":{"@id":"https:\/\/hellenicmoon.com\/it\/poseidone-sovrano-dei-mari\/#breadcrumb"},"inLanguage":"it-IT","potentialAction":[{"@type":"ReadAction","target":["https:\/\/hellenicmoon.com\/it\/poseidone-sovrano-dei-mari\/"]}]},{"@type":"ImageObject","inLanguage":"it-IT","@id":"https:\/\/hellenicmoon.com\/it\/poseidone-sovrano-dei-mari\/#primaryimage","url":"https:\/\/hellenicmoon.com\/wp-content\/uploads\/2019\/12\/poseidongood-1.jpg","contentUrl":"https:\/\/hellenicmoon.com\/wp-content\/uploads\/2019\/12\/poseidongood-1.jpg"},{"@type":"BreadcrumbList","@id":"https:\/\/hellenicmoon.com\/it\/poseidone-sovrano-dei-mari\/#breadcrumb","itemListElement":[{"@type":"ListItem","position":1,"name":"Home","item":"https:\/\/hellenicmoon.com\/it\/"},{"@type":"ListItem","position":2,"name":"Poseidone &#8211; Sovrano dei Mari"}]},{"@type":"WebSite","@id":"https:\/\/mti.get.mybluehost.me\/#website","url":"https:\/\/mti.get.mybluehost.me\/","name":"Hellenic Moon","description":"Greek mythology and gods","publisher":{"@id":"https:\/\/mti.get.mybluehost.me\/#organization"},"potentialAction":[{"@type":"SearchAction","target":{"@type":"EntryPoint","urlTemplate":"https:\/\/mti.get.mybluehost.me\/?s={search_term_string}"},"query-input":{"@type":"PropertyValueSpecification","valueRequired":true,"valueName":"search_term_string"}}],"inLanguage":"it-IT"},{"@type":"Organization","@id":"https:\/\/mti.get.mybluehost.me\/#organization","name":"Hellenic Moon","url":"https:\/\/mti.get.mybluehost.me\/","logo":{"@type":"ImageObject","inLanguage":"it-IT","@id":"https:\/\/mti.get.mybluehost.me\/#\/schema\/logo\/image\/","url":"https:\/\/hellenicmoon.com\/wp-content\/uploads\/2020\/01\/cropped-logo_ok_by_aramisdream_ddoqp6p.png","contentUrl":"https:\/\/hellenicmoon.com\/wp-content\/uploads\/2020\/01\/cropped-logo_ok_by_aramisdream_ddoqp6p.png","width":150,"height":100,"caption":"Hellenic Moon"},"image":{"@id":"https:\/\/mti.get.mybluehost.me\/#\/schema\/logo\/image\/"},"sameAs":["https:\/\/www.instagram.com\/hellenic.moon"]}]}},"jetpack_sharing_enabled":true,"_links":{"self":[{"href":"https:\/\/hellenicmoon.com\/it\/wp-json\/wp\/v2\/pages\/11019","targetHints":{"allow":["GET"]}}],"collection":[{"href":"https:\/\/hellenicmoon.com\/it\/wp-json\/wp\/v2\/pages"}],"about":[{"href":"https:\/\/hellenicmoon.com\/it\/wp-json\/wp\/v2\/types\/page"}],"author":[{"embeddable":true,"href":"https:\/\/hellenicmoon.com\/it\/wp-json\/wp\/v2\/users\/2"}],"replies":[{"embeddable":true,"href":"https:\/\/hellenicmoon.com\/it\/wp-json\/wp\/v2\/comments?post=11019"}],"version-history":[{"count":0,"href":"https:\/\/hellenicmoon.com\/it\/wp-json\/wp\/v2\/pages\/11019\/revisions"}],"wp:attachment":[{"href":"https:\/\/hellenicmoon.com\/it\/wp-json\/wp\/v2\/media?parent=11019"}],"curies":[{"name":"wp","href":"https:\/\/api.w.org\/{rel}","templated":true}]}}