{"id":11009,"date":"2019-12-16T17:05:36","date_gmt":"2019-12-16T17:05:36","guid":{"rendered":"https:\/\/hellenicmoon.com\/pesci\/"},"modified":"2023-12-21T09:53:41","modified_gmt":"2023-12-21T09:53:41","slug":"pesci","status":"publish","type":"page","link":"https:\/\/hellenicmoon.com\/it\/pesci\/","title":{"rendered":"Pesci"},"content":{"rendered":"\n<figure class=\"wp-block-embed aligncenter is-type-video is-provider-youtube wp-block-embed-youtube wp-embed-aspect-4-3 wp-has-aspect-ratio\"><div class=\"wp-block-embed__wrapper\">\n<iframe title=\"The History of the Pisces Constellation\" width=\"750\" height=\"563\" src=\"https:\/\/www.youtube.com\/embed\/xBAAZmso7zA?feature=oembed\" frameborder=\"0\" allow=\"accelerometer; autoplay; clipboard-write; encrypted-media; gyroscope; picture-in-picture; web-share\" allowfullscreen><\/iframe>\n<\/div><figcaption class=\"wp-element-caption\"><strong><sub>Scopri come il segno zodiacale dei Pesci si basa sulla storia di Afrodite e di suo figlio Eros che si trasformano in pesci.<\/sub><\/strong><\/figcaption><\/figure>\n\n\n\n<p>I Pesci sono il dodicesimo e ultimo segno dello zodiaco, che rappresenta due pesci che nuotano in direzioni opposte. \u00c8 associato all&#8217;elemento dell&#8217;acqua, al pianeta Nettuno e ai colori viola e verde. Si dice che le persone nate sotto questo segno siano compassionevoli, intuitive, artistiche e spirituali.<\/p>\n\n\n\n<p>I Pesci hanno le loro origini in un mito greco su Afrodite, la dea dell&#8217;amore e della bellezza, e suo figlio Eros, il dio del desiderio e dell&#8217;attrazione. Secondo il mito, Afrodite ed Eros stavano camminando lungo il fiume Eufrate quando incontrarono Tifone, un gigante mostruoso con cento teste e cento serpenti al posto delle gambe. Tifone era il nemico degli dei e delle dee del Monte Olimpo e voleva distruggerli tutti.<\/p>\n\n\n\n<p>Afrodite ed Eros erano terrorizzati dall&#8217;aspetto di Tifone e dal suo alito infuocato. Sapevano che non avrebbero potuto correre pi\u00f9 veloce di lui o combatterlo. Pregarono Zeus, il re degli dei, di aiutarli a fuggire. Zeus ascolt\u00f2 la loro supplica e li trasform\u00f2 in due pesci in modo che potessero nuotare nel fiume. Li leg\u00f2 anche con una corda per evitare che si perdessero.<\/p>\n\n\n\n<p>Pi\u00f9 tardi, Atena, la dea della saggezza e della guerra, pose i due pesci nel cielo come costellazione per onorare il loro coraggio e il loro amore. Si assicur\u00f2 anche che la corda che li legava insieme fosse visibile come una debole linea che collegava le loro stelle. La costellazione dei Pesci divenne un simbolo di devozione, sacrificio e trascendenza.<\/p>\n\n\n\n<p>I Pesci sono un segno zodiacale affascinante e stimolante che riflette molti aspetti della natura e delle emozioni umane. \u00c8 un simbolo di creativit\u00e0 e immaginazione che pu\u00f2 esprimersi attraverso l&#8217;arte e la musica. \u00c8 un simbolo di empatia e compassione che pu\u00f2 provare sentimenti profondi per gli altri e offrire aiuto e guarigione. \u00c8 un simbolo di spiritualit\u00e0 e misticismo che pu\u00f2 connettersi con i regni superiori e cercare l&#8217;illuminazione.<\/p>\n","protected":false},"excerpt":{"rendered":"<p>I Pesci sono il dodicesimo e ultimo segno dello zodiaco, che rappresenta due pesci che nuotano in direzioni opposte. \u00c8 associato all&#8217;elemento dell&#8217;acqua, al pianeta Nettuno e ai colori viola e verde. Si dice che le persone nate sotto questo segno siano compassionevoli, intuitive, artistiche e spirituali. I Pesci hanno [&hellip;]<\/p>\n","protected":false},"author":2,"featured_media":0,"parent":0,"menu_order":0,"comment_status":"closed","ping_status":"closed","template":"","meta":{"_bbp_topic_count":0,"_bbp_reply_count":0,"_bbp_total_topic_count":0,"_bbp_total_reply_count":0,"_bbp_voice_count":0,"_bbp_anonymous_reply_count":0,"_bbp_topic_count_hidden":0,"_bbp_reply_count_hidden":0,"_bbp_forum_subforum_count":0,"_monsterinsights_skip_tracking":false,"_monsterinsights_sitenote_active":false,"_monsterinsights_sitenote_note":"","_monsterinsights_sitenote_category":0,"jetpack_post_was_ever_published":false,"footnotes":""},"class_list":["post-11009","page","type-page","status-publish","hentry"],"yoast_head":"<!-- This site is optimized with the Yoast SEO plugin v27.3 - https:\/\/yoast.com\/product\/yoast-seo-wordpress\/ -->\n<title>Pesci - Hellenic Moon<\/title>\n<meta name=\"description\" content=\"La storia delle origini dello zodiaco dei Pesci. Scopri la mitologia dietro la costellazione dei Pesci.\" \/>\n<meta name=\"robots\" content=\"index, follow, max-snippet:-1, max-image-preview:large, max-video-preview:-1\" \/>\n<link rel=\"canonical\" href=\"https:\/\/hellenicmoon.com\/it\/pesci\/\" \/>\n<meta property=\"og:locale\" content=\"it_IT\" \/>\n<meta property=\"og:type\" content=\"article\" \/>\n<meta property=\"og:title\" content=\"Pesci - Hellenic Moon\" \/>\n<meta property=\"og:description\" content=\"La storia delle origini dello zodiaco dei Pesci. Scopri la mitologia dietro la costellazione dei Pesci.\" \/>\n<meta property=\"og:url\" content=\"https:\/\/hellenicmoon.com\/it\/pesci\/\" \/>\n<meta property=\"og:site_name\" content=\"Hellenic Moon\" \/>\n<meta property=\"article:modified_time\" content=\"2023-12-21T09:53:41+00:00\" \/>\n<meta name=\"twitter:card\" content=\"summary_large_image\" \/>\n<meta name=\"twitter:label1\" content=\"Tempo di lettura stimato\" \/>\n\t<meta name=\"twitter:data1\" content=\"2 minuti\" \/>\n<script type=\"application\/ld+json\" class=\"yoast-schema-graph\">{\"@context\":\"https:\\\/\\\/schema.org\",\"@graph\":[{\"@type\":\"WebPage\",\"@id\":\"https:\\\/\\\/hellenicmoon.com\\\/it\\\/pesci\\\/\",\"url\":\"https:\\\/\\\/hellenicmoon.com\\\/it\\\/pesci\\\/\",\"name\":\"Pesci - Hellenic Moon\",\"isPartOf\":{\"@id\":\"https:\\\/\\\/mti.get.mybluehost.me\\\/#website\"},\"datePublished\":\"2019-12-16T17:05:36+00:00\",\"dateModified\":\"2023-12-21T09:53:41+00:00\",\"description\":\"La storia delle origini dello zodiaco dei Pesci. Scopri la mitologia dietro la costellazione dei Pesci.\",\"breadcrumb\":{\"@id\":\"https:\\\/\\\/hellenicmoon.com\\\/it\\\/pesci\\\/#breadcrumb\"},\"inLanguage\":\"it-IT\",\"potentialAction\":[{\"@type\":\"ReadAction\",\"target\":[\"https:\\\/\\\/hellenicmoon.com\\\/it\\\/pesci\\\/\"]}]},{\"@type\":\"BreadcrumbList\",\"@id\":\"https:\\\/\\\/hellenicmoon.com\\\/it\\\/pesci\\\/#breadcrumb\",\"itemListElement\":[{\"@type\":\"ListItem\",\"position\":1,\"name\":\"Home\",\"item\":\"https:\\\/\\\/hellenicmoon.com\\\/it\\\/\"},{\"@type\":\"ListItem\",\"position\":2,\"name\":\"Pesci\"}]},{\"@type\":\"WebSite\",\"@id\":\"https:\\\/\\\/mti.get.mybluehost.me\\\/#website\",\"url\":\"https:\\\/\\\/mti.get.mybluehost.me\\\/\",\"name\":\"Hellenic Moon\",\"description\":\"Greek mythology and gods\",\"publisher\":{\"@id\":\"https:\\\/\\\/mti.get.mybluehost.me\\\/#organization\"},\"potentialAction\":[{\"@type\":\"SearchAction\",\"target\":{\"@type\":\"EntryPoint\",\"urlTemplate\":\"https:\\\/\\\/mti.get.mybluehost.me\\\/?s={search_term_string}\"},\"query-input\":{\"@type\":\"PropertyValueSpecification\",\"valueRequired\":true,\"valueName\":\"search_term_string\"}}],\"inLanguage\":\"it-IT\"},{\"@type\":\"Organization\",\"@id\":\"https:\\\/\\\/mti.get.mybluehost.me\\\/#organization\",\"name\":\"Hellenic Moon\",\"url\":\"https:\\\/\\\/mti.get.mybluehost.me\\\/\",\"logo\":{\"@type\":\"ImageObject\",\"inLanguage\":\"it-IT\",\"@id\":\"https:\\\/\\\/mti.get.mybluehost.me\\\/#\\\/schema\\\/logo\\\/image\\\/\",\"url\":\"https:\\\/\\\/hellenicmoon.com\\\/wp-content\\\/uploads\\\/2020\\\/01\\\/cropped-logo_ok_by_aramisdream_ddoqp6p.png\",\"contentUrl\":\"https:\\\/\\\/hellenicmoon.com\\\/wp-content\\\/uploads\\\/2020\\\/01\\\/cropped-logo_ok_by_aramisdream_ddoqp6p.png\",\"width\":150,\"height\":100,\"caption\":\"Hellenic Moon\"},\"image\":{\"@id\":\"https:\\\/\\\/mti.get.mybluehost.me\\\/#\\\/schema\\\/logo\\\/image\\\/\"},\"sameAs\":[\"https:\\\/\\\/www.instagram.com\\\/hellenic.moon\"]}]}<\/script>\n<!-- \/ Yoast SEO plugin. -->","yoast_head_json":{"title":"Pesci - Hellenic Moon","description":"La storia delle origini dello zodiaco dei Pesci. Scopri la mitologia dietro la costellazione dei Pesci.","robots":{"index":"index","follow":"follow","max-snippet":"max-snippet:-1","max-image-preview":"max-image-preview:large","max-video-preview":"max-video-preview:-1"},"canonical":"https:\/\/hellenicmoon.com\/it\/pesci\/","og_locale":"it_IT","og_type":"article","og_title":"Pesci - Hellenic Moon","og_description":"La storia delle origini dello zodiaco dei Pesci. Scopri la mitologia dietro la costellazione dei Pesci.","og_url":"https:\/\/hellenicmoon.com\/it\/pesci\/","og_site_name":"Hellenic Moon","article_modified_time":"2023-12-21T09:53:41+00:00","twitter_card":"summary_large_image","twitter_misc":{"Tempo di lettura stimato":"2 minuti"},"schema":{"@context":"https:\/\/schema.org","@graph":[{"@type":"WebPage","@id":"https:\/\/hellenicmoon.com\/it\/pesci\/","url":"https:\/\/hellenicmoon.com\/it\/pesci\/","name":"Pesci - Hellenic Moon","isPartOf":{"@id":"https:\/\/mti.get.mybluehost.me\/#website"},"datePublished":"2019-12-16T17:05:36+00:00","dateModified":"2023-12-21T09:53:41+00:00","description":"La storia delle origini dello zodiaco dei Pesci. Scopri la mitologia dietro la costellazione dei Pesci.","breadcrumb":{"@id":"https:\/\/hellenicmoon.com\/it\/pesci\/#breadcrumb"},"inLanguage":"it-IT","potentialAction":[{"@type":"ReadAction","target":["https:\/\/hellenicmoon.com\/it\/pesci\/"]}]},{"@type":"BreadcrumbList","@id":"https:\/\/hellenicmoon.com\/it\/pesci\/#breadcrumb","itemListElement":[{"@type":"ListItem","position":1,"name":"Home","item":"https:\/\/hellenicmoon.com\/it\/"},{"@type":"ListItem","position":2,"name":"Pesci"}]},{"@type":"WebSite","@id":"https:\/\/mti.get.mybluehost.me\/#website","url":"https:\/\/mti.get.mybluehost.me\/","name":"Hellenic Moon","description":"Greek mythology and gods","publisher":{"@id":"https:\/\/mti.get.mybluehost.me\/#organization"},"potentialAction":[{"@type":"SearchAction","target":{"@type":"EntryPoint","urlTemplate":"https:\/\/mti.get.mybluehost.me\/?s={search_term_string}"},"query-input":{"@type":"PropertyValueSpecification","valueRequired":true,"valueName":"search_term_string"}}],"inLanguage":"it-IT"},{"@type":"Organization","@id":"https:\/\/mti.get.mybluehost.me\/#organization","name":"Hellenic Moon","url":"https:\/\/mti.get.mybluehost.me\/","logo":{"@type":"ImageObject","inLanguage":"it-IT","@id":"https:\/\/mti.get.mybluehost.me\/#\/schema\/logo\/image\/","url":"https:\/\/hellenicmoon.com\/wp-content\/uploads\/2020\/01\/cropped-logo_ok_by_aramisdream_ddoqp6p.png","contentUrl":"https:\/\/hellenicmoon.com\/wp-content\/uploads\/2020\/01\/cropped-logo_ok_by_aramisdream_ddoqp6p.png","width":150,"height":100,"caption":"Hellenic Moon"},"image":{"@id":"https:\/\/mti.get.mybluehost.me\/#\/schema\/logo\/image\/"},"sameAs":["https:\/\/www.instagram.com\/hellenic.moon"]}]}},"jetpack_sharing_enabled":true,"_links":{"self":[{"href":"https:\/\/hellenicmoon.com\/it\/wp-json\/wp\/v2\/pages\/11009","targetHints":{"allow":["GET"]}}],"collection":[{"href":"https:\/\/hellenicmoon.com\/it\/wp-json\/wp\/v2\/pages"}],"about":[{"href":"https:\/\/hellenicmoon.com\/it\/wp-json\/wp\/v2\/types\/page"}],"author":[{"embeddable":true,"href":"https:\/\/hellenicmoon.com\/it\/wp-json\/wp\/v2\/users\/2"}],"replies":[{"embeddable":true,"href":"https:\/\/hellenicmoon.com\/it\/wp-json\/wp\/v2\/comments?post=11009"}],"version-history":[{"count":0,"href":"https:\/\/hellenicmoon.com\/it\/wp-json\/wp\/v2\/pages\/11009\/revisions"}],"wp:attachment":[{"href":"https:\/\/hellenicmoon.com\/it\/wp-json\/wp\/v2\/media?parent=11009"}],"curies":[{"name":"wp","href":"https:\/\/api.w.org\/{rel}","templated":true}]}}