{"id":11005,"date":"2019-12-18T08:29:07","date_gmt":"2019-12-18T08:29:07","guid":{"rendered":"https:\/\/hellenicmoon.com\/ofiuco\/"},"modified":"2023-12-21T09:52:12","modified_gmt":"2023-12-21T09:52:12","slug":"ofiuco","status":"publish","type":"page","link":"https:\/\/hellenicmoon.com\/it\/ofiuco\/","title":{"rendered":"Ofiuco"},"content":{"rendered":"\n<figure class=\"wp-block-embed aligncenter is-type-video is-provider-youtube wp-block-embed-youtube wp-embed-aspect-16-9 wp-has-aspect-ratio\"><div class=\"wp-block-embed__wrapper\">\n<iframe title=\"13th Zodiac sign: OPHIUCHUS \ud83d\ude31 WHAT YOU NEED TO KNOW!!\" width=\"750\" height=\"422\" src=\"https:\/\/www.youtube.com\/embed\/0772eXpCvxQ?feature=oembed\" frameborder=\"0\" allow=\"accelerometer; autoplay; clipboard-write; encrypted-media; gyroscope; picture-in-picture; web-share\" allowfullscreen><\/iframe>\n<\/div><figcaption class=\"wp-element-caption\"><strong><sub>La storia dietro il controverso 13\u00b0 Zodiaco<\/sub><\/strong><\/figcaption><\/figure>\n\n\n\n<p>Ofiuco \u00e8 il tredicesimo segno dello zodiaco, che rappresenta un uomo che tiene in mano un serpente. \u00c8 associato all&#8217;elemento del fuoco, al pianeta Giove e ai colori viola e verde. Si dice che le persone nate sotto questo segno siano avventurose, curiose, sagge e guaritrici.<\/p>\n\n\n\n<p>Ofiuco ha le sue origini in un mito greco su Asclepio, il dio della medicina e della guarigione. Secondo il mito, Asclepio era figlio di Apollo e Coronide, una principessa mortale. Impar\u00f2 l&#8217;arte della guarigione dal centauro Chirone, che gli insegn\u00f2 come usare le erbe e la chirurgia.<\/p>\n\n\n\n<p>Asclepio divenne cos\u00ec abile che poteva persino resuscitare i morti con il suo bastone magico, che aveva un serpente attorcigliato intorno ad esso. Questo fece arrabbiare Ade, il dio degli inferi, che si lament\u00f2 con Zeus che Asclepio stava sconvolgendo l&#8217;ordine naturale della vita e della morte. Zeus acconsent\u00ec e colp\u00ec Asclepio con un fulmine, uccidendolo.<\/p>\n\n\n\n<p>Apollo era furioso per la morte di suo figlio e minacci\u00f2 di distruggere il mondo con le sue frecce. Per placarlo, Zeus pose Asclepio tra le stelle come costellazione dell&#8217;Ofiuco, che significa &#8220;portatore di serpente&#8221;. Gli diede anche un posto nell&#8217;Olimpo come dio della guarigione.<\/p>\n\n\n\n<p>Ofiuco \u00e8 un segno zodiacale raro e misterioso che riflette molti aspetti del potenziale e del destino umano. \u00c8 un simbolo di avventura e curiosit\u00e0 in grado di esplorare nuovi orizzonti e scoprire nuove conoscenze. \u00c8 un simbolo di saggezza e guarigione che pu\u00f2 utilizzare le risorse naturali e il potere divino per ripristinare la salute e l&#8217;armonia. \u00c8 un simbolo di vita e di morte che pu\u00f2 sfidare i limiti della mortalit\u00e0 e della trascendenza.<\/p>\n","protected":false},"excerpt":{"rendered":"<p>Ofiuco \u00e8 il tredicesimo segno dello zodiaco, che rappresenta un uomo che tiene in mano un serpente. \u00c8 associato all&#8217;elemento del fuoco, al pianeta Giove e ai colori viola e verde. Si dice che le persone nate sotto questo segno siano avventurose, curiose, sagge e guaritrici. Ofiuco ha le sue [&hellip;]<\/p>\n","protected":false},"author":2,"featured_media":0,"parent":0,"menu_order":0,"comment_status":"closed","ping_status":"closed","template":"","meta":{"_bbp_topic_count":0,"_bbp_reply_count":0,"_bbp_total_topic_count":0,"_bbp_total_reply_count":0,"_bbp_voice_count":0,"_bbp_anonymous_reply_count":0,"_bbp_topic_count_hidden":0,"_bbp_reply_count_hidden":0,"_bbp_forum_subforum_count":0,"_monsterinsights_skip_tracking":false,"_monsterinsights_sitenote_active":false,"_monsterinsights_sitenote_note":"","_monsterinsights_sitenote_category":0,"jetpack_post_was_ever_published":false,"footnotes":""},"class_list":["post-11005","page","type-page","status-publish","hentry"],"yoast_head":"<!-- This site is optimized with the Yoast SEO plugin v27.3 - https:\/\/yoast.com\/product\/yoast-seo-wordpress\/ -->\n<title>Ofiuco - Hellenic Moon<\/title>\n<meta name=\"robots\" content=\"index, follow, max-snippet:-1, max-image-preview:large, max-video-preview:-1\" \/>\n<link rel=\"canonical\" href=\"https:\/\/hellenicmoon.com\/it\/ofiuco\/\" \/>\n<meta property=\"og:locale\" content=\"it_IT\" \/>\n<meta property=\"og:type\" content=\"article\" \/>\n<meta property=\"og:title\" content=\"Ofiuco - Hellenic Moon\" \/>\n<meta property=\"og:description\" content=\"Ofiuco \u00e8 il tredicesimo segno dello zodiaco, che rappresenta un uomo che tiene in mano un serpente. \u00c8 associato all&#8217;elemento del fuoco, al pianeta Giove e ai colori viola e verde. Si dice che le persone nate sotto questo segno siano avventurose, curiose, sagge e guaritrici. Ofiuco ha le sue [&hellip;]\" \/>\n<meta property=\"og:url\" content=\"https:\/\/hellenicmoon.com\/it\/ofiuco\/\" \/>\n<meta property=\"og:site_name\" content=\"Hellenic Moon\" \/>\n<meta property=\"article:modified_time\" content=\"2023-12-21T09:52:12+00:00\" \/>\n<meta name=\"twitter:card\" content=\"summary_large_image\" \/>\n<meta name=\"twitter:label1\" content=\"Tempo di lettura stimato\" \/>\n\t<meta name=\"twitter:data1\" content=\"1 minuto\" \/>\n<script type=\"application\/ld+json\" class=\"yoast-schema-graph\">{\"@context\":\"https:\\\/\\\/schema.org\",\"@graph\":[{\"@type\":\"WebPage\",\"@id\":\"https:\\\/\\\/hellenicmoon.com\\\/it\\\/ofiuco\\\/\",\"url\":\"https:\\\/\\\/hellenicmoon.com\\\/it\\\/ofiuco\\\/\",\"name\":\"Ofiuco - Hellenic Moon\",\"isPartOf\":{\"@id\":\"https:\\\/\\\/mti.get.mybluehost.me\\\/#website\"},\"datePublished\":\"2019-12-18T08:29:07+00:00\",\"dateModified\":\"2023-12-21T09:52:12+00:00\",\"breadcrumb\":{\"@id\":\"https:\\\/\\\/hellenicmoon.com\\\/it\\\/ofiuco\\\/#breadcrumb\"},\"inLanguage\":\"it-IT\",\"potentialAction\":[{\"@type\":\"ReadAction\",\"target\":[\"https:\\\/\\\/hellenicmoon.com\\\/it\\\/ofiuco\\\/\"]}]},{\"@type\":\"BreadcrumbList\",\"@id\":\"https:\\\/\\\/hellenicmoon.com\\\/it\\\/ofiuco\\\/#breadcrumb\",\"itemListElement\":[{\"@type\":\"ListItem\",\"position\":1,\"name\":\"Home\",\"item\":\"https:\\\/\\\/hellenicmoon.com\\\/it\\\/\"},{\"@type\":\"ListItem\",\"position\":2,\"name\":\"Ofiuco\"}]},{\"@type\":\"WebSite\",\"@id\":\"https:\\\/\\\/mti.get.mybluehost.me\\\/#website\",\"url\":\"https:\\\/\\\/mti.get.mybluehost.me\\\/\",\"name\":\"Hellenic Moon\",\"description\":\"Greek mythology and gods\",\"publisher\":{\"@id\":\"https:\\\/\\\/mti.get.mybluehost.me\\\/#organization\"},\"potentialAction\":[{\"@type\":\"SearchAction\",\"target\":{\"@type\":\"EntryPoint\",\"urlTemplate\":\"https:\\\/\\\/mti.get.mybluehost.me\\\/?s={search_term_string}\"},\"query-input\":{\"@type\":\"PropertyValueSpecification\",\"valueRequired\":true,\"valueName\":\"search_term_string\"}}],\"inLanguage\":\"it-IT\"},{\"@type\":\"Organization\",\"@id\":\"https:\\\/\\\/mti.get.mybluehost.me\\\/#organization\",\"name\":\"Hellenic Moon\",\"url\":\"https:\\\/\\\/mti.get.mybluehost.me\\\/\",\"logo\":{\"@type\":\"ImageObject\",\"inLanguage\":\"it-IT\",\"@id\":\"https:\\\/\\\/mti.get.mybluehost.me\\\/#\\\/schema\\\/logo\\\/image\\\/\",\"url\":\"https:\\\/\\\/hellenicmoon.com\\\/wp-content\\\/uploads\\\/2020\\\/01\\\/cropped-logo_ok_by_aramisdream_ddoqp6p.png\",\"contentUrl\":\"https:\\\/\\\/hellenicmoon.com\\\/wp-content\\\/uploads\\\/2020\\\/01\\\/cropped-logo_ok_by_aramisdream_ddoqp6p.png\",\"width\":150,\"height\":100,\"caption\":\"Hellenic Moon\"},\"image\":{\"@id\":\"https:\\\/\\\/mti.get.mybluehost.me\\\/#\\\/schema\\\/logo\\\/image\\\/\"},\"sameAs\":[\"https:\\\/\\\/www.instagram.com\\\/hellenic.moon\"]}]}<\/script>\n<!-- \/ Yoast SEO plugin. -->","yoast_head_json":{"title":"Ofiuco - Hellenic Moon","robots":{"index":"index","follow":"follow","max-snippet":"max-snippet:-1","max-image-preview":"max-image-preview:large","max-video-preview":"max-video-preview:-1"},"canonical":"https:\/\/hellenicmoon.com\/it\/ofiuco\/","og_locale":"it_IT","og_type":"article","og_title":"Ofiuco - Hellenic Moon","og_description":"Ofiuco \u00e8 il tredicesimo segno dello zodiaco, che rappresenta un uomo che tiene in mano un serpente. \u00c8 associato all&#8217;elemento del fuoco, al pianeta Giove e ai colori viola e verde. Si dice che le persone nate sotto questo segno siano avventurose, curiose, sagge e guaritrici. Ofiuco ha le sue [&hellip;]","og_url":"https:\/\/hellenicmoon.com\/it\/ofiuco\/","og_site_name":"Hellenic Moon","article_modified_time":"2023-12-21T09:52:12+00:00","twitter_card":"summary_large_image","twitter_misc":{"Tempo di lettura stimato":"1 minuto"},"schema":{"@context":"https:\/\/schema.org","@graph":[{"@type":"WebPage","@id":"https:\/\/hellenicmoon.com\/it\/ofiuco\/","url":"https:\/\/hellenicmoon.com\/it\/ofiuco\/","name":"Ofiuco - Hellenic Moon","isPartOf":{"@id":"https:\/\/mti.get.mybluehost.me\/#website"},"datePublished":"2019-12-18T08:29:07+00:00","dateModified":"2023-12-21T09:52:12+00:00","breadcrumb":{"@id":"https:\/\/hellenicmoon.com\/it\/ofiuco\/#breadcrumb"},"inLanguage":"it-IT","potentialAction":[{"@type":"ReadAction","target":["https:\/\/hellenicmoon.com\/it\/ofiuco\/"]}]},{"@type":"BreadcrumbList","@id":"https:\/\/hellenicmoon.com\/it\/ofiuco\/#breadcrumb","itemListElement":[{"@type":"ListItem","position":1,"name":"Home","item":"https:\/\/hellenicmoon.com\/it\/"},{"@type":"ListItem","position":2,"name":"Ofiuco"}]},{"@type":"WebSite","@id":"https:\/\/mti.get.mybluehost.me\/#website","url":"https:\/\/mti.get.mybluehost.me\/","name":"Hellenic Moon","description":"Greek mythology and gods","publisher":{"@id":"https:\/\/mti.get.mybluehost.me\/#organization"},"potentialAction":[{"@type":"SearchAction","target":{"@type":"EntryPoint","urlTemplate":"https:\/\/mti.get.mybluehost.me\/?s={search_term_string}"},"query-input":{"@type":"PropertyValueSpecification","valueRequired":true,"valueName":"search_term_string"}}],"inLanguage":"it-IT"},{"@type":"Organization","@id":"https:\/\/mti.get.mybluehost.me\/#organization","name":"Hellenic Moon","url":"https:\/\/mti.get.mybluehost.me\/","logo":{"@type":"ImageObject","inLanguage":"it-IT","@id":"https:\/\/mti.get.mybluehost.me\/#\/schema\/logo\/image\/","url":"https:\/\/hellenicmoon.com\/wp-content\/uploads\/2020\/01\/cropped-logo_ok_by_aramisdream_ddoqp6p.png","contentUrl":"https:\/\/hellenicmoon.com\/wp-content\/uploads\/2020\/01\/cropped-logo_ok_by_aramisdream_ddoqp6p.png","width":150,"height":100,"caption":"Hellenic Moon"},"image":{"@id":"https:\/\/mti.get.mybluehost.me\/#\/schema\/logo\/image\/"},"sameAs":["https:\/\/www.instagram.com\/hellenic.moon"]}]}},"jetpack_sharing_enabled":true,"_links":{"self":[{"href":"https:\/\/hellenicmoon.com\/it\/wp-json\/wp\/v2\/pages\/11005","targetHints":{"allow":["GET"]}}],"collection":[{"href":"https:\/\/hellenicmoon.com\/it\/wp-json\/wp\/v2\/pages"}],"about":[{"href":"https:\/\/hellenicmoon.com\/it\/wp-json\/wp\/v2\/types\/page"}],"author":[{"embeddable":true,"href":"https:\/\/hellenicmoon.com\/it\/wp-json\/wp\/v2\/users\/2"}],"replies":[{"embeddable":true,"href":"https:\/\/hellenicmoon.com\/it\/wp-json\/wp\/v2\/comments?post=11005"}],"version-history":[{"count":0,"href":"https:\/\/hellenicmoon.com\/it\/wp-json\/wp\/v2\/pages\/11005\/revisions"}],"wp:attachment":[{"href":"https:\/\/hellenicmoon.com\/it\/wp-json\/wp\/v2\/media?parent=11005"}],"curies":[{"name":"wp","href":"https:\/\/api.w.org\/{rel}","templated":true}]}}