{"id":10977,"date":"2019-12-18T08:15:32","date_gmt":"2019-12-18T08:15:32","guid":{"rendered":"https:\/\/hellenicmoon.com\/bilancia\/"},"modified":"2023-12-21T09:44:30","modified_gmt":"2023-12-21T09:44:30","slug":"bilancia","status":"publish","type":"page","link":"https:\/\/hellenicmoon.com\/it\/bilancia\/","title":{"rendered":"Bilancia"},"content":{"rendered":"\n<figure class=\"wp-block-embed aligncenter is-type-video is-provider-youtube wp-block-embed-youtube wp-embed-aspect-4-3 wp-has-aspect-ratio\"><div class=\"wp-block-embed__wrapper\">\n<iframe title=\"The Origin of the Constellation of Libra\" width=\"750\" height=\"563\" src=\"https:\/\/www.youtube.com\/embed\/3sOZeL8ptxE?feature=oembed\" frameborder=\"0\" allow=\"accelerometer; autoplay; clipboard-write; encrypted-media; gyroscope; picture-in-picture; web-share\" allowfullscreen><\/iframe>\n<\/div><figcaption class=\"wp-element-caption\"><strong><sub>Ci sono varie storie sulle origini della Bilancia.<\/sub><\/strong><\/figcaption><\/figure>\n\n\n\n<p>La Bilancia \u00e8 il settimo segno dello zodiaco, che rappresenta una coppia di bilance che misurano l&#8217;equilibrio e l&#8217;armonia. \u00c8 associato all&#8217;elemento dell&#8217;aria, al pianeta Venere e ai colori blu e rosa. Si dice che le persone nate sotto questo segno siano diplomatiche, eque, cooperative e affascinanti.<\/p>\n\n\n\n<p>La Bilancia ha le sue origini in un mito greco su Themis, la dea della giustizia e della legge. Secondo il mito, Themis era la figlia di Urano e Gaia, il cielo e la terra. Era uno dei Titani originali che governarono il mondo prima degli dei dell&#8217;Olimpo. Era anche la madre di Astrea, la dea dell&#8217;innocenza che divenne Vergine.<\/p>\n\n\n\n<p>Themis era una dea saggia e retta che consigliava Zeus su questioni di giustizia e ordine. Presiedeva anche l&#8217;oracolo di Delfi, dove rivelava ai mortali la volont\u00e0 degli dei. Era spesso raffigurata come una donna che teneva in mano un paio di bilance e una spada, a simboleggiare la sua capacit\u00e0 di pesare e far rispettare la giustizia.<\/p>\n\n\n\n<p>Themis era anche associata a Dike, un&#8217;altra dea della giustizia che era sua figlia o nipote. Dike era responsabile della giustizia umana e della moralit\u00e0, mentre Themis era responsabile della giustizia divina e della legge naturale. Si dice anche che Dike abbia lasciato la terra insieme ad Astraea quando gli esseri umani divennero malvagi e corrotti.<\/p>\n\n\n\n<p>Zeus onor\u00f2 Themis e Dike collocandoli tra le stelle come costellazioni della Bilancia e della Vergine. Si assicur\u00f2 anche che la Bilancia fosse sempre vicina alla Vergine, il segno di purezza e innocenza che rappresentava Astrea.<\/p>\n\n\n\n<p>La Bilancia \u00e8 un segno zodiacale equilibrato e armonioso che riflette molti aspetti della natura umana e della societ\u00e0. \u00c8 un simbolo di diplomazia e correttezza che pu\u00f2 mediare i conflitti e promuovere la pace. \u00c8 un simbolo di cooperazione e fascino che pu\u00f2 funzionare bene con gli altri e creare relazioni piacevoli. \u00c8 un simbolo di giustizia e di diritto in grado di sostenere principi e valori.<\/p>\n","protected":false},"excerpt":{"rendered":"<p>La Bilancia \u00e8 il settimo segno dello zodiaco, che rappresenta una coppia di bilance che misurano l&#8217;equilibrio e l&#8217;armonia. \u00c8 associato all&#8217;elemento dell&#8217;aria, al pianeta Venere e ai colori blu e rosa. Si dice che le persone nate sotto questo segno siano diplomatiche, eque, cooperative e affascinanti. La Bilancia ha [&hellip;]<\/p>\n","protected":false},"author":2,"featured_media":0,"parent":0,"menu_order":0,"comment_status":"closed","ping_status":"closed","template":"","meta":{"_bbp_topic_count":0,"_bbp_reply_count":0,"_bbp_total_topic_count":0,"_bbp_total_reply_count":0,"_bbp_voice_count":0,"_bbp_anonymous_reply_count":0,"_bbp_topic_count_hidden":0,"_bbp_reply_count_hidden":0,"_bbp_forum_subforum_count":0,"_monsterinsights_skip_tracking":false,"_monsterinsights_sitenote_active":false,"_monsterinsights_sitenote_note":"","_monsterinsights_sitenote_category":0,"jetpack_post_was_ever_published":false,"footnotes":""},"class_list":["post-10977","page","type-page","status-publish","hentry"],"yoast_head":"<!-- This site is optimized with the Yoast SEO plugin v27.3 - https:\/\/yoast.com\/product\/yoast-seo-wordpress\/ -->\n<title>Bilancia - Hellenic Moon<\/title>\n<meta name=\"robots\" content=\"index, follow, max-snippet:-1, max-image-preview:large, max-video-preview:-1\" \/>\n<link rel=\"canonical\" href=\"https:\/\/hellenicmoon.com\/it\/bilancia\/\" \/>\n<meta property=\"og:locale\" content=\"it_IT\" \/>\n<meta property=\"og:type\" content=\"article\" \/>\n<meta property=\"og:title\" content=\"Bilancia - Hellenic Moon\" \/>\n<meta property=\"og:description\" content=\"La Bilancia \u00e8 il settimo segno dello zodiaco, che rappresenta una coppia di bilance che misurano l&#8217;equilibrio e l&#8217;armonia. \u00c8 associato all&#8217;elemento dell&#8217;aria, al pianeta Venere e ai colori blu e rosa. Si dice che le persone nate sotto questo segno siano diplomatiche, eque, cooperative e affascinanti. La Bilancia ha [&hellip;]\" \/>\n<meta property=\"og:url\" content=\"https:\/\/hellenicmoon.com\/it\/bilancia\/\" \/>\n<meta property=\"og:site_name\" content=\"Hellenic Moon\" \/>\n<meta property=\"article:modified_time\" content=\"2023-12-21T09:44:30+00:00\" \/>\n<meta name=\"twitter:card\" content=\"summary_large_image\" \/>\n<meta name=\"twitter:label1\" content=\"Tempo di lettura stimato\" \/>\n\t<meta name=\"twitter:data1\" content=\"2 minuti\" \/>\n<script type=\"application\/ld+json\" class=\"yoast-schema-graph\">{\"@context\":\"https:\\\/\\\/schema.org\",\"@graph\":[{\"@type\":\"WebPage\",\"@id\":\"https:\\\/\\\/hellenicmoon.com\\\/it\\\/bilancia\\\/\",\"url\":\"https:\\\/\\\/hellenicmoon.com\\\/it\\\/bilancia\\\/\",\"name\":\"Bilancia - Hellenic Moon\",\"isPartOf\":{\"@id\":\"https:\\\/\\\/mti.get.mybluehost.me\\\/#website\"},\"datePublished\":\"2019-12-18T08:15:32+00:00\",\"dateModified\":\"2023-12-21T09:44:30+00:00\",\"breadcrumb\":{\"@id\":\"https:\\\/\\\/hellenicmoon.com\\\/it\\\/bilancia\\\/#breadcrumb\"},\"inLanguage\":\"it-IT\",\"potentialAction\":[{\"@type\":\"ReadAction\",\"target\":[\"https:\\\/\\\/hellenicmoon.com\\\/it\\\/bilancia\\\/\"]}]},{\"@type\":\"BreadcrumbList\",\"@id\":\"https:\\\/\\\/hellenicmoon.com\\\/it\\\/bilancia\\\/#breadcrumb\",\"itemListElement\":[{\"@type\":\"ListItem\",\"position\":1,\"name\":\"Home\",\"item\":\"https:\\\/\\\/hellenicmoon.com\\\/it\\\/\"},{\"@type\":\"ListItem\",\"position\":2,\"name\":\"Bilancia\"}]},{\"@type\":\"WebSite\",\"@id\":\"https:\\\/\\\/mti.get.mybluehost.me\\\/#website\",\"url\":\"https:\\\/\\\/mti.get.mybluehost.me\\\/\",\"name\":\"Hellenic Moon\",\"description\":\"Greek mythology and gods\",\"publisher\":{\"@id\":\"https:\\\/\\\/mti.get.mybluehost.me\\\/#organization\"},\"potentialAction\":[{\"@type\":\"SearchAction\",\"target\":{\"@type\":\"EntryPoint\",\"urlTemplate\":\"https:\\\/\\\/mti.get.mybluehost.me\\\/?s={search_term_string}\"},\"query-input\":{\"@type\":\"PropertyValueSpecification\",\"valueRequired\":true,\"valueName\":\"search_term_string\"}}],\"inLanguage\":\"it-IT\"},{\"@type\":\"Organization\",\"@id\":\"https:\\\/\\\/mti.get.mybluehost.me\\\/#organization\",\"name\":\"Hellenic Moon\",\"url\":\"https:\\\/\\\/mti.get.mybluehost.me\\\/\",\"logo\":{\"@type\":\"ImageObject\",\"inLanguage\":\"it-IT\",\"@id\":\"https:\\\/\\\/mti.get.mybluehost.me\\\/#\\\/schema\\\/logo\\\/image\\\/\",\"url\":\"https:\\\/\\\/hellenicmoon.com\\\/wp-content\\\/uploads\\\/2020\\\/01\\\/cropped-logo_ok_by_aramisdream_ddoqp6p.png\",\"contentUrl\":\"https:\\\/\\\/hellenicmoon.com\\\/wp-content\\\/uploads\\\/2020\\\/01\\\/cropped-logo_ok_by_aramisdream_ddoqp6p.png\",\"width\":150,\"height\":100,\"caption\":\"Hellenic Moon\"},\"image\":{\"@id\":\"https:\\\/\\\/mti.get.mybluehost.me\\\/#\\\/schema\\\/logo\\\/image\\\/\"},\"sameAs\":[\"https:\\\/\\\/www.instagram.com\\\/hellenic.moon\"]}]}<\/script>\n<!-- \/ Yoast SEO plugin. -->","yoast_head_json":{"title":"Bilancia - Hellenic Moon","robots":{"index":"index","follow":"follow","max-snippet":"max-snippet:-1","max-image-preview":"max-image-preview:large","max-video-preview":"max-video-preview:-1"},"canonical":"https:\/\/hellenicmoon.com\/it\/bilancia\/","og_locale":"it_IT","og_type":"article","og_title":"Bilancia - Hellenic Moon","og_description":"La Bilancia \u00e8 il settimo segno dello zodiaco, che rappresenta una coppia di bilance che misurano l&#8217;equilibrio e l&#8217;armonia. \u00c8 associato all&#8217;elemento dell&#8217;aria, al pianeta Venere e ai colori blu e rosa. Si dice che le persone nate sotto questo segno siano diplomatiche, eque, cooperative e affascinanti. La Bilancia ha [&hellip;]","og_url":"https:\/\/hellenicmoon.com\/it\/bilancia\/","og_site_name":"Hellenic Moon","article_modified_time":"2023-12-21T09:44:30+00:00","twitter_card":"summary_large_image","twitter_misc":{"Tempo di lettura stimato":"2 minuti"},"schema":{"@context":"https:\/\/schema.org","@graph":[{"@type":"WebPage","@id":"https:\/\/hellenicmoon.com\/it\/bilancia\/","url":"https:\/\/hellenicmoon.com\/it\/bilancia\/","name":"Bilancia - Hellenic Moon","isPartOf":{"@id":"https:\/\/mti.get.mybluehost.me\/#website"},"datePublished":"2019-12-18T08:15:32+00:00","dateModified":"2023-12-21T09:44:30+00:00","breadcrumb":{"@id":"https:\/\/hellenicmoon.com\/it\/bilancia\/#breadcrumb"},"inLanguage":"it-IT","potentialAction":[{"@type":"ReadAction","target":["https:\/\/hellenicmoon.com\/it\/bilancia\/"]}]},{"@type":"BreadcrumbList","@id":"https:\/\/hellenicmoon.com\/it\/bilancia\/#breadcrumb","itemListElement":[{"@type":"ListItem","position":1,"name":"Home","item":"https:\/\/hellenicmoon.com\/it\/"},{"@type":"ListItem","position":2,"name":"Bilancia"}]},{"@type":"WebSite","@id":"https:\/\/mti.get.mybluehost.me\/#website","url":"https:\/\/mti.get.mybluehost.me\/","name":"Hellenic Moon","description":"Greek mythology and gods","publisher":{"@id":"https:\/\/mti.get.mybluehost.me\/#organization"},"potentialAction":[{"@type":"SearchAction","target":{"@type":"EntryPoint","urlTemplate":"https:\/\/mti.get.mybluehost.me\/?s={search_term_string}"},"query-input":{"@type":"PropertyValueSpecification","valueRequired":true,"valueName":"search_term_string"}}],"inLanguage":"it-IT"},{"@type":"Organization","@id":"https:\/\/mti.get.mybluehost.me\/#organization","name":"Hellenic Moon","url":"https:\/\/mti.get.mybluehost.me\/","logo":{"@type":"ImageObject","inLanguage":"it-IT","@id":"https:\/\/mti.get.mybluehost.me\/#\/schema\/logo\/image\/","url":"https:\/\/hellenicmoon.com\/wp-content\/uploads\/2020\/01\/cropped-logo_ok_by_aramisdream_ddoqp6p.png","contentUrl":"https:\/\/hellenicmoon.com\/wp-content\/uploads\/2020\/01\/cropped-logo_ok_by_aramisdream_ddoqp6p.png","width":150,"height":100,"caption":"Hellenic Moon"},"image":{"@id":"https:\/\/mti.get.mybluehost.me\/#\/schema\/logo\/image\/"},"sameAs":["https:\/\/www.instagram.com\/hellenic.moon"]}]}},"jetpack_sharing_enabled":true,"_links":{"self":[{"href":"https:\/\/hellenicmoon.com\/it\/wp-json\/wp\/v2\/pages\/10977","targetHints":{"allow":["GET"]}}],"collection":[{"href":"https:\/\/hellenicmoon.com\/it\/wp-json\/wp\/v2\/pages"}],"about":[{"href":"https:\/\/hellenicmoon.com\/it\/wp-json\/wp\/v2\/types\/page"}],"author":[{"embeddable":true,"href":"https:\/\/hellenicmoon.com\/it\/wp-json\/wp\/v2\/users\/2"}],"replies":[{"embeddable":true,"href":"https:\/\/hellenicmoon.com\/it\/wp-json\/wp\/v2\/comments?post=10977"}],"version-history":[{"count":0,"href":"https:\/\/hellenicmoon.com\/it\/wp-json\/wp\/v2\/pages\/10977\/revisions"}],"wp:attachment":[{"href":"https:\/\/hellenicmoon.com\/it\/wp-json\/wp\/v2\/media?parent=10977"}],"curies":[{"name":"wp","href":"https:\/\/api.w.org\/{rel}","templated":true}]}}