{"id":10973,"date":"2019-12-13T09:18:51","date_gmt":"2019-12-13T09:18:51","guid":{"rendered":"https:\/\/hellenicmoon.com\/leone\/"},"modified":"2023-12-21T09:52:10","modified_gmt":"2023-12-21T09:52:10","slug":"leone","status":"publish","type":"page","link":"https:\/\/hellenicmoon.com\/it\/leone\/","title":{"rendered":"Leone"},"content":{"rendered":"\n<figure class=\"wp-block-embed aligncenter is-type-video is-provider-youtube wp-block-embed-youtube wp-embed-aspect-16-9 wp-has-aspect-ratio\"><div class=\"wp-block-embed__wrapper\">\n<iframe title=\"Hercules - &#039;The Lion&#039; Clip\" width=\"750\" height=\"422\" src=\"https:\/\/www.youtube.com\/embed\/8fVbAt9MsPI?feature=oembed\" frameborder=\"0\" allow=\"accelerometer; autoplay; clipboard-write; encrypted-media; gyroscope; picture-in-picture; web-share\" allowfullscreen><\/iframe>\n<\/div><figcaption class=\"wp-element-caption\"><strong><sub>Dopo che Eracle sconfisse il Leone di Nemea come sua prima fatica, Era pose il leone nel cielo come costellazione del Leone.<\/sub><\/strong><\/figcaption><\/figure>\n\n\n\n<p>Il Leone \u00e8 il quinto segno dello zodiaco, che rappresenta un leone con una criniera maestosa. \u00c8 associato all&#8217;elemento del fuoco, del sole e dei colori oro e arancione. Si dice che le persone nate sotto questo segno siano generose, carismatiche, creative e sicure di s\u00e9.<\/p>\n\n\n\n<p>Leo ha le sue origini in un mito greco sul leone di Nemea, una bestia spaventosa che terrorizzava la regione di Nemea. Secondo il mito, il leone era la progenie di Tifone ed Echidna, due creature mostruose che sfidarono gli dei. Il leone aveva una pelliccia dorata che era impermeabile alle armi e agli artigli che potevano tagliare qualsiasi armatura.<\/p>\n\n\n\n<p>Il leone fu uno dei nemici che Eracle dovette affrontare come parte delle sue dodici fatiche. Eracle era un semidio e un eroe che doveva svolgere questi compiti come penitenza per aver ucciso la propria famiglia sotto l&#8217;influenza di Era. Era era la moglie di Zeus e la nemica di Eracle, che era il figlio illegittimo di Zeus.<\/p>\n\n\n\n<p>Eracle rintracci\u00f2 il leone nella sua caverna e cerc\u00f2 di colpirlo con le frecce, ma queste rimbalzarono sulla sua pelle. Ha quindi deciso di combatterlo con la sua mazza, ma si \u00e8 rotto in mille pezzi. Alla fine ricorse a lottare a mani nude e riusc\u00ec a strangolarlo a morte. Poi lo scuoi\u00f2 con i suoi stessi artigli e us\u00f2 la sua pelle come mantello e la sua testa come elmo.<\/p>\n\n\n\n<p>Zeus rimase impressionato dall&#8217;impresa di Eracle e pose il leone tra le stelle come costellazione per commemorare la sua vittoria. Si assicur\u00f2 anche che Leo fosse sempre vicino al Cancro, il granchio che Era aveva inviato per aiutare l&#8217;Idra contro Eracle.<\/p>\n\n\n\n<p>Il Leone \u00e8 un segno zodiacale orgoglioso e potente che riflette molti aspetti della natura e della creativit\u00e0 umana. \u00c8 un simbolo di generosit\u00e0 e carisma che pu\u00f2 ispirare e motivare gli altri con il loro calore ed entusiasmo. \u00c8 un simbolo di creativit\u00e0 e fiducia in se stessi che possono esprimere se stessi e i propri talenti in vari modi. \u00c8 un simbolo di coraggio e forza che pu\u00f2 superare qualsiasi sfida e raggiungere i propri obiettivi.<\/p>\n","protected":false},"excerpt":{"rendered":"<p>Il Leone \u00e8 il quinto segno dello zodiaco, che rappresenta un leone con una criniera maestosa. \u00c8 associato all&#8217;elemento del fuoco, del sole e dei colori oro e arancione. Si dice che le persone nate sotto questo segno siano generose, carismatiche, creative e sicure di s\u00e9. Leo ha le sue [&hellip;]<\/p>\n","protected":false},"author":2,"featured_media":0,"parent":0,"menu_order":0,"comment_status":"closed","ping_status":"closed","template":"","meta":{"_bbp_topic_count":0,"_bbp_reply_count":0,"_bbp_total_topic_count":0,"_bbp_total_reply_count":0,"_bbp_voice_count":0,"_bbp_anonymous_reply_count":0,"_bbp_topic_count_hidden":0,"_bbp_reply_count_hidden":0,"_bbp_forum_subforum_count":0,"_monsterinsights_skip_tracking":false,"_monsterinsights_sitenote_active":false,"_monsterinsights_sitenote_note":"","_monsterinsights_sitenote_category":0,"jetpack_post_was_ever_published":false,"footnotes":""},"class_list":["post-10973","page","type-page","status-publish","hentry"],"yoast_head":"<!-- This site is optimized with the Yoast SEO plugin v27.3 - https:\/\/yoast.com\/product\/yoast-seo-wordpress\/ -->\n<title>Leone - Hellenic Moon<\/title>\n<meta name=\"robots\" content=\"index, follow, max-snippet:-1, max-image-preview:large, max-video-preview:-1\" \/>\n<link rel=\"canonical\" href=\"https:\/\/hellenicmoon.com\/it\/leone\/\" \/>\n<meta property=\"og:locale\" content=\"it_IT\" \/>\n<meta property=\"og:type\" content=\"article\" \/>\n<meta property=\"og:title\" content=\"Leone - Hellenic Moon\" \/>\n<meta property=\"og:description\" content=\"Il Leone \u00e8 il quinto segno dello zodiaco, che rappresenta un leone con una criniera maestosa. \u00c8 associato all&#8217;elemento del fuoco, del sole e dei colori oro e arancione. Si dice che le persone nate sotto questo segno siano generose, carismatiche, creative e sicure di s\u00e9. Leo ha le sue [&hellip;]\" \/>\n<meta property=\"og:url\" content=\"https:\/\/hellenicmoon.com\/it\/leone\/\" \/>\n<meta property=\"og:site_name\" content=\"Hellenic Moon\" \/>\n<meta property=\"article:modified_time\" content=\"2023-12-21T09:52:10+00:00\" \/>\n<meta name=\"twitter:card\" content=\"summary_large_image\" \/>\n<meta name=\"twitter:label1\" content=\"Tempo di lettura stimato\" \/>\n\t<meta name=\"twitter:data1\" content=\"2 minuti\" \/>\n<script type=\"application\/ld+json\" class=\"yoast-schema-graph\">{\"@context\":\"https:\\\/\\\/schema.org\",\"@graph\":[{\"@type\":\"WebPage\",\"@id\":\"https:\\\/\\\/hellenicmoon.com\\\/it\\\/leone\\\/\",\"url\":\"https:\\\/\\\/hellenicmoon.com\\\/it\\\/leone\\\/\",\"name\":\"Leone - Hellenic Moon\",\"isPartOf\":{\"@id\":\"https:\\\/\\\/mti.get.mybluehost.me\\\/#website\"},\"datePublished\":\"2019-12-13T09:18:51+00:00\",\"dateModified\":\"2023-12-21T09:52:10+00:00\",\"breadcrumb\":{\"@id\":\"https:\\\/\\\/hellenicmoon.com\\\/it\\\/leone\\\/#breadcrumb\"},\"inLanguage\":\"it-IT\",\"potentialAction\":[{\"@type\":\"ReadAction\",\"target\":[\"https:\\\/\\\/hellenicmoon.com\\\/it\\\/leone\\\/\"]}]},{\"@type\":\"BreadcrumbList\",\"@id\":\"https:\\\/\\\/hellenicmoon.com\\\/it\\\/leone\\\/#breadcrumb\",\"itemListElement\":[{\"@type\":\"ListItem\",\"position\":1,\"name\":\"Home\",\"item\":\"https:\\\/\\\/hellenicmoon.com\\\/it\\\/\"},{\"@type\":\"ListItem\",\"position\":2,\"name\":\"Leone\"}]},{\"@type\":\"WebSite\",\"@id\":\"https:\\\/\\\/mti.get.mybluehost.me\\\/#website\",\"url\":\"https:\\\/\\\/mti.get.mybluehost.me\\\/\",\"name\":\"Hellenic Moon\",\"description\":\"Greek mythology and gods\",\"publisher\":{\"@id\":\"https:\\\/\\\/mti.get.mybluehost.me\\\/#organization\"},\"potentialAction\":[{\"@type\":\"SearchAction\",\"target\":{\"@type\":\"EntryPoint\",\"urlTemplate\":\"https:\\\/\\\/mti.get.mybluehost.me\\\/?s={search_term_string}\"},\"query-input\":{\"@type\":\"PropertyValueSpecification\",\"valueRequired\":true,\"valueName\":\"search_term_string\"}}],\"inLanguage\":\"it-IT\"},{\"@type\":\"Organization\",\"@id\":\"https:\\\/\\\/mti.get.mybluehost.me\\\/#organization\",\"name\":\"Hellenic Moon\",\"url\":\"https:\\\/\\\/mti.get.mybluehost.me\\\/\",\"logo\":{\"@type\":\"ImageObject\",\"inLanguage\":\"it-IT\",\"@id\":\"https:\\\/\\\/mti.get.mybluehost.me\\\/#\\\/schema\\\/logo\\\/image\\\/\",\"url\":\"https:\\\/\\\/hellenicmoon.com\\\/wp-content\\\/uploads\\\/2020\\\/01\\\/cropped-logo_ok_by_aramisdream_ddoqp6p.png\",\"contentUrl\":\"https:\\\/\\\/hellenicmoon.com\\\/wp-content\\\/uploads\\\/2020\\\/01\\\/cropped-logo_ok_by_aramisdream_ddoqp6p.png\",\"width\":150,\"height\":100,\"caption\":\"Hellenic Moon\"},\"image\":{\"@id\":\"https:\\\/\\\/mti.get.mybluehost.me\\\/#\\\/schema\\\/logo\\\/image\\\/\"},\"sameAs\":[\"https:\\\/\\\/www.instagram.com\\\/hellenic.moon\"]}]}<\/script>\n<!-- \/ Yoast SEO plugin. -->","yoast_head_json":{"title":"Leone - Hellenic Moon","robots":{"index":"index","follow":"follow","max-snippet":"max-snippet:-1","max-image-preview":"max-image-preview:large","max-video-preview":"max-video-preview:-1"},"canonical":"https:\/\/hellenicmoon.com\/it\/leone\/","og_locale":"it_IT","og_type":"article","og_title":"Leone - Hellenic Moon","og_description":"Il Leone \u00e8 il quinto segno dello zodiaco, che rappresenta un leone con una criniera maestosa. \u00c8 associato all&#8217;elemento del fuoco, del sole e dei colori oro e arancione. Si dice che le persone nate sotto questo segno siano generose, carismatiche, creative e sicure di s\u00e9. Leo ha le sue [&hellip;]","og_url":"https:\/\/hellenicmoon.com\/it\/leone\/","og_site_name":"Hellenic Moon","article_modified_time":"2023-12-21T09:52:10+00:00","twitter_card":"summary_large_image","twitter_misc":{"Tempo di lettura stimato":"2 minuti"},"schema":{"@context":"https:\/\/schema.org","@graph":[{"@type":"WebPage","@id":"https:\/\/hellenicmoon.com\/it\/leone\/","url":"https:\/\/hellenicmoon.com\/it\/leone\/","name":"Leone - Hellenic Moon","isPartOf":{"@id":"https:\/\/mti.get.mybluehost.me\/#website"},"datePublished":"2019-12-13T09:18:51+00:00","dateModified":"2023-12-21T09:52:10+00:00","breadcrumb":{"@id":"https:\/\/hellenicmoon.com\/it\/leone\/#breadcrumb"},"inLanguage":"it-IT","potentialAction":[{"@type":"ReadAction","target":["https:\/\/hellenicmoon.com\/it\/leone\/"]}]},{"@type":"BreadcrumbList","@id":"https:\/\/hellenicmoon.com\/it\/leone\/#breadcrumb","itemListElement":[{"@type":"ListItem","position":1,"name":"Home","item":"https:\/\/hellenicmoon.com\/it\/"},{"@type":"ListItem","position":2,"name":"Leone"}]},{"@type":"WebSite","@id":"https:\/\/mti.get.mybluehost.me\/#website","url":"https:\/\/mti.get.mybluehost.me\/","name":"Hellenic Moon","description":"Greek mythology and gods","publisher":{"@id":"https:\/\/mti.get.mybluehost.me\/#organization"},"potentialAction":[{"@type":"SearchAction","target":{"@type":"EntryPoint","urlTemplate":"https:\/\/mti.get.mybluehost.me\/?s={search_term_string}"},"query-input":{"@type":"PropertyValueSpecification","valueRequired":true,"valueName":"search_term_string"}}],"inLanguage":"it-IT"},{"@type":"Organization","@id":"https:\/\/mti.get.mybluehost.me\/#organization","name":"Hellenic Moon","url":"https:\/\/mti.get.mybluehost.me\/","logo":{"@type":"ImageObject","inLanguage":"it-IT","@id":"https:\/\/mti.get.mybluehost.me\/#\/schema\/logo\/image\/","url":"https:\/\/hellenicmoon.com\/wp-content\/uploads\/2020\/01\/cropped-logo_ok_by_aramisdream_ddoqp6p.png","contentUrl":"https:\/\/hellenicmoon.com\/wp-content\/uploads\/2020\/01\/cropped-logo_ok_by_aramisdream_ddoqp6p.png","width":150,"height":100,"caption":"Hellenic Moon"},"image":{"@id":"https:\/\/mti.get.mybluehost.me\/#\/schema\/logo\/image\/"},"sameAs":["https:\/\/www.instagram.com\/hellenic.moon"]}]}},"jetpack_sharing_enabled":true,"_links":{"self":[{"href":"https:\/\/hellenicmoon.com\/it\/wp-json\/wp\/v2\/pages\/10973","targetHints":{"allow":["GET"]}}],"collection":[{"href":"https:\/\/hellenicmoon.com\/it\/wp-json\/wp\/v2\/pages"}],"about":[{"href":"https:\/\/hellenicmoon.com\/it\/wp-json\/wp\/v2\/types\/page"}],"author":[{"embeddable":true,"href":"https:\/\/hellenicmoon.com\/it\/wp-json\/wp\/v2\/users\/2"}],"replies":[{"embeddable":true,"href":"https:\/\/hellenicmoon.com\/it\/wp-json\/wp\/v2\/comments?post=10973"}],"version-history":[{"count":0,"href":"https:\/\/hellenicmoon.com\/it\/wp-json\/wp\/v2\/pages\/10973\/revisions"}],"wp:attachment":[{"href":"https:\/\/hellenicmoon.com\/it\/wp-json\/wp\/v2\/media?parent=10973"}],"curies":[{"name":"wp","href":"https:\/\/api.w.org\/{rel}","templated":true}]}}