{"id":10965,"date":"2019-12-13T21:54:02","date_gmt":"2019-12-13T21:54:02","guid":{"rendered":"https:\/\/hellenicmoon.com\/hermes-araldo-degli-dei-e-psicopompo-delle-anime\/"},"modified":"2023-12-21T09:51:14","modified_gmt":"2023-12-21T09:51:14","slug":"hermes-araldo-degli-dei-e-psicopompo-delle-anime","status":"publish","type":"page","link":"https:\/\/hellenicmoon.com\/it\/hermes-araldo-degli-dei-e-psicopompo-delle-anime\/","title":{"rendered":"Hermes &#8211; Araldo degli Dei e Psicopompo delle Anime"},"content":{"rendered":"\n<p class=\"has-text-align-center\" style=\"font-size:18px\"><strong>Nome romano<\/strong> : <strong>Mercurio<\/strong> (Pianeta che porta il suo nome). Il <strong>mercoled\u00ec<\/strong> prende il nome da Hermes (leggi l&#8217;articolo di <a href=\"https:\/\/hellenicmoon.com\/it\/giorni-feriali\/\">\n  <span style=\"text-decoration: underline;\">Weekday<\/span>\n<\/a> )<\/p>\n\n\n<div class=\"wp-block-image\">\n<figure class=\"aligncenter size-large is-resized\"><img decoding=\"async\" width=\"1024\" height=\"822\" src=\"https:\/\/hellenicmoon.com\/wp-content\/uploads\/2019\/12\/Hermes2-1024x822.jpg\" alt=\"\" class=\"wp-image-430\" style=\"width:775px;height:622px\" srcset=\"https:\/\/hellenicmoon.com\/wp-content\/uploads\/2019\/12\/Hermes2-1024x822.jpg 1024w, https:\/\/hellenicmoon.com\/wp-content\/uploads\/2019\/12\/Hermes2-600x482.jpg 600w, https:\/\/hellenicmoon.com\/wp-content\/uploads\/2019\/12\/Hermes2-300x241.jpg 300w, https:\/\/hellenicmoon.com\/wp-content\/uploads\/2019\/12\/Hermes2-768x617.jpg 768w, https:\/\/hellenicmoon.com\/wp-content\/uploads\/2019\/12\/Hermes2.jpg 1148w\" sizes=\"(max-width: 1024px) 100vw, 1024px\" \/><figcaption class=\"wp-element-caption\"><strong>Statua di Hermes sopra il Grand Central Terminal di New York City. Hermes era il protettore dei viaggiatori, quindi la posizione sopra una stazione centrale \u00e8 un luogo ideale per stare. Era anche il dio del commercio e il messaggero degli dei, oltre a molto altro.<\/strong><\/figcaption><\/figure>\n<\/div>\n\n\n<p>Hermes \u00e8 una delle divinit\u00e0 pi\u00f9 versatili e affascinanti della mitologia greca. \u00c8 figlio di Zeus, il re degli dei, e di Maia, una ninfa e una delle Pleiadi. Egli \u00e8 il messaggero degli dei, che consegna i loro comandi e messaggi ai mortali e alle altre divinit\u00e0. \u00c8 anche il dio del commercio, della ricchezza, della fortuna, della fertilit\u00e0, dell&#8217;allevamento, del sonno, del linguaggio, dei ladri e dei viaggi. Viene spesso identificato con il dio romano Mercurio e con Casmilus o Cadmilus, uno dei Cabeiri, un gruppo di divinit\u00e0 misteriose venerate in Asia Minore.<\/p>\n\n\n\n<p>Hermes nacque in una grotta sul monte Cyllene in Arcadia, dove mostr\u00f2 rapidamente la sua astuzia e la sua intelligenza. Il suo primo giorno di vita, rub\u00f2 il bestiame di Apollo, il suo fratellastro, e lo nascose in una grotta. Invent\u00f2 anche la lira, uno strumento musicale ricavato da un guscio di tartaruga e corde. Quando Apollo scopr\u00ec il suo furto, and\u00f2 su tutte le furie e affront\u00f2 Hermes. Tuttavia, Ermes lo affascin\u00f2 con la sua arguzia e la sua musica, e gli offr\u00ec la lira in dono. Apollo fu cos\u00ec contento che lo perdon\u00f2 e lo fece suo amico. Gli regal\u00f2 anche un bastone d&#8217;oro, chiamato caduceo, che divenne il suo simbolo.<\/p>\n\n\n\n<p>Hermes ebbe molte avventure e imprese come messaggero degli dei. Aiut\u00f2 Zeus nei suoi affari con donne mortali, come Danae, Alcmene e Semele. Ha anche aiutato altri dei nei loro compiti e missioni, come guidare Persefone da sua madre Demetra dopo che \u00e8 stata rapita da Ade, o guidare gli Argonauti oltre le sirene con la sua musica. Era anche il conduttore delle anime dei morti agli inferi, dove le scortava fino al fiume Stige e le consegnava a Caronte, il traghettatore.<\/p>\n\n\n\n<p>Ermes era anche coinvolto in molte interazioni con i mortali, a volte aiutandoli e a volte ingannandoli. Era il patrono dei viaggiatori, dei mercanti e dei ladri, che invocavano la sua protezione e benedizione. Fu anche l&#8217;inventore di molte arti e scienze, come la scrittura, l&#8217;astronomia, la matematica e la medicina. Insegnava queste abilit\u00e0 agli umani che gli piacevano o che erano suoi discendenti. Alcuni dei suoi famosi discendenti includono Pan, il dio della natura; Autolico, il maestro ladro; Ermafrodito, la divinit\u00e0 androgina; ed Ermete Trismegisto, il leggendario saggio.<\/p>\n\n\n\n<p>Hermes era venerato in tutta la Grecia e oltre. Aveva molti templi e santuari a lui dedicati, dove la gente offriva sacrifici di animali o frutta. Fu anche onorato in alcune feste e riti, come l&#8217;Hermaia ad Atene o l&#8217;Hermoea in Beozia. Di solito era raffigurato come un uomo giovane e bello che indossava un cappello alato e sandali, portando un caduceo o una borsa. Era spesso accompagnato dai suoi simboli o attributi, come un gallo, una tartaruga o un ariete.<\/p>\n\n\n\n<p>Hermes \u00e8 un dio affascinante e attraente che rappresenta molti aspetti della vita e della cultura umana. \u00c8 un simbolo di comunicazione e scambio tra diversi regni ed esseri. \u00c8 un maestro di astuzia e creativit\u00e0 in grado di superare qualsiasi ostacolo o sfida. \u00c8 un amante e un padre che si diletta nella variet\u00e0 e nella novit\u00e0. \u00c8 un dio che ci ispira a esplorare il nostro potenziale e le nostre possibilit\u00e0.<\/p>\n\n\n\n<div style=\"height:24px\" aria-hidden=\"true\" class=\"wp-block-spacer\"><\/div>\n\n\n\n<figure class=\"wp-block-embed is-type-video is-provider-youtube wp-block-embed-youtube wp-embed-aspect-16-9 wp-has-aspect-ratio\"><div class=\"wp-block-embed__wrapper\">\n<iframe title=\"Miscellaneous Myths: Hermes\" width=\"750\" height=\"422\" src=\"https:\/\/www.youtube.com\/embed\/tg_Wi4RpKVY?feature=oembed\" frameborder=\"0\" allow=\"accelerometer; autoplay; clipboard-write; encrypted-media; gyroscope; picture-in-picture; web-share\" allowfullscreen><\/iframe>\n<\/div><figcaption class=\"wp-element-caption\"><strong>Alcuni miti su Hermes<\/strong><\/figcaption><\/figure>\n\n\n\n<div style=\"height:20px\" aria-hidden=\"true\" class=\"wp-block-spacer\"><\/div>\n\n\n\n<h2 class=\"wp-block-heading has-text-align-center\">Hermes consiglia:<\/h2>\n\n\n\n<h2 class=\"wp-block-heading has-text-align-center\" id=\"wp-block-themeisle-blocks-advanced-heading-7c3a2d2e\"><span style=\"text-decoration: underline;\">Le squadre di Hermes<\/span><\/h2>\n\n\n\n<h5 class=\"wp-block-heading has-text-align-center\" id=\"wp-block-themeisle-blocks-advanced-heading-72722964\">Se Hermes supportasse le squadre sportive moderne, sarebbero:<\/h5>\n\n\n\n<div class=\"wp-block-columns is-layout-flex wp-container-core-columns-is-layout-28f84493 wp-block-columns-is-layout-flex\">\n<div class=\"wp-block-column is-layout-flow wp-block-column-is-layout-flow\"><div class=\"wp-block-image\">\n<figure class=\"aligncenter size-full is-resized\"><img decoding=\"async\" width=\"236\" height=\"236\" src=\"https:\/\/hellenicmoon.com\/wp-content\/uploads\/2019\/12\/blackhawks.jpg\" alt=\"\" class=\"wp-image-445\" style=\"width:200px;height:200px\" srcset=\"https:\/\/hellenicmoon.com\/wp-content\/uploads\/2019\/12\/blackhawks.jpg 236w, https:\/\/hellenicmoon.com\/wp-content\/uploads\/2019\/12\/blackhawks-230x230.jpg 230w, https:\/\/hellenicmoon.com\/wp-content\/uploads\/2019\/12\/blackhawks-160x160.jpg 160w, https:\/\/hellenicmoon.com\/wp-content\/uploads\/2019\/12\/blackhawks-150x150.jpg 150w, https:\/\/hellenicmoon.com\/wp-content\/uploads\/2019\/12\/blackhawks-50x50.jpg 50w\" sizes=\"(max-width: 236px) 100vw, 236px\" \/><figcaption class=\"wp-element-caption\"><strong><kbd>Chicago Blackhawks<\/kbd><\/strong><\/figcaption><\/figure>\n<\/div>\n\n\n<p class=\"has-text-align-center has-medium-font-size\">Animale sacro di Hermes<\/p>\n\n\n\n<p class=\"has-small-font-size\" id=\"wp-block-themeisle-blocks-advanced-heading-e554e53a\">Gli Hawks erano sacri per Hermes, quindi avrebbe trovato davvero facile sostenere i Chicago Blackhawks, che sono la quarta squadra di maggior successo nella NHL con 6 vittorie nella Stanley Cup, 4 campionati di Conference, 2 trofei dei presidenti e 16 campionati di Division al loro attivo.<\/p>\n<\/div>\n\n\n\n<div class=\"wp-block-column is-layout-flow wp-block-column-is-layout-flow\"><div class=\"wp-block-image\">\n<figure class=\"aligncenter size-large is-resized\"><img decoding=\"async\" width=\"1024\" height=\"828\" src=\"https:\/\/hellenicmoon.com\/wp-content\/uploads\/2019\/12\/larisa-1024x828.png\" alt=\"\" class=\"wp-image-440\" style=\"width:200px;height:200px\" srcset=\"https:\/\/hellenicmoon.com\/wp-content\/uploads\/2019\/12\/larisa-1024x828.png 1024w, https:\/\/hellenicmoon.com\/wp-content\/uploads\/2019\/12\/larisa-600x485.png 600w, https:\/\/hellenicmoon.com\/wp-content\/uploads\/2019\/12\/larisa-300x243.png 300w, https:\/\/hellenicmoon.com\/wp-content\/uploads\/2019\/12\/larisa-768x621.png 768w, https:\/\/hellenicmoon.com\/wp-content\/uploads\/2019\/12\/larisa.png 1219w\" sizes=\"(max-width: 1024px) 100vw, 1024px\" \/><figcaption class=\"wp-element-caption\"><strong><kbd>Cesto Larissa<\/kbd><\/strong><\/figcaption><\/figure>\n<\/div>\n\n\n<p class=\"has-text-align-center has-medium-font-size\">La squadra a sua immagine e somiglianza<\/p>\n\n\n\n<p class=\"has-small-font-size\" id=\"wp-block-themeisle-blocks-advanced-heading-a82334bf\">Sebbene sia una squadra pi\u00f9 piccola nel basket greco, Hermes sarebbe un fan di Larisa Basket poich\u00e9 \u00e8 presente sullo stemma del club.<\/p>\n<\/div>\n\n\n\n<div class=\"wp-block-column is-layout-flow wp-block-column-is-layout-flow\"><div class=\"wp-block-image\">\n<figure class=\"aligncenter size-full is-resized\"><img decoding=\"async\" width=\"618\" height=\"617\" src=\"https:\/\/hellenicmoon.com\/wp-content\/uploads\/2019\/12\/Seahawks.png\" alt=\"\" class=\"wp-image-443\" style=\"width:200px;height:200px\" srcset=\"https:\/\/hellenicmoon.com\/wp-content\/uploads\/2019\/12\/Seahawks.png 618w, https:\/\/hellenicmoon.com\/wp-content\/uploads\/2019\/12\/Seahawks-230x230.png 230w, https:\/\/hellenicmoon.com\/wp-content\/uploads\/2019\/12\/Seahawks-160x160.png 160w, https:\/\/hellenicmoon.com\/wp-content\/uploads\/2019\/12\/Seahawks-600x599.png 600w, https:\/\/hellenicmoon.com\/wp-content\/uploads\/2019\/12\/Seahawks-300x300.png 300w, https:\/\/hellenicmoon.com\/wp-content\/uploads\/2019\/12\/Seahawks-150x150.png 150w, https:\/\/hellenicmoon.com\/wp-content\/uploads\/2019\/12\/Seahawks-50x50.png 50w\" sizes=\"(max-width: 618px) 100vw, 618px\" \/><figcaption class=\"wp-element-caption\"><strong><kbd>Seattle Seahawks<\/kbd><\/strong><\/figcaption><\/figure>\n<\/div>\n\n\n<p class=\"has-text-align-center has-medium-font-size\">Animale sacro di Hermes<\/p>\n\n\n\n<p class=\"has-small-font-size\" id=\"wp-block-themeisle-blocks-advanced-heading-22027bdf\">Con 1 Superbowl, 3 campionati di Conference e 10 campionati di Division al loro attivo, Hermes sarebbe stato affezionato ai Seattle Seahawks.<\/p>\n<\/div>\n\n\n\n<div class=\"wp-block-column is-layout-flow wp-block-column-is-layout-flow\"><div class=\"wp-block-image\">\n<figure class=\"aligncenter size-full\"><img decoding=\"async\" width=\"200\" height=\"200\" src=\"https:\/\/hellenicmoon.com\/wp-content\/uploads\/2019\/12\/Rams1.jpg\" alt=\"\" class=\"wp-image-787\" srcset=\"https:\/\/hellenicmoon.com\/wp-content\/uploads\/2019\/12\/Rams1.jpg 200w, https:\/\/hellenicmoon.com\/wp-content\/uploads\/2019\/12\/Rams1-160x160.jpg 160w, https:\/\/hellenicmoon.com\/wp-content\/uploads\/2019\/12\/Rams1-150x150.jpg 150w, https:\/\/hellenicmoon.com\/wp-content\/uploads\/2019\/12\/Rams1-50x50.jpg 50w\" sizes=\"(max-width: 200px) 100vw, 200px\" \/><figcaption class=\"wp-element-caption\"><strong><kbd>Los Angeles Rams<\/kbd><\/strong><\/figcaption><\/figure>\n<\/div>\n\n\n<p class=\"has-text-align-center has-medium-font-size\">Animale sacro di Hermes<\/p>\n\n\n\n<p class=\"has-small-font-size\">I Rams erano sacri per Hermes, che sarebbe stato un fan dei Los Angeles Rams, con 3 Superbowl (incluso prima del 1970), 7 campionati di Conference e 20 campionati di Division al loro attivo.<\/p>\n<\/div>\n<\/div>\n","protected":false},"excerpt":{"rendered":"<p>Nome romano : Mercurio (Pianeta che porta il suo nome). Il mercoled\u00ec prende il nome da Hermes (leggi l&#8217;articolo di Weekday ) Hermes \u00e8 una delle divinit\u00e0 pi\u00f9 versatili e affascinanti della mitologia greca. \u00c8 figlio di Zeus, il re degli dei, e di Maia, una ninfa e una delle [&hellip;]<\/p>\n","protected":false},"author":2,"featured_media":0,"parent":0,"menu_order":0,"comment_status":"closed","ping_status":"closed","template":"","meta":{"_bbp_topic_count":0,"_bbp_reply_count":0,"_bbp_total_topic_count":0,"_bbp_total_reply_count":0,"_bbp_voice_count":0,"_bbp_anonymous_reply_count":0,"_bbp_topic_count_hidden":0,"_bbp_reply_count_hidden":0,"_bbp_forum_subforum_count":0,"_monsterinsights_skip_tracking":false,"_monsterinsights_sitenote_active":false,"_monsterinsights_sitenote_note":"","_monsterinsights_sitenote_category":0,"jetpack_post_was_ever_published":false,"footnotes":""},"class_list":["post-10965","page","type-page","status-publish","hentry"],"yoast_head":"<!-- This site is optimized with the Yoast SEO plugin v27.4 - https:\/\/yoast.com\/product\/yoast-seo-wordpress\/ -->\n<title>Hermes - Araldo degli Dei e Psicopompo delle Anime - Hellenic Moon<\/title>\n<meta name=\"robots\" content=\"index, follow, max-snippet:-1, max-image-preview:large, max-video-preview:-1\" \/>\n<link rel=\"canonical\" href=\"https:\/\/hellenicmoon.com\/it\/hermes-araldo-degli-dei-e-psicopompo-delle-anime\/\" \/>\n<meta property=\"og:locale\" content=\"it_IT\" \/>\n<meta property=\"og:type\" content=\"article\" \/>\n<meta property=\"og:title\" content=\"Hermes - Araldo degli Dei e Psicopompo delle Anime - Hellenic Moon\" \/>\n<meta property=\"og:description\" content=\"Nome romano : Mercurio (Pianeta che porta il suo nome). Il mercoled\u00ec prende il nome da Hermes (leggi l&#8217;articolo di Weekday ) Hermes \u00e8 una delle divinit\u00e0 pi\u00f9 versatili e affascinanti della mitologia greca. \u00c8 figlio di Zeus, il re degli dei, e di Maia, una ninfa e una delle [&hellip;]\" \/>\n<meta property=\"og:url\" content=\"https:\/\/hellenicmoon.com\/it\/hermes-araldo-degli-dei-e-psicopompo-delle-anime\/\" \/>\n<meta property=\"og:site_name\" content=\"Hellenic Moon\" \/>\n<meta property=\"article:modified_time\" content=\"2023-12-21T09:51:14+00:00\" \/>\n<meta property=\"og:image\" content=\"https:\/\/hellenicmoon.com\/wp-content\/uploads\/2019\/12\/Hermes2-1024x822.jpg\" \/>\n<meta name=\"twitter:card\" content=\"summary_large_image\" \/>\n<meta name=\"twitter:label1\" content=\"Tempo di lettura stimato\" \/>\n\t<meta name=\"twitter:data1\" content=\"5 minuti\" \/>\n<script type=\"application\/ld+json\" class=\"yoast-schema-graph\">{\"@context\":\"https:\\\/\\\/schema.org\",\"@graph\":[{\"@type\":\"WebPage\",\"@id\":\"https:\\\/\\\/hellenicmoon.com\\\/it\\\/hermes-araldo-degli-dei-e-psicopompo-delle-anime\\\/\",\"url\":\"https:\\\/\\\/hellenicmoon.com\\\/it\\\/hermes-araldo-degli-dei-e-psicopompo-delle-anime\\\/\",\"name\":\"Hermes - Araldo degli Dei e Psicopompo delle Anime - Hellenic Moon\",\"isPartOf\":{\"@id\":\"https:\\\/\\\/mti.get.mybluehost.me\\\/#website\"},\"primaryImageOfPage\":{\"@id\":\"https:\\\/\\\/hellenicmoon.com\\\/it\\\/hermes-araldo-degli-dei-e-psicopompo-delle-anime\\\/#primaryimage\"},\"image\":{\"@id\":\"https:\\\/\\\/hellenicmoon.com\\\/it\\\/hermes-araldo-degli-dei-e-psicopompo-delle-anime\\\/#primaryimage\"},\"thumbnailUrl\":\"https:\\\/\\\/hellenicmoon.com\\\/wp-content\\\/uploads\\\/2019\\\/12\\\/Hermes2-1024x822.jpg\",\"datePublished\":\"2019-12-13T21:54:02+00:00\",\"dateModified\":\"2023-12-21T09:51:14+00:00\",\"breadcrumb\":{\"@id\":\"https:\\\/\\\/hellenicmoon.com\\\/it\\\/hermes-araldo-degli-dei-e-psicopompo-delle-anime\\\/#breadcrumb\"},\"inLanguage\":\"it-IT\",\"potentialAction\":[{\"@type\":\"ReadAction\",\"target\":[\"https:\\\/\\\/hellenicmoon.com\\\/it\\\/hermes-araldo-degli-dei-e-psicopompo-delle-anime\\\/\"]}]},{\"@type\":\"ImageObject\",\"inLanguage\":\"it-IT\",\"@id\":\"https:\\\/\\\/hellenicmoon.com\\\/it\\\/hermes-araldo-degli-dei-e-psicopompo-delle-anime\\\/#primaryimage\",\"url\":\"https:\\\/\\\/hellenicmoon.com\\\/wp-content\\\/uploads\\\/2019\\\/12\\\/Hermes2-1024x822.jpg\",\"contentUrl\":\"https:\\\/\\\/hellenicmoon.com\\\/wp-content\\\/uploads\\\/2019\\\/12\\\/Hermes2-1024x822.jpg\"},{\"@type\":\"BreadcrumbList\",\"@id\":\"https:\\\/\\\/hellenicmoon.com\\\/it\\\/hermes-araldo-degli-dei-e-psicopompo-delle-anime\\\/#breadcrumb\",\"itemListElement\":[{\"@type\":\"ListItem\",\"position\":1,\"name\":\"Home\",\"item\":\"https:\\\/\\\/hellenicmoon.com\\\/it\\\/\"},{\"@type\":\"ListItem\",\"position\":2,\"name\":\"Hermes &#8211; Araldo degli Dei e Psicopompo delle Anime\"}]},{\"@type\":\"WebSite\",\"@id\":\"https:\\\/\\\/mti.get.mybluehost.me\\\/#website\",\"url\":\"https:\\\/\\\/mti.get.mybluehost.me\\\/\",\"name\":\"Hellenic Moon\",\"description\":\"Greek mythology and gods\",\"publisher\":{\"@id\":\"https:\\\/\\\/mti.get.mybluehost.me\\\/#organization\"},\"potentialAction\":[{\"@type\":\"SearchAction\",\"target\":{\"@type\":\"EntryPoint\",\"urlTemplate\":\"https:\\\/\\\/mti.get.mybluehost.me\\\/?s={search_term_string}\"},\"query-input\":{\"@type\":\"PropertyValueSpecification\",\"valueRequired\":true,\"valueName\":\"search_term_string\"}}],\"inLanguage\":\"it-IT\"},{\"@type\":\"Organization\",\"@id\":\"https:\\\/\\\/mti.get.mybluehost.me\\\/#organization\",\"name\":\"Hellenic Moon\",\"url\":\"https:\\\/\\\/mti.get.mybluehost.me\\\/\",\"logo\":{\"@type\":\"ImageObject\",\"inLanguage\":\"it-IT\",\"@id\":\"https:\\\/\\\/mti.get.mybluehost.me\\\/#\\\/schema\\\/logo\\\/image\\\/\",\"url\":\"https:\\\/\\\/hellenicmoon.com\\\/wp-content\\\/uploads\\\/2020\\\/01\\\/cropped-logo_ok_by_aramisdream_ddoqp6p.png\",\"contentUrl\":\"https:\\\/\\\/hellenicmoon.com\\\/wp-content\\\/uploads\\\/2020\\\/01\\\/cropped-logo_ok_by_aramisdream_ddoqp6p.png\",\"width\":150,\"height\":100,\"caption\":\"Hellenic Moon\"},\"image\":{\"@id\":\"https:\\\/\\\/mti.get.mybluehost.me\\\/#\\\/schema\\\/logo\\\/image\\\/\"},\"sameAs\":[\"https:\\\/\\\/www.instagram.com\\\/hellenic.moon\"]}]}<\/script>\n<!-- \/ Yoast SEO plugin. -->","yoast_head_json":{"title":"Hermes - Araldo degli Dei e Psicopompo delle Anime - Hellenic Moon","robots":{"index":"index","follow":"follow","max-snippet":"max-snippet:-1","max-image-preview":"max-image-preview:large","max-video-preview":"max-video-preview:-1"},"canonical":"https:\/\/hellenicmoon.com\/it\/hermes-araldo-degli-dei-e-psicopompo-delle-anime\/","og_locale":"it_IT","og_type":"article","og_title":"Hermes - Araldo degli Dei e Psicopompo delle Anime - Hellenic Moon","og_description":"Nome romano : Mercurio (Pianeta che porta il suo nome). Il mercoled\u00ec prende il nome da Hermes (leggi l&#8217;articolo di Weekday ) Hermes \u00e8 una delle divinit\u00e0 pi\u00f9 versatili e affascinanti della mitologia greca. \u00c8 figlio di Zeus, il re degli dei, e di Maia, una ninfa e una delle [&hellip;]","og_url":"https:\/\/hellenicmoon.com\/it\/hermes-araldo-degli-dei-e-psicopompo-delle-anime\/","og_site_name":"Hellenic Moon","article_modified_time":"2023-12-21T09:51:14+00:00","og_image":[{"url":"https:\/\/hellenicmoon.com\/wp-content\/uploads\/2019\/12\/Hermes2-1024x822.jpg","type":"","width":"","height":""}],"twitter_card":"summary_large_image","twitter_misc":{"Tempo di lettura stimato":"5 minuti"},"schema":{"@context":"https:\/\/schema.org","@graph":[{"@type":"WebPage","@id":"https:\/\/hellenicmoon.com\/it\/hermes-araldo-degli-dei-e-psicopompo-delle-anime\/","url":"https:\/\/hellenicmoon.com\/it\/hermes-araldo-degli-dei-e-psicopompo-delle-anime\/","name":"Hermes - Araldo degli Dei e Psicopompo delle Anime - Hellenic Moon","isPartOf":{"@id":"https:\/\/mti.get.mybluehost.me\/#website"},"primaryImageOfPage":{"@id":"https:\/\/hellenicmoon.com\/it\/hermes-araldo-degli-dei-e-psicopompo-delle-anime\/#primaryimage"},"image":{"@id":"https:\/\/hellenicmoon.com\/it\/hermes-araldo-degli-dei-e-psicopompo-delle-anime\/#primaryimage"},"thumbnailUrl":"https:\/\/hellenicmoon.com\/wp-content\/uploads\/2019\/12\/Hermes2-1024x822.jpg","datePublished":"2019-12-13T21:54:02+00:00","dateModified":"2023-12-21T09:51:14+00:00","breadcrumb":{"@id":"https:\/\/hellenicmoon.com\/it\/hermes-araldo-degli-dei-e-psicopompo-delle-anime\/#breadcrumb"},"inLanguage":"it-IT","potentialAction":[{"@type":"ReadAction","target":["https:\/\/hellenicmoon.com\/it\/hermes-araldo-degli-dei-e-psicopompo-delle-anime\/"]}]},{"@type":"ImageObject","inLanguage":"it-IT","@id":"https:\/\/hellenicmoon.com\/it\/hermes-araldo-degli-dei-e-psicopompo-delle-anime\/#primaryimage","url":"https:\/\/hellenicmoon.com\/wp-content\/uploads\/2019\/12\/Hermes2-1024x822.jpg","contentUrl":"https:\/\/hellenicmoon.com\/wp-content\/uploads\/2019\/12\/Hermes2-1024x822.jpg"},{"@type":"BreadcrumbList","@id":"https:\/\/hellenicmoon.com\/it\/hermes-araldo-degli-dei-e-psicopompo-delle-anime\/#breadcrumb","itemListElement":[{"@type":"ListItem","position":1,"name":"Home","item":"https:\/\/hellenicmoon.com\/it\/"},{"@type":"ListItem","position":2,"name":"Hermes &#8211; Araldo degli Dei e Psicopompo delle Anime"}]},{"@type":"WebSite","@id":"https:\/\/mti.get.mybluehost.me\/#website","url":"https:\/\/mti.get.mybluehost.me\/","name":"Hellenic Moon","description":"Greek mythology and gods","publisher":{"@id":"https:\/\/mti.get.mybluehost.me\/#organization"},"potentialAction":[{"@type":"SearchAction","target":{"@type":"EntryPoint","urlTemplate":"https:\/\/mti.get.mybluehost.me\/?s={search_term_string}"},"query-input":{"@type":"PropertyValueSpecification","valueRequired":true,"valueName":"search_term_string"}}],"inLanguage":"it-IT"},{"@type":"Organization","@id":"https:\/\/mti.get.mybluehost.me\/#organization","name":"Hellenic Moon","url":"https:\/\/mti.get.mybluehost.me\/","logo":{"@type":"ImageObject","inLanguage":"it-IT","@id":"https:\/\/mti.get.mybluehost.me\/#\/schema\/logo\/image\/","url":"https:\/\/hellenicmoon.com\/wp-content\/uploads\/2020\/01\/cropped-logo_ok_by_aramisdream_ddoqp6p.png","contentUrl":"https:\/\/hellenicmoon.com\/wp-content\/uploads\/2020\/01\/cropped-logo_ok_by_aramisdream_ddoqp6p.png","width":150,"height":100,"caption":"Hellenic Moon"},"image":{"@id":"https:\/\/mti.get.mybluehost.me\/#\/schema\/logo\/image\/"},"sameAs":["https:\/\/www.instagram.com\/hellenic.moon"]}]}},"jetpack_sharing_enabled":true,"_links":{"self":[{"href":"https:\/\/hellenicmoon.com\/it\/wp-json\/wp\/v2\/pages\/10965","targetHints":{"allow":["GET"]}}],"collection":[{"href":"https:\/\/hellenicmoon.com\/it\/wp-json\/wp\/v2\/pages"}],"about":[{"href":"https:\/\/hellenicmoon.com\/it\/wp-json\/wp\/v2\/types\/page"}],"author":[{"embeddable":true,"href":"https:\/\/hellenicmoon.com\/it\/wp-json\/wp\/v2\/users\/2"}],"replies":[{"embeddable":true,"href":"https:\/\/hellenicmoon.com\/it\/wp-json\/wp\/v2\/comments?post=10965"}],"version-history":[{"count":0,"href":"https:\/\/hellenicmoon.com\/it\/wp-json\/wp\/v2\/pages\/10965\/revisions"}],"wp:attachment":[{"href":"https:\/\/hellenicmoon.com\/it\/wp-json\/wp\/v2\/media?parent=10965"}],"curies":[{"name":"wp","href":"https:\/\/api.w.org\/{rel}","templated":true}]}}