{"id":10961,"date":"2019-12-19T14:03:51","date_gmt":"2019-12-19T14:03:51","guid":{"rendered":"https:\/\/hellenicmoon.com\/eracle-protettore-della-civilta\/"},"modified":"2023-12-21T09:49:32","modified_gmt":"2023-12-21T09:49:32","slug":"ercole-protettore-della-civilta","status":"publish","type":"page","link":"https:\/\/hellenicmoon.com\/it\/ercole-protettore-della-civilta\/","title":{"rendered":"Ercole &#8211; Protettore della Civilt\u00e0"},"content":{"rendered":"\n<p class=\"has-text-align-center\" style=\"font-size:18px\"><strong>Nome romano<\/strong> : <strong>Ercole <\/strong>(Marito della Juventas *da cui prende il nome la squadra di calcio della Juventus*)<\/p>\n\n\n<div class=\"wp-block-image\">\n<figure class=\"aligncenter size-large\"><img decoding=\"async\" width=\"600\" height=\"600\" src=\"https:\/\/hellenicmoon.com\/wp-content\/uploads\/2019\/12\/Hercules12.jpg\" alt=\"\" class=\"wp-image-606\" srcset=\"https:\/\/hellenicmoon.com\/wp-content\/uploads\/2019\/12\/Hercules12.jpg 600w, https:\/\/hellenicmoon.com\/wp-content\/uploads\/2019\/12\/Hercules12-230x230.jpg 230w, https:\/\/hellenicmoon.com\/wp-content\/uploads\/2019\/12\/Hercules12-160x160.jpg 160w, https:\/\/hellenicmoon.com\/wp-content\/uploads\/2019\/12\/Hercules12-300x300.jpg 300w, https:\/\/hellenicmoon.com\/wp-content\/uploads\/2019\/12\/Hercules12-150x150.jpg 150w, https:\/\/hellenicmoon.com\/wp-content\/uploads\/2019\/12\/Hercules12-50x50.jpg 50w\" sizes=\"(max-width: 600px) 100vw, 600px\" \/><figcaption class=\"wp-element-caption\"><strong>Statua di Eracle che combatte Cerbero per il suo 12\u00b0 lavoro nella piazza centrale di Vienna<\/strong><\/figcaption><\/figure>\n<\/div>\n\n\n<p>Eracle, noto anche come Ercole nella mitologia romana, \u00e8 uno degli eroi pi\u00f9 famosi e popolari della mitologia greca. \u00c8 figlio di Zeus, il re degli dei, e di Alkmene, una donna mortale. \u00c8 il fratellastro di Perseo, l&#8217;uccisore di Medusa e l&#8217;antenato di molti re ed eroi. \u00c8 l&#8217;epitome del coraggio, della mascolinit\u00e0 e della forza sovrumana.<\/p>\n\n\n\n<p>Eracle ha molte avventure e sfide nella mitologia greca. \u00c8 vittima della gelosia e dell&#8217;ira di Era, che cerca di ucciderlo fin dalla nascita. Manda due serpenti alla sua culla, ma lui li strangola a mani nude. Lo fa anche impazzire, facendogli uccidere sua moglie Megara e i loro figli. Per espiare il suo crimine, accetta di servire il re Euristeo per dodici anni e di svolgere dodici compiti impossibili, noti come le fatiche di Eracle. Questi includono l&#8217;uccisione del leone di Nemea, dell&#8217;idra di Lerna e degli uccelli di Stinfalo; catturare il toro cretese, il cinghiale erimanzio e la cerva cerinea; pulizia delle stalle di Augia; rubando la cintura di Ippolita, le mele delle Esperidi e il bestiame di Gerione; e riportando Cerbero, il cane a tre teste dell&#8217;Ade.<\/p>\n\n\n\n<p>Eracle partecipa anche a molte altre missioni e battaglie nella mitologia greca. Aiuta Giasone e gli Argonauti nella loro ricerca del Vello d&#8217;Oro. Combatte contro le Amazzoni, i giganti e i centauri. Libera Prometeo dalla sua punizione eterna. Salva Hesione da un mostro marino. Sposa Deianira e ha un figlio di nome Hyllus.<\/p>\n\n\n\n<p>Eracle era venerato come un dio e un eroe in tutta la Grecia e oltre. Aveva molti templi e santuari a lui dedicati, dove le persone offrivano sacrifici o voti in cambio della sua protezione o del suo favore. \u00c8 stato anche onorato in molti festival e giochi, come l&#8217;Eraclea o i Giochi Olimpici. Di solito era ritratto come un uomo muscoloso con una pelle di leone e una clava. Era spesso accompagnato dai suoi simboli o attributi, come un arco e frecce, una corona d&#8217;ulivo o una cornucopia.<\/p>\n\n\n\n<p>Eracle \u00e8 un eroe affascinante e stimolante che rappresenta molti aspetti della natura e della cultura umana. \u00c8 un simbolo di forza e coraggio in grado di superare qualsiasi ostacolo o nemico. \u00c8 un maestro di abilit\u00e0 e armi in grado di raggiungere qualsiasi obiettivo o compito. \u00c8 un marito e un padre che soffre per una tragedia o un tradimento. \u00c8 un eroe che ci guida a cercare e compiere il nostro destino.<\/p>\n\n\n\n<div style=\"height:27px\" aria-hidden=\"true\" class=\"wp-block-spacer\"><\/div>\n\n\n\n<figure class=\"wp-block-embed is-type-video is-provider-youtube wp-block-embed-youtube wp-embed-aspect-16-9 wp-has-aspect-ratio\"><div class=\"wp-block-embed__wrapper\">\n<iframe title=\"BBC - Life and Death in Herculaneum ( Prof. Wallace-Hadrill )\" width=\"750\" height=\"422\" src=\"https:\/\/www.youtube.com\/embed\/3_wfTPdp3_k?feature=oembed\" frameborder=\"0\" allow=\"accelerometer; autoplay; clipboard-write; encrypted-media; gyroscope; picture-in-picture; web-share\" allowfullscreen><\/iframe>\n<\/div><figcaption class=\"wp-element-caption\"><strong>Documentario della BBC sulla citt\u00e0 di Ercolano, vicino a Pompei<\/strong><\/figcaption><\/figure>\n\n\n\n<div style=\"height:24px\" aria-hidden=\"true\" class=\"wp-block-spacer\"><\/div>\n\n\n\n<h2 class=\"wp-block-heading has-text-align-center\">Eracle consiglia:<\/h2>\n\n\n\n<h2 class=\"wp-block-heading has-text-align-center\" id=\"wp-block-themeisle-blocks-advanced-heading-640ec783\"><span style=\"text-decoration: underline;\">Le squadre di Eracle<\/span><\/h2>\n\n\n\n<h5 class=\"wp-block-heading has-text-align-center\" id=\"wp-block-themeisle-blocks-advanced-heading-7a3bb4df\">Se Herakles sostenesse le squadre sportive moderne, sarebbero:<\/h5>\n\n\n\n<div class=\"wp-block-columns is-layout-flex wp-container-core-columns-is-layout-28f84493 wp-block-columns-is-layout-flex\">\n<div class=\"wp-block-column is-layout-flow wp-block-column-is-layout-flow\"><div class=\"wp-block-image\">\n<figure class=\"aligncenter size-large is-resized\"><img decoding=\"async\" width=\"1024\" height=\"1024\" src=\"https:\/\/hellenicmoon.com\/wp-content\/uploads\/2019\/12\/2000px-S.S.C._Napoli_logo.svg_-1024x1024.png\" alt=\"\" class=\"wp-image-611\" style=\"width:200px;height:200px\" srcset=\"https:\/\/hellenicmoon.com\/wp-content\/uploads\/2019\/12\/2000px-S.S.C._Napoli_logo.svg_-1024x1024.png 1024w, https:\/\/hellenicmoon.com\/wp-content\/uploads\/2019\/12\/2000px-S.S.C._Napoli_logo.svg_-230x230.png 230w, https:\/\/hellenicmoon.com\/wp-content\/uploads\/2019\/12\/2000px-S.S.C._Napoli_logo.svg_-160x160.png 160w, https:\/\/hellenicmoon.com\/wp-content\/uploads\/2019\/12\/2000px-S.S.C._Napoli_logo.svg_-600x600.png 600w, https:\/\/hellenicmoon.com\/wp-content\/uploads\/2019\/12\/2000px-S.S.C._Napoli_logo.svg_-300x300.png 300w, https:\/\/hellenicmoon.com\/wp-content\/uploads\/2019\/12\/2000px-S.S.C._Napoli_logo.svg_-150x150.png 150w, https:\/\/hellenicmoon.com\/wp-content\/uploads\/2019\/12\/2000px-S.S.C._Napoli_logo.svg_-768x768.png 768w, https:\/\/hellenicmoon.com\/wp-content\/uploads\/2019\/12\/2000px-S.S.C._Napoli_logo.svg_-1536x1536.png 1536w, https:\/\/hellenicmoon.com\/wp-content\/uploads\/2019\/12\/2000px-S.S.C._Napoli_logo.svg_-50x50.png 50w, https:\/\/hellenicmoon.com\/wp-content\/uploads\/2019\/12\/2000px-S.S.C._Napoli_logo.svg_.png 2000w\" sizes=\"(max-width: 1024px) 100vw, 1024px\" \/><figcaption class=\"wp-element-caption\"><kbd><strong>Napoli<\/strong><\/kbd><\/figcaption><\/figure>\n<\/div>\n\n\n<p class=\"has-text-align-center has-medium-font-size\">Vicino a Ercolano<\/p>\n\n\n\n<p class=\"has-small-font-size\" id=\"wp-block-themeisle-blocks-advanced-heading-5c0bbfa8\">L&#8217;antica citt\u00e0 di Ercolano era una citt\u00e0 dedicata a Ercole, e lui avrebbe chiaramente sostenuto Napoli, che si trova proprio accanto a Ercolano.<\/p>\n<\/div>\n\n\n\n<div class=\"wp-block-column is-layout-flow wp-block-column-is-layout-flow\"><div class=\"wp-block-image\">\n<figure class=\"aligncenter size-full is-resized\"><img decoding=\"async\" width=\"343\" height=\"343\" src=\"https:\/\/hellenicmoon.com\/wp-content\/uploads\/2023\/05\/Sevilla-logo.png\" alt=\"\" class=\"wp-image-5563\" style=\"width:200px;height:200px\" srcset=\"https:\/\/hellenicmoon.com\/wp-content\/uploads\/2023\/05\/Sevilla-logo.png 343w, https:\/\/hellenicmoon.com\/wp-content\/uploads\/2023\/05\/Sevilla-logo-300x300.png 300w, https:\/\/hellenicmoon.com\/wp-content\/uploads\/2023\/05\/Sevilla-logo-150x150.png 150w, https:\/\/hellenicmoon.com\/wp-content\/uploads\/2023\/05\/Sevilla-logo-230x230.png 230w, https:\/\/hellenicmoon.com\/wp-content\/uploads\/2023\/05\/Sevilla-logo-160x160.png 160w\" sizes=\"(max-width: 343px) 100vw, 343px\" \/><figcaption class=\"wp-element-caption\"><strong><kbd>Siviglia FC<\/kbd><\/strong><\/figcaption><\/figure>\n<\/div>\n\n\n<p class=\"has-text-align-center has-medium-font-size\">Citt\u00e0 fondata da Eracle<\/p>\n\n\n\n<p class=\"has-small-font-size\" id=\"wp-block-themeisle-blocks-advanced-heading-f3cf351b\">Le leggende dicono che la citt\u00e0 spagnola di Siviglia sia stata fondata dallo stesso Herakles, quindi sicuramente Herakles sarebbe un grande tifoso del Sevilla FC, il &#8220;Re dell&#8217;Europa League&#8221;. Sebbene non abbia ottenuto grandi successi in Spagna, il Siviglia FC \u00e8 la squadra di maggior successo di sempre in Europa League, avendo vinto 6 volte.  <\/p>\n<\/div>\n\n\n\n<div class=\"wp-block-column is-layout-flow wp-block-column-is-layout-flow\"><div class=\"wp-block-image\">\n<figure class=\"aligncenter size-full\"><img decoding=\"async\" width=\"200\" height=\"200\" src=\"https:\/\/hellenicmoon.com\/wp-content\/uploads\/2019\/12\/HeraclesAlmelo.png\" alt=\"\" class=\"wp-image-811\" srcset=\"https:\/\/hellenicmoon.com\/wp-content\/uploads\/2019\/12\/HeraclesAlmelo.png 200w, https:\/\/hellenicmoon.com\/wp-content\/uploads\/2019\/12\/HeraclesAlmelo-160x160.png 160w, https:\/\/hellenicmoon.com\/wp-content\/uploads\/2019\/12\/HeraclesAlmelo-150x150.png 150w, https:\/\/hellenicmoon.com\/wp-content\/uploads\/2019\/12\/HeraclesAlmelo-50x50.png 50w\" sizes=\"(max-width: 200px) 100vw, 200px\" \/><figcaption class=\"wp-element-caption\"><strong><kbd>Eracle Almelo<\/kbd><\/strong><\/figcaption><\/figure>\n<\/div>\n\n\n<p class=\"has-text-align-center has-medium-font-size\">Devo spiegare?<\/p>\n\n\n\n<p class=\"has-small-font-size\" id=\"wp-block-themeisle-blocks-advanced-heading-0a379086\">Una squadra pi\u00f9 piccola nei Paesi Bassi, l&#8217;Heracles Almelo non ha raggiunto la gloria dell&#8217;Ajax, ma \u00e8 una presenza regolare in Eredivisie e ha persino vinto 2 campionati nella sua storia.<\/p>\n<\/div>\n\n\n\n<div class=\"wp-block-column is-layout-flow wp-block-column-is-layout-flow\"><div class=\"wp-block-image\">\n<figure class=\"aligncenter size-full\"><img decoding=\"async\" width=\"200\" height=\"200\" src=\"https:\/\/hellenicmoon.com\/wp-content\/uploads\/2019\/12\/Juventus.png\" alt=\"\" class=\"wp-image-788\" srcset=\"https:\/\/hellenicmoon.com\/wp-content\/uploads\/2019\/12\/Juventus.png 200w, https:\/\/hellenicmoon.com\/wp-content\/uploads\/2019\/12\/Juventus-160x160.png 160w, https:\/\/hellenicmoon.com\/wp-content\/uploads\/2019\/12\/Juventus-150x150.png 150w, https:\/\/hellenicmoon.com\/wp-content\/uploads\/2019\/12\/Juventus-100x100.png 100w, https:\/\/hellenicmoon.com\/wp-content\/uploads\/2019\/12\/Juventus-50x50.png 50w\" sizes=\"(max-width: 200px) 100vw, 200px\" \/><figcaption class=\"wp-element-caption\"><strong><kbd>Juventus<\/kbd><\/strong><\/figcaption><\/figure>\n<\/div>\n\n\n<p class=\"has-text-align-center has-medium-font-size\">Moglie di Eracle<\/p>\n\n\n\n<p class=\"has-small-font-size\">Quando Eracle mor\u00ec e divenne un dio, spos\u00f2 Juventas (in greco Ebe), la figlia di Zeus. Chiaramente sarebbe un tifoso della squadra che porta il nome di sua moglie, la squadra pi\u00f9 titolata d&#8217;Italia.<\/p>\n<\/div>\n<\/div>\n","protected":false},"excerpt":{"rendered":"<p>Nome romano : Ercole (Marito della Juventas *da cui prende il nome la squadra di calcio della Juventus*) Eracle, noto anche come Ercole nella mitologia romana, \u00e8 uno degli eroi pi\u00f9 famosi e popolari della mitologia greca. \u00c8 figlio di Zeus, il re degli dei, e di Alkmene, una donna [&hellip;]<\/p>\n","protected":false},"author":2,"featured_media":0,"parent":0,"menu_order":0,"comment_status":"closed","ping_status":"closed","template":"","meta":{"_bbp_topic_count":0,"_bbp_reply_count":0,"_bbp_total_topic_count":0,"_bbp_total_reply_count":0,"_bbp_voice_count":0,"_bbp_anonymous_reply_count":0,"_bbp_topic_count_hidden":0,"_bbp_reply_count_hidden":0,"_bbp_forum_subforum_count":0,"_monsterinsights_skip_tracking":false,"_monsterinsights_sitenote_active":false,"_monsterinsights_sitenote_note":"","_monsterinsights_sitenote_category":0,"jetpack_post_was_ever_published":false,"footnotes":""},"class_list":["post-10961","page","type-page","status-publish","hentry"],"yoast_head":"<!-- This site is optimized with the Yoast SEO plugin v27.3 - https:\/\/yoast.com\/product\/yoast-seo-wordpress\/ -->\n<title>Ercole - Protettore della Civilt\u00e0 - Hellenic Moon<\/title>\n<meta name=\"robots\" content=\"index, follow, max-snippet:-1, max-image-preview:large, max-video-preview:-1\" \/>\n<link rel=\"canonical\" href=\"https:\/\/hellenicmoon.com\/it\/ercole-protettore-della-civilta\/\" \/>\n<meta property=\"og:locale\" content=\"it_IT\" \/>\n<meta property=\"og:type\" content=\"article\" \/>\n<meta property=\"og:title\" content=\"Ercole - Protettore della Civilt\u00e0 - Hellenic Moon\" \/>\n<meta property=\"og:description\" content=\"Nome romano : Ercole (Marito della Juventas *da cui prende il nome la squadra di calcio della Juventus*) Eracle, noto anche come Ercole nella mitologia romana, \u00e8 uno degli eroi pi\u00f9 famosi e popolari della mitologia greca. \u00c8 figlio di Zeus, il re degli dei, e di Alkmene, una donna [&hellip;]\" \/>\n<meta property=\"og:url\" content=\"https:\/\/hellenicmoon.com\/it\/ercole-protettore-della-civilta\/\" \/>\n<meta property=\"og:site_name\" content=\"Hellenic Moon\" \/>\n<meta property=\"article:modified_time\" content=\"2023-12-21T09:49:32+00:00\" \/>\n<meta property=\"og:image\" content=\"https:\/\/hellenicmoon.com\/wp-content\/uploads\/2019\/12\/Hercules12.jpg\" \/>\n<meta name=\"twitter:card\" content=\"summary_large_image\" \/>\n<meta name=\"twitter:label1\" content=\"Tempo di lettura stimato\" \/>\n\t<meta name=\"twitter:data1\" content=\"4 minuti\" \/>\n<script type=\"application\/ld+json\" class=\"yoast-schema-graph\">{\"@context\":\"https:\\\/\\\/schema.org\",\"@graph\":[{\"@type\":\"WebPage\",\"@id\":\"https:\\\/\\\/hellenicmoon.com\\\/it\\\/ercole-protettore-della-civilta\\\/\",\"url\":\"https:\\\/\\\/hellenicmoon.com\\\/it\\\/ercole-protettore-della-civilta\\\/\",\"name\":\"Ercole - Protettore della Civilt\u00e0 - Hellenic Moon\",\"isPartOf\":{\"@id\":\"https:\\\/\\\/mti.get.mybluehost.me\\\/#website\"},\"primaryImageOfPage\":{\"@id\":\"https:\\\/\\\/hellenicmoon.com\\\/it\\\/ercole-protettore-della-civilta\\\/#primaryimage\"},\"image\":{\"@id\":\"https:\\\/\\\/hellenicmoon.com\\\/it\\\/ercole-protettore-della-civilta\\\/#primaryimage\"},\"thumbnailUrl\":\"https:\\\/\\\/hellenicmoon.com\\\/wp-content\\\/uploads\\\/2019\\\/12\\\/Hercules12.jpg\",\"datePublished\":\"2019-12-19T14:03:51+00:00\",\"dateModified\":\"2023-12-21T09:49:32+00:00\",\"breadcrumb\":{\"@id\":\"https:\\\/\\\/hellenicmoon.com\\\/it\\\/ercole-protettore-della-civilta\\\/#breadcrumb\"},\"inLanguage\":\"it-IT\",\"potentialAction\":[{\"@type\":\"ReadAction\",\"target\":[\"https:\\\/\\\/hellenicmoon.com\\\/it\\\/ercole-protettore-della-civilta\\\/\"]}]},{\"@type\":\"ImageObject\",\"inLanguage\":\"it-IT\",\"@id\":\"https:\\\/\\\/hellenicmoon.com\\\/it\\\/ercole-protettore-della-civilta\\\/#primaryimage\",\"url\":\"https:\\\/\\\/hellenicmoon.com\\\/wp-content\\\/uploads\\\/2019\\\/12\\\/Hercules12.jpg\",\"contentUrl\":\"https:\\\/\\\/hellenicmoon.com\\\/wp-content\\\/uploads\\\/2019\\\/12\\\/Hercules12.jpg\"},{\"@type\":\"BreadcrumbList\",\"@id\":\"https:\\\/\\\/hellenicmoon.com\\\/it\\\/ercole-protettore-della-civilta\\\/#breadcrumb\",\"itemListElement\":[{\"@type\":\"ListItem\",\"position\":1,\"name\":\"Home\",\"item\":\"https:\\\/\\\/hellenicmoon.com\\\/it\\\/\"},{\"@type\":\"ListItem\",\"position\":2,\"name\":\"Ercole &#8211; Protettore della Civilt\u00e0\"}]},{\"@type\":\"WebSite\",\"@id\":\"https:\\\/\\\/mti.get.mybluehost.me\\\/#website\",\"url\":\"https:\\\/\\\/mti.get.mybluehost.me\\\/\",\"name\":\"Hellenic Moon\",\"description\":\"Greek mythology and gods\",\"publisher\":{\"@id\":\"https:\\\/\\\/mti.get.mybluehost.me\\\/#organization\"},\"potentialAction\":[{\"@type\":\"SearchAction\",\"target\":{\"@type\":\"EntryPoint\",\"urlTemplate\":\"https:\\\/\\\/mti.get.mybluehost.me\\\/?s={search_term_string}\"},\"query-input\":{\"@type\":\"PropertyValueSpecification\",\"valueRequired\":true,\"valueName\":\"search_term_string\"}}],\"inLanguage\":\"it-IT\"},{\"@type\":\"Organization\",\"@id\":\"https:\\\/\\\/mti.get.mybluehost.me\\\/#organization\",\"name\":\"Hellenic Moon\",\"url\":\"https:\\\/\\\/mti.get.mybluehost.me\\\/\",\"logo\":{\"@type\":\"ImageObject\",\"inLanguage\":\"it-IT\",\"@id\":\"https:\\\/\\\/mti.get.mybluehost.me\\\/#\\\/schema\\\/logo\\\/image\\\/\",\"url\":\"https:\\\/\\\/hellenicmoon.com\\\/wp-content\\\/uploads\\\/2020\\\/01\\\/cropped-logo_ok_by_aramisdream_ddoqp6p.png\",\"contentUrl\":\"https:\\\/\\\/hellenicmoon.com\\\/wp-content\\\/uploads\\\/2020\\\/01\\\/cropped-logo_ok_by_aramisdream_ddoqp6p.png\",\"width\":150,\"height\":100,\"caption\":\"Hellenic Moon\"},\"image\":{\"@id\":\"https:\\\/\\\/mti.get.mybluehost.me\\\/#\\\/schema\\\/logo\\\/image\\\/\"},\"sameAs\":[\"https:\\\/\\\/www.instagram.com\\\/hellenic.moon\"]}]}<\/script>\n<!-- \/ Yoast SEO plugin. -->","yoast_head_json":{"title":"Ercole - Protettore della Civilt\u00e0 - Hellenic Moon","robots":{"index":"index","follow":"follow","max-snippet":"max-snippet:-1","max-image-preview":"max-image-preview:large","max-video-preview":"max-video-preview:-1"},"canonical":"https:\/\/hellenicmoon.com\/it\/ercole-protettore-della-civilta\/","og_locale":"it_IT","og_type":"article","og_title":"Ercole - Protettore della Civilt\u00e0 - Hellenic Moon","og_description":"Nome romano : Ercole (Marito della Juventas *da cui prende il nome la squadra di calcio della Juventus*) Eracle, noto anche come Ercole nella mitologia romana, \u00e8 uno degli eroi pi\u00f9 famosi e popolari della mitologia greca. \u00c8 figlio di Zeus, il re degli dei, e di Alkmene, una donna [&hellip;]","og_url":"https:\/\/hellenicmoon.com\/it\/ercole-protettore-della-civilta\/","og_site_name":"Hellenic Moon","article_modified_time":"2023-12-21T09:49:32+00:00","og_image":[{"url":"https:\/\/hellenicmoon.com\/wp-content\/uploads\/2019\/12\/Hercules12.jpg","type":"","width":"","height":""}],"twitter_card":"summary_large_image","twitter_misc":{"Tempo di lettura stimato":"4 minuti"},"schema":{"@context":"https:\/\/schema.org","@graph":[{"@type":"WebPage","@id":"https:\/\/hellenicmoon.com\/it\/ercole-protettore-della-civilta\/","url":"https:\/\/hellenicmoon.com\/it\/ercole-protettore-della-civilta\/","name":"Ercole - Protettore della Civilt\u00e0 - Hellenic Moon","isPartOf":{"@id":"https:\/\/mti.get.mybluehost.me\/#website"},"primaryImageOfPage":{"@id":"https:\/\/hellenicmoon.com\/it\/ercole-protettore-della-civilta\/#primaryimage"},"image":{"@id":"https:\/\/hellenicmoon.com\/it\/ercole-protettore-della-civilta\/#primaryimage"},"thumbnailUrl":"https:\/\/hellenicmoon.com\/wp-content\/uploads\/2019\/12\/Hercules12.jpg","datePublished":"2019-12-19T14:03:51+00:00","dateModified":"2023-12-21T09:49:32+00:00","breadcrumb":{"@id":"https:\/\/hellenicmoon.com\/it\/ercole-protettore-della-civilta\/#breadcrumb"},"inLanguage":"it-IT","potentialAction":[{"@type":"ReadAction","target":["https:\/\/hellenicmoon.com\/it\/ercole-protettore-della-civilta\/"]}]},{"@type":"ImageObject","inLanguage":"it-IT","@id":"https:\/\/hellenicmoon.com\/it\/ercole-protettore-della-civilta\/#primaryimage","url":"https:\/\/hellenicmoon.com\/wp-content\/uploads\/2019\/12\/Hercules12.jpg","contentUrl":"https:\/\/hellenicmoon.com\/wp-content\/uploads\/2019\/12\/Hercules12.jpg"},{"@type":"BreadcrumbList","@id":"https:\/\/hellenicmoon.com\/it\/ercole-protettore-della-civilta\/#breadcrumb","itemListElement":[{"@type":"ListItem","position":1,"name":"Home","item":"https:\/\/hellenicmoon.com\/it\/"},{"@type":"ListItem","position":2,"name":"Ercole &#8211; Protettore della Civilt\u00e0"}]},{"@type":"WebSite","@id":"https:\/\/mti.get.mybluehost.me\/#website","url":"https:\/\/mti.get.mybluehost.me\/","name":"Hellenic Moon","description":"Greek mythology and gods","publisher":{"@id":"https:\/\/mti.get.mybluehost.me\/#organization"},"potentialAction":[{"@type":"SearchAction","target":{"@type":"EntryPoint","urlTemplate":"https:\/\/mti.get.mybluehost.me\/?s={search_term_string}"},"query-input":{"@type":"PropertyValueSpecification","valueRequired":true,"valueName":"search_term_string"}}],"inLanguage":"it-IT"},{"@type":"Organization","@id":"https:\/\/mti.get.mybluehost.me\/#organization","name":"Hellenic Moon","url":"https:\/\/mti.get.mybluehost.me\/","logo":{"@type":"ImageObject","inLanguage":"it-IT","@id":"https:\/\/mti.get.mybluehost.me\/#\/schema\/logo\/image\/","url":"https:\/\/hellenicmoon.com\/wp-content\/uploads\/2020\/01\/cropped-logo_ok_by_aramisdream_ddoqp6p.png","contentUrl":"https:\/\/hellenicmoon.com\/wp-content\/uploads\/2020\/01\/cropped-logo_ok_by_aramisdream_ddoqp6p.png","width":150,"height":100,"caption":"Hellenic Moon"},"image":{"@id":"https:\/\/mti.get.mybluehost.me\/#\/schema\/logo\/image\/"},"sameAs":["https:\/\/www.instagram.com\/hellenic.moon"]}]}},"jetpack_sharing_enabled":true,"_links":{"self":[{"href":"https:\/\/hellenicmoon.com\/it\/wp-json\/wp\/v2\/pages\/10961","targetHints":{"allow":["GET"]}}],"collection":[{"href":"https:\/\/hellenicmoon.com\/it\/wp-json\/wp\/v2\/pages"}],"about":[{"href":"https:\/\/hellenicmoon.com\/it\/wp-json\/wp\/v2\/types\/page"}],"author":[{"embeddable":true,"href":"https:\/\/hellenicmoon.com\/it\/wp-json\/wp\/v2\/users\/2"}],"replies":[{"embeddable":true,"href":"https:\/\/hellenicmoon.com\/it\/wp-json\/wp\/v2\/comments?post=10961"}],"version-history":[{"count":0,"href":"https:\/\/hellenicmoon.com\/it\/wp-json\/wp\/v2\/pages\/10961\/revisions"}],"wp:attachment":[{"href":"https:\/\/hellenicmoon.com\/it\/wp-json\/wp\/v2\/media?parent=10961"}],"curies":[{"name":"wp","href":"https:\/\/api.w.org\/{rel}","templated":true}]}}