{"id":10957,"date":"2019-12-18T14:18:44","date_gmt":"2019-12-18T14:18:44","guid":{"rendered":"https:\/\/hellenicmoon.com\/era-regina-degli-dei\/"},"modified":"2023-12-21T09:48:32","modified_gmt":"2023-12-21T09:48:32","slug":"era-regina-degli-dei","status":"publish","type":"page","link":"https:\/\/hellenicmoon.com\/it\/era-regina-degli-dei\/","title":{"rendered":"Era &#8211; Regina degli Dei"},"content":{"rendered":"\n<p class=\"has-text-align-center\" style=\"font-size:18px\"><strong>Nome romano<\/strong> : <strong>Giunone<\/strong> (mese di <strong>giugno<\/strong> che porta il suo nome)<\/p>\n\n\n<div class=\"wp-block-image\">\n<figure class=\"aligncenter size-large\"><img decoding=\"async\" width=\"482\" height=\"493\" src=\"https:\/\/hellenicmoon.com\/wp-content\/uploads\/2019\/12\/Juno-1.png\" alt=\"\" class=\"wp-image-599\" srcset=\"https:\/\/hellenicmoon.com\/wp-content\/uploads\/2019\/12\/Juno-1.png 482w, https:\/\/hellenicmoon.com\/wp-content\/uploads\/2019\/12\/Juno-1-293x300.png 293w, https:\/\/hellenicmoon.com\/wp-content\/uploads\/2019\/12\/Juno-1-50x50.png 50w\" sizes=\"(max-width: 482px) 100vw, 482px\" \/><figcaption class=\"wp-element-caption\"><strong>Patch della missione Juno (Hera) della NASA per scoprire di pi\u00f9 su Giove (Zeus). Marito e moglie si riunirono.<\/strong><\/figcaption><\/figure>\n<\/div>\n\n\n<p>Era \u00e8 una delle divinit\u00e0 pi\u00f9 importanti della mitologia greca. \u00c8 la moglie di Zeus, la regina degli dei dell&#8217;Olimpo e la dea del matrimonio, delle donne e della famiglia. \u00c8 anche la protettrice delle donne durante il parto e la patrona della monogamia.<\/p>\n\n\n\n<p>Era nacque dai genitori Titani Crono e Rea, che governarono il mondo prima degli dei dell&#8217;Olimpo. Fu inghiottita da Crono insieme ai suoi fratelli, ma fu liberata da Zeus, che divenne suo marito e fratello. Era aiut\u00f2 Zeus nella sua guerra contro Crono e i Titani, e divenne la dea suprema dopo la loro vittoria.<\/p>\n\n\n\n<p>Era era una moglie leale e fedele, ma dovette sopportare la costante infedelt\u00e0 di Zeus, che ebbe molte relazioni con altre dee e donne mortali. Era era nota per la sua gelosia e vendetta, che spesso scatenava contro gli amanti e i figli illegittimi di Zeus. Alcune delle sue vittime famose includono Leto, Io, Europa, Danae, Leda, Semele, Alcmene ed Ercole.<\/p>\n\n\n\n<p>Era venerata come simbolo del matrimonio, della fedelt\u00e0, della maternit\u00e0 e della domesticit\u00e0. Era anche rispettata come la regina degli dei, che aveva autorit\u00e0 sul cielo, sul tempo e sulle stagioni. Poteva controllare tuoni, fulmini, pioggia, vento e tempeste con il suo scettro e il suo cuculo, che erano i suoi simboli sacri. Era anche associata al pavone, alla mucca e al melograno.<\/p>\n\n\n\n<p>Era aveva molti templi e santuari in tutta la Grecia, ma il suo santuario pi\u00f9 famoso era ad Argo, dove era onorata come dea protettrice della citt\u00e0. Gli altri suoi centri di culto sono Olimpia, Samo, Sparta e Delo. Il suo equivalente romano era Giunone, che condivideva molti dei suoi attributi e delle sue storie.<\/p>\n\n\n\n<p>Era \u00e8 una divinit\u00e0 complessa che rappresenta sia le virt\u00f9 che i difetti della mitologia greca. \u00c8 un simbolo di amore, lealt\u00e0, dignit\u00e0, ma anche di ira, invidia e rancore. \u00c8 venerata come la madre degli dei e degli uomini, ma anche temuta per le sue azioni crudeli e vendicative. \u00c8 Era, la regina degli dei e la dea del matrimonio nella mitologia greca.<\/p>\n\n\n\n<div style=\"height:30px\" aria-hidden=\"true\" class=\"wp-block-spacer\"><\/div>\n\n\n\n<figure class=\"wp-block-embed is-type-video is-provider-youtube wp-block-embed-youtube wp-embed-aspect-16-9 wp-has-aspect-ratio\"><div class=\"wp-block-embed__wrapper\">\n<iframe title=\"How Jupiter Shocked NASA Scientists | Juno Spacecraft 3-Year Update\" width=\"750\" height=\"422\" src=\"https:\/\/www.youtube.com\/embed\/5F5aoC66cpY?feature=oembed\" frameborder=\"0\" allow=\"accelerometer; autoplay; clipboard-write; encrypted-media; gyroscope; picture-in-picture; web-share\" allowfullscreen><\/iframe>\n<\/div><figcaption class=\"wp-element-caption\"><strong>Nel 2011 la Nasa ha lanciato la missione Juno (nome romano di Hera) su Giove (nome romano di Zeus). Recente documentario su ci\u00f2 che hanno trovato finora.<\/strong><\/figcaption><\/figure>\n\n\n\n<div style=\"height:24px\" aria-hidden=\"true\" class=\"wp-block-spacer\"><\/div>\n\n\n\n<h2 class=\"wp-block-heading has-text-align-center\">Hera consiglia:<\/h2>\n\n\n\n<h2 class=\"wp-block-heading has-text-align-center\" id=\"wp-block-themeisle-blocks-advanced-heading-b4677fe3\"><span style=\"text-decoration: underline;\">Le Squadre di Hera<\/span><\/h2>\n\n\n\n<h5 class=\"wp-block-heading has-text-align-center\" id=\"wp-block-themeisle-blocks-advanced-heading-28f4ada1\">Se Hera fosse un&#8217;appassionata di sport moderni, sosterrebbe:<\/h5>\n\n\n\n<div class=\"wp-block-columns is-layout-flex wp-container-core-columns-is-layout-28f84493 wp-block-columns-is-layout-flex\">\n<div class=\"wp-block-column is-layout-flow wp-block-column-is-layout-flow\"><div class=\"wp-block-image\">\n<figure class=\"aligncenter size-full\"><img decoding=\"async\" width=\"200\" height=\"200\" src=\"https:\/\/hellenicmoon.com\/wp-content\/uploads\/2019\/12\/Chelsea_FC_logo_chrest.png\" alt=\"\" class=\"wp-image-639\" srcset=\"https:\/\/hellenicmoon.com\/wp-content\/uploads\/2019\/12\/Chelsea_FC_logo_chrest.png 200w, https:\/\/hellenicmoon.com\/wp-content\/uploads\/2019\/12\/Chelsea_FC_logo_chrest-160x160.png 160w, https:\/\/hellenicmoon.com\/wp-content\/uploads\/2019\/12\/Chelsea_FC_logo_chrest-150x150.png 150w, https:\/\/hellenicmoon.com\/wp-content\/uploads\/2019\/12\/Chelsea_FC_logo_chrest-50x50.png 50w\" sizes=\"(max-width: 200px) 100vw, 200px\" \/><figcaption class=\"wp-element-caption\"><strong><kbd>Chelsea<\/kbd><\/strong><\/figcaption><\/figure>\n<\/div>\n\n\n<p class=\"has-text-align-center has-medium-font-size\">Animale sacro di Hera<\/p>\n\n\n\n<p class=\"has-small-font-size\" id=\"wp-block-themeisle-blocks-advanced-heading-0e452f17\">I Lions erano sacri per Hera, che sarebbe stato un tifoso del Chelsea, una delle sole 5 squadre ad aver vinto tutte e 3 le principali competizioni UEFA per club e l&#8217;unico club londinese ad aver mai vinto la Champions League.<\/p>\n<\/div>\n\n\n\n<div class=\"wp-block-column is-layout-flow wp-block-column-is-layout-flow\"><div class=\"wp-block-image\">\n<figure class=\"aligncenter size-full\"><img decoding=\"async\" width=\"200\" height=\"200\" src=\"https:\/\/hellenicmoon.com\/wp-content\/uploads\/2019\/12\/st.louis-cardinals.jpg\" alt=\"\" class=\"wp-image-641\" srcset=\"https:\/\/hellenicmoon.com\/wp-content\/uploads\/2019\/12\/st.louis-cardinals.jpg 200w, https:\/\/hellenicmoon.com\/wp-content\/uploads\/2019\/12\/st.louis-cardinals-160x160.jpg 160w, https:\/\/hellenicmoon.com\/wp-content\/uploads\/2019\/12\/st.louis-cardinals-150x150.jpg 150w, https:\/\/hellenicmoon.com\/wp-content\/uploads\/2019\/12\/st.louis-cardinals-50x50.jpg 50w\" sizes=\"(max-width: 200px) 100vw, 200px\" \/><figcaption class=\"wp-element-caption\"><strong><kbd>Cardinali di St. Louis<\/kbd><\/strong><\/figcaption><\/figure>\n<\/div>\n\n\n<p class=\"has-text-align-center has-medium-font-size\">Cugino dell&#8217;uccello cuculo<\/p>\n\n\n\n<p class=\"has-small-font-size\" id=\"wp-block-themeisle-blocks-advanced-heading-b3a1f492\">Gli uccelli cuculo e i pavoni erano sacri per Era, che si sarebbe accontentata di sostenere i cardinali di St. Louis. Con 11 World Series e 14 titoli di divisione, i St. Louis Cardinals sarebbero stati i favoriti di Hera.<\/p>\n<\/div>\n\n\n\n<div class=\"wp-block-column is-layout-flow wp-block-column-is-layout-flow\"><div class=\"wp-block-image\">\n<figure class=\"aligncenter size-full is-resized\"><img decoding=\"async\" width=\"529\" height=\"571\" src=\"https:\/\/hellenicmoon.com\/wp-content\/uploads\/2019\/12\/lyon.png\" alt=\"\" class=\"wp-image-417\" style=\"width:200px;height:200px\" srcset=\"https:\/\/hellenicmoon.com\/wp-content\/uploads\/2019\/12\/lyon.png 529w, https:\/\/hellenicmoon.com\/wp-content\/uploads\/2019\/12\/lyon-278x300.png 278w\" sizes=\"(max-width: 529px) 100vw, 529px\" \/><figcaption class=\"wp-element-caption\"><strong><kbd>Olympique Lyonnais<\/kbd><\/strong><\/figcaption><\/figure>\n<\/div>\n\n\n<p class=\"has-text-align-center has-medium-font-size\">La migliore squadra di calcio femminile<\/p>\n\n\n\n<p class=\"has-small-font-size\" id=\"wp-block-themeisle-blocks-advanced-heading-c2185c45\">Come dea delle donne, Hera sarebbe stata una grande fan dell&#8217;Olympique Lyonnais, la migliore squadra di calcio femminile della UEFA Women&#8217;s Champions League con 6 vittorie<\/p>\n<\/div>\n\n\n\n<div class=\"wp-block-column is-layout-flow wp-block-column-is-layout-flow\"><div class=\"wp-block-image\">\n<figure class=\"aligncenter size-full is-resized\"><img decoding=\"async\" width=\"197\" height=\"198\" src=\"https:\/\/hellenicmoon.com\/wp-content\/uploads\/2019\/12\/Kobenhavn.png\" alt=\"\" class=\"wp-image-644\" style=\"width:200px;height:200px\" srcset=\"https:\/\/hellenicmoon.com\/wp-content\/uploads\/2019\/12\/Kobenhavn.png 197w, https:\/\/hellenicmoon.com\/wp-content\/uploads\/2019\/12\/Kobenhavn-160x160.png 160w, https:\/\/hellenicmoon.com\/wp-content\/uploads\/2019\/12\/Kobenhavn-150x150.png 150w, https:\/\/hellenicmoon.com\/wp-content\/uploads\/2019\/12\/Kobenhavn-50x50.png 50w\" sizes=\"(max-width: 197px) 100vw, 197px\" \/><figcaption class=\"wp-element-caption\"><strong><kbd>FC Kobenhavn<\/kbd><\/strong><\/figcaption><\/figure>\n<\/div>\n\n\n<p class=\"has-text-align-center has-medium-font-size\">Animale sacro di Hera<\/p>\n\n\n\n<p class=\"has-small-font-size\">Hera sarebbe stato un tifoso della squadra di maggior successo in Danimarca, che gioca regolarmente in UEFA Champions ed Europa League, e l&#8217;unica squadra danese ad aver mai raggiunto gli ultimi ottavi di finale di Champions League.<\/p>\n<\/div>\n<\/div>\n","protected":false},"excerpt":{"rendered":"<p>Nome romano : Giunone (mese di giugno che porta il suo nome) Era \u00e8 una delle divinit\u00e0 pi\u00f9 importanti della mitologia greca. \u00c8 la moglie di Zeus, la regina degli dei dell&#8217;Olimpo e la dea del matrimonio, delle donne e della famiglia. \u00c8 anche la protettrice delle donne durante il [&hellip;]<\/p>\n","protected":false},"author":2,"featured_media":0,"parent":0,"menu_order":0,"comment_status":"closed","ping_status":"closed","template":"","meta":{"_bbp_topic_count":0,"_bbp_reply_count":0,"_bbp_total_topic_count":0,"_bbp_total_reply_count":0,"_bbp_voice_count":0,"_bbp_anonymous_reply_count":0,"_bbp_topic_count_hidden":0,"_bbp_reply_count_hidden":0,"_bbp_forum_subforum_count":0,"_monsterinsights_skip_tracking":false,"_monsterinsights_sitenote_active":false,"_monsterinsights_sitenote_note":"","_monsterinsights_sitenote_category":0,"jetpack_post_was_ever_published":false,"footnotes":""},"class_list":["post-10957","page","type-page","status-publish","hentry"],"yoast_head":"<!-- This site is optimized with the Yoast SEO plugin v27.3 - https:\/\/yoast.com\/product\/yoast-seo-wordpress\/ -->\n<title>Era - Regina degli Dei - Hellenic Moon<\/title>\n<meta name=\"robots\" content=\"index, follow, max-snippet:-1, max-image-preview:large, max-video-preview:-1\" \/>\n<link rel=\"canonical\" href=\"https:\/\/hellenicmoon.com\/it\/era-regina-degli-dei\/\" \/>\n<meta property=\"og:locale\" content=\"it_IT\" \/>\n<meta property=\"og:type\" content=\"article\" \/>\n<meta property=\"og:title\" content=\"Era - Regina degli Dei - Hellenic Moon\" \/>\n<meta property=\"og:description\" content=\"Nome romano : Giunone (mese di giugno che porta il suo nome) Era \u00e8 una delle divinit\u00e0 pi\u00f9 importanti della mitologia greca. \u00c8 la moglie di Zeus, la regina degli dei dell&#8217;Olimpo e la dea del matrimonio, delle donne e della famiglia. \u00c8 anche la protettrice delle donne durante il [&hellip;]\" \/>\n<meta property=\"og:url\" content=\"https:\/\/hellenicmoon.com\/it\/era-regina-degli-dei\/\" \/>\n<meta property=\"og:site_name\" content=\"Hellenic Moon\" \/>\n<meta property=\"article:modified_time\" content=\"2023-12-21T09:48:32+00:00\" \/>\n<meta property=\"og:image\" content=\"https:\/\/hellenicmoon.com\/wp-content\/uploads\/2019\/12\/Juno-1.png\" \/>\n<meta name=\"twitter:card\" content=\"summary_large_image\" \/>\n<meta name=\"twitter:label1\" content=\"Tempo di lettura stimato\" \/>\n\t<meta name=\"twitter:data1\" content=\"4 minuti\" \/>\n<script type=\"application\/ld+json\" class=\"yoast-schema-graph\">{\"@context\":\"https:\\\/\\\/schema.org\",\"@graph\":[{\"@type\":\"WebPage\",\"@id\":\"https:\\\/\\\/hellenicmoon.com\\\/it\\\/era-regina-degli-dei\\\/\",\"url\":\"https:\\\/\\\/hellenicmoon.com\\\/it\\\/era-regina-degli-dei\\\/\",\"name\":\"Era - Regina degli Dei - Hellenic Moon\",\"isPartOf\":{\"@id\":\"https:\\\/\\\/mti.get.mybluehost.me\\\/#website\"},\"primaryImageOfPage\":{\"@id\":\"https:\\\/\\\/hellenicmoon.com\\\/it\\\/era-regina-degli-dei\\\/#primaryimage\"},\"image\":{\"@id\":\"https:\\\/\\\/hellenicmoon.com\\\/it\\\/era-regina-degli-dei\\\/#primaryimage\"},\"thumbnailUrl\":\"https:\\\/\\\/hellenicmoon.com\\\/wp-content\\\/uploads\\\/2019\\\/12\\\/Juno-1.png\",\"datePublished\":\"2019-12-18T14:18:44+00:00\",\"dateModified\":\"2023-12-21T09:48:32+00:00\",\"breadcrumb\":{\"@id\":\"https:\\\/\\\/hellenicmoon.com\\\/it\\\/era-regina-degli-dei\\\/#breadcrumb\"},\"inLanguage\":\"it-IT\",\"potentialAction\":[{\"@type\":\"ReadAction\",\"target\":[\"https:\\\/\\\/hellenicmoon.com\\\/it\\\/era-regina-degli-dei\\\/\"]}]},{\"@type\":\"ImageObject\",\"inLanguage\":\"it-IT\",\"@id\":\"https:\\\/\\\/hellenicmoon.com\\\/it\\\/era-regina-degli-dei\\\/#primaryimage\",\"url\":\"https:\\\/\\\/hellenicmoon.com\\\/wp-content\\\/uploads\\\/2019\\\/12\\\/Juno-1.png\",\"contentUrl\":\"https:\\\/\\\/hellenicmoon.com\\\/wp-content\\\/uploads\\\/2019\\\/12\\\/Juno-1.png\"},{\"@type\":\"BreadcrumbList\",\"@id\":\"https:\\\/\\\/hellenicmoon.com\\\/it\\\/era-regina-degli-dei\\\/#breadcrumb\",\"itemListElement\":[{\"@type\":\"ListItem\",\"position\":1,\"name\":\"Home\",\"item\":\"https:\\\/\\\/hellenicmoon.com\\\/it\\\/\"},{\"@type\":\"ListItem\",\"position\":2,\"name\":\"Era &#8211; Regina degli Dei\"}]},{\"@type\":\"WebSite\",\"@id\":\"https:\\\/\\\/mti.get.mybluehost.me\\\/#website\",\"url\":\"https:\\\/\\\/mti.get.mybluehost.me\\\/\",\"name\":\"Hellenic Moon\",\"description\":\"Greek mythology and gods\",\"publisher\":{\"@id\":\"https:\\\/\\\/mti.get.mybluehost.me\\\/#organization\"},\"potentialAction\":[{\"@type\":\"SearchAction\",\"target\":{\"@type\":\"EntryPoint\",\"urlTemplate\":\"https:\\\/\\\/mti.get.mybluehost.me\\\/?s={search_term_string}\"},\"query-input\":{\"@type\":\"PropertyValueSpecification\",\"valueRequired\":true,\"valueName\":\"search_term_string\"}}],\"inLanguage\":\"it-IT\"},{\"@type\":\"Organization\",\"@id\":\"https:\\\/\\\/mti.get.mybluehost.me\\\/#organization\",\"name\":\"Hellenic Moon\",\"url\":\"https:\\\/\\\/mti.get.mybluehost.me\\\/\",\"logo\":{\"@type\":\"ImageObject\",\"inLanguage\":\"it-IT\",\"@id\":\"https:\\\/\\\/mti.get.mybluehost.me\\\/#\\\/schema\\\/logo\\\/image\\\/\",\"url\":\"https:\\\/\\\/hellenicmoon.com\\\/wp-content\\\/uploads\\\/2020\\\/01\\\/cropped-logo_ok_by_aramisdream_ddoqp6p.png\",\"contentUrl\":\"https:\\\/\\\/hellenicmoon.com\\\/wp-content\\\/uploads\\\/2020\\\/01\\\/cropped-logo_ok_by_aramisdream_ddoqp6p.png\",\"width\":150,\"height\":100,\"caption\":\"Hellenic Moon\"},\"image\":{\"@id\":\"https:\\\/\\\/mti.get.mybluehost.me\\\/#\\\/schema\\\/logo\\\/image\\\/\"},\"sameAs\":[\"https:\\\/\\\/www.instagram.com\\\/hellenic.moon\"]}]}<\/script>\n<!-- \/ Yoast SEO plugin. -->","yoast_head_json":{"title":"Era - Regina degli Dei - Hellenic Moon","robots":{"index":"index","follow":"follow","max-snippet":"max-snippet:-1","max-image-preview":"max-image-preview:large","max-video-preview":"max-video-preview:-1"},"canonical":"https:\/\/hellenicmoon.com\/it\/era-regina-degli-dei\/","og_locale":"it_IT","og_type":"article","og_title":"Era - Regina degli Dei - Hellenic Moon","og_description":"Nome romano : Giunone (mese di giugno che porta il suo nome) Era \u00e8 una delle divinit\u00e0 pi\u00f9 importanti della mitologia greca. \u00c8 la moglie di Zeus, la regina degli dei dell&#8217;Olimpo e la dea del matrimonio, delle donne e della famiglia. \u00c8 anche la protettrice delle donne durante il [&hellip;]","og_url":"https:\/\/hellenicmoon.com\/it\/era-regina-degli-dei\/","og_site_name":"Hellenic Moon","article_modified_time":"2023-12-21T09:48:32+00:00","og_image":[{"url":"https:\/\/hellenicmoon.com\/wp-content\/uploads\/2019\/12\/Juno-1.png","type":"","width":"","height":""}],"twitter_card":"summary_large_image","twitter_misc":{"Tempo di lettura stimato":"4 minuti"},"schema":{"@context":"https:\/\/schema.org","@graph":[{"@type":"WebPage","@id":"https:\/\/hellenicmoon.com\/it\/era-regina-degli-dei\/","url":"https:\/\/hellenicmoon.com\/it\/era-regina-degli-dei\/","name":"Era - Regina degli Dei - Hellenic Moon","isPartOf":{"@id":"https:\/\/mti.get.mybluehost.me\/#website"},"primaryImageOfPage":{"@id":"https:\/\/hellenicmoon.com\/it\/era-regina-degli-dei\/#primaryimage"},"image":{"@id":"https:\/\/hellenicmoon.com\/it\/era-regina-degli-dei\/#primaryimage"},"thumbnailUrl":"https:\/\/hellenicmoon.com\/wp-content\/uploads\/2019\/12\/Juno-1.png","datePublished":"2019-12-18T14:18:44+00:00","dateModified":"2023-12-21T09:48:32+00:00","breadcrumb":{"@id":"https:\/\/hellenicmoon.com\/it\/era-regina-degli-dei\/#breadcrumb"},"inLanguage":"it-IT","potentialAction":[{"@type":"ReadAction","target":["https:\/\/hellenicmoon.com\/it\/era-regina-degli-dei\/"]}]},{"@type":"ImageObject","inLanguage":"it-IT","@id":"https:\/\/hellenicmoon.com\/it\/era-regina-degli-dei\/#primaryimage","url":"https:\/\/hellenicmoon.com\/wp-content\/uploads\/2019\/12\/Juno-1.png","contentUrl":"https:\/\/hellenicmoon.com\/wp-content\/uploads\/2019\/12\/Juno-1.png"},{"@type":"BreadcrumbList","@id":"https:\/\/hellenicmoon.com\/it\/era-regina-degli-dei\/#breadcrumb","itemListElement":[{"@type":"ListItem","position":1,"name":"Home","item":"https:\/\/hellenicmoon.com\/it\/"},{"@type":"ListItem","position":2,"name":"Era &#8211; Regina degli Dei"}]},{"@type":"WebSite","@id":"https:\/\/mti.get.mybluehost.me\/#website","url":"https:\/\/mti.get.mybluehost.me\/","name":"Hellenic Moon","description":"Greek mythology and gods","publisher":{"@id":"https:\/\/mti.get.mybluehost.me\/#organization"},"potentialAction":[{"@type":"SearchAction","target":{"@type":"EntryPoint","urlTemplate":"https:\/\/mti.get.mybluehost.me\/?s={search_term_string}"},"query-input":{"@type":"PropertyValueSpecification","valueRequired":true,"valueName":"search_term_string"}}],"inLanguage":"it-IT"},{"@type":"Organization","@id":"https:\/\/mti.get.mybluehost.me\/#organization","name":"Hellenic Moon","url":"https:\/\/mti.get.mybluehost.me\/","logo":{"@type":"ImageObject","inLanguage":"it-IT","@id":"https:\/\/mti.get.mybluehost.me\/#\/schema\/logo\/image\/","url":"https:\/\/hellenicmoon.com\/wp-content\/uploads\/2020\/01\/cropped-logo_ok_by_aramisdream_ddoqp6p.png","contentUrl":"https:\/\/hellenicmoon.com\/wp-content\/uploads\/2020\/01\/cropped-logo_ok_by_aramisdream_ddoqp6p.png","width":150,"height":100,"caption":"Hellenic Moon"},"image":{"@id":"https:\/\/mti.get.mybluehost.me\/#\/schema\/logo\/image\/"},"sameAs":["https:\/\/www.instagram.com\/hellenic.moon"]}]}},"jetpack_sharing_enabled":true,"_links":{"self":[{"href":"https:\/\/hellenicmoon.com\/it\/wp-json\/wp\/v2\/pages\/10957","targetHints":{"allow":["GET"]}}],"collection":[{"href":"https:\/\/hellenicmoon.com\/it\/wp-json\/wp\/v2\/pages"}],"about":[{"href":"https:\/\/hellenicmoon.com\/it\/wp-json\/wp\/v2\/types\/page"}],"author":[{"embeddable":true,"href":"https:\/\/hellenicmoon.com\/it\/wp-json\/wp\/v2\/users\/2"}],"replies":[{"embeddable":true,"href":"https:\/\/hellenicmoon.com\/it\/wp-json\/wp\/v2\/comments?post=10957"}],"version-history":[{"count":0,"href":"https:\/\/hellenicmoon.com\/it\/wp-json\/wp\/v2\/pages\/10957\/revisions"}],"wp:attachment":[{"href":"https:\/\/hellenicmoon.com\/it\/wp-json\/wp\/v2\/media?parent=10957"}],"curies":[{"name":"wp","href":"https:\/\/api.w.org\/{rel}","templated":true}]}}