{"id":10941,"date":"2019-12-12T08:26:52","date_gmt":"2019-12-12T08:26:52","guid":{"rendered":"https:\/\/hellenicmoon.com\/gemelli-castore-e-polluce\/"},"modified":"2023-12-21T09:51:05","modified_gmt":"2023-12-21T09:51:05","slug":"gemelli-castore-e-polluce","status":"publish","type":"page","link":"https:\/\/hellenicmoon.com\/it\/gemelli-castore-e-polluce\/","title":{"rendered":"Gemelli (Castore e Polluce)"},"content":{"rendered":"\n<figure class=\"wp-block-embed aligncenter is-type-video is-provider-youtube wp-block-embed-youtube wp-embed-aspect-4-3 wp-has-aspect-ratio\"><div class=\"wp-block-embed__wrapper\">\n<iframe title=\"Mythic Warriors: Guardians of the Legend - Castor and Pollux - Season 2 Episode 7\" width=\"750\" height=\"563\" src=\"https:\/\/www.youtube.com\/embed\/qkkGPSBI8oo?feature=oembed\" frameborder=\"0\" allow=\"accelerometer; autoplay; clipboard-write; encrypted-media; gyroscope; picture-in-picture; web-share\" allowfullscreen><\/iframe>\n<\/div><figcaption class=\"wp-element-caption\"><strong><sub>La storia di Castore e Polluce, i gemelli che divennero la costellazione dei Gemelli. Si prega di notare che questa storia \u00e8 leggermente modificata rispetto alla storia reale, ma vale comunque la pena guardarla. Anche Castore e Polluce si unirono a Giasone e agli Argonauti nella loro ricerca.<\/sub><\/strong><\/figcaption><\/figure>\n\n\n\n<p>I Gemelli sono il terzo segno dello zodiaco, che rappresenta una coppia di gemelli. \u00c8 associato all&#8217;elemento aria, al pianeta Mercurio e ai colori giallo e blu. Si dice che le persone nate sotto questo segno siano curiose, adattabili, comunicative e versatili.<\/p>\n\n\n\n<p>I Gemelli hanno le loro origini in un mito greco su Castore e Polluce, noti anche come Dioscuri. Secondo il mito, erano i figli di Leda, la regina di Sparta, ma avevano padri diversi. Castore era il figlio del re Tindaro, mentre Polluce era il figlio di Zeus, che sedusse Leda sotto forma di cigno.<\/p>\n\n\n\n<p>Castore e Polluce erano fratelli inseparabili che condividevano molte avventure e abilit\u00e0. Castore era un esperto cavaliere e guerriero, mentre Polluce era un brillante pugile e combattente. Erano anche membri degli Argonauti, gli eroi che accompagnarono Giasone nella sua ricerca del Vello d&#8217;Oro.<\/p>\n\n\n\n<p>Un giorno, furono coinvolti in un litigio con i loro cugini, Ida e Linceo, per del bestiame che avevano rubato. Ne segu\u00ec un combattimento e Castore fu ferito a morte da Idas. Polluce fu devastato dalla morte di suo fratello e preg\u00f2 Zeus di lasciarlo morire anche lui. Zeus gli offr\u00ec una scelta: poteva rimanere immortale nell&#8217;Olimpo o condividere la sua immortalit\u00e0 con Castore trascorrendo met\u00e0 del suo tempo negli inferi.<\/p>\n\n\n\n<p>Polluce scelse quest&#8217;ultima opzione e divenne una costellazione nel cielo insieme a suo fratello. Erano conosciuti come Gemelli, che significa &#8220;i gemelli&#8221; in latino. Erano anche onorati come patroni di marinai e viaggiatori, che pregavano per avere protezione e guida.<\/p>\n\n\n\n<p>I Gemelli sono un segno zodiacale vivace e dinamico che riflette molti aspetti della natura e dell&#8217;interazione umana. \u00c8 un simbolo di curiosit\u00e0 e intelligenza che pu\u00f2 esplorare e imparare da esperienze e prospettive diverse. \u00c8 un simbolo di adattabilit\u00e0 e flessibilit\u00e0 in grado di adattarsi e far fronte a situazioni e ambienti mutevoli. \u00c8 un simbolo di comunicazione ed espressione che pu\u00f2 condividere e scambiare idee e informazioni con gli altri.<\/p>\n","protected":false},"excerpt":{"rendered":"<p>I Gemelli sono il terzo segno dello zodiaco, che rappresenta una coppia di gemelli. \u00c8 associato all&#8217;elemento aria, al pianeta Mercurio e ai colori giallo e blu. Si dice che le persone nate sotto questo segno siano curiose, adattabili, comunicative e versatili. I Gemelli hanno le loro origini in un [&hellip;]<\/p>\n","protected":false},"author":2,"featured_media":0,"parent":0,"menu_order":0,"comment_status":"closed","ping_status":"closed","template":"","meta":{"_bbp_topic_count":0,"_bbp_reply_count":0,"_bbp_total_topic_count":0,"_bbp_total_reply_count":0,"_bbp_voice_count":0,"_bbp_anonymous_reply_count":0,"_bbp_topic_count_hidden":0,"_bbp_reply_count_hidden":0,"_bbp_forum_subforum_count":0,"_monsterinsights_skip_tracking":false,"_monsterinsights_sitenote_active":false,"_monsterinsights_sitenote_note":"","_monsterinsights_sitenote_category":0,"jetpack_post_was_ever_published":false,"footnotes":""},"class_list":["post-10941","page","type-page","status-publish","hentry"],"yoast_head":"<!-- This site is optimized with the Yoast SEO plugin v27.3 - https:\/\/yoast.com\/product\/yoast-seo-wordpress\/ -->\n<title>Gemelli (Castore e Polluce) - Hellenic Moon<\/title>\n<meta name=\"robots\" content=\"index, follow, max-snippet:-1, max-image-preview:large, max-video-preview:-1\" \/>\n<link rel=\"canonical\" href=\"https:\/\/hellenicmoon.com\/it\/gemelli-castore-e-polluce\/\" \/>\n<meta property=\"og:locale\" content=\"it_IT\" \/>\n<meta property=\"og:type\" content=\"article\" \/>\n<meta property=\"og:title\" content=\"Gemelli (Castore e Polluce) - Hellenic Moon\" \/>\n<meta property=\"og:description\" content=\"I Gemelli sono il terzo segno dello zodiaco, che rappresenta una coppia di gemelli. \u00c8 associato all&#8217;elemento aria, al pianeta Mercurio e ai colori giallo e blu. Si dice che le persone nate sotto questo segno siano curiose, adattabili, comunicative e versatili. I Gemelli hanno le loro origini in un [&hellip;]\" \/>\n<meta property=\"og:url\" content=\"https:\/\/hellenicmoon.com\/it\/gemelli-castore-e-polluce\/\" \/>\n<meta property=\"og:site_name\" content=\"Hellenic Moon\" \/>\n<meta property=\"article:modified_time\" content=\"2023-12-21T09:51:05+00:00\" \/>\n<meta name=\"twitter:card\" content=\"summary_large_image\" \/>\n<meta name=\"twitter:label1\" content=\"Tempo di lettura stimato\" \/>\n\t<meta name=\"twitter:data1\" content=\"2 minuti\" \/>\n<script type=\"application\/ld+json\" class=\"yoast-schema-graph\">{\"@context\":\"https:\\\/\\\/schema.org\",\"@graph\":[{\"@type\":\"WebPage\",\"@id\":\"https:\\\/\\\/hellenicmoon.com\\\/it\\\/gemelli-castore-e-polluce\\\/\",\"url\":\"https:\\\/\\\/hellenicmoon.com\\\/it\\\/gemelli-castore-e-polluce\\\/\",\"name\":\"Gemelli (Castore e Polluce) - Hellenic Moon\",\"isPartOf\":{\"@id\":\"https:\\\/\\\/mti.get.mybluehost.me\\\/#website\"},\"datePublished\":\"2019-12-12T08:26:52+00:00\",\"dateModified\":\"2023-12-21T09:51:05+00:00\",\"breadcrumb\":{\"@id\":\"https:\\\/\\\/hellenicmoon.com\\\/it\\\/gemelli-castore-e-polluce\\\/#breadcrumb\"},\"inLanguage\":\"it-IT\",\"potentialAction\":[{\"@type\":\"ReadAction\",\"target\":[\"https:\\\/\\\/hellenicmoon.com\\\/it\\\/gemelli-castore-e-polluce\\\/\"]}]},{\"@type\":\"BreadcrumbList\",\"@id\":\"https:\\\/\\\/hellenicmoon.com\\\/it\\\/gemelli-castore-e-polluce\\\/#breadcrumb\",\"itemListElement\":[{\"@type\":\"ListItem\",\"position\":1,\"name\":\"Home\",\"item\":\"https:\\\/\\\/hellenicmoon.com\\\/it\\\/\"},{\"@type\":\"ListItem\",\"position\":2,\"name\":\"Gemelli (Castore e Polluce)\"}]},{\"@type\":\"WebSite\",\"@id\":\"https:\\\/\\\/mti.get.mybluehost.me\\\/#website\",\"url\":\"https:\\\/\\\/mti.get.mybluehost.me\\\/\",\"name\":\"Hellenic Moon\",\"description\":\"Greek mythology and gods\",\"publisher\":{\"@id\":\"https:\\\/\\\/mti.get.mybluehost.me\\\/#organization\"},\"potentialAction\":[{\"@type\":\"SearchAction\",\"target\":{\"@type\":\"EntryPoint\",\"urlTemplate\":\"https:\\\/\\\/mti.get.mybluehost.me\\\/?s={search_term_string}\"},\"query-input\":{\"@type\":\"PropertyValueSpecification\",\"valueRequired\":true,\"valueName\":\"search_term_string\"}}],\"inLanguage\":\"it-IT\"},{\"@type\":\"Organization\",\"@id\":\"https:\\\/\\\/mti.get.mybluehost.me\\\/#organization\",\"name\":\"Hellenic Moon\",\"url\":\"https:\\\/\\\/mti.get.mybluehost.me\\\/\",\"logo\":{\"@type\":\"ImageObject\",\"inLanguage\":\"it-IT\",\"@id\":\"https:\\\/\\\/mti.get.mybluehost.me\\\/#\\\/schema\\\/logo\\\/image\\\/\",\"url\":\"https:\\\/\\\/hellenicmoon.com\\\/wp-content\\\/uploads\\\/2020\\\/01\\\/cropped-logo_ok_by_aramisdream_ddoqp6p.png\",\"contentUrl\":\"https:\\\/\\\/hellenicmoon.com\\\/wp-content\\\/uploads\\\/2020\\\/01\\\/cropped-logo_ok_by_aramisdream_ddoqp6p.png\",\"width\":150,\"height\":100,\"caption\":\"Hellenic Moon\"},\"image\":{\"@id\":\"https:\\\/\\\/mti.get.mybluehost.me\\\/#\\\/schema\\\/logo\\\/image\\\/\"},\"sameAs\":[\"https:\\\/\\\/www.instagram.com\\\/hellenic.moon\"]}]}<\/script>\n<!-- \/ Yoast SEO plugin. -->","yoast_head_json":{"title":"Gemelli (Castore e Polluce) - Hellenic Moon","robots":{"index":"index","follow":"follow","max-snippet":"max-snippet:-1","max-image-preview":"max-image-preview:large","max-video-preview":"max-video-preview:-1"},"canonical":"https:\/\/hellenicmoon.com\/it\/gemelli-castore-e-polluce\/","og_locale":"it_IT","og_type":"article","og_title":"Gemelli (Castore e Polluce) - Hellenic Moon","og_description":"I Gemelli sono il terzo segno dello zodiaco, che rappresenta una coppia di gemelli. \u00c8 associato all&#8217;elemento aria, al pianeta Mercurio e ai colori giallo e blu. Si dice che le persone nate sotto questo segno siano curiose, adattabili, comunicative e versatili. I Gemelli hanno le loro origini in un [&hellip;]","og_url":"https:\/\/hellenicmoon.com\/it\/gemelli-castore-e-polluce\/","og_site_name":"Hellenic Moon","article_modified_time":"2023-12-21T09:51:05+00:00","twitter_card":"summary_large_image","twitter_misc":{"Tempo di lettura stimato":"2 minuti"},"schema":{"@context":"https:\/\/schema.org","@graph":[{"@type":"WebPage","@id":"https:\/\/hellenicmoon.com\/it\/gemelli-castore-e-polluce\/","url":"https:\/\/hellenicmoon.com\/it\/gemelli-castore-e-polluce\/","name":"Gemelli (Castore e Polluce) - Hellenic Moon","isPartOf":{"@id":"https:\/\/mti.get.mybluehost.me\/#website"},"datePublished":"2019-12-12T08:26:52+00:00","dateModified":"2023-12-21T09:51:05+00:00","breadcrumb":{"@id":"https:\/\/hellenicmoon.com\/it\/gemelli-castore-e-polluce\/#breadcrumb"},"inLanguage":"it-IT","potentialAction":[{"@type":"ReadAction","target":["https:\/\/hellenicmoon.com\/it\/gemelli-castore-e-polluce\/"]}]},{"@type":"BreadcrumbList","@id":"https:\/\/hellenicmoon.com\/it\/gemelli-castore-e-polluce\/#breadcrumb","itemListElement":[{"@type":"ListItem","position":1,"name":"Home","item":"https:\/\/hellenicmoon.com\/it\/"},{"@type":"ListItem","position":2,"name":"Gemelli (Castore e Polluce)"}]},{"@type":"WebSite","@id":"https:\/\/mti.get.mybluehost.me\/#website","url":"https:\/\/mti.get.mybluehost.me\/","name":"Hellenic Moon","description":"Greek mythology and gods","publisher":{"@id":"https:\/\/mti.get.mybluehost.me\/#organization"},"potentialAction":[{"@type":"SearchAction","target":{"@type":"EntryPoint","urlTemplate":"https:\/\/mti.get.mybluehost.me\/?s={search_term_string}"},"query-input":{"@type":"PropertyValueSpecification","valueRequired":true,"valueName":"search_term_string"}}],"inLanguage":"it-IT"},{"@type":"Organization","@id":"https:\/\/mti.get.mybluehost.me\/#organization","name":"Hellenic Moon","url":"https:\/\/mti.get.mybluehost.me\/","logo":{"@type":"ImageObject","inLanguage":"it-IT","@id":"https:\/\/mti.get.mybluehost.me\/#\/schema\/logo\/image\/","url":"https:\/\/hellenicmoon.com\/wp-content\/uploads\/2020\/01\/cropped-logo_ok_by_aramisdream_ddoqp6p.png","contentUrl":"https:\/\/hellenicmoon.com\/wp-content\/uploads\/2020\/01\/cropped-logo_ok_by_aramisdream_ddoqp6p.png","width":150,"height":100,"caption":"Hellenic Moon"},"image":{"@id":"https:\/\/mti.get.mybluehost.me\/#\/schema\/logo\/image\/"},"sameAs":["https:\/\/www.instagram.com\/hellenic.moon"]}]}},"jetpack_sharing_enabled":true,"_links":{"self":[{"href":"https:\/\/hellenicmoon.com\/it\/wp-json\/wp\/v2\/pages\/10941","targetHints":{"allow":["GET"]}}],"collection":[{"href":"https:\/\/hellenicmoon.com\/it\/wp-json\/wp\/v2\/pages"}],"about":[{"href":"https:\/\/hellenicmoon.com\/it\/wp-json\/wp\/v2\/types\/page"}],"author":[{"embeddable":true,"href":"https:\/\/hellenicmoon.com\/it\/wp-json\/wp\/v2\/users\/2"}],"replies":[{"embeddable":true,"href":"https:\/\/hellenicmoon.com\/it\/wp-json\/wp\/v2\/comments?post=10941"}],"version-history":[{"count":0,"href":"https:\/\/hellenicmoon.com\/it\/wp-json\/wp\/v2\/pages\/10941\/revisions"}],"wp:attachment":[{"href":"https:\/\/hellenicmoon.com\/it\/wp-json\/wp\/v2\/media?parent=10941"}],"curies":[{"name":"wp","href":"https:\/\/api.w.org\/{rel}","templated":true}]}}