{"id":10923,"date":"2019-12-08T22:36:08","date_gmt":"2019-12-08T22:36:08","guid":{"rendered":"https:\/\/hellenicmoon.com\/dioniso-dio-del-teatro-del-vino-e-della-festa\/"},"modified":"2023-12-21T09:47:39","modified_gmt":"2023-12-21T09:47:39","slug":"dioniso-dio-del-teatro-del-vino-e-della-festa","status":"publish","type":"page","link":"https:\/\/hellenicmoon.com\/it\/dioniso-dio-del-teatro-del-vino-e-della-festa\/","title":{"rendered":"Dioniso &#8211; Dio del Teatro, del Vino e della Festa"},"content":{"rendered":"\n<p class=\"has-text-align-center\"><strong>Nome romano<\/strong> : <strong>Bacco<\/strong><\/p>\n\n\n<div class=\"wp-block-image\">\n<figure class=\"aligncenter size-large\"><img decoding=\"async\" width=\"437\" height=\"551\" src=\"https:\/\/hellenicmoon.com\/wp-content\/uploads\/2019\/12\/Dionysus.jpg\" alt=\"\" class=\"wp-image-347\" srcset=\"https:\/\/hellenicmoon.com\/wp-content\/uploads\/2019\/12\/Dionysus.jpg 437w, https:\/\/hellenicmoon.com\/wp-content\/uploads\/2019\/12\/Dionysus-238x300.jpg 238w\" sizes=\"(max-width: 437px) 100vw, 437px\" \/><figcaption class=\"wp-element-caption\"><strong>Vaso da vino con Dioniso<\/strong><\/figcaption><\/figure>\n<\/div>\n\n\n<p>Dioniso \u00e8 una delle divinit\u00e0 pi\u00f9 intriganti e complesse della mitologia greca. \u00c8 il figlio di Zeus ed \u00e8 il dio del vino, della frutta, della vegetazione, della festa, della follia e del teatro. \u00c8 anche conosciuto come Bacco, il suo nome romano, che significa &#8220;il dio rumoroso o riottoso&#8221;.<\/p>\n\n\n\n<p>Dioniso nacque dalla principessa mortale Semele, che fu ingannata da Era nel chiedere a Zeus di rivelare la sua vera forma. Zeus obbed\u00ec, ma i suoi fulmini ridussero Semele in cenere. Zeus poi salv\u00f2 il nascituro Dioniso dal suo grembo e lo cuc\u00ec nella sua coscia fino a quando non fu pronto per nascere.<\/p>\n\n\n\n<p>Dioniso fu allevato dalle ninfe di Nysa, una montagna mitica, e dalle menadi, o baccanti, le donne selvagge che lo seguivano nei suoi riti estatici. Apprese l&#8217;arte della vinificazione da Sileno, suo precettore e compagno, e viaggi\u00f2 per il mondo diffondendo il suo culto e insegnando alle persone come coltivare la vite.<\/p>\n\n\n\n<p>Dioniso era venerato come il dio della gioia, del piacere e della liberazione, che liberava le persone dalle loro preoccupazioni e inibizioni attraverso il vino e la musica. Era anche venerato come il mecenate del dramma e del teatro, che ispirava la creativit\u00e0 e l&#8217;espressione attraverso i suoi festival. Di solito era raffigurato come un uomo giovane e bello con i capelli lunghi, una ghirlanda di edera o vite, un tirso (un bastone sormontato da una pigna) e una pelle di leopardo. I suoi animali sacri erano il leopardo, la pantera, la capra e l&#8217;asino.  <\/p>\n\n\n\n<p>Dioniso \u00e8 un dio affascinante che rappresenta sia il lato chiaro che quello oscuro della natura umana. \u00c8 simbolo di vita, di crescita, di abbondanza, ma anche di eccesso, ebbrezza e frenesia. \u00c8 amato da molti per la sua generosit\u00e0 e il suo carisma, ma anche temuto da alcuni per la sua ira e vendetta. \u00c8 Dioniso, il dio del vino e dell&#8217;estasi nella mitologia greca.<\/p>\n\n\n\n<p>Il video qui sotto \u00e8 il primo di una serie di video sulla storia del teatro. La playlist continuer\u00e0 al video successivo al termine di quello che stai guardando. Inoltre, non perdetevi il nostro catalogo di <a href=\"https:\/\/hellenicmoon.com\/it\/opere-teatrali-greche-leggendarie\/\" target=\"_blank\" rel=\"noreferrer noopener\">\n  <span style=\"text-decoration: underline;\">teatro greco<\/span>\n<\/a>. Per arrivare alla TV moderna, tutto \u00e8 iniziato con il teatro!<\/p>\n\n\n\n<div style=\"height:23px\" aria-hidden=\"true\" class=\"wp-block-spacer\"><\/div>\n\n\n\n<figure class=\"wp-block-embed is-type-video is-provider-youtube wp-block-embed-youtube wp-embed-aspect-16-9 wp-has-aspect-ratio\"><div class=\"wp-block-embed__wrapper\">\n<iframe title=\"What Is Theater? Crash Course Theater #1\" width=\"750\" height=\"422\" src=\"https:\/\/www.youtube.com\/embed\/sNWrOuwzax8?list=PL8dPuuaLjXtONXALkeh5uisZqrAcPKCee\" frameborder=\"0\" allow=\"accelerometer; autoplay; clipboard-write; encrypted-media; gyroscope; picture-in-picture; web-share\" allowfullscreen><\/iframe>\n<\/div><figcaption class=\"wp-element-caption\"><strong>Dioniso era anche il dio del teatro e il teatro greco inizi\u00f2 in suo onore. Scopri tutto su di esso<\/strong>.<\/figcaption><\/figure>\n\n\n\n<div style=\"height:27px\" aria-hidden=\"true\" class=\"wp-block-spacer\"><\/div>\n\n\n\n<h2 class=\"wp-block-heading has-text-align-center\">Dioniso consiglia:<\/h2>\n\n\n\n<h2 class=\"wp-block-heading has-text-align-center\" id=\"wp-block-themeisle-blocks-advanced-heading-13559fef\"><span style=\"text-decoration: underline;\">Le squadre di Dioniso<\/span><\/h2>\n\n\n\n<h5 class=\"wp-block-heading has-text-align-center\" id=\"wp-block-themeisle-blocks-advanced-heading-944471f9\">Se Dioniso sostenesse le squadre sportive moderne, sarebbero:<\/h5>\n\n\n\n<div class=\"wp-block-columns is-layout-flex wp-container-core-columns-is-layout-28f84493 wp-block-columns-is-layout-flex\">\n<div class=\"wp-block-column is-layout-flow wp-block-column-is-layout-flow\"><div class=\"wp-block-image\">\n<figure class=\"aligncenter size-large is-resized\"><img decoding=\"async\" width=\"981\" height=\"1024\" src=\"https:\/\/hellenicmoon.com\/wp-content\/uploads\/2019\/12\/Tigers-981x1024.jpg\" alt=\"\" class=\"wp-image-356\" style=\"width:200px;height:200px\" srcset=\"https:\/\/hellenicmoon.com\/wp-content\/uploads\/2019\/12\/Tigers-981x1024.jpg 981w, https:\/\/hellenicmoon.com\/wp-content\/uploads\/2019\/12\/Tigers-600x626.jpg 600w, https:\/\/hellenicmoon.com\/wp-content\/uploads\/2019\/12\/Tigers-287x300.jpg 287w, https:\/\/hellenicmoon.com\/wp-content\/uploads\/2019\/12\/Tigers-768x802.jpg 768w, https:\/\/hellenicmoon.com\/wp-content\/uploads\/2019\/12\/Tigers.jpg 1094w\" sizes=\"(max-width: 981px) 100vw, 981px\" \/><figcaption class=\"wp-element-caption\"><strong><kbd>Tigri di Detroit<\/kbd><\/strong><\/figcaption><\/figure>\n<\/div>\n\n\n<p class=\"has-text-align-center has-medium-font-size\">Animale sacro di Dioniso<\/p>\n\n\n\n<p class=\"has-small-font-size\" id=\"wp-block-themeisle-blocks-advanced-heading-97b6c524\">La tigre era sacra per Dionysos, e con 4 World Series e 7 titoli di Division al loro attivo, Dionysos sarebbe orgoglioso dei Detroit Tigers, che sono la quinta squadra di maggior successo nella storia della MLB.<\/p>\n<\/div>\n\n\n\n<div class=\"wp-block-column is-layout-flow wp-block-column-is-layout-flow\"><div class=\"wp-block-image\">\n<figure class=\"aligncenter size-full is-resized\"><img decoding=\"async\" width=\"516\" height=\"408\" src=\"https:\/\/hellenicmoon.com\/wp-content\/uploads\/2019\/12\/Nashville.jpg\" alt=\"\" class=\"wp-image-357\" style=\"width:200px;height:200px\" srcset=\"https:\/\/hellenicmoon.com\/wp-content\/uploads\/2019\/12\/Nashville.jpg 516w, https:\/\/hellenicmoon.com\/wp-content\/uploads\/2019\/12\/Nashville-300x237.jpg 300w\" sizes=\"(max-width: 516px) 100vw, 516px\" \/><figcaption class=\"wp-element-caption\"><strong><kbd>Predatori di Nashville<\/kbd><\/strong><\/figcaption><\/figure>\n<\/div>\n\n\n<p class=\"has-text-align-center has-medium-font-size\">Animale sacro di Dioniso<\/p>\n\n\n\n<p class=\"has-small-font-size\" id=\"wp-block-themeisle-blocks-advanced-heading-d8c90f60\">Tigri, pantere e leopardi sono tutti sacri a Dionysos, quindi gli sarebbero sicuramente piaciuti i Nashville Predators, che hanno sfiorato la vittoria della Stanley Cup nel 2017 e hanno 1 campionato di Conference, 1 trofeo del Presidente e 2 titoli di Division al loro attivo.<\/p>\n<\/div>\n\n\n\n<div class=\"wp-block-column is-layout-flow wp-block-column-is-layout-flow\"><div class=\"wp-block-image\">\n<figure class=\"aligncenter size-full\"><img decoding=\"async\" width=\"200\" height=\"200\" src=\"https:\/\/hellenicmoon.com\/wp-content\/uploads\/2019\/12\/Diamondbacks1.jpg\" alt=\"\" class=\"wp-image-786\" srcset=\"https:\/\/hellenicmoon.com\/wp-content\/uploads\/2019\/12\/Diamondbacks1.jpg 200w, https:\/\/hellenicmoon.com\/wp-content\/uploads\/2019\/12\/Diamondbacks1-150x150.jpg 150w, https:\/\/hellenicmoon.com\/wp-content\/uploads\/2019\/12\/Diamondbacks1-160x160.jpg 160w\" sizes=\"(max-width: 200px) 100vw, 200px\" \/><figcaption class=\"wp-element-caption\"><strong><kbd>Diamondbacks dell'Arizona<\/kbd><\/strong><\/figcaption><\/figure>\n<\/div>\n\n\n<p class=\"has-text-align-center has-medium-font-size\">Animale sacro a Dioniso<\/p>\n\n\n\n<p class=\"has-small-font-size\" id=\"wp-block-themeisle-blocks-advanced-heading-0bb75839\">I serpenti erano sacri per Dioniso, che \u00e8 spesso associato ai simboli dei serpenti ed era noto per indossare una corona di serpenti. Con 1 titolo delle World Series e 5 campionati di divisione, Dionysos sarebbe un fan degli Arizona Diamondbacks.<\/p>\n<\/div>\n\n\n\n<div class=\"wp-block-column is-layout-flow wp-block-column-is-layout-flow\"><div class=\"wp-block-image\">\n<figure class=\"aligncenter size-full is-resized\"><img decoding=\"async\" width=\"706\" height=\"792\" src=\"https:\/\/hellenicmoon.com\/wp-content\/uploads\/2019\/12\/rethymno-cretan-kings.png\" alt=\"\" class=\"wp-image-272\" style=\"width:200px;height:200px\" srcset=\"https:\/\/hellenicmoon.com\/wp-content\/uploads\/2019\/12\/rethymno-cretan-kings.png 706w, https:\/\/hellenicmoon.com\/wp-content\/uploads\/2019\/12\/rethymno-cretan-kings-600x673.png 600w, https:\/\/hellenicmoon.com\/wp-content\/uploads\/2019\/12\/rethymno-cretan-kings-267x300.png 267w\" sizes=\"(max-width: 706px) 100vw, 706px\" \/><figcaption class=\"wp-element-caption\"><strong><kbd>Re cretesi di Rethymno<\/kbd><\/strong><\/figcaption><\/figure>\n<\/div>\n\n\n<p class=\"has-text-align-center has-medium-font-size\">Sposato con un cretese<\/p>\n\n\n\n<p class=\"has-small-font-size\">La moglie di Dioniso, Arianna (che aiut\u00f2 Teseo a combattere il toro), era di Creta, quindi sarebbe stato un fan dei re cretesi di Rethymno. Il toro \u00e8 speciale anche per Dioniso.<\/p>\n<\/div>\n<\/div>\n","protected":false},"excerpt":{"rendered":"<p>Nome romano : Bacco Dioniso \u00e8 una delle divinit\u00e0 pi\u00f9 intriganti e complesse della mitologia greca. \u00c8 il figlio di Zeus ed \u00e8 il dio del vino, della frutta, della vegetazione, della festa, della follia e del teatro. \u00c8 anche conosciuto come Bacco, il suo nome romano, che significa &#8220;il [&hellip;]<\/p>\n","protected":false},"author":2,"featured_media":0,"parent":0,"menu_order":0,"comment_status":"closed","ping_status":"closed","template":"","meta":{"_bbp_topic_count":0,"_bbp_reply_count":0,"_bbp_total_topic_count":0,"_bbp_total_reply_count":0,"_bbp_voice_count":0,"_bbp_anonymous_reply_count":0,"_bbp_topic_count_hidden":0,"_bbp_reply_count_hidden":0,"_bbp_forum_subforum_count":0,"_monsterinsights_skip_tracking":false,"_monsterinsights_sitenote_active":false,"_monsterinsights_sitenote_note":"","_monsterinsights_sitenote_category":0,"jetpack_post_was_ever_published":false,"footnotes":""},"class_list":["post-10923","page","type-page","status-publish","hentry"],"yoast_head":"<!-- This site is optimized with the Yoast SEO plugin v27.3 - https:\/\/yoast.com\/product\/yoast-seo-wordpress\/ -->\n<title>Dioniso - Dio del Teatro, del Vino e della Festa - Hellenic Moon<\/title>\n<meta name=\"robots\" content=\"index, follow, max-snippet:-1, max-image-preview:large, max-video-preview:-1\" \/>\n<link rel=\"canonical\" href=\"https:\/\/hellenicmoon.com\/it\/dioniso-dio-del-teatro-del-vino-e-della-festa\/\" \/>\n<meta property=\"og:locale\" content=\"it_IT\" \/>\n<meta property=\"og:type\" content=\"article\" \/>\n<meta property=\"og:title\" content=\"Dioniso - Dio del Teatro, del Vino e della Festa - Hellenic Moon\" \/>\n<meta property=\"og:description\" content=\"Nome romano : Bacco Dioniso \u00e8 una delle divinit\u00e0 pi\u00f9 intriganti e complesse della mitologia greca. \u00c8 il figlio di Zeus ed \u00e8 il dio del vino, della frutta, della vegetazione, della festa, della follia e del teatro. \u00c8 anche conosciuto come Bacco, il suo nome romano, che significa &#8220;il [&hellip;]\" \/>\n<meta property=\"og:url\" content=\"https:\/\/hellenicmoon.com\/it\/dioniso-dio-del-teatro-del-vino-e-della-festa\/\" \/>\n<meta property=\"og:site_name\" content=\"Hellenic Moon\" \/>\n<meta property=\"article:modified_time\" content=\"2023-12-21T09:47:39+00:00\" \/>\n<meta property=\"og:image\" content=\"https:\/\/hellenicmoon.com\/wp-content\/uploads\/2019\/12\/Dionysus.jpg\" \/>\n<meta name=\"twitter:card\" content=\"summary_large_image\" \/>\n<meta name=\"twitter:label1\" content=\"Tempo di lettura stimato\" \/>\n\t<meta name=\"twitter:data1\" content=\"4 minuti\" \/>\n<script type=\"application\/ld+json\" class=\"yoast-schema-graph\">{\"@context\":\"https:\\\/\\\/schema.org\",\"@graph\":[{\"@type\":\"WebPage\",\"@id\":\"https:\\\/\\\/hellenicmoon.com\\\/it\\\/dioniso-dio-del-teatro-del-vino-e-della-festa\\\/\",\"url\":\"https:\\\/\\\/hellenicmoon.com\\\/it\\\/dioniso-dio-del-teatro-del-vino-e-della-festa\\\/\",\"name\":\"Dioniso - Dio del Teatro, del Vino e della Festa - Hellenic Moon\",\"isPartOf\":{\"@id\":\"https:\\\/\\\/mti.get.mybluehost.me\\\/#website\"},\"primaryImageOfPage\":{\"@id\":\"https:\\\/\\\/hellenicmoon.com\\\/it\\\/dioniso-dio-del-teatro-del-vino-e-della-festa\\\/#primaryimage\"},\"image\":{\"@id\":\"https:\\\/\\\/hellenicmoon.com\\\/it\\\/dioniso-dio-del-teatro-del-vino-e-della-festa\\\/#primaryimage\"},\"thumbnailUrl\":\"https:\\\/\\\/hellenicmoon.com\\\/wp-content\\\/uploads\\\/2019\\\/12\\\/Dionysus.jpg\",\"datePublished\":\"2019-12-08T22:36:08+00:00\",\"dateModified\":\"2023-12-21T09:47:39+00:00\",\"breadcrumb\":{\"@id\":\"https:\\\/\\\/hellenicmoon.com\\\/it\\\/dioniso-dio-del-teatro-del-vino-e-della-festa\\\/#breadcrumb\"},\"inLanguage\":\"it-IT\",\"potentialAction\":[{\"@type\":\"ReadAction\",\"target\":[\"https:\\\/\\\/hellenicmoon.com\\\/it\\\/dioniso-dio-del-teatro-del-vino-e-della-festa\\\/\"]}]},{\"@type\":\"ImageObject\",\"inLanguage\":\"it-IT\",\"@id\":\"https:\\\/\\\/hellenicmoon.com\\\/it\\\/dioniso-dio-del-teatro-del-vino-e-della-festa\\\/#primaryimage\",\"url\":\"https:\\\/\\\/hellenicmoon.com\\\/wp-content\\\/uploads\\\/2019\\\/12\\\/Dionysus.jpg\",\"contentUrl\":\"https:\\\/\\\/hellenicmoon.com\\\/wp-content\\\/uploads\\\/2019\\\/12\\\/Dionysus.jpg\"},{\"@type\":\"BreadcrumbList\",\"@id\":\"https:\\\/\\\/hellenicmoon.com\\\/it\\\/dioniso-dio-del-teatro-del-vino-e-della-festa\\\/#breadcrumb\",\"itemListElement\":[{\"@type\":\"ListItem\",\"position\":1,\"name\":\"Home\",\"item\":\"https:\\\/\\\/hellenicmoon.com\\\/it\\\/\"},{\"@type\":\"ListItem\",\"position\":2,\"name\":\"Dioniso &#8211; Dio del Teatro, del Vino e della Festa\"}]},{\"@type\":\"WebSite\",\"@id\":\"https:\\\/\\\/mti.get.mybluehost.me\\\/#website\",\"url\":\"https:\\\/\\\/mti.get.mybluehost.me\\\/\",\"name\":\"Hellenic Moon\",\"description\":\"Greek mythology and gods\",\"publisher\":{\"@id\":\"https:\\\/\\\/mti.get.mybluehost.me\\\/#organization\"},\"potentialAction\":[{\"@type\":\"SearchAction\",\"target\":{\"@type\":\"EntryPoint\",\"urlTemplate\":\"https:\\\/\\\/mti.get.mybluehost.me\\\/?s={search_term_string}\"},\"query-input\":{\"@type\":\"PropertyValueSpecification\",\"valueRequired\":true,\"valueName\":\"search_term_string\"}}],\"inLanguage\":\"it-IT\"},{\"@type\":\"Organization\",\"@id\":\"https:\\\/\\\/mti.get.mybluehost.me\\\/#organization\",\"name\":\"Hellenic Moon\",\"url\":\"https:\\\/\\\/mti.get.mybluehost.me\\\/\",\"logo\":{\"@type\":\"ImageObject\",\"inLanguage\":\"it-IT\",\"@id\":\"https:\\\/\\\/mti.get.mybluehost.me\\\/#\\\/schema\\\/logo\\\/image\\\/\",\"url\":\"https:\\\/\\\/hellenicmoon.com\\\/wp-content\\\/uploads\\\/2020\\\/01\\\/cropped-logo_ok_by_aramisdream_ddoqp6p.png\",\"contentUrl\":\"https:\\\/\\\/hellenicmoon.com\\\/wp-content\\\/uploads\\\/2020\\\/01\\\/cropped-logo_ok_by_aramisdream_ddoqp6p.png\",\"width\":150,\"height\":100,\"caption\":\"Hellenic Moon\"},\"image\":{\"@id\":\"https:\\\/\\\/mti.get.mybluehost.me\\\/#\\\/schema\\\/logo\\\/image\\\/\"},\"sameAs\":[\"https:\\\/\\\/www.instagram.com\\\/hellenic.moon\"]}]}<\/script>\n<!-- \/ Yoast SEO plugin. -->","yoast_head_json":{"title":"Dioniso - Dio del Teatro, del Vino e della Festa - Hellenic Moon","robots":{"index":"index","follow":"follow","max-snippet":"max-snippet:-1","max-image-preview":"max-image-preview:large","max-video-preview":"max-video-preview:-1"},"canonical":"https:\/\/hellenicmoon.com\/it\/dioniso-dio-del-teatro-del-vino-e-della-festa\/","og_locale":"it_IT","og_type":"article","og_title":"Dioniso - Dio del Teatro, del Vino e della Festa - Hellenic Moon","og_description":"Nome romano : Bacco Dioniso \u00e8 una delle divinit\u00e0 pi\u00f9 intriganti e complesse della mitologia greca. \u00c8 il figlio di Zeus ed \u00e8 il dio del vino, della frutta, della vegetazione, della festa, della follia e del teatro. \u00c8 anche conosciuto come Bacco, il suo nome romano, che significa &#8220;il [&hellip;]","og_url":"https:\/\/hellenicmoon.com\/it\/dioniso-dio-del-teatro-del-vino-e-della-festa\/","og_site_name":"Hellenic Moon","article_modified_time":"2023-12-21T09:47:39+00:00","og_image":[{"url":"https:\/\/hellenicmoon.com\/wp-content\/uploads\/2019\/12\/Dionysus.jpg","type":"","width":"","height":""}],"twitter_card":"summary_large_image","twitter_misc":{"Tempo di lettura stimato":"4 minuti"},"schema":{"@context":"https:\/\/schema.org","@graph":[{"@type":"WebPage","@id":"https:\/\/hellenicmoon.com\/it\/dioniso-dio-del-teatro-del-vino-e-della-festa\/","url":"https:\/\/hellenicmoon.com\/it\/dioniso-dio-del-teatro-del-vino-e-della-festa\/","name":"Dioniso - Dio del Teatro, del Vino e della Festa - Hellenic Moon","isPartOf":{"@id":"https:\/\/mti.get.mybluehost.me\/#website"},"primaryImageOfPage":{"@id":"https:\/\/hellenicmoon.com\/it\/dioniso-dio-del-teatro-del-vino-e-della-festa\/#primaryimage"},"image":{"@id":"https:\/\/hellenicmoon.com\/it\/dioniso-dio-del-teatro-del-vino-e-della-festa\/#primaryimage"},"thumbnailUrl":"https:\/\/hellenicmoon.com\/wp-content\/uploads\/2019\/12\/Dionysus.jpg","datePublished":"2019-12-08T22:36:08+00:00","dateModified":"2023-12-21T09:47:39+00:00","breadcrumb":{"@id":"https:\/\/hellenicmoon.com\/it\/dioniso-dio-del-teatro-del-vino-e-della-festa\/#breadcrumb"},"inLanguage":"it-IT","potentialAction":[{"@type":"ReadAction","target":["https:\/\/hellenicmoon.com\/it\/dioniso-dio-del-teatro-del-vino-e-della-festa\/"]}]},{"@type":"ImageObject","inLanguage":"it-IT","@id":"https:\/\/hellenicmoon.com\/it\/dioniso-dio-del-teatro-del-vino-e-della-festa\/#primaryimage","url":"https:\/\/hellenicmoon.com\/wp-content\/uploads\/2019\/12\/Dionysus.jpg","contentUrl":"https:\/\/hellenicmoon.com\/wp-content\/uploads\/2019\/12\/Dionysus.jpg"},{"@type":"BreadcrumbList","@id":"https:\/\/hellenicmoon.com\/it\/dioniso-dio-del-teatro-del-vino-e-della-festa\/#breadcrumb","itemListElement":[{"@type":"ListItem","position":1,"name":"Home","item":"https:\/\/hellenicmoon.com\/it\/"},{"@type":"ListItem","position":2,"name":"Dioniso &#8211; Dio del Teatro, del Vino e della Festa"}]},{"@type":"WebSite","@id":"https:\/\/mti.get.mybluehost.me\/#website","url":"https:\/\/mti.get.mybluehost.me\/","name":"Hellenic Moon","description":"Greek mythology and gods","publisher":{"@id":"https:\/\/mti.get.mybluehost.me\/#organization"},"potentialAction":[{"@type":"SearchAction","target":{"@type":"EntryPoint","urlTemplate":"https:\/\/mti.get.mybluehost.me\/?s={search_term_string}"},"query-input":{"@type":"PropertyValueSpecification","valueRequired":true,"valueName":"search_term_string"}}],"inLanguage":"it-IT"},{"@type":"Organization","@id":"https:\/\/mti.get.mybluehost.me\/#organization","name":"Hellenic Moon","url":"https:\/\/mti.get.mybluehost.me\/","logo":{"@type":"ImageObject","inLanguage":"it-IT","@id":"https:\/\/mti.get.mybluehost.me\/#\/schema\/logo\/image\/","url":"https:\/\/hellenicmoon.com\/wp-content\/uploads\/2020\/01\/cropped-logo_ok_by_aramisdream_ddoqp6p.png","contentUrl":"https:\/\/hellenicmoon.com\/wp-content\/uploads\/2020\/01\/cropped-logo_ok_by_aramisdream_ddoqp6p.png","width":150,"height":100,"caption":"Hellenic Moon"},"image":{"@id":"https:\/\/mti.get.mybluehost.me\/#\/schema\/logo\/image\/"},"sameAs":["https:\/\/www.instagram.com\/hellenic.moon"]}]}},"jetpack_sharing_enabled":true,"_links":{"self":[{"href":"https:\/\/hellenicmoon.com\/it\/wp-json\/wp\/v2\/pages\/10923","targetHints":{"allow":["GET"]}}],"collection":[{"href":"https:\/\/hellenicmoon.com\/it\/wp-json\/wp\/v2\/pages"}],"about":[{"href":"https:\/\/hellenicmoon.com\/it\/wp-json\/wp\/v2\/types\/page"}],"author":[{"embeddable":true,"href":"https:\/\/hellenicmoon.com\/it\/wp-json\/wp\/v2\/users\/2"}],"replies":[{"embeddable":true,"href":"https:\/\/hellenicmoon.com\/it\/wp-json\/wp\/v2\/comments?post=10923"}],"version-history":[{"count":0,"href":"https:\/\/hellenicmoon.com\/it\/wp-json\/wp\/v2\/pages\/10923\/revisions"}],"wp:attachment":[{"href":"https:\/\/hellenicmoon.com\/it\/wp-json\/wp\/v2\/media?parent=10923"}],"curies":[{"name":"wp","href":"https:\/\/api.w.org\/{rel}","templated":true}]}}