{"id":10911,"date":"2019-12-18T07:55:28","date_gmt":"2019-12-18T07:55:28","guid":{"rendered":"https:\/\/hellenicmoon.com\/capricorno\/"},"modified":"2023-12-21T09:45:50","modified_gmt":"2023-12-21T09:45:50","slug":"capricorno","status":"publish","type":"page","link":"https:\/\/hellenicmoon.com\/it\/capricorno\/","title":{"rendered":"Capricorno"},"content":{"rendered":"\n<figure class=\"wp-block-embed aligncenter is-type-video is-provider-youtube wp-block-embed-youtube wp-embed-aspect-4-3 wp-has-aspect-ratio\"><div class=\"wp-block-embed__wrapper\">\n<iframe title=\"The History of the Capricorn Constellation\" width=\"750\" height=\"563\" src=\"https:\/\/www.youtube.com\/embed\/UyZTMjT3GqU?feature=oembed\" frameborder=\"0\" allow=\"accelerometer; autoplay; clipboard-write; encrypted-media; gyroscope; picture-in-picture; web-share\" allowfullscreen><\/iframe>\n<\/div><figcaption class=\"wp-element-caption\"><strong><sub>Vari miti collegano Amaltea, la capra che si prese cura di Zeus quando era un bambino, o Pan, la capra che aiut\u00f2 Zeus a combattere Tifone, come la costellazione del Capricorno.<\/sub><\/strong><\/figcaption><\/figure>\n\n\n\n<p>Il Capricorno \u00e8 il decimo segno dello zodiaco, che rappresenta una capra cornuta o una capra di mare. \u00c8 associato all&#8217;elemento terra, al pianeta Saturno e ai colori nero e marrone. Si dice che le persone nate sotto questo segno siano ambiziose, disciplinate, pratiche e leali.<\/p>\n\n\n\n<p>Il Capricorno ha le sue origini nel mito greco di Amaltea (la capra che si prendeva cura del piccolo Zeus), o Pan, il dio della natura, delle foreste e dei pastori. Secondo il mito, Pan fu uno dei pochi dei che os\u00f2 combattere contro Tifone, un gigante mostruoso che voleva rovesciare Zeus e conquistare il Monte Olimpo. Tifone aveva cento teste e cento serpenti per gambe, e sputava fuoco e fumo.<\/p>\n\n\n\n<p>Pan si un\u00ec a Zeus e agli altri dei nella loro battaglia contro Tifone, ma presto si rese conto che non potevano competere con la bestia. Decise di fuggire e salvarsi. Si gett\u00f2 nel fiume Nilo e trasform\u00f2 la sua met\u00e0 inferiore in una coda di pesce per nuotare via pi\u00f9 velocemente. Suon\u00f2 anche il corno per avvisare gli altri dei di fuggire.<\/p>\n\n\n\n<p>Zeus rimase impressionato dall&#8217;intelligenza e dal coraggio di Pan. Decise di onorarlo collocandolo in cielo come costellazione. Gli diede anche il nome di Capricornus, che in latino significa &#8220;capra cornuta&#8221;. La costellazione del Capricorno \u00e8 diventata un simbolo di resilienza, intraprendenza e determinazione.<\/p>\n\n\n\n<p>Il Capricorno \u00e8 un segno zodiacale intrigante e ammirevole che riflette molti aspetti della natura umana e dei risultati. \u00c8 un simbolo di duro lavoro e perseveranza che pu\u00f2 superare qualsiasi ostacolo e raggiungere qualsiasi obiettivo. \u00c8 un simbolo di responsabilit\u00e0 e affidabilit\u00e0 in grado di adempiere a qualsiasi dovere e mantenere qualsiasi promessa. \u00c8 un simbolo di saggezza e maturit\u00e0 che pu\u00f2 imparare dall&#8217;esperienza e pianificare il futuro.<\/p>\n","protected":false},"excerpt":{"rendered":"<p>Il Capricorno \u00e8 il decimo segno dello zodiaco, che rappresenta una capra cornuta o una capra di mare. \u00c8 associato all&#8217;elemento terra, al pianeta Saturno e ai colori nero e marrone. Si dice che le persone nate sotto questo segno siano ambiziose, disciplinate, pratiche e leali. Il Capricorno ha le [&hellip;]<\/p>\n","protected":false},"author":2,"featured_media":0,"parent":0,"menu_order":0,"comment_status":"closed","ping_status":"closed","template":"","meta":{"_bbp_topic_count":0,"_bbp_reply_count":0,"_bbp_total_topic_count":0,"_bbp_total_reply_count":0,"_bbp_voice_count":0,"_bbp_anonymous_reply_count":0,"_bbp_topic_count_hidden":0,"_bbp_reply_count_hidden":0,"_bbp_forum_subforum_count":0,"_monsterinsights_skip_tracking":false,"_monsterinsights_sitenote_active":false,"_monsterinsights_sitenote_note":"","_monsterinsights_sitenote_category":0,"jetpack_post_was_ever_published":false,"footnotes":""},"class_list":["post-10911","page","type-page","status-publish","hentry"],"yoast_head":"<!-- This site is optimized with the Yoast SEO plugin v27.3 - https:\/\/yoast.com\/product\/yoast-seo-wordpress\/ -->\n<title>Capricorno - Hellenic Moon<\/title>\n<meta name=\"robots\" content=\"index, follow, max-snippet:-1, max-image-preview:large, max-video-preview:-1\" \/>\n<link rel=\"canonical\" href=\"https:\/\/hellenicmoon.com\/it\/capricorno\/\" \/>\n<meta property=\"og:locale\" content=\"it_IT\" \/>\n<meta property=\"og:type\" content=\"article\" \/>\n<meta property=\"og:title\" content=\"Capricorno - Hellenic Moon\" \/>\n<meta property=\"og:description\" content=\"Il Capricorno \u00e8 il decimo segno dello zodiaco, che rappresenta una capra cornuta o una capra di mare. \u00c8 associato all&#8217;elemento terra, al pianeta Saturno e ai colori nero e marrone. Si dice che le persone nate sotto questo segno siano ambiziose, disciplinate, pratiche e leali. Il Capricorno ha le [&hellip;]\" \/>\n<meta property=\"og:url\" content=\"https:\/\/hellenicmoon.com\/it\/capricorno\/\" \/>\n<meta property=\"og:site_name\" content=\"Hellenic Moon\" \/>\n<meta property=\"article:modified_time\" content=\"2023-12-21T09:45:50+00:00\" \/>\n<meta name=\"twitter:card\" content=\"summary_large_image\" \/>\n<meta name=\"twitter:label1\" content=\"Tempo di lettura stimato\" \/>\n\t<meta name=\"twitter:data1\" content=\"2 minuti\" \/>\n<script type=\"application\/ld+json\" class=\"yoast-schema-graph\">{\"@context\":\"https:\\\/\\\/schema.org\",\"@graph\":[{\"@type\":\"WebPage\",\"@id\":\"https:\\\/\\\/hellenicmoon.com\\\/it\\\/capricorno\\\/\",\"url\":\"https:\\\/\\\/hellenicmoon.com\\\/it\\\/capricorno\\\/\",\"name\":\"Capricorno - Hellenic Moon\",\"isPartOf\":{\"@id\":\"https:\\\/\\\/mti.get.mybluehost.me\\\/#website\"},\"datePublished\":\"2019-12-18T07:55:28+00:00\",\"dateModified\":\"2023-12-21T09:45:50+00:00\",\"breadcrumb\":{\"@id\":\"https:\\\/\\\/hellenicmoon.com\\\/it\\\/capricorno\\\/#breadcrumb\"},\"inLanguage\":\"it-IT\",\"potentialAction\":[{\"@type\":\"ReadAction\",\"target\":[\"https:\\\/\\\/hellenicmoon.com\\\/it\\\/capricorno\\\/\"]}]},{\"@type\":\"BreadcrumbList\",\"@id\":\"https:\\\/\\\/hellenicmoon.com\\\/it\\\/capricorno\\\/#breadcrumb\",\"itemListElement\":[{\"@type\":\"ListItem\",\"position\":1,\"name\":\"Home\",\"item\":\"https:\\\/\\\/hellenicmoon.com\\\/it\\\/\"},{\"@type\":\"ListItem\",\"position\":2,\"name\":\"Capricorno\"}]},{\"@type\":\"WebSite\",\"@id\":\"https:\\\/\\\/mti.get.mybluehost.me\\\/#website\",\"url\":\"https:\\\/\\\/mti.get.mybluehost.me\\\/\",\"name\":\"Hellenic Moon\",\"description\":\"Greek mythology and gods\",\"publisher\":{\"@id\":\"https:\\\/\\\/mti.get.mybluehost.me\\\/#organization\"},\"potentialAction\":[{\"@type\":\"SearchAction\",\"target\":{\"@type\":\"EntryPoint\",\"urlTemplate\":\"https:\\\/\\\/mti.get.mybluehost.me\\\/?s={search_term_string}\"},\"query-input\":{\"@type\":\"PropertyValueSpecification\",\"valueRequired\":true,\"valueName\":\"search_term_string\"}}],\"inLanguage\":\"it-IT\"},{\"@type\":\"Organization\",\"@id\":\"https:\\\/\\\/mti.get.mybluehost.me\\\/#organization\",\"name\":\"Hellenic Moon\",\"url\":\"https:\\\/\\\/mti.get.mybluehost.me\\\/\",\"logo\":{\"@type\":\"ImageObject\",\"inLanguage\":\"it-IT\",\"@id\":\"https:\\\/\\\/mti.get.mybluehost.me\\\/#\\\/schema\\\/logo\\\/image\\\/\",\"url\":\"https:\\\/\\\/hellenicmoon.com\\\/wp-content\\\/uploads\\\/2020\\\/01\\\/cropped-logo_ok_by_aramisdream_ddoqp6p.png\",\"contentUrl\":\"https:\\\/\\\/hellenicmoon.com\\\/wp-content\\\/uploads\\\/2020\\\/01\\\/cropped-logo_ok_by_aramisdream_ddoqp6p.png\",\"width\":150,\"height\":100,\"caption\":\"Hellenic Moon\"},\"image\":{\"@id\":\"https:\\\/\\\/mti.get.mybluehost.me\\\/#\\\/schema\\\/logo\\\/image\\\/\"},\"sameAs\":[\"https:\\\/\\\/www.instagram.com\\\/hellenic.moon\"]}]}<\/script>\n<!-- \/ Yoast SEO plugin. -->","yoast_head_json":{"title":"Capricorno - Hellenic Moon","robots":{"index":"index","follow":"follow","max-snippet":"max-snippet:-1","max-image-preview":"max-image-preview:large","max-video-preview":"max-video-preview:-1"},"canonical":"https:\/\/hellenicmoon.com\/it\/capricorno\/","og_locale":"it_IT","og_type":"article","og_title":"Capricorno - Hellenic Moon","og_description":"Il Capricorno \u00e8 il decimo segno dello zodiaco, che rappresenta una capra cornuta o una capra di mare. \u00c8 associato all&#8217;elemento terra, al pianeta Saturno e ai colori nero e marrone. Si dice che le persone nate sotto questo segno siano ambiziose, disciplinate, pratiche e leali. Il Capricorno ha le [&hellip;]","og_url":"https:\/\/hellenicmoon.com\/it\/capricorno\/","og_site_name":"Hellenic Moon","article_modified_time":"2023-12-21T09:45:50+00:00","twitter_card":"summary_large_image","twitter_misc":{"Tempo di lettura stimato":"2 minuti"},"schema":{"@context":"https:\/\/schema.org","@graph":[{"@type":"WebPage","@id":"https:\/\/hellenicmoon.com\/it\/capricorno\/","url":"https:\/\/hellenicmoon.com\/it\/capricorno\/","name":"Capricorno - Hellenic Moon","isPartOf":{"@id":"https:\/\/mti.get.mybluehost.me\/#website"},"datePublished":"2019-12-18T07:55:28+00:00","dateModified":"2023-12-21T09:45:50+00:00","breadcrumb":{"@id":"https:\/\/hellenicmoon.com\/it\/capricorno\/#breadcrumb"},"inLanguage":"it-IT","potentialAction":[{"@type":"ReadAction","target":["https:\/\/hellenicmoon.com\/it\/capricorno\/"]}]},{"@type":"BreadcrumbList","@id":"https:\/\/hellenicmoon.com\/it\/capricorno\/#breadcrumb","itemListElement":[{"@type":"ListItem","position":1,"name":"Home","item":"https:\/\/hellenicmoon.com\/it\/"},{"@type":"ListItem","position":2,"name":"Capricorno"}]},{"@type":"WebSite","@id":"https:\/\/mti.get.mybluehost.me\/#website","url":"https:\/\/mti.get.mybluehost.me\/","name":"Hellenic Moon","description":"Greek mythology and gods","publisher":{"@id":"https:\/\/mti.get.mybluehost.me\/#organization"},"potentialAction":[{"@type":"SearchAction","target":{"@type":"EntryPoint","urlTemplate":"https:\/\/mti.get.mybluehost.me\/?s={search_term_string}"},"query-input":{"@type":"PropertyValueSpecification","valueRequired":true,"valueName":"search_term_string"}}],"inLanguage":"it-IT"},{"@type":"Organization","@id":"https:\/\/mti.get.mybluehost.me\/#organization","name":"Hellenic Moon","url":"https:\/\/mti.get.mybluehost.me\/","logo":{"@type":"ImageObject","inLanguage":"it-IT","@id":"https:\/\/mti.get.mybluehost.me\/#\/schema\/logo\/image\/","url":"https:\/\/hellenicmoon.com\/wp-content\/uploads\/2020\/01\/cropped-logo_ok_by_aramisdream_ddoqp6p.png","contentUrl":"https:\/\/hellenicmoon.com\/wp-content\/uploads\/2020\/01\/cropped-logo_ok_by_aramisdream_ddoqp6p.png","width":150,"height":100,"caption":"Hellenic Moon"},"image":{"@id":"https:\/\/mti.get.mybluehost.me\/#\/schema\/logo\/image\/"},"sameAs":["https:\/\/www.instagram.com\/hellenic.moon"]}]}},"jetpack_sharing_enabled":true,"_links":{"self":[{"href":"https:\/\/hellenicmoon.com\/it\/wp-json\/wp\/v2\/pages\/10911","targetHints":{"allow":["GET"]}}],"collection":[{"href":"https:\/\/hellenicmoon.com\/it\/wp-json\/wp\/v2\/pages"}],"about":[{"href":"https:\/\/hellenicmoon.com\/it\/wp-json\/wp\/v2\/types\/page"}],"author":[{"embeddable":true,"href":"https:\/\/hellenicmoon.com\/it\/wp-json\/wp\/v2\/users\/2"}],"replies":[{"embeddable":true,"href":"https:\/\/hellenicmoon.com\/it\/wp-json\/wp\/v2\/comments?post=10911"}],"version-history":[{"count":0,"href":"https:\/\/hellenicmoon.com\/it\/wp-json\/wp\/v2\/pages\/10911\/revisions"}],"wp:attachment":[{"href":"https:\/\/hellenicmoon.com\/it\/wp-json\/wp\/v2\/media?parent=10911"}],"curies":[{"name":"wp","href":"https:\/\/api.w.org\/{rel}","templated":true}]}}