{"id":10907,"date":"2019-12-17T15:37:42","date_gmt":"2019-12-17T15:37:42","guid":{"rendered":"https:\/\/hellenicmoon.com\/cancro\/"},"modified":"2023-12-21T09:45:12","modified_gmt":"2023-12-21T09:45:12","slug":"cancro","status":"publish","type":"page","link":"https:\/\/hellenicmoon.com\/it\/cancro\/","title":{"rendered":"Cancro"},"content":{"rendered":"\n<figure class=\"wp-block-embed aligncenter is-type-video is-provider-youtube wp-block-embed-youtube wp-embed-aspect-4-3 wp-has-aspect-ratio\"><div class=\"wp-block-embed__wrapper\">\n<iframe title=\"The Origin of the Cancer Constellation\" width=\"750\" height=\"563\" src=\"https:\/\/www.youtube.com\/embed\/hDQacWN3Ir8?feature=oembed\" frameborder=\"0\" allow=\"accelerometer; autoplay; clipboard-write; encrypted-media; gyroscope; picture-in-picture; web-share\" allowfullscreen><\/iframe>\n<\/div><figcaption class=\"wp-element-caption\"><strong><sub>Il granchio che ha cercato di uccidere Eracle mentre stava combattendo l&#8217;Idra durante il suo secondo travaglio, \u00e8 stato posto nel cielo da Era come costellazione del Cancro dopo che Eracle l&#8217;ha schiacciata.<\/sub><\/strong><\/figcaption><\/figure>\n\n\n\n<p>Il Cancro \u00e8 il quarto segno dello zodiaco, che rappresenta un granchio con grandi chele. \u00c8 associato all&#8217;elemento dell&#8217;acqua, alla luna e ai colori argento e bianco. Si dice che le persone nate sotto questo segno siano emotive, intuitive, premurose e protettive.<\/p>\n\n\n\n<p>Il cancro ha le sue origini in un mito greco su un granchio gigante che ha combattuto contro Eracle, il leggendario eroe. Secondo il mito, Eracle ricevette dodici compiti impossibili dal re Euristeo come punizione per aver ucciso la sua stessa famiglia. Uno di questi compiti era quello di uccidere l&#8217;Idra, un mostruoso serpente con nove teste che ne ricrescevano altre due quando una veniva tagliata.<\/p>\n\n\n\n<p>Eracle affront\u00f2 l&#8217;Idra nella palude di Lerna e riusc\u00ec a tagliarle alcune teste con la sua spada. Tuttavia, si rese presto conto che non poteva sconfiggerlo da solo. Chiese aiuto a suo nipote Iolao e insieme escogitarono un piano. Iolao avrebbe usato una torcia per cauterizzare le ferite dell&#8217;Idra e impedirle di rigenerarsi.<\/p>\n\n\n\n<p>Era, la regina degli dei e nemica di Eracle, vide ci\u00f2 che stava accadendo e decise di intervenire. Mand\u00f2 Cancro, un enorme granchio, a distrarre e attaccare Eracle. Il cancro emerse dall&#8217;acqua e morse Eracle al piede, causandogli un grande dolore. Eracle reag\u00ec colpendo Cancer con la sua mazza, uccidendolo all&#8217;istante.<\/p>\n\n\n\n<p>Era non era contenta del fallimento del Cancro, ma ne apprezzava la lealt\u00e0 e il coraggio. Lo colloc\u00f2 tra le stelle come costellazione per onorarne la memoria. Ha anche fatto in modo che il Cancro fosse sempre opposto al Leone, il leone che Eracle aveva ucciso come uno dei suoi compiti.<\/p>\n\n\n\n<p>Il Cancro \u00e8 un segno zodiacale sensibile e premuroso che riflette molti aspetti della natura e delle emozioni umane. \u00c8 un simbolo di emozione e intuizione in grado di sentire e comprendere i sentimenti e i bisogni degli altri. \u00c8 un simbolo di nutrimento e protezione che pu\u00f2 offrire conforto e sostegno a coloro che gli sono vicini. \u00c8 un simbolo di lealt\u00e0 e coraggio che pu\u00f2 difendere ci\u00f2 in cui crede e combattere per i propri cari.<\/p>\n","protected":false},"excerpt":{"rendered":"<p>Il Cancro \u00e8 il quarto segno dello zodiaco, che rappresenta un granchio con grandi chele. \u00c8 associato all&#8217;elemento dell&#8217;acqua, alla luna e ai colori argento e bianco. Si dice che le persone nate sotto questo segno siano emotive, intuitive, premurose e protettive. Il cancro ha le sue origini in un [&hellip;]<\/p>\n","protected":false},"author":2,"featured_media":0,"parent":0,"menu_order":0,"comment_status":"closed","ping_status":"closed","template":"","meta":{"_bbp_topic_count":0,"_bbp_reply_count":0,"_bbp_total_topic_count":0,"_bbp_total_reply_count":0,"_bbp_voice_count":0,"_bbp_anonymous_reply_count":0,"_bbp_topic_count_hidden":0,"_bbp_reply_count_hidden":0,"_bbp_forum_subforum_count":0,"_monsterinsights_skip_tracking":false,"_monsterinsights_sitenote_active":false,"_monsterinsights_sitenote_note":"","_monsterinsights_sitenote_category":0,"jetpack_post_was_ever_published":false,"footnotes":""},"class_list":["post-10907","page","type-page","status-publish","hentry"],"yoast_head":"<!-- This site is optimized with the Yoast SEO plugin v27.3 - https:\/\/yoast.com\/product\/yoast-seo-wordpress\/ -->\n<title>Cancro - Hellenic Moon<\/title>\n<meta name=\"robots\" content=\"index, follow, max-snippet:-1, max-image-preview:large, max-video-preview:-1\" \/>\n<link rel=\"canonical\" href=\"https:\/\/hellenicmoon.com\/it\/cancro\/\" \/>\n<meta property=\"og:locale\" content=\"it_IT\" \/>\n<meta property=\"og:type\" content=\"article\" \/>\n<meta property=\"og:title\" content=\"Cancro - Hellenic Moon\" \/>\n<meta property=\"og:description\" content=\"Il Cancro \u00e8 il quarto segno dello zodiaco, che rappresenta un granchio con grandi chele. \u00c8 associato all&#8217;elemento dell&#8217;acqua, alla luna e ai colori argento e bianco. Si dice che le persone nate sotto questo segno siano emotive, intuitive, premurose e protettive. Il cancro ha le sue origini in un [&hellip;]\" \/>\n<meta property=\"og:url\" content=\"https:\/\/hellenicmoon.com\/it\/cancro\/\" \/>\n<meta property=\"og:site_name\" content=\"Hellenic Moon\" \/>\n<meta property=\"article:modified_time\" content=\"2023-12-21T09:45:12+00:00\" \/>\n<meta name=\"twitter:card\" content=\"summary_large_image\" \/>\n<meta name=\"twitter:label1\" content=\"Tempo di lettura stimato\" \/>\n\t<meta name=\"twitter:data1\" content=\"2 minuti\" \/>\n<script type=\"application\/ld+json\" class=\"yoast-schema-graph\">{\"@context\":\"https:\\\/\\\/schema.org\",\"@graph\":[{\"@type\":\"WebPage\",\"@id\":\"https:\\\/\\\/hellenicmoon.com\\\/it\\\/cancro\\\/\",\"url\":\"https:\\\/\\\/hellenicmoon.com\\\/it\\\/cancro\\\/\",\"name\":\"Cancro - Hellenic Moon\",\"isPartOf\":{\"@id\":\"https:\\\/\\\/mti.get.mybluehost.me\\\/#website\"},\"datePublished\":\"2019-12-17T15:37:42+00:00\",\"dateModified\":\"2023-12-21T09:45:12+00:00\",\"breadcrumb\":{\"@id\":\"https:\\\/\\\/hellenicmoon.com\\\/it\\\/cancro\\\/#breadcrumb\"},\"inLanguage\":\"it-IT\",\"potentialAction\":[{\"@type\":\"ReadAction\",\"target\":[\"https:\\\/\\\/hellenicmoon.com\\\/it\\\/cancro\\\/\"]}]},{\"@type\":\"BreadcrumbList\",\"@id\":\"https:\\\/\\\/hellenicmoon.com\\\/it\\\/cancro\\\/#breadcrumb\",\"itemListElement\":[{\"@type\":\"ListItem\",\"position\":1,\"name\":\"Home\",\"item\":\"https:\\\/\\\/hellenicmoon.com\\\/it\\\/\"},{\"@type\":\"ListItem\",\"position\":2,\"name\":\"Cancro\"}]},{\"@type\":\"WebSite\",\"@id\":\"https:\\\/\\\/mti.get.mybluehost.me\\\/#website\",\"url\":\"https:\\\/\\\/mti.get.mybluehost.me\\\/\",\"name\":\"Hellenic Moon\",\"description\":\"Greek mythology and gods\",\"publisher\":{\"@id\":\"https:\\\/\\\/mti.get.mybluehost.me\\\/#organization\"},\"potentialAction\":[{\"@type\":\"SearchAction\",\"target\":{\"@type\":\"EntryPoint\",\"urlTemplate\":\"https:\\\/\\\/mti.get.mybluehost.me\\\/?s={search_term_string}\"},\"query-input\":{\"@type\":\"PropertyValueSpecification\",\"valueRequired\":true,\"valueName\":\"search_term_string\"}}],\"inLanguage\":\"it-IT\"},{\"@type\":\"Organization\",\"@id\":\"https:\\\/\\\/mti.get.mybluehost.me\\\/#organization\",\"name\":\"Hellenic Moon\",\"url\":\"https:\\\/\\\/mti.get.mybluehost.me\\\/\",\"logo\":{\"@type\":\"ImageObject\",\"inLanguage\":\"it-IT\",\"@id\":\"https:\\\/\\\/mti.get.mybluehost.me\\\/#\\\/schema\\\/logo\\\/image\\\/\",\"url\":\"https:\\\/\\\/hellenicmoon.com\\\/wp-content\\\/uploads\\\/2020\\\/01\\\/cropped-logo_ok_by_aramisdream_ddoqp6p.png\",\"contentUrl\":\"https:\\\/\\\/hellenicmoon.com\\\/wp-content\\\/uploads\\\/2020\\\/01\\\/cropped-logo_ok_by_aramisdream_ddoqp6p.png\",\"width\":150,\"height\":100,\"caption\":\"Hellenic Moon\"},\"image\":{\"@id\":\"https:\\\/\\\/mti.get.mybluehost.me\\\/#\\\/schema\\\/logo\\\/image\\\/\"},\"sameAs\":[\"https:\\\/\\\/www.instagram.com\\\/hellenic.moon\"]}]}<\/script>\n<!-- \/ Yoast SEO plugin. -->","yoast_head_json":{"title":"Cancro - Hellenic Moon","robots":{"index":"index","follow":"follow","max-snippet":"max-snippet:-1","max-image-preview":"max-image-preview:large","max-video-preview":"max-video-preview:-1"},"canonical":"https:\/\/hellenicmoon.com\/it\/cancro\/","og_locale":"it_IT","og_type":"article","og_title":"Cancro - Hellenic Moon","og_description":"Il Cancro \u00e8 il quarto segno dello zodiaco, che rappresenta un granchio con grandi chele. \u00c8 associato all&#8217;elemento dell&#8217;acqua, alla luna e ai colori argento e bianco. Si dice che le persone nate sotto questo segno siano emotive, intuitive, premurose e protettive. Il cancro ha le sue origini in un [&hellip;]","og_url":"https:\/\/hellenicmoon.com\/it\/cancro\/","og_site_name":"Hellenic Moon","article_modified_time":"2023-12-21T09:45:12+00:00","twitter_card":"summary_large_image","twitter_misc":{"Tempo di lettura stimato":"2 minuti"},"schema":{"@context":"https:\/\/schema.org","@graph":[{"@type":"WebPage","@id":"https:\/\/hellenicmoon.com\/it\/cancro\/","url":"https:\/\/hellenicmoon.com\/it\/cancro\/","name":"Cancro - Hellenic Moon","isPartOf":{"@id":"https:\/\/mti.get.mybluehost.me\/#website"},"datePublished":"2019-12-17T15:37:42+00:00","dateModified":"2023-12-21T09:45:12+00:00","breadcrumb":{"@id":"https:\/\/hellenicmoon.com\/it\/cancro\/#breadcrumb"},"inLanguage":"it-IT","potentialAction":[{"@type":"ReadAction","target":["https:\/\/hellenicmoon.com\/it\/cancro\/"]}]},{"@type":"BreadcrumbList","@id":"https:\/\/hellenicmoon.com\/it\/cancro\/#breadcrumb","itemListElement":[{"@type":"ListItem","position":1,"name":"Home","item":"https:\/\/hellenicmoon.com\/it\/"},{"@type":"ListItem","position":2,"name":"Cancro"}]},{"@type":"WebSite","@id":"https:\/\/mti.get.mybluehost.me\/#website","url":"https:\/\/mti.get.mybluehost.me\/","name":"Hellenic Moon","description":"Greek mythology and gods","publisher":{"@id":"https:\/\/mti.get.mybluehost.me\/#organization"},"potentialAction":[{"@type":"SearchAction","target":{"@type":"EntryPoint","urlTemplate":"https:\/\/mti.get.mybluehost.me\/?s={search_term_string}"},"query-input":{"@type":"PropertyValueSpecification","valueRequired":true,"valueName":"search_term_string"}}],"inLanguage":"it-IT"},{"@type":"Organization","@id":"https:\/\/mti.get.mybluehost.me\/#organization","name":"Hellenic Moon","url":"https:\/\/mti.get.mybluehost.me\/","logo":{"@type":"ImageObject","inLanguage":"it-IT","@id":"https:\/\/mti.get.mybluehost.me\/#\/schema\/logo\/image\/","url":"https:\/\/hellenicmoon.com\/wp-content\/uploads\/2020\/01\/cropped-logo_ok_by_aramisdream_ddoqp6p.png","contentUrl":"https:\/\/hellenicmoon.com\/wp-content\/uploads\/2020\/01\/cropped-logo_ok_by_aramisdream_ddoqp6p.png","width":150,"height":100,"caption":"Hellenic Moon"},"image":{"@id":"https:\/\/mti.get.mybluehost.me\/#\/schema\/logo\/image\/"},"sameAs":["https:\/\/www.instagram.com\/hellenic.moon"]}]}},"jetpack_sharing_enabled":true,"_links":{"self":[{"href":"https:\/\/hellenicmoon.com\/it\/wp-json\/wp\/v2\/pages\/10907","targetHints":{"allow":["GET"]}}],"collection":[{"href":"https:\/\/hellenicmoon.com\/it\/wp-json\/wp\/v2\/pages"}],"about":[{"href":"https:\/\/hellenicmoon.com\/it\/wp-json\/wp\/v2\/types\/page"}],"author":[{"embeddable":true,"href":"https:\/\/hellenicmoon.com\/it\/wp-json\/wp\/v2\/users\/2"}],"replies":[{"embeddable":true,"href":"https:\/\/hellenicmoon.com\/it\/wp-json\/wp\/v2\/comments?post=10907"}],"version-history":[{"count":0,"href":"https:\/\/hellenicmoon.com\/it\/wp-json\/wp\/v2\/pages\/10907\/revisions"}],"wp:attachment":[{"href":"https:\/\/hellenicmoon.com\/it\/wp-json\/wp\/v2\/media?parent=10907"}],"curies":[{"name":"wp","href":"https:\/\/api.w.org\/{rel}","templated":true}]}}