{"id":10899,"date":"2019-12-16T19:44:12","date_gmt":"2019-12-16T19:44:12","guid":{"rendered":"https:\/\/hellenicmoon.com\/artemide-dea-della-caccia-e-della-luna\/"},"modified":"2023-12-21T09:43:13","modified_gmt":"2023-12-21T09:43:13","slug":"artemide-dea-della-caccia-e-della-luna","status":"publish","type":"page","link":"https:\/\/hellenicmoon.com\/it\/artemide-dea-della-caccia-e-della-luna\/","title":{"rendered":"Artemide &#8211; Dea della Caccia e della Luna"},"content":{"rendered":"\n<p class=\"has-text-align-center\" style=\"font-size:18px\"><strong>Nome romano<\/strong> : <strong>Diana<\/strong><\/p>\n\n\n<div class=\"wp-block-image\">\n<figure class=\"aligncenter size-large is-resized\"><img decoding=\"async\" width=\"720\" height=\"720\" src=\"https:\/\/hellenicmoon.com\/wp-content\/uploads\/2019\/12\/Artemismoon.png\" alt=\"\" class=\"wp-image-507\" style=\"width:521px;height:521px\" srcset=\"https:\/\/hellenicmoon.com\/wp-content\/uploads\/2019\/12\/Artemismoon.png 720w, https:\/\/hellenicmoon.com\/wp-content\/uploads\/2019\/12\/Artemismoon-230x230.png 230w, https:\/\/hellenicmoon.com\/wp-content\/uploads\/2019\/12\/Artemismoon-160x160.png 160w, https:\/\/hellenicmoon.com\/wp-content\/uploads\/2019\/12\/Artemismoon-600x600.png 600w, https:\/\/hellenicmoon.com\/wp-content\/uploads\/2019\/12\/Artemismoon-300x300.png 300w, https:\/\/hellenicmoon.com\/wp-content\/uploads\/2019\/12\/Artemismoon-150x150.png 150w, https:\/\/hellenicmoon.com\/wp-content\/uploads\/2019\/12\/Artemismoon-50x50.png 50w\" sizes=\"(max-width: 720px) 100vw, 720px\" \/><figcaption class=\"wp-element-caption\"><strong>Patch del programma spaziale Artemis, che far\u00e0 atterrare la prima donna sulla Luna entro il 2025, e infine su Marte<\/strong><\/figcaption><\/figure>\n<\/div>\n\n\n<p>Artemide \u00e8 una delle divinit\u00e0 pi\u00f9 popolari e versatili della mitologia greca. \u00c8 la figlia di Zeus, il re degli dei, e di Leto, una Titanessa. Ha un fratello gemello, Apollo, il dio della luce e della musica. \u00c8 la dea della caccia, della natura selvaggia, degli animali, della vegetazione, del parto e della castit\u00e0. \u00c8 anche conosciuta come Diana nella mitologia romana e come Luna in latino.<\/p>\n\n\n\n<p>Artemide \u00e8 un&#8217;abile cacciatrice e arciera, che vaga per le foreste e le montagne con il suo branco di segugi e la sua banda di ninfe. Protegge gli animali e le piante che ama, ma li uccide anche per sport o cibo. Le piacciono soprattutto cervi, orsi e leoni. \u00c8 anche una patrona delle ragazze e delle donne, che cercano la sua benedizione per un parto sano e salvo o un voto di verginit\u00e0. \u00c8 una feroce difensore della sua purezza e indipendenza e punisce chiunque cerchi di violare o danneggiare lei o i suoi seguaci.<\/p>\n\n\n\n<p>Artemide ha molte storie e avventure nella mitologia greca. Nacque sull&#8217;isola di Delo, dove sua madre dovette nascondersi dall&#8217;ira di Era, la gelosa moglie di Zeus. Aiut\u00f2 sua madre a partorire il fratello gemello Apollo e divenne lei stessa un&#8217;ostetrica. Chiese a Zeus tre doni: un arco e frecce, un branco di cani e la verginit\u00e0 eterna. Uccise il gigante Orione, che cerc\u00f2 di violentare lei o le sue ninfe, a seconda della versione. Uccise anche i figli di Niobe, che si vantavano di essere superiore a Leto.<\/p>\n\n\n\n<p>Artemide era venerata in tutta la Grecia e oltre. Aveva molti templi e santuari dedicati a lei, dove le persone offrivano sacrifici o doni di animali, frutti o fiori. Fu anche onorata in molte feste e riti, come la Brauronia ad Atene o l&#8217;Artemisia a Efeso. Il suo luogo di culto pi\u00f9 famoso era il Tempio di Artemide a Efeso, una delle sette meraviglie del mondo antico. Di solito era ritratta come una giovane donna con una tunica corta e un equipaggiamento da caccia. Era spesso accompagnata dai suoi simboli o attributi, come una falce di luna, un arco e frecce, un cervo o un cane.<\/p>\n\n\n\n<p>Artemide \u00e8 una dea affascinante e stimolante che rappresenta molti aspetti della vita umana e della natura. \u00c8 un simbolo di libert\u00e0 e forza che pu\u00f2 essere sia nutriente che distruttiva. \u00c8 una maestra di caccia e sopravvivenza in grado di adattarsi a qualsiasi ambiente. \u00c8 una sorella e un&#8217;amica che si prende cura delle sue compagne. \u00c8 una dea che ci guida a cercare e rispettare la natura in tutte le sue forme.<\/p>\n\n\n\n<div style=\"height:28px\" aria-hidden=\"true\" class=\"wp-block-spacer\"><\/div>\n\n\n\n<figure class=\"wp-block-embed is-type-video is-provider-youtube wp-block-embed-youtube wp-embed-aspect-16-9 wp-has-aspect-ratio\"><div class=\"wp-block-embed__wrapper\">\n<iframe title=\"A Kid From Sepolia Who Became The MVP | Giannis Antetokounmpo 2019 NBA MVP\" width=\"750\" height=\"422\" src=\"https:\/\/www.youtube.com\/embed\/7tnVGkNyfyA?feature=oembed\" frameborder=\"0\" allow=\"accelerometer; autoplay; clipboard-write; encrypted-media; gyroscope; picture-in-picture; web-share\" allowfullscreen><\/iframe>\n<\/div><figcaption class=\"wp-element-caption\"><strong>I cervi erano sacri per Artemide, che sarebbe stata orgogliosa del fatto che Giannis Antetokounmpo (Greek Freak) fosse diventato l&#8217;MVP dell&#8217;NBA nel 2019 mentre giocava nella sua squadra preferita, i Milwaukee Bucks. Ha iniziato la sua carriera nel campionato di basket greco, alla fine \u00e8 passato all&#8217;NBA.<\/strong><\/figcaption><\/figure>\n\n\n\n<div style=\"height:24px\" aria-hidden=\"true\" class=\"wp-block-spacer\"><\/div>\n\n\n\n<h2 class=\"wp-block-heading has-text-align-center\">Artemis consiglia:<\/h2>\n\n\n\n<h2 class=\"wp-block-heading has-text-align-center\" id=\"wp-block-themeisle-blocks-advanced-heading-2fe330cc\"><span style=\"text-decoration: underline;\">Le squadre di Artemis<\/span><\/h2>\n\n\n\n<h5 class=\"wp-block-heading has-text-align-center\" id=\"wp-block-themeisle-blocks-advanced-heading-388dd553\">Se Artemis fosse una fan degli sport moderni, sosterrebbe:<\/h5>\n\n\n\n<div class=\"wp-block-columns is-layout-flex wp-container-core-columns-is-layout-28f84493 wp-block-columns-is-layout-flex\">\n<div class=\"wp-block-column is-layout-flow wp-block-column-is-layout-flow\"><div class=\"wp-block-image\">\n<figure class=\"aligncenter size-full is-resized\"><img decoding=\"async\" width=\"280\" height=\"280\" src=\"https:\/\/hellenicmoon.com\/wp-content\/uploads\/2023\/05\/MilwaukeeBucks.jpg\" alt=\"\" class=\"wp-image-5557\" style=\"object-fit:cover;width:200px;height:200px\" srcset=\"https:\/\/hellenicmoon.com\/wp-content\/uploads\/2023\/05\/MilwaukeeBucks.jpg 280w, https:\/\/hellenicmoon.com\/wp-content\/uploads\/2023\/05\/MilwaukeeBucks-150x150.jpg 150w, https:\/\/hellenicmoon.com\/wp-content\/uploads\/2023\/05\/MilwaukeeBucks-230x230.jpg 230w, https:\/\/hellenicmoon.com\/wp-content\/uploads\/2023\/05\/MilwaukeeBucks-160x160.jpg 160w\" sizes=\"(max-width: 280px) 100vw, 280px\" \/><figcaption class=\"wp-element-caption\"><strong><kbd>Milwaukee Bucks<\/kbd><\/strong><\/figcaption><\/figure>\n<\/div>\n\n\n<p class=\"has-text-align-center has-medium-font-size\">Animale sacro di Artemide<\/p>\n\n\n\n<p class=\"has-small-font-size\" id=\"wp-block-themeisle-blocks-advanced-heading-6248083d\">Artemis sarebbe orgogliosa di Giannis Antetokounmpo che guida il suo animale sacro e vince il campionato NBA.<\/p>\n<\/div>\n\n\n\n<div class=\"wp-block-column is-layout-flow wp-block-column-is-layout-flow\"><div class=\"wp-block-image\">\n<figure class=\"aligncenter size-full is-resized\"><img decoding=\"async\" width=\"200\" height=\"200\" src=\"https:\/\/hellenicmoon.com\/wp-content\/uploads\/2019\/12\/atalanta1.png\" alt=\"\" class=\"wp-image-808\" style=\"object-fit:cover;width:200px;height:200px\" srcset=\"https:\/\/hellenicmoon.com\/wp-content\/uploads\/2019\/12\/atalanta1.png 200w, https:\/\/hellenicmoon.com\/wp-content\/uploads\/2019\/12\/atalanta1-150x150.png 150w, https:\/\/hellenicmoon.com\/wp-content\/uploads\/2019\/12\/atalanta1-160x160.png 160w\" sizes=\"(max-width: 200px) 100vw, 200px\" \/><figcaption class=\"wp-element-caption\"><strong><kbd>Atalanta Bergamasca<\/kbd><\/strong><\/figcaption><\/figure>\n<\/div>\n\n\n<p class=\"has-text-align-center has-medium-font-size\">Cacciatrice preferita di Artemide<\/p>\n\n\n\n<p class=\"has-small-font-size\" id=\"wp-block-themeisle-blocks-advanced-heading-f3e54df6\">Artemide aveva un amore speciale per Atalanta, la sua cacciatrice e atleta preferita. L&#8217;Atalanta ha fatto un giuramento ad Artemide e il loro rapporto era molto speciale, quindi chiaramente Artemis sarebbe stata una tifosa dell&#8217;Atalanta Bergamasca.<\/p>\n<\/div>\n\n\n\n<div class=\"wp-block-column is-layout-flow wp-block-column-is-layout-flow\"><div class=\"wp-block-image\">\n<figure class=\"aligncenter size-full is-resized\"><img decoding=\"async\" width=\"386\" height=\"398\" src=\"https:\/\/hellenicmoon.com\/wp-content\/uploads\/2019\/12\/introduction-russian-premier-league.jpg\" alt=\"\" class=\"wp-image-536\" style=\"object-fit:cover;width:200px;height:200px\" srcset=\"https:\/\/hellenicmoon.com\/wp-content\/uploads\/2019\/12\/introduction-russian-premier-league.jpg 386w, https:\/\/hellenicmoon.com\/wp-content\/uploads\/2019\/12\/introduction-russian-premier-league-291x300.jpg 291w\" sizes=\"(max-width: 386px) 100vw, 386px\" \/><figcaption class=\"wp-element-caption\"><strong><kbd>Premier League russa<\/kbd><\/strong><\/figcaption><\/figure>\n<\/div>\n\n\n<p class=\"has-text-align-center has-medium-font-size\">Animale sacro di Artemide<\/p>\n\n\n\n<p class=\"has-small-font-size\" id=\"wp-block-themeisle-blocks-advanced-heading-75d419e8\">Artemide avrebbe apprezzato un po&#8217; di calcio russo, dal momento che l&#8217;orso \u00e8 il suo animale sacro.<\/p>\n<\/div>\n\n\n\n<div class=\"wp-block-column is-layout-flow wp-block-column-is-layout-flow\"><div class=\"wp-block-image is-style-default\">\n<figure class=\"aligncenter size-full is-resized\"><img decoding=\"async\" width=\"488\" height=\"350\" src=\"https:\/\/hellenicmoon.com\/wp-content\/uploads\/2019\/12\/berlin488-488x350-1.jpg\" alt=\"\" class=\"wp-image-537\" style=\"object-fit:cover;width:200px;height:200px\" srcset=\"https:\/\/hellenicmoon.com\/wp-content\/uploads\/2019\/12\/berlin488-488x350-1.jpg 488w, https:\/\/hellenicmoon.com\/wp-content\/uploads\/2019\/12\/berlin488-488x350-1-300x215.jpg 300w\" sizes=\"(max-width: 488px) 100vw, 488px\" \/><figcaption class=\"wp-element-caption\"><strong><kbd><strong><kbd>Eisb\u00e4ren Berlin<\/kbd><\/strong><\/kbd><\/strong><\/figcaption><\/figure>\n<\/div>\n\n\n<p class=\"has-text-align-center has-medium-font-size\">Animale sacro di Artemide<\/p>\n\n\n\n<p class=\"has-small-font-size\" id=\"wp-block-themeisle-blocks-advanced-heading-6248083d\">Artemis sarebbe stato un tifoso dei Berlin Eisb\u00e4ren, una delle squadre di hockey tedesche di maggior successo che pianificano regolarmente la Champions Hockey League. Artemis ha un rapporto speciale con Berlino, che le ha dato il nome di molte cose, basta chiedere a qualsiasi berlinese.<\/p>\n<\/div>\n<\/div>\n\n\n\n<p>A questo punto,<\/p>\n","protected":false},"excerpt":{"rendered":"<p>Nome romano : Diana Artemide \u00e8 una delle divinit\u00e0 pi\u00f9 popolari e versatili della mitologia greca. \u00c8 la figlia di Zeus, il re degli dei, e di Leto, una Titanessa. Ha un fratello gemello, Apollo, il dio della luce e della musica. \u00c8 la dea della caccia, della natura selvaggia, [&hellip;]<\/p>\n","protected":false},"author":2,"featured_media":0,"parent":0,"menu_order":0,"comment_status":"closed","ping_status":"closed","template":"","meta":{"_bbp_topic_count":0,"_bbp_reply_count":0,"_bbp_total_topic_count":0,"_bbp_total_reply_count":0,"_bbp_voice_count":0,"_bbp_anonymous_reply_count":0,"_bbp_topic_count_hidden":0,"_bbp_reply_count_hidden":0,"_bbp_forum_subforum_count":0,"_monsterinsights_skip_tracking":false,"_monsterinsights_sitenote_active":false,"_monsterinsights_sitenote_note":"","_monsterinsights_sitenote_category":0,"jetpack_post_was_ever_published":false,"footnotes":""},"class_list":["post-10899","page","type-page","status-publish","hentry"],"yoast_head":"<!-- This site is optimized with the Yoast SEO plugin v27.3 - https:\/\/yoast.com\/product\/yoast-seo-wordpress\/ -->\n<title>Artemide - Dea della Caccia e della Luna - Hellenic Moon<\/title>\n<meta name=\"robots\" content=\"index, follow, max-snippet:-1, max-image-preview:large, max-video-preview:-1\" \/>\n<link rel=\"canonical\" href=\"https:\/\/hellenicmoon.com\/it\/artemide-dea-della-caccia-e-della-luna\/\" \/>\n<meta property=\"og:locale\" content=\"it_IT\" \/>\n<meta property=\"og:type\" content=\"article\" \/>\n<meta property=\"og:title\" content=\"Artemide - Dea della Caccia e della Luna - Hellenic Moon\" \/>\n<meta property=\"og:description\" content=\"Nome romano : Diana Artemide \u00e8 una delle divinit\u00e0 pi\u00f9 popolari e versatili della mitologia greca. \u00c8 la figlia di Zeus, il re degli dei, e di Leto, una Titanessa. Ha un fratello gemello, Apollo, il dio della luce e della musica. \u00c8 la dea della caccia, della natura selvaggia, [&hellip;]\" \/>\n<meta property=\"og:url\" content=\"https:\/\/hellenicmoon.com\/it\/artemide-dea-della-caccia-e-della-luna\/\" \/>\n<meta property=\"og:site_name\" content=\"Hellenic Moon\" \/>\n<meta property=\"article:modified_time\" content=\"2023-12-21T09:43:13+00:00\" \/>\n<meta property=\"og:image\" content=\"https:\/\/hellenicmoon.com\/wp-content\/uploads\/2019\/12\/Artemismoon.png\" \/>\n<meta name=\"twitter:card\" content=\"summary_large_image\" \/>\n<meta name=\"twitter:label1\" content=\"Tempo di lettura stimato\" \/>\n\t<meta name=\"twitter:data1\" content=\"4 minuti\" \/>\n<script type=\"application\/ld+json\" class=\"yoast-schema-graph\">{\"@context\":\"https:\\\/\\\/schema.org\",\"@graph\":[{\"@type\":\"WebPage\",\"@id\":\"https:\\\/\\\/hellenicmoon.com\\\/it\\\/artemide-dea-della-caccia-e-della-luna\\\/\",\"url\":\"https:\\\/\\\/hellenicmoon.com\\\/it\\\/artemide-dea-della-caccia-e-della-luna\\\/\",\"name\":\"Artemide - Dea della Caccia e della Luna - Hellenic Moon\",\"isPartOf\":{\"@id\":\"https:\\\/\\\/mti.get.mybluehost.me\\\/#website\"},\"primaryImageOfPage\":{\"@id\":\"https:\\\/\\\/hellenicmoon.com\\\/it\\\/artemide-dea-della-caccia-e-della-luna\\\/#primaryimage\"},\"image\":{\"@id\":\"https:\\\/\\\/hellenicmoon.com\\\/it\\\/artemide-dea-della-caccia-e-della-luna\\\/#primaryimage\"},\"thumbnailUrl\":\"https:\\\/\\\/hellenicmoon.com\\\/wp-content\\\/uploads\\\/2019\\\/12\\\/Artemismoon.png\",\"datePublished\":\"2019-12-16T19:44:12+00:00\",\"dateModified\":\"2023-12-21T09:43:13+00:00\",\"breadcrumb\":{\"@id\":\"https:\\\/\\\/hellenicmoon.com\\\/it\\\/artemide-dea-della-caccia-e-della-luna\\\/#breadcrumb\"},\"inLanguage\":\"it-IT\",\"potentialAction\":[{\"@type\":\"ReadAction\",\"target\":[\"https:\\\/\\\/hellenicmoon.com\\\/it\\\/artemide-dea-della-caccia-e-della-luna\\\/\"]}]},{\"@type\":\"ImageObject\",\"inLanguage\":\"it-IT\",\"@id\":\"https:\\\/\\\/hellenicmoon.com\\\/it\\\/artemide-dea-della-caccia-e-della-luna\\\/#primaryimage\",\"url\":\"https:\\\/\\\/hellenicmoon.com\\\/wp-content\\\/uploads\\\/2019\\\/12\\\/Artemismoon.png\",\"contentUrl\":\"https:\\\/\\\/hellenicmoon.com\\\/wp-content\\\/uploads\\\/2019\\\/12\\\/Artemismoon.png\"},{\"@type\":\"BreadcrumbList\",\"@id\":\"https:\\\/\\\/hellenicmoon.com\\\/it\\\/artemide-dea-della-caccia-e-della-luna\\\/#breadcrumb\",\"itemListElement\":[{\"@type\":\"ListItem\",\"position\":1,\"name\":\"Home\",\"item\":\"https:\\\/\\\/hellenicmoon.com\\\/it\\\/\"},{\"@type\":\"ListItem\",\"position\":2,\"name\":\"Artemide &#8211; Dea della Caccia e della Luna\"}]},{\"@type\":\"WebSite\",\"@id\":\"https:\\\/\\\/mti.get.mybluehost.me\\\/#website\",\"url\":\"https:\\\/\\\/mti.get.mybluehost.me\\\/\",\"name\":\"Hellenic Moon\",\"description\":\"Greek mythology and gods\",\"publisher\":{\"@id\":\"https:\\\/\\\/mti.get.mybluehost.me\\\/#organization\"},\"potentialAction\":[{\"@type\":\"SearchAction\",\"target\":{\"@type\":\"EntryPoint\",\"urlTemplate\":\"https:\\\/\\\/mti.get.mybluehost.me\\\/?s={search_term_string}\"},\"query-input\":{\"@type\":\"PropertyValueSpecification\",\"valueRequired\":true,\"valueName\":\"search_term_string\"}}],\"inLanguage\":\"it-IT\"},{\"@type\":\"Organization\",\"@id\":\"https:\\\/\\\/mti.get.mybluehost.me\\\/#organization\",\"name\":\"Hellenic Moon\",\"url\":\"https:\\\/\\\/mti.get.mybluehost.me\\\/\",\"logo\":{\"@type\":\"ImageObject\",\"inLanguage\":\"it-IT\",\"@id\":\"https:\\\/\\\/mti.get.mybluehost.me\\\/#\\\/schema\\\/logo\\\/image\\\/\",\"url\":\"https:\\\/\\\/hellenicmoon.com\\\/wp-content\\\/uploads\\\/2020\\\/01\\\/cropped-logo_ok_by_aramisdream_ddoqp6p.png\",\"contentUrl\":\"https:\\\/\\\/hellenicmoon.com\\\/wp-content\\\/uploads\\\/2020\\\/01\\\/cropped-logo_ok_by_aramisdream_ddoqp6p.png\",\"width\":150,\"height\":100,\"caption\":\"Hellenic Moon\"},\"image\":{\"@id\":\"https:\\\/\\\/mti.get.mybluehost.me\\\/#\\\/schema\\\/logo\\\/image\\\/\"},\"sameAs\":[\"https:\\\/\\\/www.instagram.com\\\/hellenic.moon\"]}]}<\/script>\n<!-- \/ Yoast SEO plugin. -->","yoast_head_json":{"title":"Artemide - Dea della Caccia e della Luna - Hellenic Moon","robots":{"index":"index","follow":"follow","max-snippet":"max-snippet:-1","max-image-preview":"max-image-preview:large","max-video-preview":"max-video-preview:-1"},"canonical":"https:\/\/hellenicmoon.com\/it\/artemide-dea-della-caccia-e-della-luna\/","og_locale":"it_IT","og_type":"article","og_title":"Artemide - Dea della Caccia e della Luna - Hellenic Moon","og_description":"Nome romano : Diana Artemide \u00e8 una delle divinit\u00e0 pi\u00f9 popolari e versatili della mitologia greca. \u00c8 la figlia di Zeus, il re degli dei, e di Leto, una Titanessa. Ha un fratello gemello, Apollo, il dio della luce e della musica. \u00c8 la dea della caccia, della natura selvaggia, [&hellip;]","og_url":"https:\/\/hellenicmoon.com\/it\/artemide-dea-della-caccia-e-della-luna\/","og_site_name":"Hellenic Moon","article_modified_time":"2023-12-21T09:43:13+00:00","og_image":[{"url":"https:\/\/hellenicmoon.com\/wp-content\/uploads\/2019\/12\/Artemismoon.png","type":"","width":"","height":""}],"twitter_card":"summary_large_image","twitter_misc":{"Tempo di lettura stimato":"4 minuti"},"schema":{"@context":"https:\/\/schema.org","@graph":[{"@type":"WebPage","@id":"https:\/\/hellenicmoon.com\/it\/artemide-dea-della-caccia-e-della-luna\/","url":"https:\/\/hellenicmoon.com\/it\/artemide-dea-della-caccia-e-della-luna\/","name":"Artemide - Dea della Caccia e della Luna - Hellenic Moon","isPartOf":{"@id":"https:\/\/mti.get.mybluehost.me\/#website"},"primaryImageOfPage":{"@id":"https:\/\/hellenicmoon.com\/it\/artemide-dea-della-caccia-e-della-luna\/#primaryimage"},"image":{"@id":"https:\/\/hellenicmoon.com\/it\/artemide-dea-della-caccia-e-della-luna\/#primaryimage"},"thumbnailUrl":"https:\/\/hellenicmoon.com\/wp-content\/uploads\/2019\/12\/Artemismoon.png","datePublished":"2019-12-16T19:44:12+00:00","dateModified":"2023-12-21T09:43:13+00:00","breadcrumb":{"@id":"https:\/\/hellenicmoon.com\/it\/artemide-dea-della-caccia-e-della-luna\/#breadcrumb"},"inLanguage":"it-IT","potentialAction":[{"@type":"ReadAction","target":["https:\/\/hellenicmoon.com\/it\/artemide-dea-della-caccia-e-della-luna\/"]}]},{"@type":"ImageObject","inLanguage":"it-IT","@id":"https:\/\/hellenicmoon.com\/it\/artemide-dea-della-caccia-e-della-luna\/#primaryimage","url":"https:\/\/hellenicmoon.com\/wp-content\/uploads\/2019\/12\/Artemismoon.png","contentUrl":"https:\/\/hellenicmoon.com\/wp-content\/uploads\/2019\/12\/Artemismoon.png"},{"@type":"BreadcrumbList","@id":"https:\/\/hellenicmoon.com\/it\/artemide-dea-della-caccia-e-della-luna\/#breadcrumb","itemListElement":[{"@type":"ListItem","position":1,"name":"Home","item":"https:\/\/hellenicmoon.com\/it\/"},{"@type":"ListItem","position":2,"name":"Artemide &#8211; Dea della Caccia e della Luna"}]},{"@type":"WebSite","@id":"https:\/\/mti.get.mybluehost.me\/#website","url":"https:\/\/mti.get.mybluehost.me\/","name":"Hellenic Moon","description":"Greek mythology and gods","publisher":{"@id":"https:\/\/mti.get.mybluehost.me\/#organization"},"potentialAction":[{"@type":"SearchAction","target":{"@type":"EntryPoint","urlTemplate":"https:\/\/mti.get.mybluehost.me\/?s={search_term_string}"},"query-input":{"@type":"PropertyValueSpecification","valueRequired":true,"valueName":"search_term_string"}}],"inLanguage":"it-IT"},{"@type":"Organization","@id":"https:\/\/mti.get.mybluehost.me\/#organization","name":"Hellenic Moon","url":"https:\/\/mti.get.mybluehost.me\/","logo":{"@type":"ImageObject","inLanguage":"it-IT","@id":"https:\/\/mti.get.mybluehost.me\/#\/schema\/logo\/image\/","url":"https:\/\/hellenicmoon.com\/wp-content\/uploads\/2020\/01\/cropped-logo_ok_by_aramisdream_ddoqp6p.png","contentUrl":"https:\/\/hellenicmoon.com\/wp-content\/uploads\/2020\/01\/cropped-logo_ok_by_aramisdream_ddoqp6p.png","width":150,"height":100,"caption":"Hellenic Moon"},"image":{"@id":"https:\/\/mti.get.mybluehost.me\/#\/schema\/logo\/image\/"},"sameAs":["https:\/\/www.instagram.com\/hellenic.moon"]}]}},"jetpack_sharing_enabled":true,"_links":{"self":[{"href":"https:\/\/hellenicmoon.com\/it\/wp-json\/wp\/v2\/pages\/10899","targetHints":{"allow":["GET"]}}],"collection":[{"href":"https:\/\/hellenicmoon.com\/it\/wp-json\/wp\/v2\/pages"}],"about":[{"href":"https:\/\/hellenicmoon.com\/it\/wp-json\/wp\/v2\/types\/page"}],"author":[{"embeddable":true,"href":"https:\/\/hellenicmoon.com\/it\/wp-json\/wp\/v2\/users\/2"}],"replies":[{"embeddable":true,"href":"https:\/\/hellenicmoon.com\/it\/wp-json\/wp\/v2\/comments?post=10899"}],"version-history":[{"count":0,"href":"https:\/\/hellenicmoon.com\/it\/wp-json\/wp\/v2\/pages\/10899\/revisions"}],"wp:attachment":[{"href":"https:\/\/hellenicmoon.com\/it\/wp-json\/wp\/v2\/media?parent=10899"}],"curies":[{"name":"wp","href":"https:\/\/api.w.org\/{rel}","templated":true}]}}