{"id":10895,"date":"2019-12-12T08:55:19","date_gmt":"2019-12-12T08:55:19","guid":{"rendered":"https:\/\/hellenicmoon.com\/ariete-ariete-doro-vello\/"},"modified":"2023-12-21T09:42:42","modified_gmt":"2023-12-21T09:42:42","slug":"ariete-ariete-doro-vello","status":"publish","type":"page","link":"https:\/\/hellenicmoon.com\/it\/ariete-ariete-doro-vello\/","title":{"rendered":"Ariete (Ariete d&#8217;oro\/Vello)"},"content":{"rendered":"\n<figure class=\"wp-block-embed aligncenter is-type-video is-provider-youtube wp-block-embed-youtube wp-embed-aspect-16-9 wp-has-aspect-ratio\"><div class=\"wp-block-embed__wrapper\">\n<iframe title=\"Episode 12 - Mythic Warriors | FULL EPISODE | RETRO RERUN\" width=\"750\" height=\"422\" src=\"https:\/\/www.youtube.com\/embed\/D8u7C3p8d0Y?feature=oembed\" frameborder=\"0\" allow=\"accelerometer; autoplay; clipboard-write; encrypted-media; gyroscope; picture-in-picture; web-share\" allowfullscreen><\/iframe>\n<\/div><figcaption class=\"wp-element-caption\"><strong><sub>La storia del vello d&#8217;oro, che Giasone e gli Argonauti si misero a cercare. Zeus alla fine mise il vello nel cielo come costellazione dell&#8217;Ariete. Guarda la 2a parte qui sotto.<\/sub><\/strong><\/figcaption><\/figure>\n\n\n\n<figure class=\"wp-block-embed aligncenter is-type-video is-provider-youtube wp-block-embed-youtube wp-embed-aspect-4-3 wp-has-aspect-ratio\"><div class=\"wp-block-embed__wrapper\">\n<iframe title=\"Mythic Warriors: Guardians of the Legend - Jason and Medea - Season 2 Episode 3\" width=\"750\" height=\"563\" src=\"https:\/\/www.youtube.com\/embed\/x0THiw2e2kM?feature=oembed\" frameborder=\"0\" allow=\"accelerometer; autoplay; clipboard-write; encrypted-media; gyroscope; picture-in-picture; web-share\" allowfullscreen><\/iframe>\n<\/div><figcaption class=\"wp-element-caption\"><strong><sub>Parte 2 della storia di Jason<\/sub><\/strong><\/figcaption><\/figure>\n\n\n\n<p>L&#8217;Ariete \u00e8 il primo segno dello zodiaco, che rappresenta un ariete con vello d&#8217;oro. \u00c8 associato all&#8217;elemento del fuoco, al pianeta Marte e ai colori rosso e arancione. Si dice che le persone nate sotto questo segno siano coraggiose, avventurose, appassionate e indipendenti.<\/p>\n\n\n\n<p>L&#8217;Ariete ha le sue origini in un mito greco su Frisso ed Elle, i figli del re Athamas e della ninfa Nefele. Secondo il mito, Athamas spos\u00f2 Nefele per ordine di Era, ma in seguito si innamor\u00f2 di un&#8217;altra donna di nome Ino. Ino era gelosa dei figli di Nephele e voleva sbarazzarsi di loro. Convinse Athamas che c&#8217;era una carestia nel paese e che doveva sacrificare Frisso per placare gli dei.<\/p>\n\n\n\n<p>Nefele fu sconvolta da questo piano e preg\u00f2 Zeus di salvare suo figlio. Zeus ascolt\u00f2 la sua supplica e invi\u00f2 un ariete volante con vello d&#8217;oro per salvare Frisso ed Elle. L&#8217;ariete li port\u00f2 sul dorso e vol\u00f2 attraverso il mare. Tuttavia, Helle perse la presa e cadde nell&#8217;acqua, che in seguito fu chiamata Hellespont in suo onore.<\/p>\n\n\n\n<p>Frisso riusc\u00ec a raggiungere la Colchide, un regno sulla sponda orientale del Mar Nero. Fu accolto dal re Eete, che gli diede in moglie sua figlia Calciope. Frisso sacrific\u00f2 l&#8217;ariete a Zeus e diede in dono il suo vello d&#8217;oro a Eete. Eete appese il vello a un albero in un bosco sacro sorvegliato da un drago.<\/p>\n\n\n\n<p>Il vello d&#8217;oro divenne un simbolo di potere e ricchezza che molti eroi cercarono di ottenere. Il pi\u00f9 famoso di loro fu Giasone, che guid\u00f2 gli Argonauti in una missione per recuperarlo. Giasone riusc\u00ec nella sua missione con l&#8217;aiuto di Medea, l&#8217;altra figlia di Eete che si innamor\u00f2 di lui.<\/p>\n\n\n\n<p>L&#8217;Ariete \u00e8 un segno zodiacale emozionante e stimolante che riflette molti aspetti della natura e dell&#8217;azione umana. \u00c8 un simbolo di coraggio e audacia in grado di affrontare qualsiasi sfida e superare qualsiasi ostacolo. \u00c8 un simbolo di entusiasmo ed energia in grado di perseguire qualsiasi passione e raggiungere qualsiasi obiettivo. \u00c8 un simbolo di leadership e iniziativa che pu\u00f2 avviare qualsiasi progetto e ispirare qualsiasi team.<\/p>\n","protected":false},"excerpt":{"rendered":"<p>L&#8217;Ariete \u00e8 il primo segno dello zodiaco, che rappresenta un ariete con vello d&#8217;oro. \u00c8 associato all&#8217;elemento del fuoco, al pianeta Marte e ai colori rosso e arancione. Si dice che le persone nate sotto questo segno siano coraggiose, avventurose, appassionate e indipendenti. L&#8217;Ariete ha le sue origini in un [&hellip;]<\/p>\n","protected":false},"author":2,"featured_media":0,"parent":0,"menu_order":0,"comment_status":"closed","ping_status":"closed","template":"","meta":{"_bbp_topic_count":0,"_bbp_reply_count":0,"_bbp_total_topic_count":0,"_bbp_total_reply_count":0,"_bbp_voice_count":0,"_bbp_anonymous_reply_count":0,"_bbp_topic_count_hidden":0,"_bbp_reply_count_hidden":0,"_bbp_forum_subforum_count":0,"_monsterinsights_skip_tracking":false,"_monsterinsights_sitenote_active":false,"_monsterinsights_sitenote_note":"","_monsterinsights_sitenote_category":0,"jetpack_post_was_ever_published":false,"footnotes":""},"class_list":["post-10895","page","type-page","status-publish","hentry"],"yoast_head":"<!-- This site is optimized with the Yoast SEO plugin v27.3 - https:\/\/yoast.com\/product\/yoast-seo-wordpress\/ -->\n<title>Ariete (Ariete d&#039;oro\/Vello) - Hellenic Moon<\/title>\n<meta name=\"robots\" content=\"index, follow, max-snippet:-1, max-image-preview:large, max-video-preview:-1\" \/>\n<link rel=\"canonical\" href=\"https:\/\/hellenicmoon.com\/it\/ariete-ariete-doro-vello\/\" \/>\n<meta property=\"og:locale\" content=\"it_IT\" \/>\n<meta property=\"og:type\" content=\"article\" \/>\n<meta property=\"og:title\" content=\"Ariete (Ariete d&#039;oro\/Vello) - Hellenic Moon\" \/>\n<meta property=\"og:description\" content=\"L&#8217;Ariete \u00e8 il primo segno dello zodiaco, che rappresenta un ariete con vello d&#8217;oro. \u00c8 associato all&#8217;elemento del fuoco, al pianeta Marte e ai colori rosso e arancione. Si dice che le persone nate sotto questo segno siano coraggiose, avventurose, appassionate e indipendenti. L&#8217;Ariete ha le sue origini in un [&hellip;]\" \/>\n<meta property=\"og:url\" content=\"https:\/\/hellenicmoon.com\/it\/ariete-ariete-doro-vello\/\" \/>\n<meta property=\"og:site_name\" content=\"Hellenic Moon\" \/>\n<meta property=\"article:modified_time\" content=\"2023-12-21T09:42:42+00:00\" \/>\n<meta name=\"twitter:card\" content=\"summary_large_image\" \/>\n<meta name=\"twitter:label1\" content=\"Tempo di lettura stimato\" \/>\n\t<meta name=\"twitter:data1\" content=\"2 minuti\" \/>\n<script type=\"application\/ld+json\" class=\"yoast-schema-graph\">{\"@context\":\"https:\\\/\\\/schema.org\",\"@graph\":[{\"@type\":\"WebPage\",\"@id\":\"https:\\\/\\\/hellenicmoon.com\\\/it\\\/ariete-ariete-doro-vello\\\/\",\"url\":\"https:\\\/\\\/hellenicmoon.com\\\/it\\\/ariete-ariete-doro-vello\\\/\",\"name\":\"Ariete (Ariete d'oro\\\/Vello) - Hellenic Moon\",\"isPartOf\":{\"@id\":\"https:\\\/\\\/mti.get.mybluehost.me\\\/#website\"},\"datePublished\":\"2019-12-12T08:55:19+00:00\",\"dateModified\":\"2023-12-21T09:42:42+00:00\",\"breadcrumb\":{\"@id\":\"https:\\\/\\\/hellenicmoon.com\\\/it\\\/ariete-ariete-doro-vello\\\/#breadcrumb\"},\"inLanguage\":\"it-IT\",\"potentialAction\":[{\"@type\":\"ReadAction\",\"target\":[\"https:\\\/\\\/hellenicmoon.com\\\/it\\\/ariete-ariete-doro-vello\\\/\"]}]},{\"@type\":\"BreadcrumbList\",\"@id\":\"https:\\\/\\\/hellenicmoon.com\\\/it\\\/ariete-ariete-doro-vello\\\/#breadcrumb\",\"itemListElement\":[{\"@type\":\"ListItem\",\"position\":1,\"name\":\"Home\",\"item\":\"https:\\\/\\\/hellenicmoon.com\\\/it\\\/\"},{\"@type\":\"ListItem\",\"position\":2,\"name\":\"Ariete (Ariete d&#8217;oro\\\/Vello)\"}]},{\"@type\":\"WebSite\",\"@id\":\"https:\\\/\\\/mti.get.mybluehost.me\\\/#website\",\"url\":\"https:\\\/\\\/mti.get.mybluehost.me\\\/\",\"name\":\"Hellenic Moon\",\"description\":\"Greek mythology and gods\",\"publisher\":{\"@id\":\"https:\\\/\\\/mti.get.mybluehost.me\\\/#organization\"},\"potentialAction\":[{\"@type\":\"SearchAction\",\"target\":{\"@type\":\"EntryPoint\",\"urlTemplate\":\"https:\\\/\\\/mti.get.mybluehost.me\\\/?s={search_term_string}\"},\"query-input\":{\"@type\":\"PropertyValueSpecification\",\"valueRequired\":true,\"valueName\":\"search_term_string\"}}],\"inLanguage\":\"it-IT\"},{\"@type\":\"Organization\",\"@id\":\"https:\\\/\\\/mti.get.mybluehost.me\\\/#organization\",\"name\":\"Hellenic Moon\",\"url\":\"https:\\\/\\\/mti.get.mybluehost.me\\\/\",\"logo\":{\"@type\":\"ImageObject\",\"inLanguage\":\"it-IT\",\"@id\":\"https:\\\/\\\/mti.get.mybluehost.me\\\/#\\\/schema\\\/logo\\\/image\\\/\",\"url\":\"https:\\\/\\\/hellenicmoon.com\\\/wp-content\\\/uploads\\\/2020\\\/01\\\/cropped-logo_ok_by_aramisdream_ddoqp6p.png\",\"contentUrl\":\"https:\\\/\\\/hellenicmoon.com\\\/wp-content\\\/uploads\\\/2020\\\/01\\\/cropped-logo_ok_by_aramisdream_ddoqp6p.png\",\"width\":150,\"height\":100,\"caption\":\"Hellenic Moon\"},\"image\":{\"@id\":\"https:\\\/\\\/mti.get.mybluehost.me\\\/#\\\/schema\\\/logo\\\/image\\\/\"},\"sameAs\":[\"https:\\\/\\\/www.instagram.com\\\/hellenic.moon\"]}]}<\/script>\n<!-- \/ Yoast SEO plugin. -->","yoast_head_json":{"title":"Ariete (Ariete d'oro\/Vello) - Hellenic Moon","robots":{"index":"index","follow":"follow","max-snippet":"max-snippet:-1","max-image-preview":"max-image-preview:large","max-video-preview":"max-video-preview:-1"},"canonical":"https:\/\/hellenicmoon.com\/it\/ariete-ariete-doro-vello\/","og_locale":"it_IT","og_type":"article","og_title":"Ariete (Ariete d'oro\/Vello) - Hellenic Moon","og_description":"L&#8217;Ariete \u00e8 il primo segno dello zodiaco, che rappresenta un ariete con vello d&#8217;oro. \u00c8 associato all&#8217;elemento del fuoco, al pianeta Marte e ai colori rosso e arancione. Si dice che le persone nate sotto questo segno siano coraggiose, avventurose, appassionate e indipendenti. L&#8217;Ariete ha le sue origini in un [&hellip;]","og_url":"https:\/\/hellenicmoon.com\/it\/ariete-ariete-doro-vello\/","og_site_name":"Hellenic Moon","article_modified_time":"2023-12-21T09:42:42+00:00","twitter_card":"summary_large_image","twitter_misc":{"Tempo di lettura stimato":"2 minuti"},"schema":{"@context":"https:\/\/schema.org","@graph":[{"@type":"WebPage","@id":"https:\/\/hellenicmoon.com\/it\/ariete-ariete-doro-vello\/","url":"https:\/\/hellenicmoon.com\/it\/ariete-ariete-doro-vello\/","name":"Ariete (Ariete d'oro\/Vello) - Hellenic Moon","isPartOf":{"@id":"https:\/\/mti.get.mybluehost.me\/#website"},"datePublished":"2019-12-12T08:55:19+00:00","dateModified":"2023-12-21T09:42:42+00:00","breadcrumb":{"@id":"https:\/\/hellenicmoon.com\/it\/ariete-ariete-doro-vello\/#breadcrumb"},"inLanguage":"it-IT","potentialAction":[{"@type":"ReadAction","target":["https:\/\/hellenicmoon.com\/it\/ariete-ariete-doro-vello\/"]}]},{"@type":"BreadcrumbList","@id":"https:\/\/hellenicmoon.com\/it\/ariete-ariete-doro-vello\/#breadcrumb","itemListElement":[{"@type":"ListItem","position":1,"name":"Home","item":"https:\/\/hellenicmoon.com\/it\/"},{"@type":"ListItem","position":2,"name":"Ariete (Ariete d&#8217;oro\/Vello)"}]},{"@type":"WebSite","@id":"https:\/\/mti.get.mybluehost.me\/#website","url":"https:\/\/mti.get.mybluehost.me\/","name":"Hellenic Moon","description":"Greek mythology and gods","publisher":{"@id":"https:\/\/mti.get.mybluehost.me\/#organization"},"potentialAction":[{"@type":"SearchAction","target":{"@type":"EntryPoint","urlTemplate":"https:\/\/mti.get.mybluehost.me\/?s={search_term_string}"},"query-input":{"@type":"PropertyValueSpecification","valueRequired":true,"valueName":"search_term_string"}}],"inLanguage":"it-IT"},{"@type":"Organization","@id":"https:\/\/mti.get.mybluehost.me\/#organization","name":"Hellenic Moon","url":"https:\/\/mti.get.mybluehost.me\/","logo":{"@type":"ImageObject","inLanguage":"it-IT","@id":"https:\/\/mti.get.mybluehost.me\/#\/schema\/logo\/image\/","url":"https:\/\/hellenicmoon.com\/wp-content\/uploads\/2020\/01\/cropped-logo_ok_by_aramisdream_ddoqp6p.png","contentUrl":"https:\/\/hellenicmoon.com\/wp-content\/uploads\/2020\/01\/cropped-logo_ok_by_aramisdream_ddoqp6p.png","width":150,"height":100,"caption":"Hellenic Moon"},"image":{"@id":"https:\/\/mti.get.mybluehost.me\/#\/schema\/logo\/image\/"},"sameAs":["https:\/\/www.instagram.com\/hellenic.moon"]}]}},"jetpack_sharing_enabled":true,"_links":{"self":[{"href":"https:\/\/hellenicmoon.com\/it\/wp-json\/wp\/v2\/pages\/10895","targetHints":{"allow":["GET"]}}],"collection":[{"href":"https:\/\/hellenicmoon.com\/it\/wp-json\/wp\/v2\/pages"}],"about":[{"href":"https:\/\/hellenicmoon.com\/it\/wp-json\/wp\/v2\/types\/page"}],"author":[{"embeddable":true,"href":"https:\/\/hellenicmoon.com\/it\/wp-json\/wp\/v2\/users\/2"}],"replies":[{"embeddable":true,"href":"https:\/\/hellenicmoon.com\/it\/wp-json\/wp\/v2\/comments?post=10895"}],"version-history":[{"count":0,"href":"https:\/\/hellenicmoon.com\/it\/wp-json\/wp\/v2\/pages\/10895\/revisions"}],"wp:attachment":[{"href":"https:\/\/hellenicmoon.com\/it\/wp-json\/wp\/v2\/media?parent=10895"}],"curies":[{"name":"wp","href":"https:\/\/api.w.org\/{rel}","templated":true}]}}