{"id":10887,"date":"2019-12-16T17:45:39","date_gmt":"2019-12-16T17:45:39","guid":{"rendered":"https:\/\/hellenicmoon.com\/acquario\/"},"modified":"2023-12-21T09:39:57","modified_gmt":"2023-12-21T09:39:57","slug":"acquario","status":"publish","type":"page","link":"https:\/\/hellenicmoon.com\/it\/acquario\/","title":{"rendered":"Acquario"},"content":{"rendered":"\n<figure class=\"wp-block-embed aligncenter is-type-video is-provider-youtube wp-block-embed-youtube wp-embed-aspect-4-3 wp-has-aspect-ratio\"><div class=\"wp-block-embed__wrapper\">\n<iframe title=\"The Origin of the Aquarius Constellation\" width=\"750\" height=\"563\" src=\"https:\/\/www.youtube.com\/embed\/hXybnWLd-Pg?feature=oembed\" frameborder=\"0\" allow=\"accelerometer; autoplay; clipboard-write; encrypted-media; gyroscope; picture-in-picture; web-share\" allowfullscreen><\/iframe>\n<\/div><figcaption class=\"wp-element-caption\"><strong><sub>L&#8217;Acquario \u00e8 legato alla storia di Ganimede, che fu posto nel cielo come costellazione dell&#8217;Acquario.<\/sub><\/strong><\/figcaption><\/figure>\n\n\n\n<p>L&#8217;Acquario \u00e8 l&#8217;undicesimo segno dello zodiaco, che rappresenta un portatore d&#8217;acqua che riversa benedizioni sull&#8217;umanit\u00e0. \u00c8 associato all&#8217;elemento dell&#8217;aria, al pianeta Urano e ai colori blu e turchese. Si dice che le persone nate sotto questo segno siano originali, innovative, umanitarie e indipendenti.<\/p>\n\n\n\n<p>L&#8217;Acquario ha le sue origini in diversi miti e leggende di diverse culture, ma la pi\u00f9 comune si basa su un mito greco su Ganimede, un bel giovane principe di. Secondo il mito, Ganimede fu avvistato da Zeus, il re degli dei, mentre pascolava le pecore di suo padre sul monte Ida. Zeus fu cos\u00ec affascinato dalla sua bellezza che decise di rapirlo e di farne il suo coppiere. Si trasform\u00f2 in un&#8217;aquila e scese in picchiata per portare Ganimede sull&#8217;Olimpo.<\/p>\n\n\n\n<p>Ganimede non era contento del suo nuovo ruolo di schiavo e giocattolo per Zeus. Gli mancava la sua casa e la sua libert\u00e0. Fece anche arrabbiare Era, la moglie di Zeus, che era gelosa della sua relazione con il marito. Per placare Ganimede, Zeus gli fece due doni: l&#8217;immortalit\u00e0 e un posto tra le stelle. Lo rese anche portatore dell&#8217;acqua della vita che dona l&#8217;eterna giovinezza agli dei. Lo colloc\u00f2 nel cielo come la costellazione dell&#8217;Acquario, con in mano una grande urna da cui versa l&#8217;acqua.<\/p>\n\n\n\n<p>Un&#8217;altra versione del mito collega l&#8217;Acquario con Deucalione, il figlio di Prometeo e sopravvissuto a un grande diluvio che Zeus invi\u00f2 per punire l&#8217;umanit\u00e0 per la sua malvagit\u00e0. Deucalione e sua moglie Pirra furono gli unici a sfuggire al diluvio costruendo un&#8217;arca e galleggiando su di essa per nove giorni e nove notti. Quando sbarcarono sul monte Parnaso, consultarono un oracolo che disse loro di ripopolare la terra gettando pietre sulle loro spalle. Le pietre si trasformarono in uomini e donne che divennero i loro discendenti.<\/p>\n\n\n\n<p>Deucalione era anche associato all&#8217;acqua e alla pioggia, poich\u00e9 si diceva che avesse inventato pozzi e sistemi di irrigazione. Era venerato come un re saggio e giusto che regn\u00f2 sulla Tessaglia per molti anni. Fu onorato da Zeus che lo pose in cielo come Acquario, versando acqua sulla terra per nutrirla.<\/p>\n\n\n\n<p>L&#8217;Acquario \u00e8 un segno zodiacale affascinante e stimolante che riflette molti aspetti della natura e della cultura umana. \u00c8 un simbolo di creativit\u00e0 e innovazione in grado di portare nuove idee e soluzioni al mondo. \u00c8 un simbolo di libert\u00e0 e indipendenza che pu\u00f2 sfidare l&#8217;autorit\u00e0 e le convenzioni. \u00c8 un simbolo di generosit\u00e0 e compassione che pu\u00f2 condividere i suoi doni e le sue risorse con gli altri.<\/p>\n","protected":false},"excerpt":{"rendered":"<p>L&#8217;Acquario \u00e8 l&#8217;undicesimo segno dello zodiaco, che rappresenta un portatore d&#8217;acqua che riversa benedizioni sull&#8217;umanit\u00e0. \u00c8 associato all&#8217;elemento dell&#8217;aria, al pianeta Urano e ai colori blu e turchese. Si dice che le persone nate sotto questo segno siano originali, innovative, umanitarie e indipendenti. L&#8217;Acquario ha le sue origini in diversi [&hellip;]<\/p>\n","protected":false},"author":2,"featured_media":0,"parent":0,"menu_order":0,"comment_status":"closed","ping_status":"closed","template":"","meta":{"_bbp_topic_count":0,"_bbp_reply_count":0,"_bbp_total_topic_count":0,"_bbp_total_reply_count":0,"_bbp_voice_count":0,"_bbp_anonymous_reply_count":0,"_bbp_topic_count_hidden":0,"_bbp_reply_count_hidden":0,"_bbp_forum_subforum_count":0,"_monsterinsights_skip_tracking":false,"_monsterinsights_sitenote_active":false,"_monsterinsights_sitenote_note":"","_monsterinsights_sitenote_category":0,"jetpack_post_was_ever_published":false,"footnotes":""},"class_list":["post-10887","page","type-page","status-publish","hentry"],"yoast_head":"<!-- This site is optimized with the Yoast SEO plugin v27.3 - https:\/\/yoast.com\/product\/yoast-seo-wordpress\/ -->\n<title>Acquario - Hellenic Moon<\/title>\n<meta name=\"robots\" content=\"index, follow, max-snippet:-1, max-image-preview:large, max-video-preview:-1\" \/>\n<link rel=\"canonical\" href=\"https:\/\/hellenicmoon.com\/it\/acquario\/\" \/>\n<meta property=\"og:locale\" content=\"it_IT\" \/>\n<meta property=\"og:type\" content=\"article\" \/>\n<meta property=\"og:title\" content=\"Acquario - Hellenic Moon\" \/>\n<meta property=\"og:description\" content=\"L&#8217;Acquario \u00e8 l&#8217;undicesimo segno dello zodiaco, che rappresenta un portatore d&#8217;acqua che riversa benedizioni sull&#8217;umanit\u00e0. \u00c8 associato all&#8217;elemento dell&#8217;aria, al pianeta Urano e ai colori blu e turchese. Si dice che le persone nate sotto questo segno siano originali, innovative, umanitarie e indipendenti. L&#8217;Acquario ha le sue origini in diversi [&hellip;]\" \/>\n<meta property=\"og:url\" content=\"https:\/\/hellenicmoon.com\/it\/acquario\/\" \/>\n<meta property=\"og:site_name\" content=\"Hellenic Moon\" \/>\n<meta property=\"article:modified_time\" content=\"2023-12-21T09:39:57+00:00\" \/>\n<meta name=\"twitter:card\" content=\"summary_large_image\" \/>\n<meta name=\"twitter:label1\" content=\"Tempo di lettura stimato\" \/>\n\t<meta name=\"twitter:data1\" content=\"2 minuti\" \/>\n<script type=\"application\/ld+json\" class=\"yoast-schema-graph\">{\"@context\":\"https:\\\/\\\/schema.org\",\"@graph\":[{\"@type\":\"WebPage\",\"@id\":\"https:\\\/\\\/hellenicmoon.com\\\/it\\\/acquario\\\/\",\"url\":\"https:\\\/\\\/hellenicmoon.com\\\/it\\\/acquario\\\/\",\"name\":\"Acquario - Hellenic Moon\",\"isPartOf\":{\"@id\":\"https:\\\/\\\/mti.get.mybluehost.me\\\/#website\"},\"datePublished\":\"2019-12-16T17:45:39+00:00\",\"dateModified\":\"2023-12-21T09:39:57+00:00\",\"breadcrumb\":{\"@id\":\"https:\\\/\\\/hellenicmoon.com\\\/it\\\/acquario\\\/#breadcrumb\"},\"inLanguage\":\"it-IT\",\"potentialAction\":[{\"@type\":\"ReadAction\",\"target\":[\"https:\\\/\\\/hellenicmoon.com\\\/it\\\/acquario\\\/\"]}]},{\"@type\":\"BreadcrumbList\",\"@id\":\"https:\\\/\\\/hellenicmoon.com\\\/it\\\/acquario\\\/#breadcrumb\",\"itemListElement\":[{\"@type\":\"ListItem\",\"position\":1,\"name\":\"Home\",\"item\":\"https:\\\/\\\/hellenicmoon.com\\\/it\\\/\"},{\"@type\":\"ListItem\",\"position\":2,\"name\":\"Acquario\"}]},{\"@type\":\"WebSite\",\"@id\":\"https:\\\/\\\/mti.get.mybluehost.me\\\/#website\",\"url\":\"https:\\\/\\\/mti.get.mybluehost.me\\\/\",\"name\":\"Hellenic Moon\",\"description\":\"Greek mythology and gods\",\"publisher\":{\"@id\":\"https:\\\/\\\/mti.get.mybluehost.me\\\/#organization\"},\"potentialAction\":[{\"@type\":\"SearchAction\",\"target\":{\"@type\":\"EntryPoint\",\"urlTemplate\":\"https:\\\/\\\/mti.get.mybluehost.me\\\/?s={search_term_string}\"},\"query-input\":{\"@type\":\"PropertyValueSpecification\",\"valueRequired\":true,\"valueName\":\"search_term_string\"}}],\"inLanguage\":\"it-IT\"},{\"@type\":\"Organization\",\"@id\":\"https:\\\/\\\/mti.get.mybluehost.me\\\/#organization\",\"name\":\"Hellenic Moon\",\"url\":\"https:\\\/\\\/mti.get.mybluehost.me\\\/\",\"logo\":{\"@type\":\"ImageObject\",\"inLanguage\":\"it-IT\",\"@id\":\"https:\\\/\\\/mti.get.mybluehost.me\\\/#\\\/schema\\\/logo\\\/image\\\/\",\"url\":\"https:\\\/\\\/hellenicmoon.com\\\/wp-content\\\/uploads\\\/2020\\\/01\\\/cropped-logo_ok_by_aramisdream_ddoqp6p.png\",\"contentUrl\":\"https:\\\/\\\/hellenicmoon.com\\\/wp-content\\\/uploads\\\/2020\\\/01\\\/cropped-logo_ok_by_aramisdream_ddoqp6p.png\",\"width\":150,\"height\":100,\"caption\":\"Hellenic Moon\"},\"image\":{\"@id\":\"https:\\\/\\\/mti.get.mybluehost.me\\\/#\\\/schema\\\/logo\\\/image\\\/\"},\"sameAs\":[\"https:\\\/\\\/www.instagram.com\\\/hellenic.moon\"]}]}<\/script>\n<!-- \/ Yoast SEO plugin. -->","yoast_head_json":{"title":"Acquario - Hellenic Moon","robots":{"index":"index","follow":"follow","max-snippet":"max-snippet:-1","max-image-preview":"max-image-preview:large","max-video-preview":"max-video-preview:-1"},"canonical":"https:\/\/hellenicmoon.com\/it\/acquario\/","og_locale":"it_IT","og_type":"article","og_title":"Acquario - Hellenic Moon","og_description":"L&#8217;Acquario \u00e8 l&#8217;undicesimo segno dello zodiaco, che rappresenta un portatore d&#8217;acqua che riversa benedizioni sull&#8217;umanit\u00e0. \u00c8 associato all&#8217;elemento dell&#8217;aria, al pianeta Urano e ai colori blu e turchese. Si dice che le persone nate sotto questo segno siano originali, innovative, umanitarie e indipendenti. L&#8217;Acquario ha le sue origini in diversi [&hellip;]","og_url":"https:\/\/hellenicmoon.com\/it\/acquario\/","og_site_name":"Hellenic Moon","article_modified_time":"2023-12-21T09:39:57+00:00","twitter_card":"summary_large_image","twitter_misc":{"Tempo di lettura stimato":"2 minuti"},"schema":{"@context":"https:\/\/schema.org","@graph":[{"@type":"WebPage","@id":"https:\/\/hellenicmoon.com\/it\/acquario\/","url":"https:\/\/hellenicmoon.com\/it\/acquario\/","name":"Acquario - Hellenic Moon","isPartOf":{"@id":"https:\/\/mti.get.mybluehost.me\/#website"},"datePublished":"2019-12-16T17:45:39+00:00","dateModified":"2023-12-21T09:39:57+00:00","breadcrumb":{"@id":"https:\/\/hellenicmoon.com\/it\/acquario\/#breadcrumb"},"inLanguage":"it-IT","potentialAction":[{"@type":"ReadAction","target":["https:\/\/hellenicmoon.com\/it\/acquario\/"]}]},{"@type":"BreadcrumbList","@id":"https:\/\/hellenicmoon.com\/it\/acquario\/#breadcrumb","itemListElement":[{"@type":"ListItem","position":1,"name":"Home","item":"https:\/\/hellenicmoon.com\/it\/"},{"@type":"ListItem","position":2,"name":"Acquario"}]},{"@type":"WebSite","@id":"https:\/\/mti.get.mybluehost.me\/#website","url":"https:\/\/mti.get.mybluehost.me\/","name":"Hellenic Moon","description":"Greek mythology and gods","publisher":{"@id":"https:\/\/mti.get.mybluehost.me\/#organization"},"potentialAction":[{"@type":"SearchAction","target":{"@type":"EntryPoint","urlTemplate":"https:\/\/mti.get.mybluehost.me\/?s={search_term_string}"},"query-input":{"@type":"PropertyValueSpecification","valueRequired":true,"valueName":"search_term_string"}}],"inLanguage":"it-IT"},{"@type":"Organization","@id":"https:\/\/mti.get.mybluehost.me\/#organization","name":"Hellenic Moon","url":"https:\/\/mti.get.mybluehost.me\/","logo":{"@type":"ImageObject","inLanguage":"it-IT","@id":"https:\/\/mti.get.mybluehost.me\/#\/schema\/logo\/image\/","url":"https:\/\/hellenicmoon.com\/wp-content\/uploads\/2020\/01\/cropped-logo_ok_by_aramisdream_ddoqp6p.png","contentUrl":"https:\/\/hellenicmoon.com\/wp-content\/uploads\/2020\/01\/cropped-logo_ok_by_aramisdream_ddoqp6p.png","width":150,"height":100,"caption":"Hellenic Moon"},"image":{"@id":"https:\/\/mti.get.mybluehost.me\/#\/schema\/logo\/image\/"},"sameAs":["https:\/\/www.instagram.com\/hellenic.moon"]}]}},"jetpack_sharing_enabled":true,"_links":{"self":[{"href":"https:\/\/hellenicmoon.com\/it\/wp-json\/wp\/v2\/pages\/10887","targetHints":{"allow":["GET"]}}],"collection":[{"href":"https:\/\/hellenicmoon.com\/it\/wp-json\/wp\/v2\/pages"}],"about":[{"href":"https:\/\/hellenicmoon.com\/it\/wp-json\/wp\/v2\/types\/page"}],"author":[{"embeddable":true,"href":"https:\/\/hellenicmoon.com\/it\/wp-json\/wp\/v2\/users\/2"}],"replies":[{"embeddable":true,"href":"https:\/\/hellenicmoon.com\/it\/wp-json\/wp\/v2\/comments?post=10887"}],"version-history":[{"count":0,"href":"https:\/\/hellenicmoon.com\/it\/wp-json\/wp\/v2\/pages\/10887\/revisions"}],"wp:attachment":[{"href":"https:\/\/hellenicmoon.com\/it\/wp-json\/wp\/v2\/media?parent=10887"}],"curies":[{"name":"wp","href":"https:\/\/api.w.org\/{rel}","templated":true}]}}