{"id":10883,"date":"2019-12-16T18:59:17","date_gmt":"2019-12-16T18:59:17","guid":{"rendered":"https:\/\/hellenicmoon.com\/apollo-dio-della-profezia-e-della-guarigione\/"},"modified":"2024-01-19T17:49:01","modified_gmt":"2024-01-19T17:49:01","slug":"apollo-dio-della-profezia-e-della-guarigione","status":"publish","type":"page","link":"https:\/\/hellenicmoon.com\/it\/apollo-dio-della-profezia-e-della-guarigione\/","title":{"rendered":"Apollo &#8211; Dio della Profezia e della Guarigione"},"content":{"rendered":"<div class=\"wp-block-image\">\n<figure class=\"aligncenter size-large\"><img decoding=\"async\" width=\"300\" height=\"400\" src=\"https:\/\/hellenicmoon.com\/wp-content\/uploads\/2019\/12\/Apollo-11.jpg\" alt=\"\" class=\"wp-image-483\" srcset=\"https:\/\/hellenicmoon.com\/wp-content\/uploads\/2019\/12\/Apollo-11.jpg 300w, https:\/\/hellenicmoon.com\/wp-content\/uploads\/2019\/12\/Apollo-11-225x300.jpg 225w\" sizes=\"(max-width: 300px) 100vw, 300px\" \/><figcaption class=\"wp-element-caption\"><strong>Gli dei greci erano in grado di assumere molte forme e forme. Qui si vede Apollo sotto forma di astronave pronta a portare i primi esseri umani sulla luna.<\/strong><\/figcaption><\/figure>\n<\/div>\n\n\n<p>Apollo \u00e8 una delle divinit\u00e0 pi\u00f9 importanti e complesse della mitologia greca. \u00c8 figlio di Zeus, il re degli dei, e di Leto, una Titanessa. Ha una sorella gemella, Artemide, la dea della caccia e della luna. \u00c8 il dio della luce, della musica, della poesia, dell&#8217;arte, della profezia, della guarigione, delle piaghe e altro ancora. \u00c8 anche il capo delle Muse, le nove dee dell&#8217;ispirazione. \u00c8 spesso associato al sole, anche se non \u00e8 lo stesso di Helios, il dio del sole originale.<\/p>\n\n\n\n<p>Apollo \u00e8 un maestro dell&#8217;arco e delle frecce, che usa per cacciare o per infliggere malattie. \u00c8 anche abile nel suonare la lira, uno strumento a corde che ha inventato o ricevuto da Hermes, il dio messaggero. \u00c8 il patrono di musicisti, poeti e artisti, che cercano la sua guida e il suo favore. Egli \u00e8 anche la fonte della verit\u00e0 e della saggezza, poich\u00e9 rivela la volont\u00e0 di Zeus attraverso i suoi oracoli. Il pi\u00f9 famoso di questi \u00e8 l&#8217;Oracolo di Delfi, dove una sacerdotessa di nome Pizia avrebbe pronunciato le sue profezie.<\/p>\n\n\n\n<p>Apollo ha molte storie e avventure nella mitologia greca. Nacque sull&#8217;isola di Delo, dove sua madre dovette fuggire dall&#8217;ira di Era, la gelosa moglie di Zeus. Uccise il serpente Pitone, che custodiva il luogo sacro di Delfi, e vi stabil\u00ec il suo oracolo. Si innamor\u00f2 di molte ninfe e mortali, come Dafne, Cassandra e Giacinto, ma il suo amore fu spesso non corrisposto o tragico. Ebbe anche molti figli, come Asclepio, il dio della medicina, e Orfeo, il leggendario musicista.<\/p>\n\n\n\n<p>Apollo era venerato in tutta la Grecia e oltre. Aveva molti templi e santuari a lui dedicati, dove le persone offrivano sacrifici o doni di oro, argento o animali. Fu anche onorato in molte feste e giochi, come i Giochi Pitici a Delfi o la Thargelia ad Atene. Di solito era ritratto come un bel giovane con i capelli lunghi e un sorriso radioso. Era spesso accompagnato dai suoi simboli o attributi, come una corona d&#8217;alloro, una lira, un arco e frecce, un corvo o un delfino.<\/p>\n\n\n\n<p>Apollo \u00e8 un dio affascinante e influente che rappresenta molti aspetti della cultura e della civilt\u00e0 umana. \u00c8 un simbolo di luce e bellezza che pu\u00f2 essere sia benevolo che distruttivo. \u00c8 un maestro dell&#8217;arte e della scienza che pu\u00f2 ispirare o sfidare la creativit\u00e0 di chiunque. \u00c8 un amante e un padre che si prende cura della sua prole. Egli \u00e8 un dio che ci guida a cercare e godere della conoscenza e dell&#8217;armonia in tutte le loro forme.<\/p>\n\n\n\n<p>L&#8217;antica festa in onore di Apollo \u00e8 stata riproposta con i moderni <a href=\"https:\/\/delphic.org\/\">\n  <span style=\"text-decoration: underline;\">Giochi Delfici<\/span>\n<\/a>. Erano i giochi gemelli delle Olimpiadi.<\/p>\n\n\n\n<div style=\"height:28px\" aria-hidden=\"true\" class=\"wp-block-spacer\"><\/div>\n\n\n\n<figure class=\"wp-block-embed is-type-video is-provider-youtube wp-block-embed-youtube wp-embed-aspect-16-9 wp-has-aspect-ratio\"><div class=\"wp-block-embed__wrapper\">\n<iframe title=\"The ENTIRE History of Apollo 11 Explained | Best Apollo 11 Documentary\" width=\"750\" height=\"422\" src=\"https:\/\/www.youtube.com\/embed\/AUh3P3ivNbE?feature=oembed\" frameborder=\"0\" allow=\"accelerometer; autoplay; clipboard-write; encrypted-media; gyroscope; picture-in-picture; web-share\" allowfullscreen><\/iframe>\n<\/div><figcaption class=\"wp-element-caption\"><strong>Anche se ha fatto molte cose, Apollo sar\u00e0 probabilmente ricordato soprattutto per la sua partecipazione alla guida dell&#8217;uomo sulla luna.<\/strong><\/figcaption><\/figure>\n\n\n\n<div style=\"height:26px\" aria-hidden=\"true\" class=\"wp-block-spacer\"><\/div>\n\n\n\n<h2 class=\"wp-block-heading has-text-align-center\">Apollo consiglia:<\/h2>\n\n\n\n<h2 class=\"wp-block-heading has-text-align-center\" id=\"wp-block-themeisle-blocks-advanced-heading-1fbe97d9\"><span style=\"text-decoration: underline;\">Le squadre di Apollo<\/span><\/h2>\n\n\n\n<h5 class=\"wp-block-heading has-text-align-center\" id=\"wp-block-themeisle-blocks-advanced-heading-f37c3d50\">Se Apollo fosse stato un appassionato di sport moderni, avrebbe sostenuto:<\/h5>\n\n\n\n<div class=\"wp-block-columns is-layout-flex wp-container-core-columns-is-layout-28f84493 wp-block-columns-is-layout-flex\">\n<div class=\"wp-block-column is-layout-flow wp-block-column-is-layout-flow\"><div class=\"wp-block-image\">\n<figure class=\"aligncenter size-full is-resized\"><img decoding=\"async\" width=\"516\" height=\"387\" src=\"https:\/\/hellenicmoon.com\/wp-content\/uploads\/2019\/12\/Ravens.jpg\" alt=\"\" class=\"wp-image-526\" style=\"width:200px;height:200px\" srcset=\"https:\/\/hellenicmoon.com\/wp-content\/uploads\/2019\/12\/Ravens.jpg 516w, https:\/\/hellenicmoon.com\/wp-content\/uploads\/2019\/12\/Ravens-300x225.jpg 300w\" sizes=\"(max-width: 516px) 100vw, 516px\" \/><figcaption class=\"wp-element-caption\"><strong><kbd>Corvi di Baltimora<\/kbd><\/strong><\/figcaption><\/figure>\n<\/div>\n\n\n<p class=\"has-text-align-center has-medium-font-size\">Animale sacro di Apollo<\/p>\n\n\n\n<p class=\"has-text-align-left has-small-font-size\" id=\"wp-block-themeisle-blocks-advanced-heading-65ff1892\">I corvi erano l&#8217;animale sacro e il messaggero di Apollo. Con 2 Super Bowl, 2 campionati di conference e 6 titoli di division al loro attivo, Apollo sosterrebbe sicuramente i Baltimore Ravens.<\/p>\n<\/div>\n\n\n\n<div class=\"wp-block-column is-layout-flow wp-block-column-is-layout-flow\"><div class=\"wp-block-image\">\n<figure class=\"aligncenter size-full\"><img decoding=\"async\" width=\"200\" height=\"200\" src=\"https:\/\/hellenicmoon.com\/wp-content\/uploads\/2019\/12\/Apollonfc.png\" alt=\"\" class=\"wp-image-802\" srcset=\"https:\/\/hellenicmoon.com\/wp-content\/uploads\/2019\/12\/Apollonfc.png 200w, https:\/\/hellenicmoon.com\/wp-content\/uploads\/2019\/12\/Apollonfc-160x160.png 160w, https:\/\/hellenicmoon.com\/wp-content\/uploads\/2019\/12\/Apollonfc-150x150.png 150w, https:\/\/hellenicmoon.com\/wp-content\/uploads\/2019\/12\/Apollonfc-50x50.png 50w\" sizes=\"(max-width: 200px) 100vw, 200px\" \/><figcaption class=\"wp-element-caption\"><strong><kbd>Apollon Limassol<\/kbd><\/strong><\/figcaption><\/figure>\n<\/div>\n\n\n<p class=\"has-text-align-center has-medium-font-size\">Devo spiegare?<\/p>\n\n\n\n<p class=\"has-text-align-left has-small-font-size\" id=\"wp-block-themeisle-blocks-advanced-heading-8517c44d\">Sebbene sia una squadra pi\u00f9 piccola nel calcio cipriota, l&#8217;Apollo sarebbe sicuramente un fan della squadra che porta il suo nome.<\/p>\n<\/div>\n\n\n\n<div class=\"wp-block-column is-layout-flow wp-block-column-is-layout-flow\"><div class=\"wp-block-image\">\n<figure class=\"aligncenter size-full is-resized\"><img decoding=\"async\" width=\"300\" height=\"300\" src=\"https:\/\/hellenicmoon.com\/wp-content\/uploads\/2020\/12\/Houston-Astros-300x300-1.png\" alt=\"\" class=\"wp-image-2919\" style=\"width:200px;height:200px\" srcset=\"https:\/\/hellenicmoon.com\/wp-content\/uploads\/2020\/12\/Houston-Astros-300x300-1.png 300w, https:\/\/hellenicmoon.com\/wp-content\/uploads\/2020\/12\/Houston-Astros-300x300-1-230x230.png 230w, https:\/\/hellenicmoon.com\/wp-content\/uploads\/2020\/12\/Houston-Astros-300x300-1-160x160.png 160w, https:\/\/hellenicmoon.com\/wp-content\/uploads\/2020\/12\/Houston-Astros-300x300-1-150x150.png 150w, https:\/\/hellenicmoon.com\/wp-content\/uploads\/2020\/12\/Houston-Astros-300x300-1-50x50.png 50w\" sizes=\"(max-width: 300px) 100vw, 300px\" \/><figcaption class=\"wp-element-caption\"><strong><kbd>Houston Astros<\/kbd><\/strong><\/figcaption><\/figure>\n<\/div>\n\n\n<p class=\"has-text-align-center has-medium-font-size\">La Dea delle Stelle<\/p>\n\n\n\n<p class=\"has-text-align-left has-small-font-size\">Gli Astros prendono il nome dalla parola greca per stella, che si basa sul nome della dea greca Titano delle stelle: Asteria.<\/p>\n\n\n\n<p class=\"has-text-align-left has-small-font-size\">Asteria alla fine si trasform\u00f2 nell&#8217;isola di Delos, dove nacquero Apollo e Artemis, quindi chiaramente Apollo sarebbe stato un grande sostenitore dei due volte campioni delle World Series, gli Astros.  <\/p>\n<\/div>\n\n\n\n<div class=\"wp-block-column is-layout-flow wp-block-column-is-layout-flow\"><div class=\"wp-block-image\">\n<figure class=\"aligncenter size-full\"><img decoding=\"async\" width=\"200\" height=\"200\" src=\"https:\/\/hellenicmoon.com\/wp-content\/uploads\/2019\/12\/HeliosSuns.png\" alt=\"\" class=\"wp-image-801\" srcset=\"https:\/\/hellenicmoon.com\/wp-content\/uploads\/2019\/12\/HeliosSuns.png 200w, https:\/\/hellenicmoon.com\/wp-content\/uploads\/2019\/12\/HeliosSuns-160x160.png 160w, https:\/\/hellenicmoon.com\/wp-content\/uploads\/2019\/12\/HeliosSuns-150x150.png 150w, https:\/\/hellenicmoon.com\/wp-content\/uploads\/2019\/12\/HeliosSuns-50x50.png 50w\" sizes=\"(max-width: 200px) 100vw, 200px\" \/><figcaption class=\"wp-element-caption\"><strong><kbd>Helios Soli<\/kbd><\/strong><\/figcaption><\/figure>\n<\/div>\n\n\n<p class=\"has-text-align-center has-medium-font-size\">Il Dio del Sole<\/p>\n\n\n\n<p class=\"has-text-align-left has-small-font-size\">Apollo era anche il dio del sole e della luce, insieme al Titano Helios, quindi sicuramente sarebbe stato un tifoso della squadra di basket slovena Helios Suns.<\/p>\n<\/div>\n<\/div>\n","protected":false},"excerpt":{"rendered":"<p>Apollo \u00e8 una delle divinit\u00e0 pi\u00f9 importanti e complesse della mitologia greca. \u00c8 figlio di Zeus, il re degli dei, e di Leto, una Titanessa. Ha una sorella gemella, Artemide, la dea della caccia e della luna. \u00c8 il dio della luce, della musica, della poesia, dell&#8217;arte, della profezia, della [&hellip;]<\/p>\n","protected":false},"author":2,"featured_media":0,"parent":0,"menu_order":0,"comment_status":"closed","ping_status":"closed","template":"","meta":{"_bbp_topic_count":0,"_bbp_reply_count":0,"_bbp_total_topic_count":0,"_bbp_total_reply_count":0,"_bbp_voice_count":0,"_bbp_anonymous_reply_count":0,"_bbp_topic_count_hidden":0,"_bbp_reply_count_hidden":0,"_bbp_forum_subforum_count":0,"_monsterinsights_skip_tracking":false,"_monsterinsights_sitenote_active":false,"_monsterinsights_sitenote_note":"","_monsterinsights_sitenote_category":0,"jetpack_post_was_ever_published":false,"footnotes":""},"class_list":["post-10883","page","type-page","status-publish","hentry"],"yoast_head":"<!-- This site is optimized with the Yoast SEO plugin v27.3 - https:\/\/yoast.com\/product\/yoast-seo-wordpress\/ -->\n<title>Apollo - Dio della Profezia e della Guarigione - Hellenic Moon<\/title>\n<meta name=\"robots\" content=\"index, follow, max-snippet:-1, max-image-preview:large, max-video-preview:-1\" \/>\n<link rel=\"canonical\" href=\"https:\/\/hellenicmoon.com\/it\/apollo-dio-della-profezia-e-della-guarigione\/\" \/>\n<meta property=\"og:locale\" content=\"it_IT\" \/>\n<meta property=\"og:type\" content=\"article\" \/>\n<meta property=\"og:title\" content=\"Apollo - Dio della Profezia e della Guarigione - Hellenic Moon\" \/>\n<meta property=\"og:description\" content=\"Apollo \u00e8 una delle divinit\u00e0 pi\u00f9 importanti e complesse della mitologia greca. \u00c8 figlio di Zeus, il re degli dei, e di Leto, una Titanessa. Ha una sorella gemella, Artemide, la dea della caccia e della luna. \u00c8 il dio della luce, della musica, della poesia, dell&#8217;arte, della profezia, della [&hellip;]\" \/>\n<meta property=\"og:url\" content=\"https:\/\/hellenicmoon.com\/it\/apollo-dio-della-profezia-e-della-guarigione\/\" \/>\n<meta property=\"og:site_name\" content=\"Hellenic Moon\" \/>\n<meta property=\"article:modified_time\" content=\"2024-01-19T17:49:01+00:00\" \/>\n<meta property=\"og:image\" content=\"https:\/\/hellenicmoon.com\/wp-content\/uploads\/2019\/12\/Apollo-11.jpg\" \/>\n<meta name=\"twitter:card\" content=\"summary_large_image\" \/>\n<meta name=\"twitter:label1\" content=\"Tempo di lettura stimato\" \/>\n\t<meta name=\"twitter:data1\" content=\"4 minuti\" \/>\n<script type=\"application\/ld+json\" class=\"yoast-schema-graph\">{\"@context\":\"https:\\\/\\\/schema.org\",\"@graph\":[{\"@type\":\"WebPage\",\"@id\":\"https:\\\/\\\/hellenicmoon.com\\\/it\\\/apollo-dio-della-profezia-e-della-guarigione\\\/\",\"url\":\"https:\\\/\\\/hellenicmoon.com\\\/it\\\/apollo-dio-della-profezia-e-della-guarigione\\\/\",\"name\":\"Apollo - Dio della Profezia e della Guarigione - Hellenic Moon\",\"isPartOf\":{\"@id\":\"https:\\\/\\\/mti.get.mybluehost.me\\\/#website\"},\"primaryImageOfPage\":{\"@id\":\"https:\\\/\\\/hellenicmoon.com\\\/it\\\/apollo-dio-della-profezia-e-della-guarigione\\\/#primaryimage\"},\"image\":{\"@id\":\"https:\\\/\\\/hellenicmoon.com\\\/it\\\/apollo-dio-della-profezia-e-della-guarigione\\\/#primaryimage\"},\"thumbnailUrl\":\"https:\\\/\\\/hellenicmoon.com\\\/wp-content\\\/uploads\\\/2019\\\/12\\\/Apollo-11.jpg\",\"datePublished\":\"2019-12-16T18:59:17+00:00\",\"dateModified\":\"2024-01-19T17:49:01+00:00\",\"breadcrumb\":{\"@id\":\"https:\\\/\\\/hellenicmoon.com\\\/it\\\/apollo-dio-della-profezia-e-della-guarigione\\\/#breadcrumb\"},\"inLanguage\":\"it-IT\",\"potentialAction\":[{\"@type\":\"ReadAction\",\"target\":[\"https:\\\/\\\/hellenicmoon.com\\\/it\\\/apollo-dio-della-profezia-e-della-guarigione\\\/\"]}]},{\"@type\":\"ImageObject\",\"inLanguage\":\"it-IT\",\"@id\":\"https:\\\/\\\/hellenicmoon.com\\\/it\\\/apollo-dio-della-profezia-e-della-guarigione\\\/#primaryimage\",\"url\":\"https:\\\/\\\/hellenicmoon.com\\\/wp-content\\\/uploads\\\/2019\\\/12\\\/Apollo-11.jpg\",\"contentUrl\":\"https:\\\/\\\/hellenicmoon.com\\\/wp-content\\\/uploads\\\/2019\\\/12\\\/Apollo-11.jpg\"},{\"@type\":\"BreadcrumbList\",\"@id\":\"https:\\\/\\\/hellenicmoon.com\\\/it\\\/apollo-dio-della-profezia-e-della-guarigione\\\/#breadcrumb\",\"itemListElement\":[{\"@type\":\"ListItem\",\"position\":1,\"name\":\"Home\",\"item\":\"https:\\\/\\\/hellenicmoon.com\\\/it\\\/\"},{\"@type\":\"ListItem\",\"position\":2,\"name\":\"Apollo &#8211; Dio della Profezia e della Guarigione\"}]},{\"@type\":\"WebSite\",\"@id\":\"https:\\\/\\\/mti.get.mybluehost.me\\\/#website\",\"url\":\"https:\\\/\\\/mti.get.mybluehost.me\\\/\",\"name\":\"Hellenic Moon\",\"description\":\"Greek mythology and gods\",\"publisher\":{\"@id\":\"https:\\\/\\\/mti.get.mybluehost.me\\\/#organization\"},\"potentialAction\":[{\"@type\":\"SearchAction\",\"target\":{\"@type\":\"EntryPoint\",\"urlTemplate\":\"https:\\\/\\\/mti.get.mybluehost.me\\\/?s={search_term_string}\"},\"query-input\":{\"@type\":\"PropertyValueSpecification\",\"valueRequired\":true,\"valueName\":\"search_term_string\"}}],\"inLanguage\":\"it-IT\"},{\"@type\":\"Organization\",\"@id\":\"https:\\\/\\\/mti.get.mybluehost.me\\\/#organization\",\"name\":\"Hellenic Moon\",\"url\":\"https:\\\/\\\/mti.get.mybluehost.me\\\/\",\"logo\":{\"@type\":\"ImageObject\",\"inLanguage\":\"it-IT\",\"@id\":\"https:\\\/\\\/mti.get.mybluehost.me\\\/#\\\/schema\\\/logo\\\/image\\\/\",\"url\":\"https:\\\/\\\/hellenicmoon.com\\\/wp-content\\\/uploads\\\/2020\\\/01\\\/cropped-logo_ok_by_aramisdream_ddoqp6p.png\",\"contentUrl\":\"https:\\\/\\\/hellenicmoon.com\\\/wp-content\\\/uploads\\\/2020\\\/01\\\/cropped-logo_ok_by_aramisdream_ddoqp6p.png\",\"width\":150,\"height\":100,\"caption\":\"Hellenic Moon\"},\"image\":{\"@id\":\"https:\\\/\\\/mti.get.mybluehost.me\\\/#\\\/schema\\\/logo\\\/image\\\/\"},\"sameAs\":[\"https:\\\/\\\/www.instagram.com\\\/hellenic.moon\"]}]}<\/script>\n<!-- \/ Yoast SEO plugin. -->","yoast_head_json":{"title":"Apollo - Dio della Profezia e della Guarigione - Hellenic Moon","robots":{"index":"index","follow":"follow","max-snippet":"max-snippet:-1","max-image-preview":"max-image-preview:large","max-video-preview":"max-video-preview:-1"},"canonical":"https:\/\/hellenicmoon.com\/it\/apollo-dio-della-profezia-e-della-guarigione\/","og_locale":"it_IT","og_type":"article","og_title":"Apollo - Dio della Profezia e della Guarigione - Hellenic Moon","og_description":"Apollo \u00e8 una delle divinit\u00e0 pi\u00f9 importanti e complesse della mitologia greca. \u00c8 figlio di Zeus, il re degli dei, e di Leto, una Titanessa. Ha una sorella gemella, Artemide, la dea della caccia e della luna. \u00c8 il dio della luce, della musica, della poesia, dell&#8217;arte, della profezia, della [&hellip;]","og_url":"https:\/\/hellenicmoon.com\/it\/apollo-dio-della-profezia-e-della-guarigione\/","og_site_name":"Hellenic Moon","article_modified_time":"2024-01-19T17:49:01+00:00","og_image":[{"url":"https:\/\/hellenicmoon.com\/wp-content\/uploads\/2019\/12\/Apollo-11.jpg","type":"","width":"","height":""}],"twitter_card":"summary_large_image","twitter_misc":{"Tempo di lettura stimato":"4 minuti"},"schema":{"@context":"https:\/\/schema.org","@graph":[{"@type":"WebPage","@id":"https:\/\/hellenicmoon.com\/it\/apollo-dio-della-profezia-e-della-guarigione\/","url":"https:\/\/hellenicmoon.com\/it\/apollo-dio-della-profezia-e-della-guarigione\/","name":"Apollo - Dio della Profezia e della Guarigione - Hellenic Moon","isPartOf":{"@id":"https:\/\/mti.get.mybluehost.me\/#website"},"primaryImageOfPage":{"@id":"https:\/\/hellenicmoon.com\/it\/apollo-dio-della-profezia-e-della-guarigione\/#primaryimage"},"image":{"@id":"https:\/\/hellenicmoon.com\/it\/apollo-dio-della-profezia-e-della-guarigione\/#primaryimage"},"thumbnailUrl":"https:\/\/hellenicmoon.com\/wp-content\/uploads\/2019\/12\/Apollo-11.jpg","datePublished":"2019-12-16T18:59:17+00:00","dateModified":"2024-01-19T17:49:01+00:00","breadcrumb":{"@id":"https:\/\/hellenicmoon.com\/it\/apollo-dio-della-profezia-e-della-guarigione\/#breadcrumb"},"inLanguage":"it-IT","potentialAction":[{"@type":"ReadAction","target":["https:\/\/hellenicmoon.com\/it\/apollo-dio-della-profezia-e-della-guarigione\/"]}]},{"@type":"ImageObject","inLanguage":"it-IT","@id":"https:\/\/hellenicmoon.com\/it\/apollo-dio-della-profezia-e-della-guarigione\/#primaryimage","url":"https:\/\/hellenicmoon.com\/wp-content\/uploads\/2019\/12\/Apollo-11.jpg","contentUrl":"https:\/\/hellenicmoon.com\/wp-content\/uploads\/2019\/12\/Apollo-11.jpg"},{"@type":"BreadcrumbList","@id":"https:\/\/hellenicmoon.com\/it\/apollo-dio-della-profezia-e-della-guarigione\/#breadcrumb","itemListElement":[{"@type":"ListItem","position":1,"name":"Home","item":"https:\/\/hellenicmoon.com\/it\/"},{"@type":"ListItem","position":2,"name":"Apollo &#8211; Dio della Profezia e della Guarigione"}]},{"@type":"WebSite","@id":"https:\/\/mti.get.mybluehost.me\/#website","url":"https:\/\/mti.get.mybluehost.me\/","name":"Hellenic Moon","description":"Greek mythology and gods","publisher":{"@id":"https:\/\/mti.get.mybluehost.me\/#organization"},"potentialAction":[{"@type":"SearchAction","target":{"@type":"EntryPoint","urlTemplate":"https:\/\/mti.get.mybluehost.me\/?s={search_term_string}"},"query-input":{"@type":"PropertyValueSpecification","valueRequired":true,"valueName":"search_term_string"}}],"inLanguage":"it-IT"},{"@type":"Organization","@id":"https:\/\/mti.get.mybluehost.me\/#organization","name":"Hellenic Moon","url":"https:\/\/mti.get.mybluehost.me\/","logo":{"@type":"ImageObject","inLanguage":"it-IT","@id":"https:\/\/mti.get.mybluehost.me\/#\/schema\/logo\/image\/","url":"https:\/\/hellenicmoon.com\/wp-content\/uploads\/2020\/01\/cropped-logo_ok_by_aramisdream_ddoqp6p.png","contentUrl":"https:\/\/hellenicmoon.com\/wp-content\/uploads\/2020\/01\/cropped-logo_ok_by_aramisdream_ddoqp6p.png","width":150,"height":100,"caption":"Hellenic Moon"},"image":{"@id":"https:\/\/mti.get.mybluehost.me\/#\/schema\/logo\/image\/"},"sameAs":["https:\/\/www.instagram.com\/hellenic.moon"]}]}},"jetpack_sharing_enabled":true,"_links":{"self":[{"href":"https:\/\/hellenicmoon.com\/it\/wp-json\/wp\/v2\/pages\/10883","targetHints":{"allow":["GET"]}}],"collection":[{"href":"https:\/\/hellenicmoon.com\/it\/wp-json\/wp\/v2\/pages"}],"about":[{"href":"https:\/\/hellenicmoon.com\/it\/wp-json\/wp\/v2\/types\/page"}],"author":[{"embeddable":true,"href":"https:\/\/hellenicmoon.com\/it\/wp-json\/wp\/v2\/users\/2"}],"replies":[{"embeddable":true,"href":"https:\/\/hellenicmoon.com\/it\/wp-json\/wp\/v2\/comments?post=10883"}],"version-history":[{"count":0,"href":"https:\/\/hellenicmoon.com\/it\/wp-json\/wp\/v2\/pages\/10883\/revisions"}],"wp:attachment":[{"href":"https:\/\/hellenicmoon.com\/it\/wp-json\/wp\/v2\/media?parent=10883"}],"curies":[{"name":"wp","href":"https:\/\/api.w.org\/{rel}","templated":true}]}}